{"id":2916,"date":"2022-03-24T12:37:39","date_gmt":"2022-03-24T11:37:39","guid":{"rendered":"https:\/\/toys-mania-dev.jupiter.cdigital.fr\/produit\/thermometre-interieur-exterieur-metal-petit-prince-renard-rose\/"},"modified":"2026-02-12T10:06:20","modified_gmt":"2026-02-12T09:06:20","slug":"thermometre-interieur-exterieur-metal-petit-prince-renard-rose","status":"publish","type":"product","link":"https:\/\/toysmaniacornermonaco.com\/en\/produit\/thermometre-interieur-exterieur-metal-petit-prince-renard-rose\/","title":{"rendered":"THERMOMETRE INTERIEUR EXTERIEUR METAL PETIT PRINCE RENARD ROSE"},"content":{"rendered":"<p>On retrouve une nouvelle illustration du Petit Prince de Saint-Exup\u00e9ry sur ce thermom\u00e8tre int\u00e9rieur design qui d\u00e9corera avec d\u00e9licatesse votre mur. Le Petit Prince est ici accompagn\u00e9 de son ami le Renard. \u00ab La Terre n\u0092est pas une plan\u00e8te quelconque \u00bb. Cette citation, de premier abord cryptique, est en r\u00e9alit\u00e9 une des premi\u00e8res phrases du chapitre 16, un chapitre tr\u00e8s court qui pr\u00e9sente tr\u00e8s bien la fa\u00e7on de penser du Prince. Ce thermom\u00e8tre int\u00e9rieur design trouvera facilement sa place dans une chambre d\u0092enfant ou de b\u00e9b\u00e9. Dormir sous les auspices du Petit Prince, que demander de mieux ?<\/p>\n","protected":false},"excerpt":{"rendered":"On retrouve une nouvelle illustration du Petit Prince de Saint-Exup\u00e9ry sur ce thermom\u00e8tre int\u00e9rieur design qui d\u00e9corera avec d\u00e9licatesse votre mur. Le Petit Prince est ici accompagn\u00e9 de son ami le Renard. \u00ab La Terre n\u0092est pas une plan\u00e8te quelconque \u00bb. Cette citation, de premier abord cryptique, est en r\u00e9alit\u00e9 une des premi\u00e8res phrases du&#8230; <a class=\"view-article\" href=\"https:\/\/toysmaniacornermonaco.com\/en\/produit\/thermometre-interieur-exterieur-metal-petit-prince-renard-rose\/\">View Article<\/a>","protected":false},"featured_media":1475,"comment_status":"open","ping_status":"closed","template":"","meta":{"_acf_changed":false},"product_cat":[381],"product_tag":[],"class_list":{"0":"post-2916","1":"product","2":"type-product","3":"status-publish","4":"has-post-thumbnail","6":"marque-le-petit-prince-en","7":"idee_cadeau-men","8":"product_cat-decoration-en","9":"product_shipping_class-lettre-suivie","11":"first","12":"instock","13":"taxable","14":"shipping-taxable","15":"purchasable","16":"product-type-simple"},"acf":[],"yoast_head":"<!-- This site is optimized with the Yoast SEO plugin v22.3 - https:\/\/yoast.com\/wordpress\/plugins\/seo\/ -->\n<title>THERMOMETRE INTERIEUR EXTERIEUR METAL PETIT PRINCE RENARD ROSE - TOY&#039;S MANIA<\/title>\n<meta name=\"robots\" content=\"index, follow, max-snippet:-1, max-image-preview:large, max-video-preview:-1\" \/>\n<link rel=\"canonical\" href=\"https:\/\/toysmaniacornermonaco.com\/produit\/thermometre-interieur-exterieur-metal-petit-prince-renard-rose\/\" \/>\n<meta property=\"og:locale\" content=\"en_US\" \/>\n<meta property=\"og:type\" content=\"article\" \/>\n<meta property=\"og:title\" content=\"THERMOMETRE INTERIEUR EXTERIEUR METAL PETIT PRINCE RENARD ROSE - TOY&#039;S MANIA\" \/>\n<meta property=\"og:description\" content=\"On retrouve une nouvelle illustration du Petit Prince de Saint-Exup\u00e9ry sur ce thermom\u00e8tre int\u00e9rieur design qui d\u00e9corera avec d\u00e9licatesse votre mur. Le Petit Prince est ici accompagn\u00e9 de son ami le Renard. \u00ab La Terre n\u0092est pas une plan\u00e8te quelconque \u00bb. Cette citation, de premier abord cryptique, est en r\u00e9alit\u00e9 une des premi\u00e8res phrases du... View Article\" \/>\n<meta property=\"og:url\" content=\"https:\/\/toysmaniacornermonaco.com\/produit\/thermometre-interieur-exterieur-metal-petit-prince-renard-rose\/\" \/>\n<meta property=\"og:site_name\" content=\"TOY&#039;S MANIA\" \/>\n<meta property=\"article:modified_time\" content=\"2026-02-12T09:06:20+00:00\" \/>\n<meta property=\"og:image\" content=\"https:\/\/toysmaniacornermonaco.com\/wp-content\/uploads\/2022\/03\/57195.jpg\" \/>\n\t<meta property=\"og:image:width\" content=\"800\" \/>\n\t<meta property=\"og:image:height\" content=\"800\" \/>\n\t<meta property=\"og:image:type\" content=\"image\/jpeg\" \/>\n<meta name=\"twitter:card\" content=\"summary_large_image\" \/>\n<meta name=\"twitter:label1\" content=\"Est. reading time\" \/>\n\t<meta name=\"twitter:data1\" content=\"1 minute\" \/>\n<script type=\"application\/ld+json\" class=\"yoast-schema-graph\">{\"@context\":\"https:\/\/schema.org\",\"@graph\":[{\"@type\":\"WebPage\",\"@id\":\"https:\/\/toysmaniacornermonaco.com\/produit\/thermometre-interieur-exterieur-metal-petit-prince-renard-rose\/\",\"url\":\"https:\/\/toysmaniacornermonaco.com\/produit\/thermometre-interieur-exterieur-metal-petit-prince-renard-rose\/\",\"name\":\"THERMOMETRE INTERIEUR EXTERIEUR METAL PETIT PRINCE RENARD ROSE - TOY&#039;S MANIA\",\"isPartOf\":{\"@id\":\"https:\/\/toysmaniacornermonaco.com\/#website\"},\"primaryImageOfPage\":{\"@id\":\"https:\/\/toysmaniacornermonaco.com\/produit\/thermometre-interieur-exterieur-metal-petit-prince-renard-rose\/#primaryimage\"},\"image\":{\"@id\":\"https:\/\/toysmaniacornermonaco.com\/produit\/thermometre-interieur-exterieur-metal-petit-prince-renard-rose\/#primaryimage\"},\"thumbnailUrl\":\"https:\/\/toysmaniacornermonaco.com\/wp-content\/uploads\/2022\/03\/57195.jpg\",\"datePublished\":\"2022-03-24T11:37:39+00:00\",\"dateModified\":\"2026-02-12T09:06:20+00:00\",\"breadcrumb\":{\"@id\":\"https:\/\/toysmaniacornermonaco.com\/produit\/thermometre-interieur-exterieur-metal-petit-prince-renard-rose\/#breadcrumb\"},\"inLanguage\":\"en-US\",\"potentialAction\":[{\"@type\":\"ReadAction\",\"target\":[\"https:\/\/toysmaniacornermonaco.com\/produit\/thermometre-interieur-exterieur-metal-petit-prince-renard-rose\/\"]}]},{\"@type\":\"ImageObject\",\"inLanguage\":\"en-US\",\"@id\":\"https:\/\/toysmaniacornermonaco.com\/produit\/thermometre-interieur-exterieur-metal-petit-prince-renard-rose\/#primaryimage\",\"url\":\"https:\/\/toysmaniacornermonaco.com\/wp-content\/uploads\/2022\/03\/57195.jpg\",\"contentUrl\":\"https:\/\/toysmaniacornermonaco.com\/wp-content\/uploads\/2022\/03\/57195.jpg\",\"width\":800,\"height\":800},{\"@type\":\"BreadcrumbList\",\"@id\":\"https:\/\/toysmaniacornermonaco.com\/produit\/thermometre-interieur-exterieur-metal-petit-prince-renard-rose\/#breadcrumb\",\"itemListElement\":[{\"@type\":\"ListItem\",\"position\":1,\"name\":\"Accueil\",\"item\":\"https:\/\/toysmaniacornermonaco.com\/en\/\"},{\"@type\":\"ListItem\",\"position\":2,\"name\":\"Shop\",\"item\":\"https:\/\/toysmaniacornermonaco.com\/en\/shop\/\"},{\"@type\":\"ListItem\",\"position\":3,\"name\":\"THERMOMETRE INTERIEUR EXTERIEUR METAL PETIT PRINCE RENARD ROSE\"}]},{\"@type\":\"WebSite\",\"@id\":\"https:\/\/toysmaniacornermonaco.com\/#website\",\"url\":\"https:\/\/toysmaniacornermonaco.com\/\",\"name\":\"TOY&#039;S MANIA\",\"description\":\"VOTRE CONCEPT STORE \u00c0 MONACO\",\"potentialAction\":[{\"@type\":\"SearchAction\",\"target\":{\"@type\":\"EntryPoint\",\"urlTemplate\":\"https:\/\/toysmaniacornermonaco.com\/?s={search_term_string}\"},\"query-input\":\"required name=search_term_string\"}],\"inLanguage\":\"en-US\"}]}<\/script>\n<!-- \/ Yoast SEO plugin. -->","yoast_head_json":{"title":"THERMOMETRE INTERIEUR EXTERIEUR METAL PETIT PRINCE RENARD ROSE - TOY&#039;S MANIA","robots":{"index":"index","follow":"follow","max-snippet":"max-snippet:-1","max-image-preview":"max-image-preview:large","max-video-preview":"max-video-preview:-1"},"canonical":"https:\/\/toysmaniacornermonaco.com\/produit\/thermometre-interieur-exterieur-metal-petit-prince-renard-rose\/","og_locale":"en_US","og_type":"article","og_title":"THERMOMETRE INTERIEUR EXTERIEUR METAL PETIT PRINCE RENARD ROSE - TOY&#039;S MANIA","og_description":"On retrouve une nouvelle illustration du Petit Prince de Saint-Exup\u00e9ry sur ce thermom\u00e8tre int\u00e9rieur design qui d\u00e9corera avec d\u00e9licatesse votre mur. Le Petit Prince est ici accompagn\u00e9 de son ami le Renard. \u00ab La Terre n\u0092est pas une plan\u00e8te quelconque \u00bb. Cette citation, de premier abord cryptique, est en r\u00e9alit\u00e9 une des premi\u00e8res phrases du... View Article","og_url":"https:\/\/toysmaniacornermonaco.com\/produit\/thermometre-interieur-exterieur-metal-petit-prince-renard-rose\/","og_site_name":"TOY&#039;S MANIA","article_modified_time":"2026-02-12T09:06:20+00:00","og_image":[{"width":800,"height":800,"url":"https:\/\/toysmaniacornermonaco.com\/wp-content\/uploads\/2022\/03\/57195.jpg","type":"image\/jpeg"}],"twitter_card":"summary_large_image","twitter_misc":{"Est. reading time":"1 minute"},"schema":{"@context":"https:\/\/schema.org","@graph":[{"@type":"WebPage","@id":"https:\/\/toysmaniacornermonaco.com\/produit\/thermometre-interieur-exterieur-metal-petit-prince-renard-rose\/","url":"https:\/\/toysmaniacornermonaco.com\/produit\/thermometre-interieur-exterieur-metal-petit-prince-renard-rose\/","name":"THERMOMETRE INTERIEUR EXTERIEUR METAL PETIT PRINCE RENARD ROSE - TOY&#039;S MANIA","isPartOf":{"@id":"https:\/\/toysmaniacornermonaco.com\/#website"},"primaryImageOfPage":{"@id":"https:\/\/toysmaniacornermonaco.com\/produit\/thermometre-interieur-exterieur-metal-petit-prince-renard-rose\/#primaryimage"},"image":{"@id":"https:\/\/toysmaniacornermonaco.com\/produit\/thermometre-interieur-exterieur-metal-petit-prince-renard-rose\/#primaryimage"},"thumbnailUrl":"https:\/\/toysmaniacornermonaco.com\/wp-content\/uploads\/2022\/03\/57195.jpg","datePublished":"2022-03-24T11:37:39+00:00","dateModified":"2026-02-12T09:06:20+00:00","breadcrumb":{"@id":"https:\/\/toysmaniacornermonaco.com\/produit\/thermometre-interieur-exterieur-metal-petit-prince-renard-rose\/#breadcrumb"},"inLanguage":"en-US","potentialAction":[{"@type":"ReadAction","target":["https:\/\/toysmaniacornermonaco.com\/produit\/thermometre-interieur-exterieur-metal-petit-prince-renard-rose\/"]}]},{"@type":"ImageObject","inLanguage":"en-US","@id":"https:\/\/toysmaniacornermonaco.com\/produit\/thermometre-interieur-exterieur-metal-petit-prince-renard-rose\/#primaryimage","url":"https:\/\/toysmaniacornermonaco.com\/wp-content\/uploads\/2022\/03\/57195.jpg","contentUrl":"https:\/\/toysmaniacornermonaco.com\/wp-content\/uploads\/2022\/03\/57195.jpg","width":800,"height":800},{"@type":"BreadcrumbList","@id":"https:\/\/toysmaniacornermonaco.com\/produit\/thermometre-interieur-exterieur-metal-petit-prince-renard-rose\/#breadcrumb","itemListElement":[{"@type":"ListItem","position":1,"name":"Accueil","item":"https:\/\/toysmaniacornermonaco.com\/en\/"},{"@type":"ListItem","position":2,"name":"Shop","item":"https:\/\/toysmaniacornermonaco.com\/en\/shop\/"},{"@type":"ListItem","position":3,"name":"THERMOMETRE INTERIEUR EXTERIEUR METAL PETIT PRINCE RENARD ROSE"}]},{"@type":"WebSite","@id":"https:\/\/toysmaniacornermonaco.com\/#website","url":"https:\/\/toysmaniacornermonaco.com\/","name":"TOY&#039;S MANIA","description":"VOTRE CONCEPT STORE \u00c0 MONACO","potentialAction":[{"@type":"SearchAction","target":{"@type":"EntryPoint","urlTemplate":"https:\/\/toysmaniacornermonaco.com\/?s={search_term_string}"},"query-input":"required name=search_term_string"}],"inLanguage":"en-US"}]}},"_links":{"self":[{"href":"https:\/\/toysmaniacornermonaco.com\/en\/wp-json\/wp\/v2\/product\/2916","targetHints":{"allow":["GET"]}}],"collection":[{"href":"https:\/\/toysmaniacornermonaco.com\/en\/wp-json\/wp\/v2\/product"}],"about":[{"href":"https:\/\/toysmaniacornermonaco.com\/en\/wp-json\/wp\/v2\/types\/product"}],"replies":[{"embeddable":true,"href":"https:\/\/toysmaniacornermonaco.com\/en\/wp-json\/wp\/v2\/comments?post=2916"}],"wp:featuredmedia":[{"embeddable":true,"href":"https:\/\/toysmaniacornermonaco.com\/en\/wp-json\/wp\/v2\/media\/1475"}],"wp:attachment":[{"href":"https:\/\/toysmaniacornermonaco.com\/en\/wp-json\/wp\/v2\/media?parent=2916"}],"wp:term":[{"taxonomy":"product_cat","embeddable":true,"href":"https:\/\/toysmaniacornermonaco.com\/en\/wp-json\/wp\/v2\/product_cat?post=2916"},{"taxonomy":"product_tag","embeddable":true,"href":"https:\/\/toysmaniacornermonaco.com\/en\/wp-json\/wp\/v2\/product_tag?post=2916"}],"curies":[{"name":"wp","href":"https:\/\/api.w.org\/{rel}","templated":true}]}}