{"id":2921,"date":"2022-03-24T12:37:39","date_gmt":"2022-03-24T11:37:39","guid":{"rendered":"https:\/\/toys-mania-dev.jupiter.cdigital.fr\/produit\/veilleue-boule-a-neige-musicale-petit-prince\/"},"modified":"2022-10-13T16:23:27","modified_gmt":"2022-10-13T14:23:27","slug":"veilleue-boule-a-neige-musicale-petit-prince","status":"publish","type":"product","link":"https:\/\/toysmaniacornermonaco.com\/en\/produit\/veilleue-boule-a-neige-musicale-petit-prince\/","title":{"rendered":"VEILLEUE BOULE A NEIGE MUSICALE PETIT PRINCE"},"content":{"rendered":"<p>Veilleuse Boule \u00e0 Neige Musicale Petit Prince\u00a9<br \/>\nR\u00e9f\u00e9rence S98230<br \/>\nBOULE A NEIGE MUSICALE : Tournez la cl\u00e9 situ\u00e9e en dessous de la Boule \u00e0 Neige pour d\u00e9clencher une douce berceuse.<br \/>\nVEILLEUSE : D\u00e8s qu\u0092on l\u0092allume, des couleurs douces sont alors diffus\u00e9es dans la pi\u00e8ce et la neige s&#8217;anime comme par magie gr\u00e2ce \u00e0 un souffleur int\u00e9gr\u00e9. C&#8217;est le compagnon id\u00e9al pour rassurer les enfants et les accompagner au pays des (beaux) r\u00eaves ! Elle n&#8217;est pas r\u00e9serv\u00e9e aux b\u00e9b\u00e9s, les jeunes enfants jusqu&#8217;\u00e0 3-7 ans continueront de vous la r\u00e9clamer certainement!<\/p>\n","protected":false},"excerpt":{"rendered":"Veilleuse Boule \u00e0 Neige Musicale Petit Prince\u00a9 R\u00e9f\u00e9rence S98230 BOULE A NEIGE MUSICALE : Tournez la cl\u00e9 situ\u00e9e en dessous de la Boule \u00e0 Neige pour d\u00e9clencher une douce berceuse. VEILLEUSE : D\u00e8s qu\u0092on l\u0092allume, des couleurs douces sont alors diffus\u00e9es dans la pi\u00e8ce et la neige s&#8217;anime comme par magie gr\u00e2ce \u00e0 un souffleur&#8230; <a class=\"view-article\" href=\"https:\/\/toysmaniacornermonaco.com\/en\/produit\/veilleue-boule-a-neige-musicale-petit-prince\/\">View Article<\/a>","protected":false},"featured_media":3879,"comment_status":"open","ping_status":"closed","template":"","meta":{"_acf_changed":false},"product_cat":[385],"product_tag":[],"class_list":{"0":"post-2921","1":"product","2":"type-product","3":"status-publish","4":"has-post-thumbnail","6":"marque-le-petit-prince-en","7":"idee_cadeau-children","8":"product_cat-games-and-toys","9":"product_shipping_class-petitcolis-en","11":"first","12":"outofstock","13":"taxable","14":"shipping-taxable","15":"purchasable","16":"product-type-simple"},"acf":[],"yoast_head":"<!-- This site is optimized with the Yoast SEO plugin v22.3 - https:\/\/yoast.com\/wordpress\/plugins\/seo\/ -->\n<title>VEILLEUE BOULE A NEIGE MUSICALE PETIT PRINCE - TOY&#039;S MANIA<\/title>\n<meta name=\"robots\" content=\"index, follow, max-snippet:-1, max-image-preview:large, max-video-preview:-1\" \/>\n<link rel=\"canonical\" href=\"https:\/\/toysmaniacornermonaco.com\/en\/produit\/veilleue-boule-a-neige-musicale-petit-prince\/\" \/>\n<meta property=\"og:locale\" content=\"en_US\" \/>\n<meta property=\"og:type\" content=\"article\" \/>\n<meta property=\"og:title\" content=\"VEILLEUE BOULE A NEIGE MUSICALE PETIT PRINCE - TOY&#039;S MANIA\" \/>\n<meta property=\"og:description\" content=\"Veilleuse Boule \u00e0 Neige Musicale Petit Prince\u00a9 R\u00e9f\u00e9rence S98230 BOULE A NEIGE MUSICALE : Tournez la cl\u00e9 situ\u00e9e en dessous de la Boule \u00e0 Neige pour d\u00e9clencher une douce berceuse. VEILLEUSE : D\u00e8s qu\u0092on l\u0092allume, des couleurs douces sont alors diffus\u00e9es dans la pi\u00e8ce et la neige s&#8217;anime comme par magie gr\u00e2ce \u00e0 un souffleur... View Article\" \/>\n<meta property=\"og:url\" content=\"https:\/\/toysmaniacornermonaco.com\/en\/produit\/veilleue-boule-a-neige-musicale-petit-prince\/\" \/>\n<meta property=\"og:site_name\" content=\"TOY&#039;S MANIA\" \/>\n<meta property=\"article:modified_time\" content=\"2022-10-13T14:23:27+00:00\" \/>\n<meta property=\"og:image\" content=\"https:\/\/toysmaniacornermonaco.com\/wp-content\/uploads\/2022\/03\/S98230-1.jpg\" \/>\n\t<meta property=\"og:image:width\" content=\"1400\" \/>\n\t<meta property=\"og:image:height\" content=\"1050\" \/>\n\t<meta property=\"og:image:type\" content=\"image\/jpeg\" \/>\n<meta name=\"twitter:card\" content=\"summary_large_image\" \/>\n<meta name=\"twitter:label1\" content=\"Est. reading time\" \/>\n\t<meta name=\"twitter:data1\" content=\"1 minute\" \/>\n<script type=\"application\/ld+json\" class=\"yoast-schema-graph\">{\"@context\":\"https:\/\/schema.org\",\"@graph\":[{\"@type\":\"WebPage\",\"@id\":\"https:\/\/toysmaniacornermonaco.com\/en\/produit\/veilleue-boule-a-neige-musicale-petit-prince\/\",\"url\":\"https:\/\/toysmaniacornermonaco.com\/en\/produit\/veilleue-boule-a-neige-musicale-petit-prince\/\",\"name\":\"VEILLEUE BOULE A NEIGE MUSICALE PETIT PRINCE - TOY&#039;S MANIA\",\"isPartOf\":{\"@id\":\"https:\/\/toysmaniacornermonaco.com\/#website\"},\"primaryImageOfPage\":{\"@id\":\"https:\/\/toysmaniacornermonaco.com\/en\/produit\/veilleue-boule-a-neige-musicale-petit-prince\/#primaryimage\"},\"image\":{\"@id\":\"https:\/\/toysmaniacornermonaco.com\/en\/produit\/veilleue-boule-a-neige-musicale-petit-prince\/#primaryimage\"},\"thumbnailUrl\":\"https:\/\/toysmaniacornermonaco.com\/wp-content\/uploads\/2022\/03\/S98230-1.jpg\",\"datePublished\":\"2022-03-24T11:37:39+00:00\",\"dateModified\":\"2022-10-13T14:23:27+00:00\",\"breadcrumb\":{\"@id\":\"https:\/\/toysmaniacornermonaco.com\/en\/produit\/veilleue-boule-a-neige-musicale-petit-prince\/#breadcrumb\"},\"inLanguage\":\"en-US\",\"potentialAction\":[{\"@type\":\"ReadAction\",\"target\":[\"https:\/\/toysmaniacornermonaco.com\/en\/produit\/veilleue-boule-a-neige-musicale-petit-prince\/\"]}]},{\"@type\":\"ImageObject\",\"inLanguage\":\"en-US\",\"@id\":\"https:\/\/toysmaniacornermonaco.com\/en\/produit\/veilleue-boule-a-neige-musicale-petit-prince\/#primaryimage\",\"url\":\"https:\/\/toysmaniacornermonaco.com\/wp-content\/uploads\/2022\/03\/S98230-1.jpg\",\"contentUrl\":\"https:\/\/toysmaniacornermonaco.com\/wp-content\/uploads\/2022\/03\/S98230-1.jpg\",\"width\":1400,\"height\":1050},{\"@type\":\"BreadcrumbList\",\"@id\":\"https:\/\/toysmaniacornermonaco.com\/en\/produit\/veilleue-boule-a-neige-musicale-petit-prince\/#breadcrumb\",\"itemListElement\":[{\"@type\":\"ListItem\",\"position\":1,\"name\":\"Accueil\",\"item\":\"https:\/\/toysmaniacornermonaco.com\/en\/\"},{\"@type\":\"ListItem\",\"position\":2,\"name\":\"Shop\",\"item\":\"https:\/\/toysmaniacornermonaco.com\/en\/shop\/\"},{\"@type\":\"ListItem\",\"position\":3,\"name\":\"VEILLEUE BOULE A NEIGE MUSICALE PETIT PRINCE\"}]},{\"@type\":\"WebSite\",\"@id\":\"https:\/\/toysmaniacornermonaco.com\/#website\",\"url\":\"https:\/\/toysmaniacornermonaco.com\/\",\"name\":\"TOY&#039;S MANIA\",\"description\":\"VOTRE CONCEPT STORE \u00c0 MONACO\",\"potentialAction\":[{\"@type\":\"SearchAction\",\"target\":{\"@type\":\"EntryPoint\",\"urlTemplate\":\"https:\/\/toysmaniacornermonaco.com\/?s={search_term_string}\"},\"query-input\":\"required name=search_term_string\"}],\"inLanguage\":\"en-US\"}]}<\/script>\n<!-- \/ Yoast SEO plugin. -->","yoast_head_json":{"title":"VEILLEUE BOULE A NEIGE MUSICALE PETIT PRINCE - TOY&#039;S MANIA","robots":{"index":"index","follow":"follow","max-snippet":"max-snippet:-1","max-image-preview":"max-image-preview:large","max-video-preview":"max-video-preview:-1"},"canonical":"https:\/\/toysmaniacornermonaco.com\/en\/produit\/veilleue-boule-a-neige-musicale-petit-prince\/","og_locale":"en_US","og_type":"article","og_title":"VEILLEUE BOULE A NEIGE MUSICALE PETIT PRINCE - TOY&#039;S MANIA","og_description":"Veilleuse Boule \u00e0 Neige Musicale Petit Prince\u00a9 R\u00e9f\u00e9rence S98230 BOULE A NEIGE MUSICALE : Tournez la cl\u00e9 situ\u00e9e en dessous de la Boule \u00e0 Neige pour d\u00e9clencher une douce berceuse. VEILLEUSE : D\u00e8s qu\u0092on l\u0092allume, des couleurs douces sont alors diffus\u00e9es dans la pi\u00e8ce et la neige s&#8217;anime comme par magie gr\u00e2ce \u00e0 un souffleur... View Article","og_url":"https:\/\/toysmaniacornermonaco.com\/en\/produit\/veilleue-boule-a-neige-musicale-petit-prince\/","og_site_name":"TOY&#039;S MANIA","article_modified_time":"2022-10-13T14:23:27+00:00","og_image":[{"width":1400,"height":1050,"url":"https:\/\/toysmaniacornermonaco.com\/wp-content\/uploads\/2022\/03\/S98230-1.jpg","type":"image\/jpeg"}],"twitter_card":"summary_large_image","twitter_misc":{"Est. reading time":"1 minute"},"schema":{"@context":"https:\/\/schema.org","@graph":[{"@type":"WebPage","@id":"https:\/\/toysmaniacornermonaco.com\/en\/produit\/veilleue-boule-a-neige-musicale-petit-prince\/","url":"https:\/\/toysmaniacornermonaco.com\/en\/produit\/veilleue-boule-a-neige-musicale-petit-prince\/","name":"VEILLEUE BOULE A NEIGE MUSICALE PETIT PRINCE - TOY&#039;S MANIA","isPartOf":{"@id":"https:\/\/toysmaniacornermonaco.com\/#website"},"primaryImageOfPage":{"@id":"https:\/\/toysmaniacornermonaco.com\/en\/produit\/veilleue-boule-a-neige-musicale-petit-prince\/#primaryimage"},"image":{"@id":"https:\/\/toysmaniacornermonaco.com\/en\/produit\/veilleue-boule-a-neige-musicale-petit-prince\/#primaryimage"},"thumbnailUrl":"https:\/\/toysmaniacornermonaco.com\/wp-content\/uploads\/2022\/03\/S98230-1.jpg","datePublished":"2022-03-24T11:37:39+00:00","dateModified":"2022-10-13T14:23:27+00:00","breadcrumb":{"@id":"https:\/\/toysmaniacornermonaco.com\/en\/produit\/veilleue-boule-a-neige-musicale-petit-prince\/#breadcrumb"},"inLanguage":"en-US","potentialAction":[{"@type":"ReadAction","target":["https:\/\/toysmaniacornermonaco.com\/en\/produit\/veilleue-boule-a-neige-musicale-petit-prince\/"]}]},{"@type":"ImageObject","inLanguage":"en-US","@id":"https:\/\/toysmaniacornermonaco.com\/en\/produit\/veilleue-boule-a-neige-musicale-petit-prince\/#primaryimage","url":"https:\/\/toysmaniacornermonaco.com\/wp-content\/uploads\/2022\/03\/S98230-1.jpg","contentUrl":"https:\/\/toysmaniacornermonaco.com\/wp-content\/uploads\/2022\/03\/S98230-1.jpg","width":1400,"height":1050},{"@type":"BreadcrumbList","@id":"https:\/\/toysmaniacornermonaco.com\/en\/produit\/veilleue-boule-a-neige-musicale-petit-prince\/#breadcrumb","itemListElement":[{"@type":"ListItem","position":1,"name":"Accueil","item":"https:\/\/toysmaniacornermonaco.com\/en\/"},{"@type":"ListItem","position":2,"name":"Shop","item":"https:\/\/toysmaniacornermonaco.com\/en\/shop\/"},{"@type":"ListItem","position":3,"name":"VEILLEUE BOULE A NEIGE MUSICALE PETIT PRINCE"}]},{"@type":"WebSite","@id":"https:\/\/toysmaniacornermonaco.com\/#website","url":"https:\/\/toysmaniacornermonaco.com\/","name":"TOY&#039;S MANIA","description":"VOTRE CONCEPT STORE \u00c0 MONACO","potentialAction":[{"@type":"SearchAction","target":{"@type":"EntryPoint","urlTemplate":"https:\/\/toysmaniacornermonaco.com\/?s={search_term_string}"},"query-input":"required name=search_term_string"}],"inLanguage":"en-US"}]}},"_links":{"self":[{"href":"https:\/\/toysmaniacornermonaco.com\/en\/wp-json\/wp\/v2\/product\/2921","targetHints":{"allow":["GET"]}}],"collection":[{"href":"https:\/\/toysmaniacornermonaco.com\/en\/wp-json\/wp\/v2\/product"}],"about":[{"href":"https:\/\/toysmaniacornermonaco.com\/en\/wp-json\/wp\/v2\/types\/product"}],"replies":[{"embeddable":true,"href":"https:\/\/toysmaniacornermonaco.com\/en\/wp-json\/wp\/v2\/comments?post=2921"}],"wp:featuredmedia":[{"embeddable":true,"href":"https:\/\/toysmaniacornermonaco.com\/en\/wp-json\/wp\/v2\/media\/3879"}],"wp:attachment":[{"href":"https:\/\/toysmaniacornermonaco.com\/en\/wp-json\/wp\/v2\/media?parent=2921"}],"wp:term":[{"taxonomy":"product_cat","embeddable":true,"href":"https:\/\/toysmaniacornermonaco.com\/en\/wp-json\/wp\/v2\/product_cat?post=2921"},{"taxonomy":"product_tag","embeddable":true,"href":"https:\/\/toysmaniacornermonaco.com\/en\/wp-json\/wp\/v2\/product_tag?post=2921"}],"curies":[{"name":"wp","href":"https:\/\/api.w.org\/{rel}","templated":true}]}}