{"id":2935,"date":"2022-03-24T12:37:25","date_gmt":"2022-03-24T11:37:25","guid":{"rendered":"https:\/\/toys-mania-dev.jupiter.cdigital.fr\/produit\/bougie-parfumee-canelle-orange-ephemere-noel\/"},"modified":"2024-01-24T16:19:55","modified_gmt":"2024-01-24T15:19:55","slug":"bougie-parfumee-canelle-orange-ephemere-noel","status":"publish","type":"product","link":"https:\/\/toysmaniacornermonaco.com\/en\/produit\/bougie-parfumee-canelle-orange-ephemere-noel\/","title":{"rendered":"Bougie Parfum\u00e9e CANELLE ORANGE Eph\u00e9m\u00e8re No\u00ebl"},"content":{"rendered":"<p>Ajoutez un air festif et gourmand \u00e0 votre int\u00e9rieur avec notre bougie cannelle orange.<\/p>\n<p>La bougie parfum\u00e9e cannelle orange, avec son parfum fruit\u00e9 d\u0092orange sublim\u00e9 par la chaleur de la cannelle et du clou de girofle vous ravira pendant les mois d\u0092hiver.<\/p>\n<p>Cette senteur \u00e9pic\u00e9e cr\u00e9e instantan\u00e9ment une ambiance chaleureuse et accueillante, parfaite pour les f\u00eates de fin d\u0092ann\u00e9e. D\u00e9licieusement addictive, la bougie cannelle rappelle les moments gourmands de no\u00ebl, entre r\u00e9alisation de sabl\u00e9s et pr\u00e9paratifs du r\u00e9veillon. Un v\u00e9ritable plaisir d\u0092allumer la bougie chaque jour.<\/p>\n<p>Compos\u00e9e de cire naturelle ( cire v\u00e9g\u00e9tale et cire d\u0092abeille), et m\u00e8che en coton, elle restitue parfaitement les notes gourmandes et \u00e9pic\u00e9es de ce parfum incontournable de la saison.<\/p>\n","protected":false},"excerpt":{"rendered":"Ajoutez un air festif et gourmand \u00e0 votre int\u00e9rieur avec notre bougie cannelle orange. La bougie parfum\u00e9e cannelle orange, avec son parfum fruit\u00e9 d\u0092orange sublim\u00e9 par la chaleur de la cannelle et du clou de girofle vous ravira pendant les mois d\u0092hiver. Cette senteur \u00e9pic\u00e9e cr\u00e9e instantan\u00e9ment une ambiance chaleureuse et accueillante, parfaite pour les&#8230; <a class=\"view-article\" href=\"https:\/\/toysmaniacornermonaco.com\/en\/produit\/bougie-parfumee-canelle-orange-ephemere-noel\/\">View Article<\/a>","protected":false},"featured_media":1426,"comment_status":"open","ping_status":"closed","template":"","meta":{"_acf_changed":false},"product_cat":[387],"product_tag":[],"class_list":{"0":"post-2935","1":"product","2":"type-product","3":"status-publish","4":"has-post-thumbnail","6":"marque-durance-en","7":"idee_cadeau-women","8":"product_cat-perfumes-and-scents","9":"product_shipping_class-petitcolis-en","11":"first","12":"instock","13":"taxable","14":"shipping-taxable","15":"purchasable","16":"product-type-simple"},"acf":[],"yoast_head":"<!-- This site is optimized with the Yoast SEO plugin v22.3 - https:\/\/yoast.com\/wordpress\/plugins\/seo\/ -->\n<title>Bougie Parfum\u00e9e CANELLE ORANGE Eph\u00e9m\u00e8re No\u00ebl - TOY&#039;S MANIA<\/title>\n<meta name=\"robots\" content=\"index, follow, max-snippet:-1, max-image-preview:large, max-video-preview:-1\" \/>\n<link rel=\"canonical\" href=\"https:\/\/toysmaniacornermonaco.com\/produit\/bougie-parfumee-canelle-orange-ephemere-noel\/\" \/>\n<meta property=\"og:locale\" content=\"en_US\" \/>\n<meta property=\"og:type\" content=\"article\" \/>\n<meta property=\"og:title\" content=\"Bougie Parfum\u00e9e CANELLE ORANGE Eph\u00e9m\u00e8re No\u00ebl - TOY&#039;S MANIA\" \/>\n<meta property=\"og:description\" content=\"Ajoutez un air festif et gourmand \u00e0 votre int\u00e9rieur avec notre bougie cannelle orange. La bougie parfum\u00e9e cannelle orange, avec son parfum fruit\u00e9 d\u0092orange sublim\u00e9 par la chaleur de la cannelle et du clou de girofle vous ravira pendant les mois d\u0092hiver. Cette senteur \u00e9pic\u00e9e cr\u00e9e instantan\u00e9ment une ambiance chaleureuse et accueillante, parfaite pour les... View Article\" \/>\n<meta property=\"og:url\" content=\"https:\/\/toysmaniacornermonaco.com\/produit\/bougie-parfumee-canelle-orange-ephemere-noel\/\" \/>\n<meta property=\"og:site_name\" content=\"TOY&#039;S MANIA\" \/>\n<meta property=\"article:modified_time\" content=\"2024-01-24T15:19:55+00:00\" \/>\n<meta property=\"og:image\" content=\"https:\/\/toysmaniacornermonaco.com\/wp-content\/uploads\/2022\/03\/CANELLEOBO.jpg\" \/>\n\t<meta property=\"og:image:width\" content=\"600\" \/>\n\t<meta property=\"og:image:height\" content=\"600\" \/>\n\t<meta property=\"og:image:type\" content=\"image\/jpeg\" \/>\n<meta name=\"twitter:card\" content=\"summary_large_image\" \/>\n<meta name=\"twitter:label1\" content=\"Est. reading time\" \/>\n\t<meta name=\"twitter:data1\" content=\"1 minute\" \/>\n<script type=\"application\/ld+json\" class=\"yoast-schema-graph\">{\"@context\":\"https:\/\/schema.org\",\"@graph\":[{\"@type\":\"WebPage\",\"@id\":\"https:\/\/toysmaniacornermonaco.com\/produit\/bougie-parfumee-canelle-orange-ephemere-noel\/\",\"url\":\"https:\/\/toysmaniacornermonaco.com\/produit\/bougie-parfumee-canelle-orange-ephemere-noel\/\",\"name\":\"Bougie Parfum\u00e9e CANELLE ORANGE Eph\u00e9m\u00e8re No\u00ebl - TOY&#039;S MANIA\",\"isPartOf\":{\"@id\":\"https:\/\/toysmaniacornermonaco.com\/#website\"},\"primaryImageOfPage\":{\"@id\":\"https:\/\/toysmaniacornermonaco.com\/produit\/bougie-parfumee-canelle-orange-ephemere-noel\/#primaryimage\"},\"image\":{\"@id\":\"https:\/\/toysmaniacornermonaco.com\/produit\/bougie-parfumee-canelle-orange-ephemere-noel\/#primaryimage\"},\"thumbnailUrl\":\"https:\/\/toysmaniacornermonaco.com\/wp-content\/uploads\/2022\/03\/CANELLEOBO.jpg\",\"datePublished\":\"2022-03-24T11:37:25+00:00\",\"dateModified\":\"2024-01-24T15:19:55+00:00\",\"breadcrumb\":{\"@id\":\"https:\/\/toysmaniacornermonaco.com\/produit\/bougie-parfumee-canelle-orange-ephemere-noel\/#breadcrumb\"},\"inLanguage\":\"en-US\",\"potentialAction\":[{\"@type\":\"ReadAction\",\"target\":[\"https:\/\/toysmaniacornermonaco.com\/produit\/bougie-parfumee-canelle-orange-ephemere-noel\/\"]}]},{\"@type\":\"ImageObject\",\"inLanguage\":\"en-US\",\"@id\":\"https:\/\/toysmaniacornermonaco.com\/produit\/bougie-parfumee-canelle-orange-ephemere-noel\/#primaryimage\",\"url\":\"https:\/\/toysmaniacornermonaco.com\/wp-content\/uploads\/2022\/03\/CANELLEOBO.jpg\",\"contentUrl\":\"https:\/\/toysmaniacornermonaco.com\/wp-content\/uploads\/2022\/03\/CANELLEOBO.jpg\",\"width\":600,\"height\":600},{\"@type\":\"BreadcrumbList\",\"@id\":\"https:\/\/toysmaniacornermonaco.com\/produit\/bougie-parfumee-canelle-orange-ephemere-noel\/#breadcrumb\",\"itemListElement\":[{\"@type\":\"ListItem\",\"position\":1,\"name\":\"Accueil\",\"item\":\"https:\/\/toysmaniacornermonaco.com\/en\/\"},{\"@type\":\"ListItem\",\"position\":2,\"name\":\"Shop\",\"item\":\"https:\/\/toysmaniacornermonaco.com\/en\/shop\/\"},{\"@type\":\"ListItem\",\"position\":3,\"name\":\"Bougie Parfum\u00e9e CANELLE ORANGE Eph\u00e9m\u00e8re No\u00ebl\"}]},{\"@type\":\"WebSite\",\"@id\":\"https:\/\/toysmaniacornermonaco.com\/#website\",\"url\":\"https:\/\/toysmaniacornermonaco.com\/\",\"name\":\"TOY&#039;S MANIA\",\"description\":\"VOTRE CONCEPT STORE \u00c0 MONACO\",\"potentialAction\":[{\"@type\":\"SearchAction\",\"target\":{\"@type\":\"EntryPoint\",\"urlTemplate\":\"https:\/\/toysmaniacornermonaco.com\/?s={search_term_string}\"},\"query-input\":\"required name=search_term_string\"}],\"inLanguage\":\"en-US\"}]}<\/script>\n<!-- \/ Yoast SEO plugin. -->","yoast_head_json":{"title":"Bougie Parfum\u00e9e CANELLE ORANGE Eph\u00e9m\u00e8re No\u00ebl - TOY&#039;S MANIA","robots":{"index":"index","follow":"follow","max-snippet":"max-snippet:-1","max-image-preview":"max-image-preview:large","max-video-preview":"max-video-preview:-1"},"canonical":"https:\/\/toysmaniacornermonaco.com\/produit\/bougie-parfumee-canelle-orange-ephemere-noel\/","og_locale":"en_US","og_type":"article","og_title":"Bougie Parfum\u00e9e CANELLE ORANGE Eph\u00e9m\u00e8re No\u00ebl - TOY&#039;S MANIA","og_description":"Ajoutez un air festif et gourmand \u00e0 votre int\u00e9rieur avec notre bougie cannelle orange. La bougie parfum\u00e9e cannelle orange, avec son parfum fruit\u00e9 d\u0092orange sublim\u00e9 par la chaleur de la cannelle et du clou de girofle vous ravira pendant les mois d\u0092hiver. Cette senteur \u00e9pic\u00e9e cr\u00e9e instantan\u00e9ment une ambiance chaleureuse et accueillante, parfaite pour les... View Article","og_url":"https:\/\/toysmaniacornermonaco.com\/produit\/bougie-parfumee-canelle-orange-ephemere-noel\/","og_site_name":"TOY&#039;S MANIA","article_modified_time":"2024-01-24T15:19:55+00:00","og_image":[{"width":600,"height":600,"url":"https:\/\/toysmaniacornermonaco.com\/wp-content\/uploads\/2022\/03\/CANELLEOBO.jpg","type":"image\/jpeg"}],"twitter_card":"summary_large_image","twitter_misc":{"Est. reading time":"1 minute"},"schema":{"@context":"https:\/\/schema.org","@graph":[{"@type":"WebPage","@id":"https:\/\/toysmaniacornermonaco.com\/produit\/bougie-parfumee-canelle-orange-ephemere-noel\/","url":"https:\/\/toysmaniacornermonaco.com\/produit\/bougie-parfumee-canelle-orange-ephemere-noel\/","name":"Bougie Parfum\u00e9e CANELLE ORANGE Eph\u00e9m\u00e8re No\u00ebl - TOY&#039;S MANIA","isPartOf":{"@id":"https:\/\/toysmaniacornermonaco.com\/#website"},"primaryImageOfPage":{"@id":"https:\/\/toysmaniacornermonaco.com\/produit\/bougie-parfumee-canelle-orange-ephemere-noel\/#primaryimage"},"image":{"@id":"https:\/\/toysmaniacornermonaco.com\/produit\/bougie-parfumee-canelle-orange-ephemere-noel\/#primaryimage"},"thumbnailUrl":"https:\/\/toysmaniacornermonaco.com\/wp-content\/uploads\/2022\/03\/CANELLEOBO.jpg","datePublished":"2022-03-24T11:37:25+00:00","dateModified":"2024-01-24T15:19:55+00:00","breadcrumb":{"@id":"https:\/\/toysmaniacornermonaco.com\/produit\/bougie-parfumee-canelle-orange-ephemere-noel\/#breadcrumb"},"inLanguage":"en-US","potentialAction":[{"@type":"ReadAction","target":["https:\/\/toysmaniacornermonaco.com\/produit\/bougie-parfumee-canelle-orange-ephemere-noel\/"]}]},{"@type":"ImageObject","inLanguage":"en-US","@id":"https:\/\/toysmaniacornermonaco.com\/produit\/bougie-parfumee-canelle-orange-ephemere-noel\/#primaryimage","url":"https:\/\/toysmaniacornermonaco.com\/wp-content\/uploads\/2022\/03\/CANELLEOBO.jpg","contentUrl":"https:\/\/toysmaniacornermonaco.com\/wp-content\/uploads\/2022\/03\/CANELLEOBO.jpg","width":600,"height":600},{"@type":"BreadcrumbList","@id":"https:\/\/toysmaniacornermonaco.com\/produit\/bougie-parfumee-canelle-orange-ephemere-noel\/#breadcrumb","itemListElement":[{"@type":"ListItem","position":1,"name":"Accueil","item":"https:\/\/toysmaniacornermonaco.com\/en\/"},{"@type":"ListItem","position":2,"name":"Shop","item":"https:\/\/toysmaniacornermonaco.com\/en\/shop\/"},{"@type":"ListItem","position":3,"name":"Bougie Parfum\u00e9e CANELLE ORANGE Eph\u00e9m\u00e8re No\u00ebl"}]},{"@type":"WebSite","@id":"https:\/\/toysmaniacornermonaco.com\/#website","url":"https:\/\/toysmaniacornermonaco.com\/","name":"TOY&#039;S MANIA","description":"VOTRE CONCEPT STORE \u00c0 MONACO","potentialAction":[{"@type":"SearchAction","target":{"@type":"EntryPoint","urlTemplate":"https:\/\/toysmaniacornermonaco.com\/?s={search_term_string}"},"query-input":"required name=search_term_string"}],"inLanguage":"en-US"}]}},"_links":{"self":[{"href":"https:\/\/toysmaniacornermonaco.com\/en\/wp-json\/wp\/v2\/product\/2935","targetHints":{"allow":["GET"]}}],"collection":[{"href":"https:\/\/toysmaniacornermonaco.com\/en\/wp-json\/wp\/v2\/product"}],"about":[{"href":"https:\/\/toysmaniacornermonaco.com\/en\/wp-json\/wp\/v2\/types\/product"}],"replies":[{"embeddable":true,"href":"https:\/\/toysmaniacornermonaco.com\/en\/wp-json\/wp\/v2\/comments?post=2935"}],"wp:featuredmedia":[{"embeddable":true,"href":"https:\/\/toysmaniacornermonaco.com\/en\/wp-json\/wp\/v2\/media\/1426"}],"wp:attachment":[{"href":"https:\/\/toysmaniacornermonaco.com\/en\/wp-json\/wp\/v2\/media?parent=2935"}],"wp:term":[{"taxonomy":"product_cat","embeddable":true,"href":"https:\/\/toysmaniacornermonaco.com\/en\/wp-json\/wp\/v2\/product_cat?post=2935"},{"taxonomy":"product_tag","embeddable":true,"href":"https:\/\/toysmaniacornermonaco.com\/en\/wp-json\/wp\/v2\/product_tag?post=2935"}],"curies":[{"name":"wp","href":"https:\/\/api.w.org\/{rel}","templated":true}]}}