{"id":2943,"date":"2022-03-24T12:37:25","date_gmt":"2022-03-24T11:37:25","guid":{"rendered":"https:\/\/toys-mania-dev.jupiter.cdigital.fr\/produit\/stitch-allonge-figurine-disney\/"},"modified":"2025-01-27T12:45:01","modified_gmt":"2025-01-27T11:45:01","slug":"stitch-allonge-figurine-disney","status":"publish","type":"product","link":"https:\/\/toysmaniacornermonaco.com\/en\/produit\/stitch-allonge-figurine-disney\/","title":{"rendered":"STITCH ALLONGE FIGURINE DISNEY"},"content":{"rendered":"<p>Couleur Multicolore<br \/>\nMarque Disney<br \/>\nMat\u00e9riau R\u00e9sine<br \/>\nDimensions de l&#8217;article L x l x H 6 x 8.9 x 6.4 centim\u00e8tres<br \/>\nPoids de l&#8217;article 94 Grammes<br \/>\n\u00c0 propos de cet article<br \/>\nCollection Disney show case<br \/>\nPersonnages Disney classiques.<br \/>\nExcellente id\u00e9e cadeau.<br \/>\nFabriqu\u00e9 et peint \u00e0 la main.<br \/>\nCoffret cadeau de marque.<\/p>\n","protected":false},"excerpt":{"rendered":"Couleur Multicolore Marque Disney Mat\u00e9riau R\u00e9sine Dimensions de l&#8217;article L x l x H 6 x 8.9 x 6.4 centim\u00e8tres Poids de l&#8217;article 94 Grammes \u00c0 propos de cet article Collection Disney show case Personnages Disney classiques. Excellente id\u00e9e cadeau. Fabriqu\u00e9 et peint \u00e0 la main. Coffret cadeau de marque.","protected":false},"featured_media":3703,"comment_status":"open","ping_status":"closed","template":"","meta":{"_acf_changed":false},"product_cat":[381,385],"product_tag":[],"class_list":{"0":"post-2943","1":"product","2":"type-product","3":"status-publish","4":"has-post-thumbnail","6":"marque-disney-en","7":"idee_cadeau-children","8":"idee_cadeau-men","9":"idee_cadeau-women","10":"product_cat-decoration-en","11":"product_cat-games-and-toys","12":"product_shipping_class-petitcolis-en","14":"first","15":"instock","16":"taxable","17":"shipping-taxable","18":"purchasable","19":"product-type-simple"},"acf":[],"yoast_head":"<!-- This site is optimized with the Yoast SEO plugin v22.3 - https:\/\/yoast.com\/wordpress\/plugins\/seo\/ -->\n<title>STITCH ALLONGE FIGURINE DISNEY - TOY&#039;S MANIA<\/title>\n<meta name=\"robots\" content=\"index, follow, max-snippet:-1, max-image-preview:large, max-video-preview:-1\" \/>\n<link rel=\"canonical\" href=\"https:\/\/toysmaniacornermonaco.com\/produit\/stitch-allonge-figurine-disney\/\" \/>\n<meta property=\"og:locale\" content=\"en_US\" \/>\n<meta property=\"og:type\" content=\"article\" \/>\n<meta property=\"og:title\" content=\"STITCH ALLONGE FIGURINE DISNEY - TOY&#039;S MANIA\" \/>\n<meta property=\"og:description\" content=\"Couleur Multicolore Marque Disney Mat\u00e9riau R\u00e9sine Dimensions de l&#8217;article L x l x H 6 x 8.9 x 6.4 centim\u00e8tres Poids de l&#8217;article 94 Grammes \u00c0 propos de cet article Collection Disney show case Personnages Disney classiques. Excellente id\u00e9e cadeau. Fabriqu\u00e9 et peint \u00e0 la main. Coffret cadeau de marque.\" \/>\n<meta property=\"og:url\" content=\"https:\/\/toysmaniacornermonaco.com\/produit\/stitch-allonge-figurine-disney\/\" \/>\n<meta property=\"og:site_name\" content=\"TOY&#039;S MANIA\" \/>\n<meta property=\"article:modified_time\" content=\"2025-01-27T11:45:01+00:00\" \/>\n<meta property=\"og:image\" content=\"https:\/\/toysmaniacornermonaco.com\/wp-content\/uploads\/2022\/03\/6002189_1.jpg\" \/>\n\t<meta property=\"og:image:width\" content=\"1226\" \/>\n\t<meta property=\"og:image:height\" content=\"908\" \/>\n\t<meta property=\"og:image:type\" content=\"image\/jpeg\" \/>\n<meta name=\"twitter:card\" content=\"summary_large_image\" \/>\n<meta name=\"twitter:label1\" content=\"Est. reading time\" \/>\n\t<meta name=\"twitter:data1\" content=\"1 minute\" \/>\n<script type=\"application\/ld+json\" class=\"yoast-schema-graph\">{\"@context\":\"https:\/\/schema.org\",\"@graph\":[{\"@type\":\"WebPage\",\"@id\":\"https:\/\/toysmaniacornermonaco.com\/produit\/stitch-allonge-figurine-disney\/\",\"url\":\"https:\/\/toysmaniacornermonaco.com\/produit\/stitch-allonge-figurine-disney\/\",\"name\":\"STITCH ALLONGE FIGURINE DISNEY - TOY&#039;S MANIA\",\"isPartOf\":{\"@id\":\"https:\/\/toysmaniacornermonaco.com\/#website\"},\"primaryImageOfPage\":{\"@id\":\"https:\/\/toysmaniacornermonaco.com\/produit\/stitch-allonge-figurine-disney\/#primaryimage\"},\"image\":{\"@id\":\"https:\/\/toysmaniacornermonaco.com\/produit\/stitch-allonge-figurine-disney\/#primaryimage\"},\"thumbnailUrl\":\"https:\/\/toysmaniacornermonaco.com\/wp-content\/uploads\/2022\/03\/6002189_1.jpg\",\"datePublished\":\"2022-03-24T11:37:25+00:00\",\"dateModified\":\"2025-01-27T11:45:01+00:00\",\"breadcrumb\":{\"@id\":\"https:\/\/toysmaniacornermonaco.com\/produit\/stitch-allonge-figurine-disney\/#breadcrumb\"},\"inLanguage\":\"en-US\",\"potentialAction\":[{\"@type\":\"ReadAction\",\"target\":[\"https:\/\/toysmaniacornermonaco.com\/produit\/stitch-allonge-figurine-disney\/\"]}]},{\"@type\":\"ImageObject\",\"inLanguage\":\"en-US\",\"@id\":\"https:\/\/toysmaniacornermonaco.com\/produit\/stitch-allonge-figurine-disney\/#primaryimage\",\"url\":\"https:\/\/toysmaniacornermonaco.com\/wp-content\/uploads\/2022\/03\/6002189_1.jpg\",\"contentUrl\":\"https:\/\/toysmaniacornermonaco.com\/wp-content\/uploads\/2022\/03\/6002189_1.jpg\",\"width\":1226,\"height\":908},{\"@type\":\"BreadcrumbList\",\"@id\":\"https:\/\/toysmaniacornermonaco.com\/produit\/stitch-allonge-figurine-disney\/#breadcrumb\",\"itemListElement\":[{\"@type\":\"ListItem\",\"position\":1,\"name\":\"Accueil\",\"item\":\"https:\/\/toysmaniacornermonaco.com\/en\/\"},{\"@type\":\"ListItem\",\"position\":2,\"name\":\"Shop\",\"item\":\"https:\/\/toysmaniacornermonaco.com\/en\/shop\/\"},{\"@type\":\"ListItem\",\"position\":3,\"name\":\"STITCH ALLONGE FIGURINE DISNEY\"}]},{\"@type\":\"WebSite\",\"@id\":\"https:\/\/toysmaniacornermonaco.com\/#website\",\"url\":\"https:\/\/toysmaniacornermonaco.com\/\",\"name\":\"TOY&#039;S MANIA\",\"description\":\"VOTRE CONCEPT STORE \u00c0 MONACO\",\"potentialAction\":[{\"@type\":\"SearchAction\",\"target\":{\"@type\":\"EntryPoint\",\"urlTemplate\":\"https:\/\/toysmaniacornermonaco.com\/?s={search_term_string}\"},\"query-input\":\"required name=search_term_string\"}],\"inLanguage\":\"en-US\"}]}<\/script>\n<!-- \/ Yoast SEO plugin. -->","yoast_head_json":{"title":"STITCH ALLONGE FIGURINE DISNEY - TOY&#039;S MANIA","robots":{"index":"index","follow":"follow","max-snippet":"max-snippet:-1","max-image-preview":"max-image-preview:large","max-video-preview":"max-video-preview:-1"},"canonical":"https:\/\/toysmaniacornermonaco.com\/produit\/stitch-allonge-figurine-disney\/","og_locale":"en_US","og_type":"article","og_title":"STITCH ALLONGE FIGURINE DISNEY - TOY&#039;S MANIA","og_description":"Couleur Multicolore Marque Disney Mat\u00e9riau R\u00e9sine Dimensions de l&#8217;article L x l x H 6 x 8.9 x 6.4 centim\u00e8tres Poids de l&#8217;article 94 Grammes \u00c0 propos de cet article Collection Disney show case Personnages Disney classiques. Excellente id\u00e9e cadeau. Fabriqu\u00e9 et peint \u00e0 la main. Coffret cadeau de marque.","og_url":"https:\/\/toysmaniacornermonaco.com\/produit\/stitch-allonge-figurine-disney\/","og_site_name":"TOY&#039;S MANIA","article_modified_time":"2025-01-27T11:45:01+00:00","og_image":[{"width":1226,"height":908,"url":"https:\/\/toysmaniacornermonaco.com\/wp-content\/uploads\/2022\/03\/6002189_1.jpg","type":"image\/jpeg"}],"twitter_card":"summary_large_image","twitter_misc":{"Est. reading time":"1 minute"},"schema":{"@context":"https:\/\/schema.org","@graph":[{"@type":"WebPage","@id":"https:\/\/toysmaniacornermonaco.com\/produit\/stitch-allonge-figurine-disney\/","url":"https:\/\/toysmaniacornermonaco.com\/produit\/stitch-allonge-figurine-disney\/","name":"STITCH ALLONGE FIGURINE DISNEY - TOY&#039;S MANIA","isPartOf":{"@id":"https:\/\/toysmaniacornermonaco.com\/#website"},"primaryImageOfPage":{"@id":"https:\/\/toysmaniacornermonaco.com\/produit\/stitch-allonge-figurine-disney\/#primaryimage"},"image":{"@id":"https:\/\/toysmaniacornermonaco.com\/produit\/stitch-allonge-figurine-disney\/#primaryimage"},"thumbnailUrl":"https:\/\/toysmaniacornermonaco.com\/wp-content\/uploads\/2022\/03\/6002189_1.jpg","datePublished":"2022-03-24T11:37:25+00:00","dateModified":"2025-01-27T11:45:01+00:00","breadcrumb":{"@id":"https:\/\/toysmaniacornermonaco.com\/produit\/stitch-allonge-figurine-disney\/#breadcrumb"},"inLanguage":"en-US","potentialAction":[{"@type":"ReadAction","target":["https:\/\/toysmaniacornermonaco.com\/produit\/stitch-allonge-figurine-disney\/"]}]},{"@type":"ImageObject","inLanguage":"en-US","@id":"https:\/\/toysmaniacornermonaco.com\/produit\/stitch-allonge-figurine-disney\/#primaryimage","url":"https:\/\/toysmaniacornermonaco.com\/wp-content\/uploads\/2022\/03\/6002189_1.jpg","contentUrl":"https:\/\/toysmaniacornermonaco.com\/wp-content\/uploads\/2022\/03\/6002189_1.jpg","width":1226,"height":908},{"@type":"BreadcrumbList","@id":"https:\/\/toysmaniacornermonaco.com\/produit\/stitch-allonge-figurine-disney\/#breadcrumb","itemListElement":[{"@type":"ListItem","position":1,"name":"Accueil","item":"https:\/\/toysmaniacornermonaco.com\/en\/"},{"@type":"ListItem","position":2,"name":"Shop","item":"https:\/\/toysmaniacornermonaco.com\/en\/shop\/"},{"@type":"ListItem","position":3,"name":"STITCH ALLONGE FIGURINE DISNEY"}]},{"@type":"WebSite","@id":"https:\/\/toysmaniacornermonaco.com\/#website","url":"https:\/\/toysmaniacornermonaco.com\/","name":"TOY&#039;S MANIA","description":"VOTRE CONCEPT STORE \u00c0 MONACO","potentialAction":[{"@type":"SearchAction","target":{"@type":"EntryPoint","urlTemplate":"https:\/\/toysmaniacornermonaco.com\/?s={search_term_string}"},"query-input":"required name=search_term_string"}],"inLanguage":"en-US"}]}},"_links":{"self":[{"href":"https:\/\/toysmaniacornermonaco.com\/en\/wp-json\/wp\/v2\/product\/2943","targetHints":{"allow":["GET"]}}],"collection":[{"href":"https:\/\/toysmaniacornermonaco.com\/en\/wp-json\/wp\/v2\/product"}],"about":[{"href":"https:\/\/toysmaniacornermonaco.com\/en\/wp-json\/wp\/v2\/types\/product"}],"replies":[{"embeddable":true,"href":"https:\/\/toysmaniacornermonaco.com\/en\/wp-json\/wp\/v2\/comments?post=2943"}],"wp:featuredmedia":[{"embeddable":true,"href":"https:\/\/toysmaniacornermonaco.com\/en\/wp-json\/wp\/v2\/media\/3703"}],"wp:attachment":[{"href":"https:\/\/toysmaniacornermonaco.com\/en\/wp-json\/wp\/v2\/media?parent=2943"}],"wp:term":[{"taxonomy":"product_cat","embeddable":true,"href":"https:\/\/toysmaniacornermonaco.com\/en\/wp-json\/wp\/v2\/product_cat?post=2943"},{"taxonomy":"product_tag","embeddable":true,"href":"https:\/\/toysmaniacornermonaco.com\/en\/wp-json\/wp\/v2\/product_tag?post=2943"}],"curies":[{"name":"wp","href":"https:\/\/api.w.org\/{rel}","templated":true}]}}