{"id":2959,"date":"2022-03-24T12:37:11","date_gmt":"2022-03-24T11:37:11","guid":{"rendered":"https:\/\/toys-mania-dev.jupiter.cdigital.fr\/produit\/recharge-bouquet-parfumee-jasmin-de-grasse\/"},"modified":"2024-01-24T16:04:13","modified_gmt":"2024-01-24T15:04:13","slug":"recharge-bouquet-parfumee-jasmin-de-grasse","status":"publish","type":"product","link":"https:\/\/toysmaniacornermonaco.com\/en\/produit\/recharge-bouquet-parfumee-jasmin-de-grasse\/","title":{"rendered":"Recharge Bouquet Parfum\u00e9 Jasmin de Grasse"},"content":{"rendered":"<p>La recharge parfum\u00e9e Durance<br \/>\nCette recharge de parfum vous permettra de remplir les bouquets ou fleurs parfum\u00e9es Durance autant de fois que souhait\u00e9. Afin d\u0092obtenir une diffusion de parfum optimale, n\u0092h\u00e9sitez pas \u00e0 changer \u00e9galement les tiges de rotin car avec le temps elles peuvent parfois \u00eatre satur\u00e9es de parfum.<\/p>\n<p>Le parfum Jasmin de Grasse<br \/>\nLa richesse du Jasmin, fleur noble et pr\u00e9cieuse associ\u00e9e \u00e0 des notes vertes et l\u00e9g\u00e8rement \u00e9pic\u00e9es.<\/p>\n<p>Le nez raconte le parfum:<br \/>\nUne invitation \u00e0 Grasse, la d\u00e9couverte d\u0092un Jasmin pr\u00e9cieux et unique : \u00e9quilibr\u00e9 et d\u00e9licat <\/p>\n<p>Pi\u00e8ce : Salon<br \/>\nSaison: Printemps Et\u00e9<br \/>\nFamille : Les Floraux<br \/>\nAmbiance : El\u00e9gante \/ Rafra\u00eechissante \/ Relaxante<\/p>\n","protected":false},"excerpt":{"rendered":"La recharge parfum\u00e9e Durance Cette recharge de parfum vous permettra de remplir les bouquets ou fleurs parfum\u00e9es Durance autant de fois que souhait\u00e9. Afin d\u0092obtenir une diffusion de parfum optimale, n\u0092h\u00e9sitez pas \u00e0 changer \u00e9galement les tiges de rotin car avec le temps elles peuvent parfois \u00eatre satur\u00e9es de parfum. Le parfum Jasmin de Grasse&#8230; <a class=\"view-article\" href=\"https:\/\/toysmaniacornermonaco.com\/en\/produit\/recharge-bouquet-parfumee-jasmin-de-grasse\/\">View Article<\/a>","protected":false},"featured_media":1402,"comment_status":"open","ping_status":"closed","template":"","meta":{"_acf_changed":false},"product_cat":[387],"product_tag":[],"class_list":{"0":"post-2959","1":"product","2":"type-product","3":"status-publish","4":"has-post-thumbnail","6":"marque-durance-en","7":"idee_cadeau-women","8":"product_cat-perfumes-and-scents","9":"product_shipping_class-petitcolis-en","11":"first","12":"instock","13":"taxable","14":"shipping-taxable","15":"purchasable","16":"product-type-simple"},"acf":[],"yoast_head":"<!-- This site is optimized with the Yoast SEO plugin v22.3 - https:\/\/yoast.com\/wordpress\/plugins\/seo\/ -->\n<title>Recharge Bouquet Parfum\u00e9 Jasmin de Grasse - TOY&#039;S MANIA<\/title>\n<meta name=\"robots\" content=\"index, follow, max-snippet:-1, max-image-preview:large, max-video-preview:-1\" \/>\n<link rel=\"canonical\" href=\"https:\/\/toysmaniacornermonaco.com\/produit\/recharge-bouquet-parfumee-jasmin-de-grasse\/\" \/>\n<meta property=\"og:locale\" content=\"en_US\" \/>\n<meta property=\"og:type\" content=\"article\" \/>\n<meta property=\"og:title\" content=\"Recharge Bouquet Parfum\u00e9 Jasmin de Grasse - TOY&#039;S MANIA\" \/>\n<meta property=\"og:description\" content=\"La recharge parfum\u00e9e Durance Cette recharge de parfum vous permettra de remplir les bouquets ou fleurs parfum\u00e9es Durance autant de fois que souhait\u00e9. Afin d\u0092obtenir une diffusion de parfum optimale, n\u0092h\u00e9sitez pas \u00e0 changer \u00e9galement les tiges de rotin car avec le temps elles peuvent parfois \u00eatre satur\u00e9es de parfum. Le parfum Jasmin de Grasse... View Article\" \/>\n<meta property=\"og:url\" content=\"https:\/\/toysmaniacornermonaco.com\/produit\/recharge-bouquet-parfumee-jasmin-de-grasse\/\" \/>\n<meta property=\"og:site_name\" content=\"TOY&#039;S MANIA\" \/>\n<meta property=\"article:modified_time\" content=\"2024-01-24T15:04:13+00:00\" \/>\n<meta property=\"og:image\" content=\"https:\/\/toysmaniacornermonaco.com\/wp-content\/uploads\/2022\/03\/JASMINRE.jpg\" \/>\n\t<meta property=\"og:image:width\" content=\"600\" \/>\n\t<meta property=\"og:image:height\" content=\"600\" \/>\n\t<meta property=\"og:image:type\" content=\"image\/jpeg\" \/>\n<meta name=\"twitter:card\" content=\"summary_large_image\" \/>\n<meta name=\"twitter:label1\" content=\"Est. reading time\" \/>\n\t<meta name=\"twitter:data1\" content=\"1 minute\" \/>\n<script type=\"application\/ld+json\" class=\"yoast-schema-graph\">{\"@context\":\"https:\/\/schema.org\",\"@graph\":[{\"@type\":\"WebPage\",\"@id\":\"https:\/\/toysmaniacornermonaco.com\/produit\/recharge-bouquet-parfumee-jasmin-de-grasse\/\",\"url\":\"https:\/\/toysmaniacornermonaco.com\/produit\/recharge-bouquet-parfumee-jasmin-de-grasse\/\",\"name\":\"Recharge Bouquet Parfum\u00e9 Jasmin de Grasse - TOY&#039;S MANIA\",\"isPartOf\":{\"@id\":\"https:\/\/toysmaniacornermonaco.com\/#website\"},\"primaryImageOfPage\":{\"@id\":\"https:\/\/toysmaniacornermonaco.com\/produit\/recharge-bouquet-parfumee-jasmin-de-grasse\/#primaryimage\"},\"image\":{\"@id\":\"https:\/\/toysmaniacornermonaco.com\/produit\/recharge-bouquet-parfumee-jasmin-de-grasse\/#primaryimage\"},\"thumbnailUrl\":\"https:\/\/toysmaniacornermonaco.com\/wp-content\/uploads\/2022\/03\/JASMINRE.jpg\",\"datePublished\":\"2022-03-24T11:37:11+00:00\",\"dateModified\":\"2024-01-24T15:04:13+00:00\",\"breadcrumb\":{\"@id\":\"https:\/\/toysmaniacornermonaco.com\/produit\/recharge-bouquet-parfumee-jasmin-de-grasse\/#breadcrumb\"},\"inLanguage\":\"en-US\",\"potentialAction\":[{\"@type\":\"ReadAction\",\"target\":[\"https:\/\/toysmaniacornermonaco.com\/produit\/recharge-bouquet-parfumee-jasmin-de-grasse\/\"]}]},{\"@type\":\"ImageObject\",\"inLanguage\":\"en-US\",\"@id\":\"https:\/\/toysmaniacornermonaco.com\/produit\/recharge-bouquet-parfumee-jasmin-de-grasse\/#primaryimage\",\"url\":\"https:\/\/toysmaniacornermonaco.com\/wp-content\/uploads\/2022\/03\/JASMINRE.jpg\",\"contentUrl\":\"https:\/\/toysmaniacornermonaco.com\/wp-content\/uploads\/2022\/03\/JASMINRE.jpg\",\"width\":600,\"height\":600},{\"@type\":\"BreadcrumbList\",\"@id\":\"https:\/\/toysmaniacornermonaco.com\/produit\/recharge-bouquet-parfumee-jasmin-de-grasse\/#breadcrumb\",\"itemListElement\":[{\"@type\":\"ListItem\",\"position\":1,\"name\":\"Accueil\",\"item\":\"https:\/\/toysmaniacornermonaco.com\/en\/\"},{\"@type\":\"ListItem\",\"position\":2,\"name\":\"Shop\",\"item\":\"https:\/\/toysmaniacornermonaco.com\/en\/shop\/\"},{\"@type\":\"ListItem\",\"position\":3,\"name\":\"Recharge Bouquet Parfum\u00e9 Jasmin de Grasse\"}]},{\"@type\":\"WebSite\",\"@id\":\"https:\/\/toysmaniacornermonaco.com\/#website\",\"url\":\"https:\/\/toysmaniacornermonaco.com\/\",\"name\":\"TOY&#039;S MANIA\",\"description\":\"VOTRE CONCEPT STORE \u00c0 MONACO\",\"potentialAction\":[{\"@type\":\"SearchAction\",\"target\":{\"@type\":\"EntryPoint\",\"urlTemplate\":\"https:\/\/toysmaniacornermonaco.com\/?s={search_term_string}\"},\"query-input\":\"required name=search_term_string\"}],\"inLanguage\":\"en-US\"}]}<\/script>\n<!-- \/ Yoast SEO plugin. -->","yoast_head_json":{"title":"Recharge Bouquet Parfum\u00e9 Jasmin de Grasse - TOY&#039;S MANIA","robots":{"index":"index","follow":"follow","max-snippet":"max-snippet:-1","max-image-preview":"max-image-preview:large","max-video-preview":"max-video-preview:-1"},"canonical":"https:\/\/toysmaniacornermonaco.com\/produit\/recharge-bouquet-parfumee-jasmin-de-grasse\/","og_locale":"en_US","og_type":"article","og_title":"Recharge Bouquet Parfum\u00e9 Jasmin de Grasse - TOY&#039;S MANIA","og_description":"La recharge parfum\u00e9e Durance Cette recharge de parfum vous permettra de remplir les bouquets ou fleurs parfum\u00e9es Durance autant de fois que souhait\u00e9. Afin d\u0092obtenir une diffusion de parfum optimale, n\u0092h\u00e9sitez pas \u00e0 changer \u00e9galement les tiges de rotin car avec le temps elles peuvent parfois \u00eatre satur\u00e9es de parfum. Le parfum Jasmin de Grasse... View Article","og_url":"https:\/\/toysmaniacornermonaco.com\/produit\/recharge-bouquet-parfumee-jasmin-de-grasse\/","og_site_name":"TOY&#039;S MANIA","article_modified_time":"2024-01-24T15:04:13+00:00","og_image":[{"width":600,"height":600,"url":"https:\/\/toysmaniacornermonaco.com\/wp-content\/uploads\/2022\/03\/JASMINRE.jpg","type":"image\/jpeg"}],"twitter_card":"summary_large_image","twitter_misc":{"Est. reading time":"1 minute"},"schema":{"@context":"https:\/\/schema.org","@graph":[{"@type":"WebPage","@id":"https:\/\/toysmaniacornermonaco.com\/produit\/recharge-bouquet-parfumee-jasmin-de-grasse\/","url":"https:\/\/toysmaniacornermonaco.com\/produit\/recharge-bouquet-parfumee-jasmin-de-grasse\/","name":"Recharge Bouquet Parfum\u00e9 Jasmin de Grasse - TOY&#039;S MANIA","isPartOf":{"@id":"https:\/\/toysmaniacornermonaco.com\/#website"},"primaryImageOfPage":{"@id":"https:\/\/toysmaniacornermonaco.com\/produit\/recharge-bouquet-parfumee-jasmin-de-grasse\/#primaryimage"},"image":{"@id":"https:\/\/toysmaniacornermonaco.com\/produit\/recharge-bouquet-parfumee-jasmin-de-grasse\/#primaryimage"},"thumbnailUrl":"https:\/\/toysmaniacornermonaco.com\/wp-content\/uploads\/2022\/03\/JASMINRE.jpg","datePublished":"2022-03-24T11:37:11+00:00","dateModified":"2024-01-24T15:04:13+00:00","breadcrumb":{"@id":"https:\/\/toysmaniacornermonaco.com\/produit\/recharge-bouquet-parfumee-jasmin-de-grasse\/#breadcrumb"},"inLanguage":"en-US","potentialAction":[{"@type":"ReadAction","target":["https:\/\/toysmaniacornermonaco.com\/produit\/recharge-bouquet-parfumee-jasmin-de-grasse\/"]}]},{"@type":"ImageObject","inLanguage":"en-US","@id":"https:\/\/toysmaniacornermonaco.com\/produit\/recharge-bouquet-parfumee-jasmin-de-grasse\/#primaryimage","url":"https:\/\/toysmaniacornermonaco.com\/wp-content\/uploads\/2022\/03\/JASMINRE.jpg","contentUrl":"https:\/\/toysmaniacornermonaco.com\/wp-content\/uploads\/2022\/03\/JASMINRE.jpg","width":600,"height":600},{"@type":"BreadcrumbList","@id":"https:\/\/toysmaniacornermonaco.com\/produit\/recharge-bouquet-parfumee-jasmin-de-grasse\/#breadcrumb","itemListElement":[{"@type":"ListItem","position":1,"name":"Accueil","item":"https:\/\/toysmaniacornermonaco.com\/en\/"},{"@type":"ListItem","position":2,"name":"Shop","item":"https:\/\/toysmaniacornermonaco.com\/en\/shop\/"},{"@type":"ListItem","position":3,"name":"Recharge Bouquet Parfum\u00e9 Jasmin de Grasse"}]},{"@type":"WebSite","@id":"https:\/\/toysmaniacornermonaco.com\/#website","url":"https:\/\/toysmaniacornermonaco.com\/","name":"TOY&#039;S MANIA","description":"VOTRE CONCEPT STORE \u00c0 MONACO","potentialAction":[{"@type":"SearchAction","target":{"@type":"EntryPoint","urlTemplate":"https:\/\/toysmaniacornermonaco.com\/?s={search_term_string}"},"query-input":"required name=search_term_string"}],"inLanguage":"en-US"}]}},"_links":{"self":[{"href":"https:\/\/toysmaniacornermonaco.com\/en\/wp-json\/wp\/v2\/product\/2959","targetHints":{"allow":["GET"]}}],"collection":[{"href":"https:\/\/toysmaniacornermonaco.com\/en\/wp-json\/wp\/v2\/product"}],"about":[{"href":"https:\/\/toysmaniacornermonaco.com\/en\/wp-json\/wp\/v2\/types\/product"}],"replies":[{"embeddable":true,"href":"https:\/\/toysmaniacornermonaco.com\/en\/wp-json\/wp\/v2\/comments?post=2959"}],"wp:featuredmedia":[{"embeddable":true,"href":"https:\/\/toysmaniacornermonaco.com\/en\/wp-json\/wp\/v2\/media\/1402"}],"wp:attachment":[{"href":"https:\/\/toysmaniacornermonaco.com\/en\/wp-json\/wp\/v2\/media?parent=2959"}],"wp:term":[{"taxonomy":"product_cat","embeddable":true,"href":"https:\/\/toysmaniacornermonaco.com\/en\/wp-json\/wp\/v2\/product_cat?post=2959"},{"taxonomy":"product_tag","embeddable":true,"href":"https:\/\/toysmaniacornermonaco.com\/en\/wp-json\/wp\/v2\/product_tag?post=2959"}],"curies":[{"name":"wp","href":"https:\/\/api.w.org\/{rel}","templated":true}]}}