{"id":2961,"date":"2022-03-24T12:37:11","date_gmt":"2022-03-24T11:37:11","guid":{"rendered":"https:\/\/toys-mania-dev.jupiter.cdigital.fr\/produit\/flacon-rose-fonce\/"},"modified":"2022-12-09T12:37:17","modified_gmt":"2022-12-09T11:37:17","slug":"flacon-rose-fonce","status":"publish","type":"product","link":"https:\/\/toysmaniacornermonaco.com\/en\/produit\/flacon-rose-fonce\/","title":{"rendered":"Flacon Rose Fonc\u00e9"},"content":{"rendered":"<p>Un flacon au verre mat Rose Fonc\u00e9. Ce flacon vous permettra de disposer une fleur parfum\u00e9e ou des tiges de rotin pour en faire un v\u00e9ritable diffuseur de parfum. Gr\u00e2ce \u00e0 son verre transparent, ce flacon sera en harmonie avec votre int\u00e9rieur quelque soit votre d\u00e9cor.<\/p>\n","protected":false},"excerpt":{"rendered":"Un flacon au verre mat Rose Fonc\u00e9. Ce flacon vous permettra de disposer une fleur parfum\u00e9e ou des tiges de rotin pour en faire un v\u00e9ritable diffuseur de parfum. Gr\u00e2ce \u00e0 son verre transparent, ce flacon sera en harmonie avec votre int\u00e9rieur quelque soit votre d\u00e9cor.","protected":false},"featured_media":3822,"comment_status":"open","ping_status":"closed","template":"","meta":{"_acf_changed":false},"product_cat":[387],"product_tag":[],"class_list":{"0":"post-2961","1":"product","2":"type-product","3":"status-publish","4":"has-post-thumbnail","6":"marque-durance-en","7":"idee_cadeau-women","8":"product_cat-perfumes-and-scents","9":"product_shipping_class-petitcolis-en","11":"first","12":"outofstock","13":"taxable","14":"shipping-taxable","15":"purchasable","16":"product-type-simple"},"acf":[],"yoast_head":"<!-- This site is optimized with the Yoast SEO plugin v22.3 - https:\/\/yoast.com\/wordpress\/plugins\/seo\/ -->\n<title>Flacon Rose Fonc\u00e9 - TOY&#039;S MANIA<\/title>\n<meta name=\"robots\" content=\"index, follow, max-snippet:-1, max-image-preview:large, max-video-preview:-1\" \/>\n<link rel=\"canonical\" href=\"https:\/\/toysmaniacornermonaco.com\/produit\/flacon-rose-fonce\/\" \/>\n<meta property=\"og:locale\" content=\"en_US\" \/>\n<meta property=\"og:type\" content=\"article\" \/>\n<meta property=\"og:title\" content=\"Flacon Rose Fonc\u00e9 - TOY&#039;S MANIA\" \/>\n<meta property=\"og:description\" content=\"Un flacon au verre mat Rose Fonc\u00e9. Ce flacon vous permettra de disposer une fleur parfum\u00e9e ou des tiges de rotin pour en faire un v\u00e9ritable diffuseur de parfum. Gr\u00e2ce \u00e0 son verre transparent, ce flacon sera en harmonie avec votre int\u00e9rieur quelque soit votre d\u00e9cor.\" \/>\n<meta property=\"og:url\" content=\"https:\/\/toysmaniacornermonaco.com\/produit\/flacon-rose-fonce\/\" \/>\n<meta property=\"og:site_name\" content=\"TOY&#039;S MANIA\" \/>\n<meta property=\"article:modified_time\" content=\"2022-12-09T11:37:17+00:00\" \/>\n<meta property=\"og:image\" content=\"https:\/\/toysmaniacornermonaco.com\/wp-content\/uploads\/2022\/03\/FLACONR.png\" \/>\n\t<meta property=\"og:image:width\" content=\"1800\" \/>\n\t<meta property=\"og:image:height\" content=\"2400\" \/>\n\t<meta property=\"og:image:type\" content=\"image\/png\" \/>\n<meta name=\"twitter:card\" content=\"summary_large_image\" \/>\n<meta name=\"twitter:label1\" content=\"Est. reading time\" \/>\n\t<meta name=\"twitter:data1\" content=\"1 minute\" \/>\n<script type=\"application\/ld+json\" class=\"yoast-schema-graph\">{\"@context\":\"https:\/\/schema.org\",\"@graph\":[{\"@type\":\"WebPage\",\"@id\":\"https:\/\/toysmaniacornermonaco.com\/produit\/flacon-rose-fonce\/\",\"url\":\"https:\/\/toysmaniacornermonaco.com\/produit\/flacon-rose-fonce\/\",\"name\":\"Flacon Rose Fonc\u00e9 - TOY&#039;S MANIA\",\"isPartOf\":{\"@id\":\"https:\/\/toysmaniacornermonaco.com\/#website\"},\"primaryImageOfPage\":{\"@id\":\"https:\/\/toysmaniacornermonaco.com\/produit\/flacon-rose-fonce\/#primaryimage\"},\"image\":{\"@id\":\"https:\/\/toysmaniacornermonaco.com\/produit\/flacon-rose-fonce\/#primaryimage\"},\"thumbnailUrl\":\"https:\/\/toysmaniacornermonaco.com\/wp-content\/uploads\/2022\/03\/FLACONR.png\",\"datePublished\":\"2022-03-24T11:37:11+00:00\",\"dateModified\":\"2022-12-09T11:37:17+00:00\",\"breadcrumb\":{\"@id\":\"https:\/\/toysmaniacornermonaco.com\/produit\/flacon-rose-fonce\/#breadcrumb\"},\"inLanguage\":\"en-US\",\"potentialAction\":[{\"@type\":\"ReadAction\",\"target\":[\"https:\/\/toysmaniacornermonaco.com\/produit\/flacon-rose-fonce\/\"]}]},{\"@type\":\"ImageObject\",\"inLanguage\":\"en-US\",\"@id\":\"https:\/\/toysmaniacornermonaco.com\/produit\/flacon-rose-fonce\/#primaryimage\",\"url\":\"https:\/\/toysmaniacornermonaco.com\/wp-content\/uploads\/2022\/03\/FLACONR.png\",\"contentUrl\":\"https:\/\/toysmaniacornermonaco.com\/wp-content\/uploads\/2022\/03\/FLACONR.png\",\"width\":1800,\"height\":2400},{\"@type\":\"BreadcrumbList\",\"@id\":\"https:\/\/toysmaniacornermonaco.com\/produit\/flacon-rose-fonce\/#breadcrumb\",\"itemListElement\":[{\"@type\":\"ListItem\",\"position\":1,\"name\":\"Accueil\",\"item\":\"https:\/\/toysmaniacornermonaco.com\/en\/\"},{\"@type\":\"ListItem\",\"position\":2,\"name\":\"Shop\",\"item\":\"https:\/\/toysmaniacornermonaco.com\/en\/shop\/\"},{\"@type\":\"ListItem\",\"position\":3,\"name\":\"Flacon Rose Fonc\u00e9\"}]},{\"@type\":\"WebSite\",\"@id\":\"https:\/\/toysmaniacornermonaco.com\/#website\",\"url\":\"https:\/\/toysmaniacornermonaco.com\/\",\"name\":\"TOY&#039;S MANIA\",\"description\":\"VOTRE CONCEPT STORE \u00c0 MONACO\",\"potentialAction\":[{\"@type\":\"SearchAction\",\"target\":{\"@type\":\"EntryPoint\",\"urlTemplate\":\"https:\/\/toysmaniacornermonaco.com\/?s={search_term_string}\"},\"query-input\":\"required name=search_term_string\"}],\"inLanguage\":\"en-US\"}]}<\/script>\n<!-- \/ Yoast SEO plugin. -->","yoast_head_json":{"title":"Flacon Rose Fonc\u00e9 - TOY&#039;S MANIA","robots":{"index":"index","follow":"follow","max-snippet":"max-snippet:-1","max-image-preview":"max-image-preview:large","max-video-preview":"max-video-preview:-1"},"canonical":"https:\/\/toysmaniacornermonaco.com\/produit\/flacon-rose-fonce\/","og_locale":"en_US","og_type":"article","og_title":"Flacon Rose Fonc\u00e9 - TOY&#039;S MANIA","og_description":"Un flacon au verre mat Rose Fonc\u00e9. Ce flacon vous permettra de disposer une fleur parfum\u00e9e ou des tiges de rotin pour en faire un v\u00e9ritable diffuseur de parfum. Gr\u00e2ce \u00e0 son verre transparent, ce flacon sera en harmonie avec votre int\u00e9rieur quelque soit votre d\u00e9cor.","og_url":"https:\/\/toysmaniacornermonaco.com\/produit\/flacon-rose-fonce\/","og_site_name":"TOY&#039;S MANIA","article_modified_time":"2022-12-09T11:37:17+00:00","og_image":[{"width":1800,"height":2400,"url":"https:\/\/toysmaniacornermonaco.com\/wp-content\/uploads\/2022\/03\/FLACONR.png","type":"image\/png"}],"twitter_card":"summary_large_image","twitter_misc":{"Est. reading time":"1 minute"},"schema":{"@context":"https:\/\/schema.org","@graph":[{"@type":"WebPage","@id":"https:\/\/toysmaniacornermonaco.com\/produit\/flacon-rose-fonce\/","url":"https:\/\/toysmaniacornermonaco.com\/produit\/flacon-rose-fonce\/","name":"Flacon Rose Fonc\u00e9 - TOY&#039;S MANIA","isPartOf":{"@id":"https:\/\/toysmaniacornermonaco.com\/#website"},"primaryImageOfPage":{"@id":"https:\/\/toysmaniacornermonaco.com\/produit\/flacon-rose-fonce\/#primaryimage"},"image":{"@id":"https:\/\/toysmaniacornermonaco.com\/produit\/flacon-rose-fonce\/#primaryimage"},"thumbnailUrl":"https:\/\/toysmaniacornermonaco.com\/wp-content\/uploads\/2022\/03\/FLACONR.png","datePublished":"2022-03-24T11:37:11+00:00","dateModified":"2022-12-09T11:37:17+00:00","breadcrumb":{"@id":"https:\/\/toysmaniacornermonaco.com\/produit\/flacon-rose-fonce\/#breadcrumb"},"inLanguage":"en-US","potentialAction":[{"@type":"ReadAction","target":["https:\/\/toysmaniacornermonaco.com\/produit\/flacon-rose-fonce\/"]}]},{"@type":"ImageObject","inLanguage":"en-US","@id":"https:\/\/toysmaniacornermonaco.com\/produit\/flacon-rose-fonce\/#primaryimage","url":"https:\/\/toysmaniacornermonaco.com\/wp-content\/uploads\/2022\/03\/FLACONR.png","contentUrl":"https:\/\/toysmaniacornermonaco.com\/wp-content\/uploads\/2022\/03\/FLACONR.png","width":1800,"height":2400},{"@type":"BreadcrumbList","@id":"https:\/\/toysmaniacornermonaco.com\/produit\/flacon-rose-fonce\/#breadcrumb","itemListElement":[{"@type":"ListItem","position":1,"name":"Accueil","item":"https:\/\/toysmaniacornermonaco.com\/en\/"},{"@type":"ListItem","position":2,"name":"Shop","item":"https:\/\/toysmaniacornermonaco.com\/en\/shop\/"},{"@type":"ListItem","position":3,"name":"Flacon Rose Fonc\u00e9"}]},{"@type":"WebSite","@id":"https:\/\/toysmaniacornermonaco.com\/#website","url":"https:\/\/toysmaniacornermonaco.com\/","name":"TOY&#039;S MANIA","description":"VOTRE CONCEPT STORE \u00c0 MONACO","potentialAction":[{"@type":"SearchAction","target":{"@type":"EntryPoint","urlTemplate":"https:\/\/toysmaniacornermonaco.com\/?s={search_term_string}"},"query-input":"required name=search_term_string"}],"inLanguage":"en-US"}]}},"_links":{"self":[{"href":"https:\/\/toysmaniacornermonaco.com\/en\/wp-json\/wp\/v2\/product\/2961","targetHints":{"allow":["GET"]}}],"collection":[{"href":"https:\/\/toysmaniacornermonaco.com\/en\/wp-json\/wp\/v2\/product"}],"about":[{"href":"https:\/\/toysmaniacornermonaco.com\/en\/wp-json\/wp\/v2\/types\/product"}],"replies":[{"embeddable":true,"href":"https:\/\/toysmaniacornermonaco.com\/en\/wp-json\/wp\/v2\/comments?post=2961"}],"wp:featuredmedia":[{"embeddable":true,"href":"https:\/\/toysmaniacornermonaco.com\/en\/wp-json\/wp\/v2\/media\/3822"}],"wp:attachment":[{"href":"https:\/\/toysmaniacornermonaco.com\/en\/wp-json\/wp\/v2\/media?parent=2961"}],"wp:term":[{"taxonomy":"product_cat","embeddable":true,"href":"https:\/\/toysmaniacornermonaco.com\/en\/wp-json\/wp\/v2\/product_cat?post=2961"},{"taxonomy":"product_tag","embeddable":true,"href":"https:\/\/toysmaniacornermonaco.com\/en\/wp-json\/wp\/v2\/product_tag?post=2961"}],"curies":[{"name":"wp","href":"https:\/\/api.w.org\/{rel}","templated":true}]}}