{"id":2977,"date":"2022-03-24T12:37:00","date_gmt":"2022-03-24T11:37:00","guid":{"rendered":"https:\/\/toys-mania-dev.jupiter.cdigital.fr\/produit\/parfum-dambiance-au-pied-du-sapin\/"},"modified":"2022-10-13T14:32:43","modified_gmt":"2022-10-13T12:32:43","slug":"parfum-dambiance-au-pied-du-sapin","status":"publish","type":"product","link":"https:\/\/toysmaniacornermonaco.com\/en\/produit\/parfum-dambiance-au-pied-du-sapin\/","title":{"rendered":"Parfum d&#8217;Ambiance au pied du Sapin"},"content":{"rendered":"<p>Un parfum de sapin, d&#8217;aiguilles et de r\u00e9sine de pin&#8230;.craquez pour notre parfum d&#8217;ambiance au parfum bois\u00e9 dans une note tr\u00e8s repr\u00e9sentative et magique.<\/p>\n<p>Fabriqu\u00e9 en France, dans notre atelier de Grignan en Dr\u00f4me Proven\u00e7ale et con\u00e7u par nos ma\u00eetres parfumeurs de Grasse, le parfum d&#8217;ambiance au pied du sapin rappelle le bonheur des moments partag\u00e9s au pied du sapin de No\u00ebl.<\/p>\n","protected":false},"excerpt":{"rendered":"Un parfum de sapin, d&#8217;aiguilles et de r\u00e9sine de pin&#8230;.craquez pour notre parfum d&#8217;ambiance au parfum bois\u00e9 dans une note tr\u00e8s repr\u00e9sentative et magique. Fabriqu\u00e9 en France, dans notre atelier de Grignan en Dr\u00f4me Proven\u00e7ale et con\u00e7u par nos ma\u00eetres parfumeurs de Grasse, le parfum d&#8217;ambiance au pied du sapin rappelle le bonheur des moments&#8230; <a class=\"view-article\" href=\"https:\/\/toysmaniacornermonaco.com\/en\/produit\/parfum-dambiance-au-pied-du-sapin\/\">View Article<\/a>","protected":false},"featured_media":1368,"comment_status":"open","ping_status":"open","template":"","meta":{"_acf_changed":false},"product_cat":[381],"product_tag":[],"class_list":{"0":"post-2977","1":"product","2":"type-product","3":"status-publish","4":"has-post-thumbnail","6":"marque-durance-en","7":"idee_cadeau-women","8":"product_cat-decoration-en","9":"product_shipping_class-petitcolis-en","11":"first","12":"instock","13":"taxable","14":"shipping-taxable","15":"purchasable","16":"product-type-simple"},"acf":[],"yoast_head":"<!-- This site is optimized with the Yoast SEO plugin v22.3 - https:\/\/yoast.com\/wordpress\/plugins\/seo\/ -->\n<title>Parfum d&#039;Ambiance au pied du Sapin - TOY&#039;S MANIA<\/title>\n<meta name=\"robots\" content=\"index, follow, max-snippet:-1, max-image-preview:large, max-video-preview:-1\" \/>\n<link rel=\"canonical\" href=\"https:\/\/toysmaniacornermonaco.com\/en\/produit\/parfum-dambiance-au-pied-du-sapin\/\" \/>\n<meta property=\"og:locale\" content=\"en_US\" \/>\n<meta property=\"og:type\" content=\"article\" \/>\n<meta property=\"og:title\" content=\"Parfum d&#039;Ambiance au pied du Sapin - TOY&#039;S MANIA\" \/>\n<meta property=\"og:description\" content=\"Un parfum de sapin, d&#8217;aiguilles et de r\u00e9sine de pin&#8230;.craquez pour notre parfum d&#8217;ambiance au parfum bois\u00e9 dans une note tr\u00e8s repr\u00e9sentative et magique. Fabriqu\u00e9 en France, dans notre atelier de Grignan en Dr\u00f4me Proven\u00e7ale et con\u00e7u par nos ma\u00eetres parfumeurs de Grasse, le parfum d&#8217;ambiance au pied du sapin rappelle le bonheur des moments... View Article\" \/>\n<meta property=\"og:url\" content=\"https:\/\/toysmaniacornermonaco.com\/en\/produit\/parfum-dambiance-au-pied-du-sapin\/\" \/>\n<meta property=\"og:site_name\" content=\"TOY&#039;S MANIA\" \/>\n<meta property=\"article:modified_time\" content=\"2022-10-13T12:32:43+00:00\" \/>\n<meta property=\"og:image\" content=\"https:\/\/toysmaniacornermonaco.com\/wp-content\/uploads\/2022\/03\/SAPIN.jpg\" \/>\n\t<meta property=\"og:image:width\" content=\"444\" \/>\n\t<meta property=\"og:image:height\" content=\"1100\" \/>\n\t<meta property=\"og:image:type\" content=\"image\/jpeg\" \/>\n<meta name=\"twitter:card\" content=\"summary_large_image\" \/>\n<script type=\"application\/ld+json\" class=\"yoast-schema-graph\">{\"@context\":\"https:\/\/schema.org\",\"@graph\":[{\"@type\":\"WebPage\",\"@id\":\"https:\/\/toysmaniacornermonaco.com\/en\/produit\/parfum-dambiance-au-pied-du-sapin\/\",\"url\":\"https:\/\/toysmaniacornermonaco.com\/en\/produit\/parfum-dambiance-au-pied-du-sapin\/\",\"name\":\"Parfum d'Ambiance au pied du Sapin - TOY&#039;S MANIA\",\"isPartOf\":{\"@id\":\"https:\/\/toysmaniacornermonaco.com\/#website\"},\"primaryImageOfPage\":{\"@id\":\"https:\/\/toysmaniacornermonaco.com\/en\/produit\/parfum-dambiance-au-pied-du-sapin\/#primaryimage\"},\"image\":{\"@id\":\"https:\/\/toysmaniacornermonaco.com\/en\/produit\/parfum-dambiance-au-pied-du-sapin\/#primaryimage\"},\"thumbnailUrl\":\"https:\/\/toysmaniacornermonaco.com\/wp-content\/uploads\/2022\/03\/SAPIN.jpg\",\"datePublished\":\"2022-03-24T11:37:00+00:00\",\"dateModified\":\"2022-10-13T12:32:43+00:00\",\"breadcrumb\":{\"@id\":\"https:\/\/toysmaniacornermonaco.com\/en\/produit\/parfum-dambiance-au-pied-du-sapin\/#breadcrumb\"},\"inLanguage\":\"en-US\",\"potentialAction\":[{\"@type\":\"ReadAction\",\"target\":[\"https:\/\/toysmaniacornermonaco.com\/en\/produit\/parfum-dambiance-au-pied-du-sapin\/\"]}]},{\"@type\":\"ImageObject\",\"inLanguage\":\"en-US\",\"@id\":\"https:\/\/toysmaniacornermonaco.com\/en\/produit\/parfum-dambiance-au-pied-du-sapin\/#primaryimage\",\"url\":\"https:\/\/toysmaniacornermonaco.com\/wp-content\/uploads\/2022\/03\/SAPIN.jpg\",\"contentUrl\":\"https:\/\/toysmaniacornermonaco.com\/wp-content\/uploads\/2022\/03\/SAPIN.jpg\",\"width\":444,\"height\":1100},{\"@type\":\"BreadcrumbList\",\"@id\":\"https:\/\/toysmaniacornermonaco.com\/en\/produit\/parfum-dambiance-au-pied-du-sapin\/#breadcrumb\",\"itemListElement\":[{\"@type\":\"ListItem\",\"position\":1,\"name\":\"Accueil\",\"item\":\"https:\/\/toysmaniacornermonaco.com\/en\/\"},{\"@type\":\"ListItem\",\"position\":2,\"name\":\"Shop\",\"item\":\"https:\/\/toysmaniacornermonaco.com\/en\/shop\/\"},{\"@type\":\"ListItem\",\"position\":3,\"name\":\"Parfum d&#8217;Ambiance au pied du Sapin\"}]},{\"@type\":\"WebSite\",\"@id\":\"https:\/\/toysmaniacornermonaco.com\/#website\",\"url\":\"https:\/\/toysmaniacornermonaco.com\/\",\"name\":\"TOY&#039;S MANIA\",\"description\":\"VOTRE CONCEPT STORE \u00c0 MONACO\",\"potentialAction\":[{\"@type\":\"SearchAction\",\"target\":{\"@type\":\"EntryPoint\",\"urlTemplate\":\"https:\/\/toysmaniacornermonaco.com\/?s={search_term_string}\"},\"query-input\":\"required name=search_term_string\"}],\"inLanguage\":\"en-US\"}]}<\/script>\n<!-- \/ Yoast SEO plugin. -->","yoast_head_json":{"title":"Parfum d'Ambiance au pied du Sapin - TOY&#039;S MANIA","robots":{"index":"index","follow":"follow","max-snippet":"max-snippet:-1","max-image-preview":"max-image-preview:large","max-video-preview":"max-video-preview:-1"},"canonical":"https:\/\/toysmaniacornermonaco.com\/en\/produit\/parfum-dambiance-au-pied-du-sapin\/","og_locale":"en_US","og_type":"article","og_title":"Parfum d'Ambiance au pied du Sapin - TOY&#039;S MANIA","og_description":"Un parfum de sapin, d&#8217;aiguilles et de r\u00e9sine de pin&#8230;.craquez pour notre parfum d&#8217;ambiance au parfum bois\u00e9 dans une note tr\u00e8s repr\u00e9sentative et magique. Fabriqu\u00e9 en France, dans notre atelier de Grignan en Dr\u00f4me Proven\u00e7ale et con\u00e7u par nos ma\u00eetres parfumeurs de Grasse, le parfum d&#8217;ambiance au pied du sapin rappelle le bonheur des moments... View Article","og_url":"https:\/\/toysmaniacornermonaco.com\/en\/produit\/parfum-dambiance-au-pied-du-sapin\/","og_site_name":"TOY&#039;S MANIA","article_modified_time":"2022-10-13T12:32:43+00:00","og_image":[{"width":444,"height":1100,"url":"https:\/\/toysmaniacornermonaco.com\/wp-content\/uploads\/2022\/03\/SAPIN.jpg","type":"image\/jpeg"}],"twitter_card":"summary_large_image","schema":{"@context":"https:\/\/schema.org","@graph":[{"@type":"WebPage","@id":"https:\/\/toysmaniacornermonaco.com\/en\/produit\/parfum-dambiance-au-pied-du-sapin\/","url":"https:\/\/toysmaniacornermonaco.com\/en\/produit\/parfum-dambiance-au-pied-du-sapin\/","name":"Parfum d'Ambiance au pied du Sapin - TOY&#039;S MANIA","isPartOf":{"@id":"https:\/\/toysmaniacornermonaco.com\/#website"},"primaryImageOfPage":{"@id":"https:\/\/toysmaniacornermonaco.com\/en\/produit\/parfum-dambiance-au-pied-du-sapin\/#primaryimage"},"image":{"@id":"https:\/\/toysmaniacornermonaco.com\/en\/produit\/parfum-dambiance-au-pied-du-sapin\/#primaryimage"},"thumbnailUrl":"https:\/\/toysmaniacornermonaco.com\/wp-content\/uploads\/2022\/03\/SAPIN.jpg","datePublished":"2022-03-24T11:37:00+00:00","dateModified":"2022-10-13T12:32:43+00:00","breadcrumb":{"@id":"https:\/\/toysmaniacornermonaco.com\/en\/produit\/parfum-dambiance-au-pied-du-sapin\/#breadcrumb"},"inLanguage":"en-US","potentialAction":[{"@type":"ReadAction","target":["https:\/\/toysmaniacornermonaco.com\/en\/produit\/parfum-dambiance-au-pied-du-sapin\/"]}]},{"@type":"ImageObject","inLanguage":"en-US","@id":"https:\/\/toysmaniacornermonaco.com\/en\/produit\/parfum-dambiance-au-pied-du-sapin\/#primaryimage","url":"https:\/\/toysmaniacornermonaco.com\/wp-content\/uploads\/2022\/03\/SAPIN.jpg","contentUrl":"https:\/\/toysmaniacornermonaco.com\/wp-content\/uploads\/2022\/03\/SAPIN.jpg","width":444,"height":1100},{"@type":"BreadcrumbList","@id":"https:\/\/toysmaniacornermonaco.com\/en\/produit\/parfum-dambiance-au-pied-du-sapin\/#breadcrumb","itemListElement":[{"@type":"ListItem","position":1,"name":"Accueil","item":"https:\/\/toysmaniacornermonaco.com\/en\/"},{"@type":"ListItem","position":2,"name":"Shop","item":"https:\/\/toysmaniacornermonaco.com\/en\/shop\/"},{"@type":"ListItem","position":3,"name":"Parfum d&#8217;Ambiance au pied du Sapin"}]},{"@type":"WebSite","@id":"https:\/\/toysmaniacornermonaco.com\/#website","url":"https:\/\/toysmaniacornermonaco.com\/","name":"TOY&#039;S MANIA","description":"VOTRE CONCEPT STORE \u00c0 MONACO","potentialAction":[{"@type":"SearchAction","target":{"@type":"EntryPoint","urlTemplate":"https:\/\/toysmaniacornermonaco.com\/?s={search_term_string}"},"query-input":"required name=search_term_string"}],"inLanguage":"en-US"}]}},"_links":{"self":[{"href":"https:\/\/toysmaniacornermonaco.com\/en\/wp-json\/wp\/v2\/product\/2977","targetHints":{"allow":["GET"]}}],"collection":[{"href":"https:\/\/toysmaniacornermonaco.com\/en\/wp-json\/wp\/v2\/product"}],"about":[{"href":"https:\/\/toysmaniacornermonaco.com\/en\/wp-json\/wp\/v2\/types\/product"}],"replies":[{"embeddable":true,"href":"https:\/\/toysmaniacornermonaco.com\/en\/wp-json\/wp\/v2\/comments?post=2977"}],"wp:featuredmedia":[{"embeddable":true,"href":"https:\/\/toysmaniacornermonaco.com\/en\/wp-json\/wp\/v2\/media\/1368"}],"wp:attachment":[{"href":"https:\/\/toysmaniacornermonaco.com\/en\/wp-json\/wp\/v2\/media?parent=2977"}],"wp:term":[{"taxonomy":"product_cat","embeddable":true,"href":"https:\/\/toysmaniacornermonaco.com\/en\/wp-json\/wp\/v2\/product_cat?post=2977"},{"taxonomy":"product_tag","embeddable":true,"href":"https:\/\/toysmaniacornermonaco.com\/en\/wp-json\/wp\/v2\/product_tag?post=2977"}],"curies":[{"name":"wp","href":"https:\/\/api.w.org\/{rel}","templated":true}]}}