{"id":2981,"date":"2022-03-24T12:37:00","date_gmt":"2022-03-24T11:37:00","guid":{"rendered":"https:\/\/toys-mania-dev.jupiter.cdigital.fr\/produit\/parfum-dambiance-the-vert-cologne\/"},"modified":"2024-01-24T16:05:14","modified_gmt":"2024-01-24T15:05:14","slug":"parfum-dambiance-the-vert-cologne","status":"publish","type":"product","link":"https:\/\/toysmaniacornermonaco.com\/en\/produit\/parfum-dambiance-the-vert-cologne\/","title":{"rendered":"Parfum d&#8217;Ambiance THE VERT COLOGNE"},"content":{"rendered":"<p>Le parfum d\u0092ambiance Durance<br \/>\nCe parfum pour la maison, aux notes ressour\u00e7antes cr\u00e9era instantan\u00e9ment une atmosph\u00e8re rafra\u00eechissante dans votre int\u00e9rieur. Pratique et efficace, il parfume intens\u00e9ment toutes les pi\u00e8ces de votre maison.<\/p>\n<p>Le parfum Th\u00e9 Vert Cologne<br \/>\nL\u0092alliance des notes ressour\u00e7antes des feuilles de th\u00e9 vert aux notes fraiches et vivifiantes du pamplemousse, de la bergamote et de la menthe pour un moment de pur bien-\u00eatre.<\/p>\n<p>Saison: Printemps \/ Et\u00e9<br \/>\nFamille : Les Frais et les Agrumes<\/p>\n","protected":false},"excerpt":{"rendered":"Le parfum d\u0092ambiance Durance Ce parfum pour la maison, aux notes ressour\u00e7antes cr\u00e9era instantan\u00e9ment une atmosph\u00e8re rafra\u00eechissante dans votre int\u00e9rieur. Pratique et efficace, il parfume intens\u00e9ment toutes les pi\u00e8ces de votre maison. Le parfum Th\u00e9 Vert Cologne L\u0092alliance des notes ressour\u00e7antes des feuilles de th\u00e9 vert aux notes fraiches et vivifiantes du pamplemousse, de la&#8230; <a class=\"view-article\" href=\"https:\/\/toysmaniacornermonaco.com\/en\/produit\/parfum-dambiance-the-vert-cologne\/\">View Article<\/a>","protected":false},"featured_media":1360,"comment_status":"open","ping_status":"closed","template":"","meta":{"_acf_changed":false},"product_cat":[387],"product_tag":[],"class_list":{"0":"post-2981","1":"product","2":"type-product","3":"status-publish","4":"has-post-thumbnail","6":"marque-durance-en","7":"idee_cadeau-men","8":"idee_cadeau-women","9":"product_cat-perfumes-and-scents","10":"product_shipping_class-petitcolis-en","12":"first","13":"instock","14":"taxable","15":"shipping-taxable","16":"purchasable","17":"product-type-simple"},"acf":[],"yoast_head":"<!-- This site is optimized with the Yoast SEO plugin v22.3 - https:\/\/yoast.com\/wordpress\/plugins\/seo\/ -->\n<title>Parfum d&#039;Ambiance THE VERT COLOGNE - TOY&#039;S MANIA<\/title>\n<meta name=\"robots\" content=\"index, follow, max-snippet:-1, max-image-preview:large, max-video-preview:-1\" \/>\n<link rel=\"canonical\" href=\"https:\/\/toysmaniacornermonaco.com\/produit\/parfum-dambiance-the-vert-cologne\/\" \/>\n<meta property=\"og:locale\" content=\"en_US\" \/>\n<meta property=\"og:type\" content=\"article\" \/>\n<meta property=\"og:title\" content=\"Parfum d&#039;Ambiance THE VERT COLOGNE - TOY&#039;S MANIA\" \/>\n<meta property=\"og:description\" content=\"Le parfum d\u0092ambiance Durance Ce parfum pour la maison, aux notes ressour\u00e7antes cr\u00e9era instantan\u00e9ment une atmosph\u00e8re rafra\u00eechissante dans votre int\u00e9rieur. Pratique et efficace, il parfume intens\u00e9ment toutes les pi\u00e8ces de votre maison. Le parfum Th\u00e9 Vert Cologne L\u0092alliance des notes ressour\u00e7antes des feuilles de th\u00e9 vert aux notes fraiches et vivifiantes du pamplemousse, de la... View Article\" \/>\n<meta property=\"og:url\" content=\"https:\/\/toysmaniacornermonaco.com\/produit\/parfum-dambiance-the-vert-cologne\/\" \/>\n<meta property=\"og:site_name\" content=\"TOY&#039;S MANIA\" \/>\n<meta property=\"article:modified_time\" content=\"2024-01-24T15:05:14+00:00\" \/>\n<meta property=\"og:image\" content=\"https:\/\/toysmaniacornermonaco.com\/wp-content\/uploads\/2022\/03\/TVERTCO.jpg\" \/>\n\t<meta property=\"og:image:width\" content=\"600\" \/>\n\t<meta property=\"og:image:height\" content=\"600\" \/>\n\t<meta property=\"og:image:type\" content=\"image\/jpeg\" \/>\n<meta name=\"twitter:card\" content=\"summary_large_image\" \/>\n<script type=\"application\/ld+json\" class=\"yoast-schema-graph\">{\"@context\":\"https:\/\/schema.org\",\"@graph\":[{\"@type\":\"WebPage\",\"@id\":\"https:\/\/toysmaniacornermonaco.com\/produit\/parfum-dambiance-the-vert-cologne\/\",\"url\":\"https:\/\/toysmaniacornermonaco.com\/produit\/parfum-dambiance-the-vert-cologne\/\",\"name\":\"Parfum d'Ambiance THE VERT COLOGNE - TOY&#039;S MANIA\",\"isPartOf\":{\"@id\":\"https:\/\/toysmaniacornermonaco.com\/#website\"},\"primaryImageOfPage\":{\"@id\":\"https:\/\/toysmaniacornermonaco.com\/produit\/parfum-dambiance-the-vert-cologne\/#primaryimage\"},\"image\":{\"@id\":\"https:\/\/toysmaniacornermonaco.com\/produit\/parfum-dambiance-the-vert-cologne\/#primaryimage\"},\"thumbnailUrl\":\"https:\/\/toysmaniacornermonaco.com\/wp-content\/uploads\/2022\/03\/TVERTCO.jpg\",\"datePublished\":\"2022-03-24T11:37:00+00:00\",\"dateModified\":\"2024-01-24T15:05:14+00:00\",\"breadcrumb\":{\"@id\":\"https:\/\/toysmaniacornermonaco.com\/produit\/parfum-dambiance-the-vert-cologne\/#breadcrumb\"},\"inLanguage\":\"en-US\",\"potentialAction\":[{\"@type\":\"ReadAction\",\"target\":[\"https:\/\/toysmaniacornermonaco.com\/produit\/parfum-dambiance-the-vert-cologne\/\"]}]},{\"@type\":\"ImageObject\",\"inLanguage\":\"en-US\",\"@id\":\"https:\/\/toysmaniacornermonaco.com\/produit\/parfum-dambiance-the-vert-cologne\/#primaryimage\",\"url\":\"https:\/\/toysmaniacornermonaco.com\/wp-content\/uploads\/2022\/03\/TVERTCO.jpg\",\"contentUrl\":\"https:\/\/toysmaniacornermonaco.com\/wp-content\/uploads\/2022\/03\/TVERTCO.jpg\",\"width\":600,\"height\":600},{\"@type\":\"BreadcrumbList\",\"@id\":\"https:\/\/toysmaniacornermonaco.com\/produit\/parfum-dambiance-the-vert-cologne\/#breadcrumb\",\"itemListElement\":[{\"@type\":\"ListItem\",\"position\":1,\"name\":\"Accueil\",\"item\":\"https:\/\/toysmaniacornermonaco.com\/en\/\"},{\"@type\":\"ListItem\",\"position\":2,\"name\":\"Shop\",\"item\":\"https:\/\/toysmaniacornermonaco.com\/en\/shop\/\"},{\"@type\":\"ListItem\",\"position\":3,\"name\":\"Parfum d&#8217;Ambiance THE VERT COLOGNE\"}]},{\"@type\":\"WebSite\",\"@id\":\"https:\/\/toysmaniacornermonaco.com\/#website\",\"url\":\"https:\/\/toysmaniacornermonaco.com\/\",\"name\":\"TOY&#039;S MANIA\",\"description\":\"VOTRE CONCEPT STORE \u00c0 MONACO\",\"potentialAction\":[{\"@type\":\"SearchAction\",\"target\":{\"@type\":\"EntryPoint\",\"urlTemplate\":\"https:\/\/toysmaniacornermonaco.com\/?s={search_term_string}\"},\"query-input\":\"required name=search_term_string\"}],\"inLanguage\":\"en-US\"}]}<\/script>\n<!-- \/ Yoast SEO plugin. -->","yoast_head_json":{"title":"Parfum d'Ambiance THE VERT COLOGNE - TOY&#039;S MANIA","robots":{"index":"index","follow":"follow","max-snippet":"max-snippet:-1","max-image-preview":"max-image-preview:large","max-video-preview":"max-video-preview:-1"},"canonical":"https:\/\/toysmaniacornermonaco.com\/produit\/parfum-dambiance-the-vert-cologne\/","og_locale":"en_US","og_type":"article","og_title":"Parfum d'Ambiance THE VERT COLOGNE - TOY&#039;S MANIA","og_description":"Le parfum d\u0092ambiance Durance Ce parfum pour la maison, aux notes ressour\u00e7antes cr\u00e9era instantan\u00e9ment une atmosph\u00e8re rafra\u00eechissante dans votre int\u00e9rieur. Pratique et efficace, il parfume intens\u00e9ment toutes les pi\u00e8ces de votre maison. Le parfum Th\u00e9 Vert Cologne L\u0092alliance des notes ressour\u00e7antes des feuilles de th\u00e9 vert aux notes fraiches et vivifiantes du pamplemousse, de la... View Article","og_url":"https:\/\/toysmaniacornermonaco.com\/produit\/parfum-dambiance-the-vert-cologne\/","og_site_name":"TOY&#039;S MANIA","article_modified_time":"2024-01-24T15:05:14+00:00","og_image":[{"width":600,"height":600,"url":"https:\/\/toysmaniacornermonaco.com\/wp-content\/uploads\/2022\/03\/TVERTCO.jpg","type":"image\/jpeg"}],"twitter_card":"summary_large_image","schema":{"@context":"https:\/\/schema.org","@graph":[{"@type":"WebPage","@id":"https:\/\/toysmaniacornermonaco.com\/produit\/parfum-dambiance-the-vert-cologne\/","url":"https:\/\/toysmaniacornermonaco.com\/produit\/parfum-dambiance-the-vert-cologne\/","name":"Parfum d'Ambiance THE VERT COLOGNE - TOY&#039;S MANIA","isPartOf":{"@id":"https:\/\/toysmaniacornermonaco.com\/#website"},"primaryImageOfPage":{"@id":"https:\/\/toysmaniacornermonaco.com\/produit\/parfum-dambiance-the-vert-cologne\/#primaryimage"},"image":{"@id":"https:\/\/toysmaniacornermonaco.com\/produit\/parfum-dambiance-the-vert-cologne\/#primaryimage"},"thumbnailUrl":"https:\/\/toysmaniacornermonaco.com\/wp-content\/uploads\/2022\/03\/TVERTCO.jpg","datePublished":"2022-03-24T11:37:00+00:00","dateModified":"2024-01-24T15:05:14+00:00","breadcrumb":{"@id":"https:\/\/toysmaniacornermonaco.com\/produit\/parfum-dambiance-the-vert-cologne\/#breadcrumb"},"inLanguage":"en-US","potentialAction":[{"@type":"ReadAction","target":["https:\/\/toysmaniacornermonaco.com\/produit\/parfum-dambiance-the-vert-cologne\/"]}]},{"@type":"ImageObject","inLanguage":"en-US","@id":"https:\/\/toysmaniacornermonaco.com\/produit\/parfum-dambiance-the-vert-cologne\/#primaryimage","url":"https:\/\/toysmaniacornermonaco.com\/wp-content\/uploads\/2022\/03\/TVERTCO.jpg","contentUrl":"https:\/\/toysmaniacornermonaco.com\/wp-content\/uploads\/2022\/03\/TVERTCO.jpg","width":600,"height":600},{"@type":"BreadcrumbList","@id":"https:\/\/toysmaniacornermonaco.com\/produit\/parfum-dambiance-the-vert-cologne\/#breadcrumb","itemListElement":[{"@type":"ListItem","position":1,"name":"Accueil","item":"https:\/\/toysmaniacornermonaco.com\/en\/"},{"@type":"ListItem","position":2,"name":"Shop","item":"https:\/\/toysmaniacornermonaco.com\/en\/shop\/"},{"@type":"ListItem","position":3,"name":"Parfum d&#8217;Ambiance THE VERT COLOGNE"}]},{"@type":"WebSite","@id":"https:\/\/toysmaniacornermonaco.com\/#website","url":"https:\/\/toysmaniacornermonaco.com\/","name":"TOY&#039;S MANIA","description":"VOTRE CONCEPT STORE \u00c0 MONACO","potentialAction":[{"@type":"SearchAction","target":{"@type":"EntryPoint","urlTemplate":"https:\/\/toysmaniacornermonaco.com\/?s={search_term_string}"},"query-input":"required name=search_term_string"}],"inLanguage":"en-US"}]}},"_links":{"self":[{"href":"https:\/\/toysmaniacornermonaco.com\/en\/wp-json\/wp\/v2\/product\/2981","targetHints":{"allow":["GET"]}}],"collection":[{"href":"https:\/\/toysmaniacornermonaco.com\/en\/wp-json\/wp\/v2\/product"}],"about":[{"href":"https:\/\/toysmaniacornermonaco.com\/en\/wp-json\/wp\/v2\/types\/product"}],"replies":[{"embeddable":true,"href":"https:\/\/toysmaniacornermonaco.com\/en\/wp-json\/wp\/v2\/comments?post=2981"}],"wp:featuredmedia":[{"embeddable":true,"href":"https:\/\/toysmaniacornermonaco.com\/en\/wp-json\/wp\/v2\/media\/1360"}],"wp:attachment":[{"href":"https:\/\/toysmaniacornermonaco.com\/en\/wp-json\/wp\/v2\/media?parent=2981"}],"wp:term":[{"taxonomy":"product_cat","embeddable":true,"href":"https:\/\/toysmaniacornermonaco.com\/en\/wp-json\/wp\/v2\/product_cat?post=2981"},{"taxonomy":"product_tag","embeddable":true,"href":"https:\/\/toysmaniacornermonaco.com\/en\/wp-json\/wp\/v2\/product_tag?post=2981"}],"curies":[{"name":"wp","href":"https:\/\/api.w.org\/{rel}","templated":true}]}}