{"id":2982,"date":"2022-03-24T12:37:00","date_gmt":"2022-03-24T11:37:00","guid":{"rendered":"https:\/\/toys-mania-dev.jupiter.cdigital.fr\/produit\/parfum-dambiance-camelia-blanc\/"},"modified":"2024-01-24T16:06:24","modified_gmt":"2024-01-24T15:06:24","slug":"parfum-dambiance-camelia-blanc","status":"publish","type":"product","link":"https:\/\/toysmaniacornermonaco.com\/en\/produit\/parfum-dambiance-camelia-blanc\/","title":{"rendered":"Parfum d&#8217;Ambiance CAMELIA BLANC"},"content":{"rendered":"<p>Le parfum d\u0092ambiance Durance<br \/>\nCe parfum pour la maison, aux notes musqu\u00e9es et poudr\u00e9es cr\u00e9era instantan\u00e9ment une atmosph\u00e8re s\u00e9duisante et sophistiqu\u00e9e dans votre int\u00e9rieur. Pratique et efficace, il parfume intens\u00e9ment toutes les pi\u00e8ces de votre maison.<br \/>\nLe parfum Cam\u00e9lia Blanc<br \/>\nLa d\u00e9licatesse du Cam\u00e9lia blanc embl\u00e8me de perfection et d\u0092absolu, aux notes fleuries, musqu\u00e9es et poudr\u00e9es.<br \/>\nLe nez raconte le parfum:<br \/>\nRetrouver toute la blancheur du cam\u00e9lia dans une envol\u00e9e lumineuse, profonde et intense. Un souffle de perfection!<br \/>\nPi\u00e8ce : Salon, chambre<br \/>\nSaison: Toute l\u0092ann\u00e9e<br \/>\nFamille : Les Doux<br \/>\nAmbiance: El\u00e9gante \/ R\u00e9confortante<\/p>\n","protected":false},"excerpt":{"rendered":"Le parfum d\u0092ambiance Durance Ce parfum pour la maison, aux notes musqu\u00e9es et poudr\u00e9es cr\u00e9era instantan\u00e9ment une atmosph\u00e8re s\u00e9duisante et sophistiqu\u00e9e dans votre int\u00e9rieur. Pratique et efficace, il parfume intens\u00e9ment toutes les pi\u00e8ces de votre maison. Le parfum Cam\u00e9lia Blanc La d\u00e9licatesse du Cam\u00e9lia blanc embl\u00e8me de perfection et d\u0092absolu, aux notes fleuries, musqu\u00e9es et&#8230; <a class=\"view-article\" href=\"https:\/\/toysmaniacornermonaco.com\/en\/produit\/parfum-dambiance-camelia-blanc\/\">View Article<\/a>","protected":false},"featured_media":1358,"comment_status":"open","ping_status":"closed","template":"","meta":{"_acf_changed":false},"product_cat":[387],"product_tag":[],"class_list":{"0":"post-2982","1":"product","2":"type-product","3":"status-publish","4":"has-post-thumbnail","6":"marque-durance-en","7":"idee_cadeau-women","8":"product_cat-perfumes-and-scents","9":"product_shipping_class-petitcolis-en","11":"first","12":"instock","13":"taxable","14":"shipping-taxable","15":"purchasable","16":"product-type-simple"},"acf":[],"yoast_head":"<!-- This site is optimized with the Yoast SEO plugin v22.3 - https:\/\/yoast.com\/wordpress\/plugins\/seo\/ -->\n<title>Parfum d&#039;Ambiance CAMELIA BLANC - TOY&#039;S MANIA<\/title>\n<meta name=\"robots\" content=\"index, follow, max-snippet:-1, max-image-preview:large, max-video-preview:-1\" \/>\n<link rel=\"canonical\" href=\"https:\/\/toysmaniacornermonaco.com\/produit\/parfum-dambiance-camelia-blanc\/\" \/>\n<meta property=\"og:locale\" content=\"en_US\" \/>\n<meta property=\"og:type\" content=\"article\" \/>\n<meta property=\"og:title\" content=\"Parfum d&#039;Ambiance CAMELIA BLANC - TOY&#039;S MANIA\" \/>\n<meta property=\"og:description\" content=\"Le parfum d\u0092ambiance Durance Ce parfum pour la maison, aux notes musqu\u00e9es et poudr\u00e9es cr\u00e9era instantan\u00e9ment une atmosph\u00e8re s\u00e9duisante et sophistiqu\u00e9e dans votre int\u00e9rieur. Pratique et efficace, il parfume intens\u00e9ment toutes les pi\u00e8ces de votre maison. Le parfum Cam\u00e9lia Blanc La d\u00e9licatesse du Cam\u00e9lia blanc embl\u00e8me de perfection et d\u0092absolu, aux notes fleuries, musqu\u00e9es et... View Article\" \/>\n<meta property=\"og:url\" content=\"https:\/\/toysmaniacornermonaco.com\/produit\/parfum-dambiance-camelia-blanc\/\" \/>\n<meta property=\"og:site_name\" content=\"TOY&#039;S MANIA\" \/>\n<meta property=\"article:modified_time\" content=\"2024-01-24T15:06:24+00:00\" \/>\n<meta property=\"og:image\" content=\"https:\/\/toysmaniacornermonaco.com\/wp-content\/uploads\/2022\/03\/CAMELIA.jpg\" \/>\n\t<meta property=\"og:image:width\" content=\"600\" \/>\n\t<meta property=\"og:image:height\" content=\"600\" \/>\n\t<meta property=\"og:image:type\" content=\"image\/jpeg\" \/>\n<meta name=\"twitter:card\" content=\"summary_large_image\" \/>\n<meta name=\"twitter:label1\" content=\"Est. reading time\" \/>\n\t<meta name=\"twitter:data1\" content=\"1 minute\" \/>\n<script type=\"application\/ld+json\" class=\"yoast-schema-graph\">{\"@context\":\"https:\/\/schema.org\",\"@graph\":[{\"@type\":\"WebPage\",\"@id\":\"https:\/\/toysmaniacornermonaco.com\/produit\/parfum-dambiance-camelia-blanc\/\",\"url\":\"https:\/\/toysmaniacornermonaco.com\/produit\/parfum-dambiance-camelia-blanc\/\",\"name\":\"Parfum d'Ambiance CAMELIA BLANC - TOY&#039;S MANIA\",\"isPartOf\":{\"@id\":\"https:\/\/toysmaniacornermonaco.com\/#website\"},\"primaryImageOfPage\":{\"@id\":\"https:\/\/toysmaniacornermonaco.com\/produit\/parfum-dambiance-camelia-blanc\/#primaryimage\"},\"image\":{\"@id\":\"https:\/\/toysmaniacornermonaco.com\/produit\/parfum-dambiance-camelia-blanc\/#primaryimage\"},\"thumbnailUrl\":\"https:\/\/toysmaniacornermonaco.com\/wp-content\/uploads\/2022\/03\/CAMELIA.jpg\",\"datePublished\":\"2022-03-24T11:37:00+00:00\",\"dateModified\":\"2024-01-24T15:06:24+00:00\",\"breadcrumb\":{\"@id\":\"https:\/\/toysmaniacornermonaco.com\/produit\/parfum-dambiance-camelia-blanc\/#breadcrumb\"},\"inLanguage\":\"en-US\",\"potentialAction\":[{\"@type\":\"ReadAction\",\"target\":[\"https:\/\/toysmaniacornermonaco.com\/produit\/parfum-dambiance-camelia-blanc\/\"]}]},{\"@type\":\"ImageObject\",\"inLanguage\":\"en-US\",\"@id\":\"https:\/\/toysmaniacornermonaco.com\/produit\/parfum-dambiance-camelia-blanc\/#primaryimage\",\"url\":\"https:\/\/toysmaniacornermonaco.com\/wp-content\/uploads\/2022\/03\/CAMELIA.jpg\",\"contentUrl\":\"https:\/\/toysmaniacornermonaco.com\/wp-content\/uploads\/2022\/03\/CAMELIA.jpg\",\"width\":600,\"height\":600},{\"@type\":\"BreadcrumbList\",\"@id\":\"https:\/\/toysmaniacornermonaco.com\/produit\/parfum-dambiance-camelia-blanc\/#breadcrumb\",\"itemListElement\":[{\"@type\":\"ListItem\",\"position\":1,\"name\":\"Accueil\",\"item\":\"https:\/\/toysmaniacornermonaco.com\/en\/\"},{\"@type\":\"ListItem\",\"position\":2,\"name\":\"Shop\",\"item\":\"https:\/\/toysmaniacornermonaco.com\/en\/shop\/\"},{\"@type\":\"ListItem\",\"position\":3,\"name\":\"Parfum d&#8217;Ambiance CAMELIA BLANC\"}]},{\"@type\":\"WebSite\",\"@id\":\"https:\/\/toysmaniacornermonaco.com\/#website\",\"url\":\"https:\/\/toysmaniacornermonaco.com\/\",\"name\":\"TOY&#039;S MANIA\",\"description\":\"VOTRE CONCEPT STORE \u00c0 MONACO\",\"potentialAction\":[{\"@type\":\"SearchAction\",\"target\":{\"@type\":\"EntryPoint\",\"urlTemplate\":\"https:\/\/toysmaniacornermonaco.com\/?s={search_term_string}\"},\"query-input\":\"required name=search_term_string\"}],\"inLanguage\":\"en-US\"}]}<\/script>\n<!-- \/ Yoast SEO plugin. -->","yoast_head_json":{"title":"Parfum d'Ambiance CAMELIA BLANC - TOY&#039;S MANIA","robots":{"index":"index","follow":"follow","max-snippet":"max-snippet:-1","max-image-preview":"max-image-preview:large","max-video-preview":"max-video-preview:-1"},"canonical":"https:\/\/toysmaniacornermonaco.com\/produit\/parfum-dambiance-camelia-blanc\/","og_locale":"en_US","og_type":"article","og_title":"Parfum d'Ambiance CAMELIA BLANC - TOY&#039;S MANIA","og_description":"Le parfum d\u0092ambiance Durance Ce parfum pour la maison, aux notes musqu\u00e9es et poudr\u00e9es cr\u00e9era instantan\u00e9ment une atmosph\u00e8re s\u00e9duisante et sophistiqu\u00e9e dans votre int\u00e9rieur. Pratique et efficace, il parfume intens\u00e9ment toutes les pi\u00e8ces de votre maison. Le parfum Cam\u00e9lia Blanc La d\u00e9licatesse du Cam\u00e9lia blanc embl\u00e8me de perfection et d\u0092absolu, aux notes fleuries, musqu\u00e9es et... View Article","og_url":"https:\/\/toysmaniacornermonaco.com\/produit\/parfum-dambiance-camelia-blanc\/","og_site_name":"TOY&#039;S MANIA","article_modified_time":"2024-01-24T15:06:24+00:00","og_image":[{"width":600,"height":600,"url":"https:\/\/toysmaniacornermonaco.com\/wp-content\/uploads\/2022\/03\/CAMELIA.jpg","type":"image\/jpeg"}],"twitter_card":"summary_large_image","twitter_misc":{"Est. reading time":"1 minute"},"schema":{"@context":"https:\/\/schema.org","@graph":[{"@type":"WebPage","@id":"https:\/\/toysmaniacornermonaco.com\/produit\/parfum-dambiance-camelia-blanc\/","url":"https:\/\/toysmaniacornermonaco.com\/produit\/parfum-dambiance-camelia-blanc\/","name":"Parfum d'Ambiance CAMELIA BLANC - TOY&#039;S MANIA","isPartOf":{"@id":"https:\/\/toysmaniacornermonaco.com\/#website"},"primaryImageOfPage":{"@id":"https:\/\/toysmaniacornermonaco.com\/produit\/parfum-dambiance-camelia-blanc\/#primaryimage"},"image":{"@id":"https:\/\/toysmaniacornermonaco.com\/produit\/parfum-dambiance-camelia-blanc\/#primaryimage"},"thumbnailUrl":"https:\/\/toysmaniacornermonaco.com\/wp-content\/uploads\/2022\/03\/CAMELIA.jpg","datePublished":"2022-03-24T11:37:00+00:00","dateModified":"2024-01-24T15:06:24+00:00","breadcrumb":{"@id":"https:\/\/toysmaniacornermonaco.com\/produit\/parfum-dambiance-camelia-blanc\/#breadcrumb"},"inLanguage":"en-US","potentialAction":[{"@type":"ReadAction","target":["https:\/\/toysmaniacornermonaco.com\/produit\/parfum-dambiance-camelia-blanc\/"]}]},{"@type":"ImageObject","inLanguage":"en-US","@id":"https:\/\/toysmaniacornermonaco.com\/produit\/parfum-dambiance-camelia-blanc\/#primaryimage","url":"https:\/\/toysmaniacornermonaco.com\/wp-content\/uploads\/2022\/03\/CAMELIA.jpg","contentUrl":"https:\/\/toysmaniacornermonaco.com\/wp-content\/uploads\/2022\/03\/CAMELIA.jpg","width":600,"height":600},{"@type":"BreadcrumbList","@id":"https:\/\/toysmaniacornermonaco.com\/produit\/parfum-dambiance-camelia-blanc\/#breadcrumb","itemListElement":[{"@type":"ListItem","position":1,"name":"Accueil","item":"https:\/\/toysmaniacornermonaco.com\/en\/"},{"@type":"ListItem","position":2,"name":"Shop","item":"https:\/\/toysmaniacornermonaco.com\/en\/shop\/"},{"@type":"ListItem","position":3,"name":"Parfum d&#8217;Ambiance CAMELIA BLANC"}]},{"@type":"WebSite","@id":"https:\/\/toysmaniacornermonaco.com\/#website","url":"https:\/\/toysmaniacornermonaco.com\/","name":"TOY&#039;S MANIA","description":"VOTRE CONCEPT STORE \u00c0 MONACO","potentialAction":[{"@type":"SearchAction","target":{"@type":"EntryPoint","urlTemplate":"https:\/\/toysmaniacornermonaco.com\/?s={search_term_string}"},"query-input":"required name=search_term_string"}],"inLanguage":"en-US"}]}},"_links":{"self":[{"href":"https:\/\/toysmaniacornermonaco.com\/en\/wp-json\/wp\/v2\/product\/2982","targetHints":{"allow":["GET"]}}],"collection":[{"href":"https:\/\/toysmaniacornermonaco.com\/en\/wp-json\/wp\/v2\/product"}],"about":[{"href":"https:\/\/toysmaniacornermonaco.com\/en\/wp-json\/wp\/v2\/types\/product"}],"replies":[{"embeddable":true,"href":"https:\/\/toysmaniacornermonaco.com\/en\/wp-json\/wp\/v2\/comments?post=2982"}],"wp:featuredmedia":[{"embeddable":true,"href":"https:\/\/toysmaniacornermonaco.com\/en\/wp-json\/wp\/v2\/media\/1358"}],"wp:attachment":[{"href":"https:\/\/toysmaniacornermonaco.com\/en\/wp-json\/wp\/v2\/media?parent=2982"}],"wp:term":[{"taxonomy":"product_cat","embeddable":true,"href":"https:\/\/toysmaniacornermonaco.com\/en\/wp-json\/wp\/v2\/product_cat?post=2982"},{"taxonomy":"product_tag","embeddable":true,"href":"https:\/\/toysmaniacornermonaco.com\/en\/wp-json\/wp\/v2\/product_tag?post=2982"}],"curies":[{"name":"wp","href":"https:\/\/api.w.org\/{rel}","templated":true}]}}