{"id":2983,"date":"2022-03-24T12:37:00","date_gmt":"2022-03-24T11:37:00","guid":{"rendered":"https:\/\/toys-mania-dev.jupiter.cdigital.fr\/produit\/parfum-dambiance-bois-de-cachemire\/"},"modified":"2024-01-24T16:06:51","modified_gmt":"2024-01-24T15:06:51","slug":"parfum-dambiance-bois-de-cachemire","status":"publish","type":"product","link":"https:\/\/toysmaniacornermonaco.com\/en\/produit\/parfum-dambiance-bois-de-cachemire\/","title":{"rendered":"Parfum d&#8217;Ambiance BOIS DE CACHEMIRE"},"content":{"rendered":"<p>Le parfum d\u0092ambiance Durance<br \/>\nCe parfum pour la maison, aux notes vanill\u00e9es et bois\u00e9es cr\u00e9era instantan\u00e9ment une atmosph\u00e8re relaxante et r\u00e9confortante.dans votre int\u00e9rieur. Pratique et efficace, il parfume intens\u00e9ment toutes les pi\u00e8ces de votre maison.<\/p>\n<p>Le parfum Bois de Cachemire<br \/>\nUn bois rare et tendre o\u00f9 les essences myst\u00e9rieuses raffin\u00e9es (c\u00e8dre, santal, cachemire) sont sublim\u00e9es par une note ambr\u00e9e, vanill\u00e9e et voluptueuse.<\/p>\n<p>Le nez raconte le parfum:<br \/>\nInvitation dans une for\u00eat secr\u00e8te o\u00f9 tous nos voeux les plus chers peuvent \u00eatre exauc\u00e9s\u0085<\/p>\n<p>Pi\u00e8ce : Salon; bureau<br \/>\nSaison: Automne Hiver<br \/>\nFamille : Les Bois\u00e9s et les Epic\u00e9s<br \/>\nAmbiance: Envo\u00fbtante \/ Chaleureuse \/ R\u00e9confortante<\/p>\n","protected":false},"excerpt":{"rendered":"Le parfum d\u0092ambiance Durance Ce parfum pour la maison, aux notes vanill\u00e9es et bois\u00e9es cr\u00e9era instantan\u00e9ment une atmosph\u00e8re relaxante et r\u00e9confortante.dans votre int\u00e9rieur. Pratique et efficace, il parfume intens\u00e9ment toutes les pi\u00e8ces de votre maison. Le parfum Bois de Cachemire Un bois rare et tendre o\u00f9 les essences myst\u00e9rieuses raffin\u00e9es (c\u00e8dre, santal, cachemire) sont sublim\u00e9es&#8230; <a class=\"view-article\" href=\"https:\/\/toysmaniacornermonaco.com\/en\/produit\/parfum-dambiance-bois-de-cachemire\/\">View Article<\/a>","protected":false},"featured_media":1356,"comment_status":"open","ping_status":"closed","template":"","meta":{"_acf_changed":false},"product_cat":[387],"product_tag":[],"class_list":{"0":"post-2983","1":"product","2":"type-product","3":"status-publish","4":"has-post-thumbnail","6":"marque-durance-en","7":"idee_cadeau-men","8":"idee_cadeau-women","9":"product_cat-perfumes-and-scents","10":"product_shipping_class-petitcolis-en","12":"first","13":"instock","14":"taxable","15":"shipping-taxable","16":"purchasable","17":"product-type-simple"},"acf":[],"yoast_head":"<!-- This site is optimized with the Yoast SEO plugin v22.3 - https:\/\/yoast.com\/wordpress\/plugins\/seo\/ -->\n<title>Parfum d&#039;Ambiance BOIS DE CACHEMIRE - TOY&#039;S MANIA<\/title>\n<meta name=\"robots\" content=\"index, follow, max-snippet:-1, max-image-preview:large, max-video-preview:-1\" \/>\n<link rel=\"canonical\" href=\"https:\/\/toysmaniacornermonaco.com\/produit\/parfum-dambiance-bois-de-cachemire\/\" \/>\n<meta property=\"og:locale\" content=\"en_US\" \/>\n<meta property=\"og:type\" content=\"article\" \/>\n<meta property=\"og:title\" content=\"Parfum d&#039;Ambiance BOIS DE CACHEMIRE - TOY&#039;S MANIA\" \/>\n<meta property=\"og:description\" content=\"Le parfum d\u0092ambiance Durance Ce parfum pour la maison, aux notes vanill\u00e9es et bois\u00e9es cr\u00e9era instantan\u00e9ment une atmosph\u00e8re relaxante et r\u00e9confortante.dans votre int\u00e9rieur. Pratique et efficace, il parfume intens\u00e9ment toutes les pi\u00e8ces de votre maison. Le parfum Bois de Cachemire Un bois rare et tendre o\u00f9 les essences myst\u00e9rieuses raffin\u00e9es (c\u00e8dre, santal, cachemire) sont sublim\u00e9es... View Article\" \/>\n<meta property=\"og:url\" content=\"https:\/\/toysmaniacornermonaco.com\/produit\/parfum-dambiance-bois-de-cachemire\/\" \/>\n<meta property=\"og:site_name\" content=\"TOY&#039;S MANIA\" \/>\n<meta property=\"article:modified_time\" content=\"2024-01-24T15:06:51+00:00\" \/>\n<meta property=\"og:image\" content=\"https:\/\/toysmaniacornermonaco.com\/wp-content\/uploads\/2022\/03\/CACHEMIRE.jpg\" \/>\n\t<meta property=\"og:image:width\" content=\"600\" \/>\n\t<meta property=\"og:image:height\" content=\"600\" \/>\n\t<meta property=\"og:image:type\" content=\"image\/jpeg\" \/>\n<meta name=\"twitter:card\" content=\"summary_large_image\" \/>\n<meta name=\"twitter:label1\" content=\"Est. reading time\" \/>\n\t<meta name=\"twitter:data1\" content=\"1 minute\" \/>\n<script type=\"application\/ld+json\" class=\"yoast-schema-graph\">{\"@context\":\"https:\/\/schema.org\",\"@graph\":[{\"@type\":\"WebPage\",\"@id\":\"https:\/\/toysmaniacornermonaco.com\/produit\/parfum-dambiance-bois-de-cachemire\/\",\"url\":\"https:\/\/toysmaniacornermonaco.com\/produit\/parfum-dambiance-bois-de-cachemire\/\",\"name\":\"Parfum d'Ambiance BOIS DE CACHEMIRE - TOY&#039;S MANIA\",\"isPartOf\":{\"@id\":\"https:\/\/toysmaniacornermonaco.com\/#website\"},\"primaryImageOfPage\":{\"@id\":\"https:\/\/toysmaniacornermonaco.com\/produit\/parfum-dambiance-bois-de-cachemire\/#primaryimage\"},\"image\":{\"@id\":\"https:\/\/toysmaniacornermonaco.com\/produit\/parfum-dambiance-bois-de-cachemire\/#primaryimage\"},\"thumbnailUrl\":\"https:\/\/toysmaniacornermonaco.com\/wp-content\/uploads\/2022\/03\/CACHEMIRE.jpg\",\"datePublished\":\"2022-03-24T11:37:00+00:00\",\"dateModified\":\"2024-01-24T15:06:51+00:00\",\"breadcrumb\":{\"@id\":\"https:\/\/toysmaniacornermonaco.com\/produit\/parfum-dambiance-bois-de-cachemire\/#breadcrumb\"},\"inLanguage\":\"en-US\",\"potentialAction\":[{\"@type\":\"ReadAction\",\"target\":[\"https:\/\/toysmaniacornermonaco.com\/produit\/parfum-dambiance-bois-de-cachemire\/\"]}]},{\"@type\":\"ImageObject\",\"inLanguage\":\"en-US\",\"@id\":\"https:\/\/toysmaniacornermonaco.com\/produit\/parfum-dambiance-bois-de-cachemire\/#primaryimage\",\"url\":\"https:\/\/toysmaniacornermonaco.com\/wp-content\/uploads\/2022\/03\/CACHEMIRE.jpg\",\"contentUrl\":\"https:\/\/toysmaniacornermonaco.com\/wp-content\/uploads\/2022\/03\/CACHEMIRE.jpg\",\"width\":600,\"height\":600},{\"@type\":\"BreadcrumbList\",\"@id\":\"https:\/\/toysmaniacornermonaco.com\/produit\/parfum-dambiance-bois-de-cachemire\/#breadcrumb\",\"itemListElement\":[{\"@type\":\"ListItem\",\"position\":1,\"name\":\"Accueil\",\"item\":\"https:\/\/toysmaniacornermonaco.com\/en\/\"},{\"@type\":\"ListItem\",\"position\":2,\"name\":\"Shop\",\"item\":\"https:\/\/toysmaniacornermonaco.com\/en\/shop\/\"},{\"@type\":\"ListItem\",\"position\":3,\"name\":\"Parfum d&#8217;Ambiance BOIS DE CACHEMIRE\"}]},{\"@type\":\"WebSite\",\"@id\":\"https:\/\/toysmaniacornermonaco.com\/#website\",\"url\":\"https:\/\/toysmaniacornermonaco.com\/\",\"name\":\"TOY&#039;S MANIA\",\"description\":\"VOTRE CONCEPT STORE \u00c0 MONACO\",\"potentialAction\":[{\"@type\":\"SearchAction\",\"target\":{\"@type\":\"EntryPoint\",\"urlTemplate\":\"https:\/\/toysmaniacornermonaco.com\/?s={search_term_string}\"},\"query-input\":\"required name=search_term_string\"}],\"inLanguage\":\"en-US\"}]}<\/script>\n<!-- \/ Yoast SEO plugin. -->","yoast_head_json":{"title":"Parfum d'Ambiance BOIS DE CACHEMIRE - TOY&#039;S MANIA","robots":{"index":"index","follow":"follow","max-snippet":"max-snippet:-1","max-image-preview":"max-image-preview:large","max-video-preview":"max-video-preview:-1"},"canonical":"https:\/\/toysmaniacornermonaco.com\/produit\/parfum-dambiance-bois-de-cachemire\/","og_locale":"en_US","og_type":"article","og_title":"Parfum d'Ambiance BOIS DE CACHEMIRE - TOY&#039;S MANIA","og_description":"Le parfum d\u0092ambiance Durance Ce parfum pour la maison, aux notes vanill\u00e9es et bois\u00e9es cr\u00e9era instantan\u00e9ment une atmosph\u00e8re relaxante et r\u00e9confortante.dans votre int\u00e9rieur. Pratique et efficace, il parfume intens\u00e9ment toutes les pi\u00e8ces de votre maison. Le parfum Bois de Cachemire Un bois rare et tendre o\u00f9 les essences myst\u00e9rieuses raffin\u00e9es (c\u00e8dre, santal, cachemire) sont sublim\u00e9es... View Article","og_url":"https:\/\/toysmaniacornermonaco.com\/produit\/parfum-dambiance-bois-de-cachemire\/","og_site_name":"TOY&#039;S MANIA","article_modified_time":"2024-01-24T15:06:51+00:00","og_image":[{"width":600,"height":600,"url":"https:\/\/toysmaniacornermonaco.com\/wp-content\/uploads\/2022\/03\/CACHEMIRE.jpg","type":"image\/jpeg"}],"twitter_card":"summary_large_image","twitter_misc":{"Est. reading time":"1 minute"},"schema":{"@context":"https:\/\/schema.org","@graph":[{"@type":"WebPage","@id":"https:\/\/toysmaniacornermonaco.com\/produit\/parfum-dambiance-bois-de-cachemire\/","url":"https:\/\/toysmaniacornermonaco.com\/produit\/parfum-dambiance-bois-de-cachemire\/","name":"Parfum d'Ambiance BOIS DE CACHEMIRE - TOY&#039;S MANIA","isPartOf":{"@id":"https:\/\/toysmaniacornermonaco.com\/#website"},"primaryImageOfPage":{"@id":"https:\/\/toysmaniacornermonaco.com\/produit\/parfum-dambiance-bois-de-cachemire\/#primaryimage"},"image":{"@id":"https:\/\/toysmaniacornermonaco.com\/produit\/parfum-dambiance-bois-de-cachemire\/#primaryimage"},"thumbnailUrl":"https:\/\/toysmaniacornermonaco.com\/wp-content\/uploads\/2022\/03\/CACHEMIRE.jpg","datePublished":"2022-03-24T11:37:00+00:00","dateModified":"2024-01-24T15:06:51+00:00","breadcrumb":{"@id":"https:\/\/toysmaniacornermonaco.com\/produit\/parfum-dambiance-bois-de-cachemire\/#breadcrumb"},"inLanguage":"en-US","potentialAction":[{"@type":"ReadAction","target":["https:\/\/toysmaniacornermonaco.com\/produit\/parfum-dambiance-bois-de-cachemire\/"]}]},{"@type":"ImageObject","inLanguage":"en-US","@id":"https:\/\/toysmaniacornermonaco.com\/produit\/parfum-dambiance-bois-de-cachemire\/#primaryimage","url":"https:\/\/toysmaniacornermonaco.com\/wp-content\/uploads\/2022\/03\/CACHEMIRE.jpg","contentUrl":"https:\/\/toysmaniacornermonaco.com\/wp-content\/uploads\/2022\/03\/CACHEMIRE.jpg","width":600,"height":600},{"@type":"BreadcrumbList","@id":"https:\/\/toysmaniacornermonaco.com\/produit\/parfum-dambiance-bois-de-cachemire\/#breadcrumb","itemListElement":[{"@type":"ListItem","position":1,"name":"Accueil","item":"https:\/\/toysmaniacornermonaco.com\/en\/"},{"@type":"ListItem","position":2,"name":"Shop","item":"https:\/\/toysmaniacornermonaco.com\/en\/shop\/"},{"@type":"ListItem","position":3,"name":"Parfum d&#8217;Ambiance BOIS DE CACHEMIRE"}]},{"@type":"WebSite","@id":"https:\/\/toysmaniacornermonaco.com\/#website","url":"https:\/\/toysmaniacornermonaco.com\/","name":"TOY&#039;S MANIA","description":"VOTRE CONCEPT STORE \u00c0 MONACO","potentialAction":[{"@type":"SearchAction","target":{"@type":"EntryPoint","urlTemplate":"https:\/\/toysmaniacornermonaco.com\/?s={search_term_string}"},"query-input":"required name=search_term_string"}],"inLanguage":"en-US"}]}},"_links":{"self":[{"href":"https:\/\/toysmaniacornermonaco.com\/en\/wp-json\/wp\/v2\/product\/2983","targetHints":{"allow":["GET"]}}],"collection":[{"href":"https:\/\/toysmaniacornermonaco.com\/en\/wp-json\/wp\/v2\/product"}],"about":[{"href":"https:\/\/toysmaniacornermonaco.com\/en\/wp-json\/wp\/v2\/types\/product"}],"replies":[{"embeddable":true,"href":"https:\/\/toysmaniacornermonaco.com\/en\/wp-json\/wp\/v2\/comments?post=2983"}],"wp:featuredmedia":[{"embeddable":true,"href":"https:\/\/toysmaniacornermonaco.com\/en\/wp-json\/wp\/v2\/media\/1356"}],"wp:attachment":[{"href":"https:\/\/toysmaniacornermonaco.com\/en\/wp-json\/wp\/v2\/media?parent=2983"}],"wp:term":[{"taxonomy":"product_cat","embeddable":true,"href":"https:\/\/toysmaniacornermonaco.com\/en\/wp-json\/wp\/v2\/product_cat?post=2983"},{"taxonomy":"product_tag","embeddable":true,"href":"https:\/\/toysmaniacornermonaco.com\/en\/wp-json\/wp\/v2\/product_tag?post=2983"}],"curies":[{"name":"wp","href":"https:\/\/api.w.org\/{rel}","templated":true}]}}