{"id":2984,"date":"2022-03-24T12:37:00","date_gmt":"2022-03-24T11:37:00","guid":{"rendered":"https:\/\/toys-mania-dev.jupiter.cdigital.fr\/produit\/parfum-dambiance-fleur-de-coton\/"},"modified":"2024-01-24T16:07:49","modified_gmt":"2024-01-24T15:07:49","slug":"parfum-dambiance-fleur-de-coton","status":"publish","type":"product","link":"https:\/\/toysmaniacornermonaco.com\/en\/produit\/parfum-dambiance-fleur-de-coton\/","title":{"rendered":"Parfum d&#8217;Ambiance FLEUR DE COTON"},"content":{"rendered":"<p>Le parfum d\u0092ambiance Durance<\/p>\n<p>Ce parfum pour la maison, aux notes tendres et d\u00e9licates cr\u00e9era instantan\u00e9ment une atmosph\u00e8re douce et cocooning dans votre int\u00e9rieur. Pratique et efficace, il parfume intens\u00e9ment toutes les pi\u00e8ces de votre maison.<\/p>\n<p>Le parfum Fleur de Coton<\/p>\n<p>Toute la douceur du coton d\u00e9voil\u00e9e par une fragrance aux notes musqu\u00e9es, pleine de tendresse pour une ambiance cocooning.<\/p>\n<p>Le nez raconte le parfum:<\/p>\n<p>Si la tendresse avait un Parfum \u0085!<\/p>\n<p>Pi\u00e8ce : Chambre, salle de bain, salon, bureau<br \/>\nSaison: Toute l\u0092ann\u00e9e<br \/>\nFamille : Les Doux<br \/>\nAmbiance: R\u00e9confortante \/ El\u00e9gante<\/p>\n","protected":false},"excerpt":{"rendered":"Le parfum d\u0092ambiance Durance Ce parfum pour la maison, aux notes tendres et d\u00e9licates cr\u00e9era instantan\u00e9ment une atmosph\u00e8re douce et cocooning dans votre int\u00e9rieur. Pratique et efficace, il parfume intens\u00e9ment toutes les pi\u00e8ces de votre maison. Le parfum Fleur de Coton Toute la douceur du coton d\u00e9voil\u00e9e par une fragrance aux notes musqu\u00e9es, pleine de&#8230; <a class=\"view-article\" href=\"https:\/\/toysmaniacornermonaco.com\/en\/produit\/parfum-dambiance-fleur-de-coton\/\">View Article<\/a>","protected":false},"featured_media":2129,"comment_status":"open","ping_status":"closed","template":"","meta":{"_acf_changed":false},"product_cat":[387],"product_tag":[],"class_list":{"0":"post-2984","1":"product","2":"type-product","3":"status-publish","4":"has-post-thumbnail","6":"marque-durance-en","7":"idee_cadeau-women","8":"product_cat-perfumes-and-scents","9":"product_shipping_class-petitcolis-en","11":"first","12":"instock","13":"taxable","14":"shipping-taxable","15":"purchasable","16":"product-type-simple"},"acf":[],"yoast_head":"<!-- This site is optimized with the Yoast SEO plugin v22.3 - https:\/\/yoast.com\/wordpress\/plugins\/seo\/ -->\n<title>Parfum d&#039;Ambiance FLEUR DE COTON - TOY&#039;S MANIA<\/title>\n<meta name=\"robots\" content=\"index, follow, max-snippet:-1, max-image-preview:large, max-video-preview:-1\" \/>\n<link rel=\"canonical\" href=\"https:\/\/toysmaniacornermonaco.com\/produit\/parfum-dambiance-fleur-de-coton\/\" \/>\n<meta property=\"og:locale\" content=\"en_US\" \/>\n<meta property=\"og:type\" content=\"article\" \/>\n<meta property=\"og:title\" content=\"Parfum d&#039;Ambiance FLEUR DE COTON - TOY&#039;S MANIA\" \/>\n<meta property=\"og:description\" content=\"Le parfum d\u0092ambiance Durance Ce parfum pour la maison, aux notes tendres et d\u00e9licates cr\u00e9era instantan\u00e9ment une atmosph\u00e8re douce et cocooning dans votre int\u00e9rieur. Pratique et efficace, il parfume intens\u00e9ment toutes les pi\u00e8ces de votre maison. Le parfum Fleur de Coton Toute la douceur du coton d\u00e9voil\u00e9e par une fragrance aux notes musqu\u00e9es, pleine de... View Article\" \/>\n<meta property=\"og:url\" content=\"https:\/\/toysmaniacornermonaco.com\/produit\/parfum-dambiance-fleur-de-coton\/\" \/>\n<meta property=\"og:site_name\" content=\"TOY&#039;S MANIA\" \/>\n<meta property=\"article:modified_time\" content=\"2024-01-24T15:07:49+00:00\" \/>\n<meta property=\"og:image\" content=\"https:\/\/toysmaniacornermonaco.com\/wp-content\/uploads\/2022\/03\/COTON.jpg\" \/>\n\t<meta property=\"og:image:width\" content=\"600\" \/>\n\t<meta property=\"og:image:height\" content=\"600\" \/>\n\t<meta property=\"og:image:type\" content=\"image\/jpeg\" \/>\n<meta name=\"twitter:card\" content=\"summary_large_image\" \/>\n<meta name=\"twitter:label1\" content=\"Est. reading time\" \/>\n\t<meta name=\"twitter:data1\" content=\"1 minute\" \/>\n<script type=\"application\/ld+json\" class=\"yoast-schema-graph\">{\"@context\":\"https:\/\/schema.org\",\"@graph\":[{\"@type\":\"WebPage\",\"@id\":\"https:\/\/toysmaniacornermonaco.com\/produit\/parfum-dambiance-fleur-de-coton\/\",\"url\":\"https:\/\/toysmaniacornermonaco.com\/produit\/parfum-dambiance-fleur-de-coton\/\",\"name\":\"Parfum d'Ambiance FLEUR DE COTON - TOY&#039;S MANIA\",\"isPartOf\":{\"@id\":\"https:\/\/toysmaniacornermonaco.com\/#website\"},\"primaryImageOfPage\":{\"@id\":\"https:\/\/toysmaniacornermonaco.com\/produit\/parfum-dambiance-fleur-de-coton\/#primaryimage\"},\"image\":{\"@id\":\"https:\/\/toysmaniacornermonaco.com\/produit\/parfum-dambiance-fleur-de-coton\/#primaryimage\"},\"thumbnailUrl\":\"https:\/\/toysmaniacornermonaco.com\/wp-content\/uploads\/2022\/03\/COTON.jpg\",\"datePublished\":\"2022-03-24T11:37:00+00:00\",\"dateModified\":\"2024-01-24T15:07:49+00:00\",\"breadcrumb\":{\"@id\":\"https:\/\/toysmaniacornermonaco.com\/produit\/parfum-dambiance-fleur-de-coton\/#breadcrumb\"},\"inLanguage\":\"en-US\",\"potentialAction\":[{\"@type\":\"ReadAction\",\"target\":[\"https:\/\/toysmaniacornermonaco.com\/produit\/parfum-dambiance-fleur-de-coton\/\"]}]},{\"@type\":\"ImageObject\",\"inLanguage\":\"en-US\",\"@id\":\"https:\/\/toysmaniacornermonaco.com\/produit\/parfum-dambiance-fleur-de-coton\/#primaryimage\",\"url\":\"https:\/\/toysmaniacornermonaco.com\/wp-content\/uploads\/2022\/03\/COTON.jpg\",\"contentUrl\":\"https:\/\/toysmaniacornermonaco.com\/wp-content\/uploads\/2022\/03\/COTON.jpg\",\"width\":600,\"height\":600},{\"@type\":\"BreadcrumbList\",\"@id\":\"https:\/\/toysmaniacornermonaco.com\/produit\/parfum-dambiance-fleur-de-coton\/#breadcrumb\",\"itemListElement\":[{\"@type\":\"ListItem\",\"position\":1,\"name\":\"Accueil\",\"item\":\"https:\/\/toysmaniacornermonaco.com\/en\/\"},{\"@type\":\"ListItem\",\"position\":2,\"name\":\"Shop\",\"item\":\"https:\/\/toysmaniacornermonaco.com\/en\/shop\/\"},{\"@type\":\"ListItem\",\"position\":3,\"name\":\"Parfum d&#8217;Ambiance FLEUR DE COTON\"}]},{\"@type\":\"WebSite\",\"@id\":\"https:\/\/toysmaniacornermonaco.com\/#website\",\"url\":\"https:\/\/toysmaniacornermonaco.com\/\",\"name\":\"TOY&#039;S MANIA\",\"description\":\"VOTRE CONCEPT STORE \u00c0 MONACO\",\"potentialAction\":[{\"@type\":\"SearchAction\",\"target\":{\"@type\":\"EntryPoint\",\"urlTemplate\":\"https:\/\/toysmaniacornermonaco.com\/?s={search_term_string}\"},\"query-input\":\"required name=search_term_string\"}],\"inLanguage\":\"en-US\"}]}<\/script>\n<!-- \/ Yoast SEO plugin. -->","yoast_head_json":{"title":"Parfum d'Ambiance FLEUR DE COTON - TOY&#039;S MANIA","robots":{"index":"index","follow":"follow","max-snippet":"max-snippet:-1","max-image-preview":"max-image-preview:large","max-video-preview":"max-video-preview:-1"},"canonical":"https:\/\/toysmaniacornermonaco.com\/produit\/parfum-dambiance-fleur-de-coton\/","og_locale":"en_US","og_type":"article","og_title":"Parfum d'Ambiance FLEUR DE COTON - TOY&#039;S MANIA","og_description":"Le parfum d\u0092ambiance Durance Ce parfum pour la maison, aux notes tendres et d\u00e9licates cr\u00e9era instantan\u00e9ment une atmosph\u00e8re douce et cocooning dans votre int\u00e9rieur. Pratique et efficace, il parfume intens\u00e9ment toutes les pi\u00e8ces de votre maison. Le parfum Fleur de Coton Toute la douceur du coton d\u00e9voil\u00e9e par une fragrance aux notes musqu\u00e9es, pleine de... View Article","og_url":"https:\/\/toysmaniacornermonaco.com\/produit\/parfum-dambiance-fleur-de-coton\/","og_site_name":"TOY&#039;S MANIA","article_modified_time":"2024-01-24T15:07:49+00:00","og_image":[{"width":600,"height":600,"url":"https:\/\/toysmaniacornermonaco.com\/wp-content\/uploads\/2022\/03\/COTON.jpg","type":"image\/jpeg"}],"twitter_card":"summary_large_image","twitter_misc":{"Est. reading time":"1 minute"},"schema":{"@context":"https:\/\/schema.org","@graph":[{"@type":"WebPage","@id":"https:\/\/toysmaniacornermonaco.com\/produit\/parfum-dambiance-fleur-de-coton\/","url":"https:\/\/toysmaniacornermonaco.com\/produit\/parfum-dambiance-fleur-de-coton\/","name":"Parfum d'Ambiance FLEUR DE COTON - TOY&#039;S MANIA","isPartOf":{"@id":"https:\/\/toysmaniacornermonaco.com\/#website"},"primaryImageOfPage":{"@id":"https:\/\/toysmaniacornermonaco.com\/produit\/parfum-dambiance-fleur-de-coton\/#primaryimage"},"image":{"@id":"https:\/\/toysmaniacornermonaco.com\/produit\/parfum-dambiance-fleur-de-coton\/#primaryimage"},"thumbnailUrl":"https:\/\/toysmaniacornermonaco.com\/wp-content\/uploads\/2022\/03\/COTON.jpg","datePublished":"2022-03-24T11:37:00+00:00","dateModified":"2024-01-24T15:07:49+00:00","breadcrumb":{"@id":"https:\/\/toysmaniacornermonaco.com\/produit\/parfum-dambiance-fleur-de-coton\/#breadcrumb"},"inLanguage":"en-US","potentialAction":[{"@type":"ReadAction","target":["https:\/\/toysmaniacornermonaco.com\/produit\/parfum-dambiance-fleur-de-coton\/"]}]},{"@type":"ImageObject","inLanguage":"en-US","@id":"https:\/\/toysmaniacornermonaco.com\/produit\/parfum-dambiance-fleur-de-coton\/#primaryimage","url":"https:\/\/toysmaniacornermonaco.com\/wp-content\/uploads\/2022\/03\/COTON.jpg","contentUrl":"https:\/\/toysmaniacornermonaco.com\/wp-content\/uploads\/2022\/03\/COTON.jpg","width":600,"height":600},{"@type":"BreadcrumbList","@id":"https:\/\/toysmaniacornermonaco.com\/produit\/parfum-dambiance-fleur-de-coton\/#breadcrumb","itemListElement":[{"@type":"ListItem","position":1,"name":"Accueil","item":"https:\/\/toysmaniacornermonaco.com\/en\/"},{"@type":"ListItem","position":2,"name":"Shop","item":"https:\/\/toysmaniacornermonaco.com\/en\/shop\/"},{"@type":"ListItem","position":3,"name":"Parfum d&#8217;Ambiance FLEUR DE COTON"}]},{"@type":"WebSite","@id":"https:\/\/toysmaniacornermonaco.com\/#website","url":"https:\/\/toysmaniacornermonaco.com\/","name":"TOY&#039;S MANIA","description":"VOTRE CONCEPT STORE \u00c0 MONACO","potentialAction":[{"@type":"SearchAction","target":{"@type":"EntryPoint","urlTemplate":"https:\/\/toysmaniacornermonaco.com\/?s={search_term_string}"},"query-input":"required name=search_term_string"}],"inLanguage":"en-US"}]}},"_links":{"self":[{"href":"https:\/\/toysmaniacornermonaco.com\/en\/wp-json\/wp\/v2\/product\/2984","targetHints":{"allow":["GET"]}}],"collection":[{"href":"https:\/\/toysmaniacornermonaco.com\/en\/wp-json\/wp\/v2\/product"}],"about":[{"href":"https:\/\/toysmaniacornermonaco.com\/en\/wp-json\/wp\/v2\/types\/product"}],"replies":[{"embeddable":true,"href":"https:\/\/toysmaniacornermonaco.com\/en\/wp-json\/wp\/v2\/comments?post=2984"}],"wp:featuredmedia":[{"embeddable":true,"href":"https:\/\/toysmaniacornermonaco.com\/en\/wp-json\/wp\/v2\/media\/2129"}],"wp:attachment":[{"href":"https:\/\/toysmaniacornermonaco.com\/en\/wp-json\/wp\/v2\/media?parent=2984"}],"wp:term":[{"taxonomy":"product_cat","embeddable":true,"href":"https:\/\/toysmaniacornermonaco.com\/en\/wp-json\/wp\/v2\/product_cat?post=2984"},{"taxonomy":"product_tag","embeddable":true,"href":"https:\/\/toysmaniacornermonaco.com\/en\/wp-json\/wp\/v2\/product_tag?post=2984"}],"curies":[{"name":"wp","href":"https:\/\/api.w.org\/{rel}","templated":true}]}}