{"id":2992,"date":"2022-03-24T12:36:48","date_gmt":"2022-03-24T11:36:48","guid":{"rendered":"https:\/\/toys-mania-dev.jupiter.cdigital.fr\/produit\/poster-pin-up-sur-le-plongeoir-monte-carlo\/"},"modified":"2022-10-13T14:32:21","modified_gmt":"2022-10-13T12:32:21","slug":"poster-pin-up-sur-le-plongeoir-monte-carlo","status":"publish","type":"product","link":"https:\/\/toysmaniacornermonaco.com\/en\/produit\/poster-pin-up-sur-le-plongeoir-monte-carlo\/","title":{"rendered":"POSTER PIN UP SUR LE PLONGEOIR &#8211; MONTE-CARLO"},"content":{"rendered":"<p>On doit l\u0092image de ce poster Monte-Carlo \u00e0 Jean-Gabriel Domergue, grand illustrateur de pin-up. L\u0092illustration est l\u0092une des nombreuses images glamour que Domergue a r\u00e9alis\u00e9es sur Monaco et Monte-Carlo. On reconnait imm\u00e9diatement la patte de cet artiste : la femme, presque totalement d\u00e9nud\u00e9e, a une silhouette \u00e9lanc\u00e9e, avec des bras, des jambes et surtout un cou d\u0092une longueur d\u00e9fiant les lois de l\u0092anatomie. Dans cette image et dans les autres de cette s\u00e9rie, Domergue s\u0092appuie sur le c\u00f4t\u00e9 glamour de la destination, et le renforce encore. L\u0092image de la pin-up est un t\u00e9moin culturel de l\u0092\u00e9poque, et ce poster Monte-Carlo en est une belle illustration.<\/p>\n","protected":false},"excerpt":{"rendered":"On doit l\u0092image de ce poster Monte-Carlo \u00e0 Jean-Gabriel Domergue, grand illustrateur de pin-up. L\u0092illustration est l\u0092une des nombreuses images glamour que Domergue a r\u00e9alis\u00e9es sur Monaco et Monte-Carlo. On reconnait imm\u00e9diatement la patte de cet artiste : la femme, presque totalement d\u00e9nud\u00e9e, a une silhouette \u00e9lanc\u00e9e, avec des bras, des jambes et surtout un&#8230; <a class=\"view-article\" href=\"https:\/\/toysmaniacornermonaco.com\/en\/produit\/poster-pin-up-sur-le-plongeoir-monte-carlo\/\">View Article<\/a>","protected":false},"featured_media":1276,"comment_status":"open","ping_status":"open","template":"","meta":{"_acf_changed":false},"product_cat":[381],"product_tag":[],"class_list":{"0":"post-2992","1":"product","2":"type-product","3":"status-publish","4":"has-post-thumbnail","6":"marque-monaco-en","7":"idee_cadeau-men","8":"product_cat-decoration-en","9":"product_shipping_class-petitcolis-en","11":"first","12":"instock","13":"taxable","14":"shipping-taxable","15":"purchasable","16":"product-type-simple"},"acf":[],"yoast_head":"<!-- This site is optimized with the Yoast SEO plugin v22.3 - https:\/\/yoast.com\/wordpress\/plugins\/seo\/ -->\n<title>POSTER PIN UP SUR LE PLONGEOIR - MONTE-CARLO - TOY&#039;S MANIA<\/title>\n<meta name=\"robots\" content=\"index, follow, max-snippet:-1, max-image-preview:large, max-video-preview:-1\" \/>\n<link rel=\"canonical\" href=\"https:\/\/toysmaniacornermonaco.com\/en\/produit\/poster-pin-up-sur-le-plongeoir-monte-carlo\/\" \/>\n<meta property=\"og:locale\" content=\"en_US\" \/>\n<meta property=\"og:type\" content=\"article\" \/>\n<meta property=\"og:title\" content=\"POSTER PIN UP SUR LE PLONGEOIR - MONTE-CARLO - TOY&#039;S MANIA\" \/>\n<meta property=\"og:description\" content=\"On doit l\u0092image de ce poster Monte-Carlo \u00e0 Jean-Gabriel Domergue, grand illustrateur de pin-up. L\u0092illustration est l\u0092une des nombreuses images glamour que Domergue a r\u00e9alis\u00e9es sur Monaco et Monte-Carlo. On reconnait imm\u00e9diatement la patte de cet artiste : la femme, presque totalement d\u00e9nud\u00e9e, a une silhouette \u00e9lanc\u00e9e, avec des bras, des jambes et surtout un... View Article\" \/>\n<meta property=\"og:url\" content=\"https:\/\/toysmaniacornermonaco.com\/en\/produit\/poster-pin-up-sur-le-plongeoir-monte-carlo\/\" \/>\n<meta property=\"og:site_name\" content=\"TOY&#039;S MANIA\" \/>\n<meta property=\"article:modified_time\" content=\"2022-10-13T12:32:21+00:00\" \/>\n<meta property=\"og:image\" content=\"https:\/\/toysmaniacornermonaco.com\/wp-content\/uploads\/2022\/03\/50741.jpg\" \/>\n\t<meta property=\"og:image:width\" content=\"800\" \/>\n\t<meta property=\"og:image:height\" content=\"800\" \/>\n\t<meta property=\"og:image:type\" content=\"image\/jpeg\" \/>\n<meta name=\"twitter:card\" content=\"summary_large_image\" \/>\n<meta name=\"twitter:label1\" content=\"Est. reading time\" \/>\n\t<meta name=\"twitter:data1\" content=\"1 minute\" \/>\n<script type=\"application\/ld+json\" class=\"yoast-schema-graph\">{\"@context\":\"https:\/\/schema.org\",\"@graph\":[{\"@type\":\"WebPage\",\"@id\":\"https:\/\/toysmaniacornermonaco.com\/en\/produit\/poster-pin-up-sur-le-plongeoir-monte-carlo\/\",\"url\":\"https:\/\/toysmaniacornermonaco.com\/en\/produit\/poster-pin-up-sur-le-plongeoir-monte-carlo\/\",\"name\":\"POSTER PIN UP SUR LE PLONGEOIR - MONTE-CARLO - TOY&#039;S MANIA\",\"isPartOf\":{\"@id\":\"https:\/\/toysmaniacornermonaco.com\/#website\"},\"primaryImageOfPage\":{\"@id\":\"https:\/\/toysmaniacornermonaco.com\/en\/produit\/poster-pin-up-sur-le-plongeoir-monte-carlo\/#primaryimage\"},\"image\":{\"@id\":\"https:\/\/toysmaniacornermonaco.com\/en\/produit\/poster-pin-up-sur-le-plongeoir-monte-carlo\/#primaryimage\"},\"thumbnailUrl\":\"https:\/\/toysmaniacornermonaco.com\/wp-content\/uploads\/2022\/03\/50741.jpg\",\"datePublished\":\"2022-03-24T11:36:48+00:00\",\"dateModified\":\"2022-10-13T12:32:21+00:00\",\"breadcrumb\":{\"@id\":\"https:\/\/toysmaniacornermonaco.com\/en\/produit\/poster-pin-up-sur-le-plongeoir-monte-carlo\/#breadcrumb\"},\"inLanguage\":\"en-US\",\"potentialAction\":[{\"@type\":\"ReadAction\",\"target\":[\"https:\/\/toysmaniacornermonaco.com\/en\/produit\/poster-pin-up-sur-le-plongeoir-monte-carlo\/\"]}]},{\"@type\":\"ImageObject\",\"inLanguage\":\"en-US\",\"@id\":\"https:\/\/toysmaniacornermonaco.com\/en\/produit\/poster-pin-up-sur-le-plongeoir-monte-carlo\/#primaryimage\",\"url\":\"https:\/\/toysmaniacornermonaco.com\/wp-content\/uploads\/2022\/03\/50741.jpg\",\"contentUrl\":\"https:\/\/toysmaniacornermonaco.com\/wp-content\/uploads\/2022\/03\/50741.jpg\",\"width\":800,\"height\":800},{\"@type\":\"BreadcrumbList\",\"@id\":\"https:\/\/toysmaniacornermonaco.com\/en\/produit\/poster-pin-up-sur-le-plongeoir-monte-carlo\/#breadcrumb\",\"itemListElement\":[{\"@type\":\"ListItem\",\"position\":1,\"name\":\"Accueil\",\"item\":\"https:\/\/toysmaniacornermonaco.com\/en\/\"},{\"@type\":\"ListItem\",\"position\":2,\"name\":\"Shop\",\"item\":\"https:\/\/toysmaniacornermonaco.com\/en\/shop\/\"},{\"@type\":\"ListItem\",\"position\":3,\"name\":\"POSTER PIN UP SUR LE PLONGEOIR &#8211; MONTE-CARLO\"}]},{\"@type\":\"WebSite\",\"@id\":\"https:\/\/toysmaniacornermonaco.com\/#website\",\"url\":\"https:\/\/toysmaniacornermonaco.com\/\",\"name\":\"TOY&#039;S MANIA\",\"description\":\"VOTRE CONCEPT STORE \u00c0 MONACO\",\"potentialAction\":[{\"@type\":\"SearchAction\",\"target\":{\"@type\":\"EntryPoint\",\"urlTemplate\":\"https:\/\/toysmaniacornermonaco.com\/?s={search_term_string}\"},\"query-input\":\"required name=search_term_string\"}],\"inLanguage\":\"en-US\"}]}<\/script>\n<!-- \/ Yoast SEO plugin. -->","yoast_head_json":{"title":"POSTER PIN UP SUR LE PLONGEOIR - MONTE-CARLO - TOY&#039;S MANIA","robots":{"index":"index","follow":"follow","max-snippet":"max-snippet:-1","max-image-preview":"max-image-preview:large","max-video-preview":"max-video-preview:-1"},"canonical":"https:\/\/toysmaniacornermonaco.com\/en\/produit\/poster-pin-up-sur-le-plongeoir-monte-carlo\/","og_locale":"en_US","og_type":"article","og_title":"POSTER PIN UP SUR LE PLONGEOIR - MONTE-CARLO - TOY&#039;S MANIA","og_description":"On doit l\u0092image de ce poster Monte-Carlo \u00e0 Jean-Gabriel Domergue, grand illustrateur de pin-up. L\u0092illustration est l\u0092une des nombreuses images glamour que Domergue a r\u00e9alis\u00e9es sur Monaco et Monte-Carlo. On reconnait imm\u00e9diatement la patte de cet artiste : la femme, presque totalement d\u00e9nud\u00e9e, a une silhouette \u00e9lanc\u00e9e, avec des bras, des jambes et surtout un... View Article","og_url":"https:\/\/toysmaniacornermonaco.com\/en\/produit\/poster-pin-up-sur-le-plongeoir-monte-carlo\/","og_site_name":"TOY&#039;S MANIA","article_modified_time":"2022-10-13T12:32:21+00:00","og_image":[{"width":800,"height":800,"url":"https:\/\/toysmaniacornermonaco.com\/wp-content\/uploads\/2022\/03\/50741.jpg","type":"image\/jpeg"}],"twitter_card":"summary_large_image","twitter_misc":{"Est. reading time":"1 minute"},"schema":{"@context":"https:\/\/schema.org","@graph":[{"@type":"WebPage","@id":"https:\/\/toysmaniacornermonaco.com\/en\/produit\/poster-pin-up-sur-le-plongeoir-monte-carlo\/","url":"https:\/\/toysmaniacornermonaco.com\/en\/produit\/poster-pin-up-sur-le-plongeoir-monte-carlo\/","name":"POSTER PIN UP SUR LE PLONGEOIR - MONTE-CARLO - TOY&#039;S MANIA","isPartOf":{"@id":"https:\/\/toysmaniacornermonaco.com\/#website"},"primaryImageOfPage":{"@id":"https:\/\/toysmaniacornermonaco.com\/en\/produit\/poster-pin-up-sur-le-plongeoir-monte-carlo\/#primaryimage"},"image":{"@id":"https:\/\/toysmaniacornermonaco.com\/en\/produit\/poster-pin-up-sur-le-plongeoir-monte-carlo\/#primaryimage"},"thumbnailUrl":"https:\/\/toysmaniacornermonaco.com\/wp-content\/uploads\/2022\/03\/50741.jpg","datePublished":"2022-03-24T11:36:48+00:00","dateModified":"2022-10-13T12:32:21+00:00","breadcrumb":{"@id":"https:\/\/toysmaniacornermonaco.com\/en\/produit\/poster-pin-up-sur-le-plongeoir-monte-carlo\/#breadcrumb"},"inLanguage":"en-US","potentialAction":[{"@type":"ReadAction","target":["https:\/\/toysmaniacornermonaco.com\/en\/produit\/poster-pin-up-sur-le-plongeoir-monte-carlo\/"]}]},{"@type":"ImageObject","inLanguage":"en-US","@id":"https:\/\/toysmaniacornermonaco.com\/en\/produit\/poster-pin-up-sur-le-plongeoir-monte-carlo\/#primaryimage","url":"https:\/\/toysmaniacornermonaco.com\/wp-content\/uploads\/2022\/03\/50741.jpg","contentUrl":"https:\/\/toysmaniacornermonaco.com\/wp-content\/uploads\/2022\/03\/50741.jpg","width":800,"height":800},{"@type":"BreadcrumbList","@id":"https:\/\/toysmaniacornermonaco.com\/en\/produit\/poster-pin-up-sur-le-plongeoir-monte-carlo\/#breadcrumb","itemListElement":[{"@type":"ListItem","position":1,"name":"Accueil","item":"https:\/\/toysmaniacornermonaco.com\/en\/"},{"@type":"ListItem","position":2,"name":"Shop","item":"https:\/\/toysmaniacornermonaco.com\/en\/shop\/"},{"@type":"ListItem","position":3,"name":"POSTER PIN UP SUR LE PLONGEOIR &#8211; MONTE-CARLO"}]},{"@type":"WebSite","@id":"https:\/\/toysmaniacornermonaco.com\/#website","url":"https:\/\/toysmaniacornermonaco.com\/","name":"TOY&#039;S MANIA","description":"VOTRE CONCEPT STORE \u00c0 MONACO","potentialAction":[{"@type":"SearchAction","target":{"@type":"EntryPoint","urlTemplate":"https:\/\/toysmaniacornermonaco.com\/?s={search_term_string}"},"query-input":"required name=search_term_string"}],"inLanguage":"en-US"}]}},"_links":{"self":[{"href":"https:\/\/toysmaniacornermonaco.com\/en\/wp-json\/wp\/v2\/product\/2992","targetHints":{"allow":["GET"]}}],"collection":[{"href":"https:\/\/toysmaniacornermonaco.com\/en\/wp-json\/wp\/v2\/product"}],"about":[{"href":"https:\/\/toysmaniacornermonaco.com\/en\/wp-json\/wp\/v2\/types\/product"}],"replies":[{"embeddable":true,"href":"https:\/\/toysmaniacornermonaco.com\/en\/wp-json\/wp\/v2\/comments?post=2992"}],"wp:featuredmedia":[{"embeddable":true,"href":"https:\/\/toysmaniacornermonaco.com\/en\/wp-json\/wp\/v2\/media\/1276"}],"wp:attachment":[{"href":"https:\/\/toysmaniacornermonaco.com\/en\/wp-json\/wp\/v2\/media?parent=2992"}],"wp:term":[{"taxonomy":"product_cat","embeddable":true,"href":"https:\/\/toysmaniacornermonaco.com\/en\/wp-json\/wp\/v2\/product_cat?post=2992"},{"taxonomy":"product_tag","embeddable":true,"href":"https:\/\/toysmaniacornermonaco.com\/en\/wp-json\/wp\/v2\/product_tag?post=2992"}],"curies":[{"name":"wp","href":"https:\/\/api.w.org\/{rel}","templated":true}]}}