{"id":3003,"date":"2022-03-24T12:36:48","date_gmt":"2022-03-24T11:36:48","guid":{"rendered":"https:\/\/toys-mania-dev.jupiter.cdigital.fr\/produit\/sac-pique-nique-iso-toucan\/"},"modified":"2022-12-09T12:47:40","modified_gmt":"2022-12-09T11:47:40","slug":"sac-pique-nique-iso-toucan","status":"publish","type":"product","link":"https:\/\/toysmaniacornermonaco.com\/en\/produit\/sac-pique-nique-iso-toucan\/","title":{"rendered":"SAC PIQUE-NIQUE ISO TOUCAN"},"content":{"rendered":"<p>Sac Pique-nique Isotherme Toucan Party &#8211; Toucan Tropical<\/p>\n<p>Fiche Technique:<\/p>\n<p>Composition: Polypropyl\u00e8ne tiss\u00e9 et imprim\u00e9, Feuille d&#8217;aluminium de 2mm et Mousse Dimensions Hauteur20.5cm Largeur 29cm Profondeur 20cm<\/p>\n","protected":false},"excerpt":{"rendered":"Sac Pique-nique Isotherme Toucan Party &#8211; Toucan Tropical Fiche Technique: Composition: Polypropyl\u00e8ne tiss\u00e9 et imprim\u00e9, Feuille d&#8217;aluminium de 2mm et Mousse Dimensions Hauteur20.5cm Largeur 29cm Profondeur 20cm","protected":false},"featured_media":1303,"comment_status":"open","ping_status":"closed","template":"","meta":{"_acf_changed":false},"product_cat":[383],"product_tag":[],"class_list":{"0":"post-3003","1":"product","2":"type-product","3":"status-publish","4":"has-post-thumbnail","6":"marque-cornersfun-en","7":"idee_cadeau-women","8":"product_cat-bags-and-accessories","9":"product_shipping_class-lettre-suivie","11":"first","12":"instock","13":"taxable","14":"shipping-taxable","15":"purchasable","16":"product-type-simple"},"acf":[],"yoast_head":"<!-- This site is optimized with the Yoast SEO plugin v22.3 - https:\/\/yoast.com\/wordpress\/plugins\/seo\/ -->\n<title>SAC PIQUE-NIQUE ISO TOUCAN - TOY&#039;S MANIA<\/title>\n<meta name=\"robots\" content=\"index, follow, max-snippet:-1, max-image-preview:large, max-video-preview:-1\" \/>\n<link rel=\"canonical\" href=\"https:\/\/toysmaniacornermonaco.com\/produit\/sac-pique-nique-iso-toucan\/\" \/>\n<meta property=\"og:locale\" content=\"en_US\" \/>\n<meta property=\"og:type\" content=\"article\" \/>\n<meta property=\"og:title\" content=\"SAC PIQUE-NIQUE ISO TOUCAN - TOY&#039;S MANIA\" \/>\n<meta property=\"og:description\" content=\"Sac Pique-nique Isotherme Toucan Party &#8211; Toucan Tropical Fiche Technique: Composition: Polypropyl\u00e8ne tiss\u00e9 et imprim\u00e9, Feuille d&#8217;aluminium de 2mm et Mousse Dimensions Hauteur20.5cm Largeur 29cm Profondeur 20cm\" \/>\n<meta property=\"og:url\" content=\"https:\/\/toysmaniacornermonaco.com\/produit\/sac-pique-nique-iso-toucan\/\" \/>\n<meta property=\"og:site_name\" content=\"TOY&#039;S MANIA\" \/>\n<meta property=\"article:modified_time\" content=\"2022-12-09T11:47:40+00:00\" \/>\n<meta property=\"og:image\" content=\"https:\/\/toysmaniacornermonaco.com\/wp-content\/uploads\/2022\/03\/COOLB48.jpg\" \/>\n\t<meta property=\"og:image:width\" content=\"800\" \/>\n\t<meta property=\"og:image:height\" content=\"800\" \/>\n\t<meta property=\"og:image:type\" content=\"image\/jpeg\" \/>\n<meta name=\"twitter:card\" content=\"summary_large_image\" \/>\n<script type=\"application\/ld+json\" class=\"yoast-schema-graph\">{\"@context\":\"https:\/\/schema.org\",\"@graph\":[{\"@type\":\"WebPage\",\"@id\":\"https:\/\/toysmaniacornermonaco.com\/produit\/sac-pique-nique-iso-toucan\/\",\"url\":\"https:\/\/toysmaniacornermonaco.com\/produit\/sac-pique-nique-iso-toucan\/\",\"name\":\"SAC PIQUE-NIQUE ISO TOUCAN - TOY&#039;S MANIA\",\"isPartOf\":{\"@id\":\"https:\/\/toysmaniacornermonaco.com\/#website\"},\"primaryImageOfPage\":{\"@id\":\"https:\/\/toysmaniacornermonaco.com\/produit\/sac-pique-nique-iso-toucan\/#primaryimage\"},\"image\":{\"@id\":\"https:\/\/toysmaniacornermonaco.com\/produit\/sac-pique-nique-iso-toucan\/#primaryimage\"},\"thumbnailUrl\":\"https:\/\/toysmaniacornermonaco.com\/wp-content\/uploads\/2022\/03\/COOLB48.jpg\",\"datePublished\":\"2022-03-24T11:36:48+00:00\",\"dateModified\":\"2022-12-09T11:47:40+00:00\",\"breadcrumb\":{\"@id\":\"https:\/\/toysmaniacornermonaco.com\/produit\/sac-pique-nique-iso-toucan\/#breadcrumb\"},\"inLanguage\":\"en-US\",\"potentialAction\":[{\"@type\":\"ReadAction\",\"target\":[\"https:\/\/toysmaniacornermonaco.com\/produit\/sac-pique-nique-iso-toucan\/\"]}]},{\"@type\":\"ImageObject\",\"inLanguage\":\"en-US\",\"@id\":\"https:\/\/toysmaniacornermonaco.com\/produit\/sac-pique-nique-iso-toucan\/#primaryimage\",\"url\":\"https:\/\/toysmaniacornermonaco.com\/wp-content\/uploads\/2022\/03\/COOLB48.jpg\",\"contentUrl\":\"https:\/\/toysmaniacornermonaco.com\/wp-content\/uploads\/2022\/03\/COOLB48.jpg\",\"width\":800,\"height\":800},{\"@type\":\"BreadcrumbList\",\"@id\":\"https:\/\/toysmaniacornermonaco.com\/produit\/sac-pique-nique-iso-toucan\/#breadcrumb\",\"itemListElement\":[{\"@type\":\"ListItem\",\"position\":1,\"name\":\"Accueil\",\"item\":\"https:\/\/toysmaniacornermonaco.com\/en\/\"},{\"@type\":\"ListItem\",\"position\":2,\"name\":\"Shop\",\"item\":\"https:\/\/toysmaniacornermonaco.com\/en\/shop\/\"},{\"@type\":\"ListItem\",\"position\":3,\"name\":\"SAC PIQUE-NIQUE ISO TOUCAN\"}]},{\"@type\":\"WebSite\",\"@id\":\"https:\/\/toysmaniacornermonaco.com\/#website\",\"url\":\"https:\/\/toysmaniacornermonaco.com\/\",\"name\":\"TOY&#039;S MANIA\",\"description\":\"VOTRE CONCEPT STORE \u00c0 MONACO\",\"potentialAction\":[{\"@type\":\"SearchAction\",\"target\":{\"@type\":\"EntryPoint\",\"urlTemplate\":\"https:\/\/toysmaniacornermonaco.com\/?s={search_term_string}\"},\"query-input\":\"required name=search_term_string\"}],\"inLanguage\":\"en-US\"}]}<\/script>\n<!-- \/ Yoast SEO plugin. -->","yoast_head_json":{"title":"SAC PIQUE-NIQUE ISO TOUCAN - TOY&#039;S MANIA","robots":{"index":"index","follow":"follow","max-snippet":"max-snippet:-1","max-image-preview":"max-image-preview:large","max-video-preview":"max-video-preview:-1"},"canonical":"https:\/\/toysmaniacornermonaco.com\/produit\/sac-pique-nique-iso-toucan\/","og_locale":"en_US","og_type":"article","og_title":"SAC PIQUE-NIQUE ISO TOUCAN - TOY&#039;S MANIA","og_description":"Sac Pique-nique Isotherme Toucan Party &#8211; Toucan Tropical Fiche Technique: Composition: Polypropyl\u00e8ne tiss\u00e9 et imprim\u00e9, Feuille d&#8217;aluminium de 2mm et Mousse Dimensions Hauteur20.5cm Largeur 29cm Profondeur 20cm","og_url":"https:\/\/toysmaniacornermonaco.com\/produit\/sac-pique-nique-iso-toucan\/","og_site_name":"TOY&#039;S MANIA","article_modified_time":"2022-12-09T11:47:40+00:00","og_image":[{"width":800,"height":800,"url":"https:\/\/toysmaniacornermonaco.com\/wp-content\/uploads\/2022\/03\/COOLB48.jpg","type":"image\/jpeg"}],"twitter_card":"summary_large_image","schema":{"@context":"https:\/\/schema.org","@graph":[{"@type":"WebPage","@id":"https:\/\/toysmaniacornermonaco.com\/produit\/sac-pique-nique-iso-toucan\/","url":"https:\/\/toysmaniacornermonaco.com\/produit\/sac-pique-nique-iso-toucan\/","name":"SAC PIQUE-NIQUE ISO TOUCAN - TOY&#039;S MANIA","isPartOf":{"@id":"https:\/\/toysmaniacornermonaco.com\/#website"},"primaryImageOfPage":{"@id":"https:\/\/toysmaniacornermonaco.com\/produit\/sac-pique-nique-iso-toucan\/#primaryimage"},"image":{"@id":"https:\/\/toysmaniacornermonaco.com\/produit\/sac-pique-nique-iso-toucan\/#primaryimage"},"thumbnailUrl":"https:\/\/toysmaniacornermonaco.com\/wp-content\/uploads\/2022\/03\/COOLB48.jpg","datePublished":"2022-03-24T11:36:48+00:00","dateModified":"2022-12-09T11:47:40+00:00","breadcrumb":{"@id":"https:\/\/toysmaniacornermonaco.com\/produit\/sac-pique-nique-iso-toucan\/#breadcrumb"},"inLanguage":"en-US","potentialAction":[{"@type":"ReadAction","target":["https:\/\/toysmaniacornermonaco.com\/produit\/sac-pique-nique-iso-toucan\/"]}]},{"@type":"ImageObject","inLanguage":"en-US","@id":"https:\/\/toysmaniacornermonaco.com\/produit\/sac-pique-nique-iso-toucan\/#primaryimage","url":"https:\/\/toysmaniacornermonaco.com\/wp-content\/uploads\/2022\/03\/COOLB48.jpg","contentUrl":"https:\/\/toysmaniacornermonaco.com\/wp-content\/uploads\/2022\/03\/COOLB48.jpg","width":800,"height":800},{"@type":"BreadcrumbList","@id":"https:\/\/toysmaniacornermonaco.com\/produit\/sac-pique-nique-iso-toucan\/#breadcrumb","itemListElement":[{"@type":"ListItem","position":1,"name":"Accueil","item":"https:\/\/toysmaniacornermonaco.com\/en\/"},{"@type":"ListItem","position":2,"name":"Shop","item":"https:\/\/toysmaniacornermonaco.com\/en\/shop\/"},{"@type":"ListItem","position":3,"name":"SAC PIQUE-NIQUE ISO TOUCAN"}]},{"@type":"WebSite","@id":"https:\/\/toysmaniacornermonaco.com\/#website","url":"https:\/\/toysmaniacornermonaco.com\/","name":"TOY&#039;S MANIA","description":"VOTRE CONCEPT STORE \u00c0 MONACO","potentialAction":[{"@type":"SearchAction","target":{"@type":"EntryPoint","urlTemplate":"https:\/\/toysmaniacornermonaco.com\/?s={search_term_string}"},"query-input":"required name=search_term_string"}],"inLanguage":"en-US"}]}},"_links":{"self":[{"href":"https:\/\/toysmaniacornermonaco.com\/en\/wp-json\/wp\/v2\/product\/3003","targetHints":{"allow":["GET"]}}],"collection":[{"href":"https:\/\/toysmaniacornermonaco.com\/en\/wp-json\/wp\/v2\/product"}],"about":[{"href":"https:\/\/toysmaniacornermonaco.com\/en\/wp-json\/wp\/v2\/types\/product"}],"replies":[{"embeddable":true,"href":"https:\/\/toysmaniacornermonaco.com\/en\/wp-json\/wp\/v2\/comments?post=3003"}],"wp:featuredmedia":[{"embeddable":true,"href":"https:\/\/toysmaniacornermonaco.com\/en\/wp-json\/wp\/v2\/media\/1303"}],"wp:attachment":[{"href":"https:\/\/toysmaniacornermonaco.com\/en\/wp-json\/wp\/v2\/media?parent=3003"}],"wp:term":[{"taxonomy":"product_cat","embeddable":true,"href":"https:\/\/toysmaniacornermonaco.com\/en\/wp-json\/wp\/v2\/product_cat?post=3003"},{"taxonomy":"product_tag","embeddable":true,"href":"https:\/\/toysmaniacornermonaco.com\/en\/wp-json\/wp\/v2\/product_tag?post=3003"}],"curies":[{"name":"wp","href":"https:\/\/api.w.org\/{rel}","templated":true}]}}