{"id":3013,"date":"2022-03-24T12:36:35","date_gmt":"2022-03-24T11:36:35","guid":{"rendered":"https:\/\/toys-mania-dev.jupiter.cdigital.fr\/produit\/mova-globe-blanc-et-or\/"},"modified":"2022-10-13T16:28:49","modified_gmt":"2022-10-13T14:28:49","slug":"mova-globe-blanc-et-or","status":"publish","type":"product","link":"https:\/\/toysmaniacornermonaco.com\/en\/produit\/mova-globe-blanc-et-or\/","title":{"rendered":"MOVA GLOBE BLANC ET OR"},"content":{"rendered":"<p>Dimension : Diam\u00e8tre 4,5&#8242;<br \/>\nCe design sophistiqu\u00e9 de blanc et de globe a fi\u00e8re allure dans toutes les pi\u00e8ces et encore plus lorsqu&#8217;il attire la lumi\u00e8re.<br \/>\nSi le luxe est votre style, cette conception de globe ne manquera pas de plaire. \u00c0 voir, la carte pr\u00e9sente une toile oc\u00e9anique d&#8217;un blanc \u00e9clatant, d\u00e9cor\u00e9e de lignes \u00e9pur\u00e9es, de d\u00e9tai0,100 bien trac\u00e9s au crayon et de continents dor\u00e9s et luisants qui brillent \u00e0 la lumi\u00e8re. C&#8217;est un choix de couleurs audacieux dans sa simplicit\u00e9, mais ind\u00e9niable dans son \u00e9l\u00e9gance &#8211; la nouvelle \u00abr\u00e8gle d&#8217;or\u00bb pour vos besoins de d\u00e9coration urbaine moderne.<br \/>\nUn design original MOVA<br \/>\nComprend des lignes de latitude et de longitude<br \/>\nTourne en utilisant la lumi\u00e8re ambiante<br \/>\nLes aimants cach\u00e9s permettent le mouvement<br \/>\nPas de cordes ni de piles<br \/>\nNous avons pris le globe classique que vous connaissez et l&#8217;avons mis \u00e0 jour avec notre technologie brevet\u00e9e. Notre carte du monde Les globes MOVA sont magnifiques. Vous trouverez un assortiment de motifs &#8211; de la carte en relief \u00e0 la carte antique. I0,100 offrent un choix \u00e9ducatif et \u00e9l\u00e9gant pour votre maison ou votre espace de travail. Chaque globe est fait \u00e0 la main et tourne sans fi0,100 ni piles.<br \/>\nCe sont les globes \u00e9ducatifs du monde dont vous vous souvenez quand vous \u00e9tiez enfant, mais avec un look \u00e9l\u00e9gant et des fonctionnalit\u00e9s mises \u00e0 jour qui en font un d\u00e9cor moderne indispensable.<\/p>\n","protected":false},"excerpt":{"rendered":"Dimension : Diam\u00e8tre 4,5&#8242; Ce design sophistiqu\u00e9 de blanc et de globe a fi\u00e8re allure dans toutes les pi\u00e8ces et encore plus lorsqu&#8217;il attire la lumi\u00e8re. Si le luxe est votre style, cette conception de globe ne manquera pas de plaire. \u00c0 voir, la carte pr\u00e9sente une toile oc\u00e9anique d&#8217;un blanc \u00e9clatant, d\u00e9cor\u00e9e de lignes&#8230; <a class=\"view-article\" href=\"https:\/\/toysmaniacornermonaco.com\/en\/produit\/mova-globe-blanc-et-or\/\">View Article<\/a>","protected":false},"featured_media":3898,"comment_status":"open","ping_status":"closed","template":"","meta":{"_acf_changed":false},"product_cat":[381],"product_tag":[],"class_list":{"0":"post-3013","1":"product","2":"type-product","3":"status-publish","4":"has-post-thumbnail","6":"marque-mova-en","7":"idee_cadeau-children","8":"idee_cadeau-men","9":"idee_cadeau-women","10":"product_cat-decoration-en","11":"product_shipping_class-petitcolis-en","13":"first","14":"instock","15":"taxable","16":"shipping-taxable","17":"purchasable","18":"product-type-simple"},"acf":[],"yoast_head":"<!-- This site is optimized with the Yoast SEO plugin v22.3 - https:\/\/yoast.com\/wordpress\/plugins\/seo\/ -->\n<title>MOVA GLOBE BLANC ET OR - TOY&#039;S MANIA<\/title>\n<meta name=\"robots\" content=\"index, follow, max-snippet:-1, max-image-preview:large, max-video-preview:-1\" \/>\n<link rel=\"canonical\" href=\"https:\/\/toysmaniacornermonaco.com\/en\/produit\/mova-globe-blanc-et-or\/\" \/>\n<meta property=\"og:locale\" content=\"en_US\" \/>\n<meta property=\"og:type\" content=\"article\" \/>\n<meta property=\"og:title\" content=\"MOVA GLOBE BLANC ET OR - TOY&#039;S MANIA\" \/>\n<meta property=\"og:description\" content=\"Dimension : Diam\u00e8tre 4,5&#8242; Ce design sophistiqu\u00e9 de blanc et de globe a fi\u00e8re allure dans toutes les pi\u00e8ces et encore plus lorsqu&#8217;il attire la lumi\u00e8re. Si le luxe est votre style, cette conception de globe ne manquera pas de plaire. \u00c0 voir, la carte pr\u00e9sente une toile oc\u00e9anique d&#8217;un blanc \u00e9clatant, d\u00e9cor\u00e9e de lignes... View Article\" \/>\n<meta property=\"og:url\" content=\"https:\/\/toysmaniacornermonaco.com\/en\/produit\/mova-globe-blanc-et-or\/\" \/>\n<meta property=\"og:site_name\" content=\"TOY&#039;S MANIA\" \/>\n<meta property=\"article:modified_time\" content=\"2022-10-13T14:28:49+00:00\" \/>\n<meta property=\"og:image\" content=\"https:\/\/toysmaniacornermonaco.com\/wp-content\/uploads\/2022\/03\/MG45WGE_4.jpg\" \/>\n\t<meta property=\"og:image:width\" content=\"1024\" \/>\n\t<meta property=\"og:image:height\" content=\"683\" \/>\n\t<meta property=\"og:image:type\" content=\"image\/jpeg\" \/>\n<meta name=\"twitter:card\" content=\"summary_large_image\" \/>\n<meta name=\"twitter:label1\" content=\"Est. reading time\" \/>\n\t<meta name=\"twitter:data1\" content=\"2 minutes\" \/>\n<script type=\"application\/ld+json\" class=\"yoast-schema-graph\">{\"@context\":\"https:\/\/schema.org\",\"@graph\":[{\"@type\":\"WebPage\",\"@id\":\"https:\/\/toysmaniacornermonaco.com\/en\/produit\/mova-globe-blanc-et-or\/\",\"url\":\"https:\/\/toysmaniacornermonaco.com\/en\/produit\/mova-globe-blanc-et-or\/\",\"name\":\"MOVA GLOBE BLANC ET OR - TOY&#039;S MANIA\",\"isPartOf\":{\"@id\":\"https:\/\/toysmaniacornermonaco.com\/#website\"},\"primaryImageOfPage\":{\"@id\":\"https:\/\/toysmaniacornermonaco.com\/en\/produit\/mova-globe-blanc-et-or\/#primaryimage\"},\"image\":{\"@id\":\"https:\/\/toysmaniacornermonaco.com\/en\/produit\/mova-globe-blanc-et-or\/#primaryimage\"},\"thumbnailUrl\":\"https:\/\/toysmaniacornermonaco.com\/wp-content\/uploads\/2022\/03\/MG45WGE_4.jpg\",\"datePublished\":\"2022-03-24T11:36:35+00:00\",\"dateModified\":\"2022-10-13T14:28:49+00:00\",\"breadcrumb\":{\"@id\":\"https:\/\/toysmaniacornermonaco.com\/en\/produit\/mova-globe-blanc-et-or\/#breadcrumb\"},\"inLanguage\":\"en-US\",\"potentialAction\":[{\"@type\":\"ReadAction\",\"target\":[\"https:\/\/toysmaniacornermonaco.com\/en\/produit\/mova-globe-blanc-et-or\/\"]}]},{\"@type\":\"ImageObject\",\"inLanguage\":\"en-US\",\"@id\":\"https:\/\/toysmaniacornermonaco.com\/en\/produit\/mova-globe-blanc-et-or\/#primaryimage\",\"url\":\"https:\/\/toysmaniacornermonaco.com\/wp-content\/uploads\/2022\/03\/MG45WGE_4.jpg\",\"contentUrl\":\"https:\/\/toysmaniacornermonaco.com\/wp-content\/uploads\/2022\/03\/MG45WGE_4.jpg\",\"width\":1024,\"height\":683},{\"@type\":\"BreadcrumbList\",\"@id\":\"https:\/\/toysmaniacornermonaco.com\/en\/produit\/mova-globe-blanc-et-or\/#breadcrumb\",\"itemListElement\":[{\"@type\":\"ListItem\",\"position\":1,\"name\":\"Accueil\",\"item\":\"https:\/\/toysmaniacornermonaco.com\/en\/\"},{\"@type\":\"ListItem\",\"position\":2,\"name\":\"Shop\",\"item\":\"https:\/\/toysmaniacornermonaco.com\/en\/shop\/\"},{\"@type\":\"ListItem\",\"position\":3,\"name\":\"MOVA GLOBE BLANC ET OR\"}]},{\"@type\":\"WebSite\",\"@id\":\"https:\/\/toysmaniacornermonaco.com\/#website\",\"url\":\"https:\/\/toysmaniacornermonaco.com\/\",\"name\":\"TOY&#039;S MANIA\",\"description\":\"VOTRE CONCEPT STORE \u00c0 MONACO\",\"potentialAction\":[{\"@type\":\"SearchAction\",\"target\":{\"@type\":\"EntryPoint\",\"urlTemplate\":\"https:\/\/toysmaniacornermonaco.com\/?s={search_term_string}\"},\"query-input\":\"required name=search_term_string\"}],\"inLanguage\":\"en-US\"}]}<\/script>\n<!-- \/ Yoast SEO plugin. -->","yoast_head_json":{"title":"MOVA GLOBE BLANC ET OR - TOY&#039;S MANIA","robots":{"index":"index","follow":"follow","max-snippet":"max-snippet:-1","max-image-preview":"max-image-preview:large","max-video-preview":"max-video-preview:-1"},"canonical":"https:\/\/toysmaniacornermonaco.com\/en\/produit\/mova-globe-blanc-et-or\/","og_locale":"en_US","og_type":"article","og_title":"MOVA GLOBE BLANC ET OR - TOY&#039;S MANIA","og_description":"Dimension : Diam\u00e8tre 4,5&#8242; Ce design sophistiqu\u00e9 de blanc et de globe a fi\u00e8re allure dans toutes les pi\u00e8ces et encore plus lorsqu&#8217;il attire la lumi\u00e8re. Si le luxe est votre style, cette conception de globe ne manquera pas de plaire. \u00c0 voir, la carte pr\u00e9sente une toile oc\u00e9anique d&#8217;un blanc \u00e9clatant, d\u00e9cor\u00e9e de lignes... View Article","og_url":"https:\/\/toysmaniacornermonaco.com\/en\/produit\/mova-globe-blanc-et-or\/","og_site_name":"TOY&#039;S MANIA","article_modified_time":"2022-10-13T14:28:49+00:00","og_image":[{"width":1024,"height":683,"url":"https:\/\/toysmaniacornermonaco.com\/wp-content\/uploads\/2022\/03\/MG45WGE_4.jpg","type":"image\/jpeg"}],"twitter_card":"summary_large_image","twitter_misc":{"Est. reading time":"2 minutes"},"schema":{"@context":"https:\/\/schema.org","@graph":[{"@type":"WebPage","@id":"https:\/\/toysmaniacornermonaco.com\/en\/produit\/mova-globe-blanc-et-or\/","url":"https:\/\/toysmaniacornermonaco.com\/en\/produit\/mova-globe-blanc-et-or\/","name":"MOVA GLOBE BLANC ET OR - TOY&#039;S MANIA","isPartOf":{"@id":"https:\/\/toysmaniacornermonaco.com\/#website"},"primaryImageOfPage":{"@id":"https:\/\/toysmaniacornermonaco.com\/en\/produit\/mova-globe-blanc-et-or\/#primaryimage"},"image":{"@id":"https:\/\/toysmaniacornermonaco.com\/en\/produit\/mova-globe-blanc-et-or\/#primaryimage"},"thumbnailUrl":"https:\/\/toysmaniacornermonaco.com\/wp-content\/uploads\/2022\/03\/MG45WGE_4.jpg","datePublished":"2022-03-24T11:36:35+00:00","dateModified":"2022-10-13T14:28:49+00:00","breadcrumb":{"@id":"https:\/\/toysmaniacornermonaco.com\/en\/produit\/mova-globe-blanc-et-or\/#breadcrumb"},"inLanguage":"en-US","potentialAction":[{"@type":"ReadAction","target":["https:\/\/toysmaniacornermonaco.com\/en\/produit\/mova-globe-blanc-et-or\/"]}]},{"@type":"ImageObject","inLanguage":"en-US","@id":"https:\/\/toysmaniacornermonaco.com\/en\/produit\/mova-globe-blanc-et-or\/#primaryimage","url":"https:\/\/toysmaniacornermonaco.com\/wp-content\/uploads\/2022\/03\/MG45WGE_4.jpg","contentUrl":"https:\/\/toysmaniacornermonaco.com\/wp-content\/uploads\/2022\/03\/MG45WGE_4.jpg","width":1024,"height":683},{"@type":"BreadcrumbList","@id":"https:\/\/toysmaniacornermonaco.com\/en\/produit\/mova-globe-blanc-et-or\/#breadcrumb","itemListElement":[{"@type":"ListItem","position":1,"name":"Accueil","item":"https:\/\/toysmaniacornermonaco.com\/en\/"},{"@type":"ListItem","position":2,"name":"Shop","item":"https:\/\/toysmaniacornermonaco.com\/en\/shop\/"},{"@type":"ListItem","position":3,"name":"MOVA GLOBE BLANC ET OR"}]},{"@type":"WebSite","@id":"https:\/\/toysmaniacornermonaco.com\/#website","url":"https:\/\/toysmaniacornermonaco.com\/","name":"TOY&#039;S MANIA","description":"VOTRE CONCEPT STORE \u00c0 MONACO","potentialAction":[{"@type":"SearchAction","target":{"@type":"EntryPoint","urlTemplate":"https:\/\/toysmaniacornermonaco.com\/?s={search_term_string}"},"query-input":"required name=search_term_string"}],"inLanguage":"en-US"}]}},"_links":{"self":[{"href":"https:\/\/toysmaniacornermonaco.com\/en\/wp-json\/wp\/v2\/product\/3013","targetHints":{"allow":["GET"]}}],"collection":[{"href":"https:\/\/toysmaniacornermonaco.com\/en\/wp-json\/wp\/v2\/product"}],"about":[{"href":"https:\/\/toysmaniacornermonaco.com\/en\/wp-json\/wp\/v2\/types\/product"}],"replies":[{"embeddable":true,"href":"https:\/\/toysmaniacornermonaco.com\/en\/wp-json\/wp\/v2\/comments?post=3013"}],"wp:featuredmedia":[{"embeddable":true,"href":"https:\/\/toysmaniacornermonaco.com\/en\/wp-json\/wp\/v2\/media\/3898"}],"wp:attachment":[{"href":"https:\/\/toysmaniacornermonaco.com\/en\/wp-json\/wp\/v2\/media?parent=3013"}],"wp:term":[{"taxonomy":"product_cat","embeddable":true,"href":"https:\/\/toysmaniacornermonaco.com\/en\/wp-json\/wp\/v2\/product_cat?post=3013"},{"taxonomy":"product_tag","embeddable":true,"href":"https:\/\/toysmaniacornermonaco.com\/en\/wp-json\/wp\/v2\/product_tag?post=3013"}],"curies":[{"name":"wp","href":"https:\/\/api.w.org\/{rel}","templated":true}]}}