{"id":3034,"date":"2022-03-24T12:36:23","date_gmt":"2022-03-24T11:36:23","guid":{"rendered":"https:\/\/toys-mania-dev.jupiter.cdigital.fr\/produit\/mova-globe-6-cobalt-et-argent\/"},"modified":"2022-10-13T16:38:46","modified_gmt":"2022-10-13T14:38:46","slug":"mova-globe-6-cobalt-et-argent","status":"publish","type":"product","link":"https:\/\/toysmaniacornermonaco.com\/en\/produit\/mova-globe-6-cobalt-et-argent\/","title":{"rendered":"MOVA GLOBE 6&#8242; COBALT ET ARGENT"},"content":{"rendered":"<p>Dimension : Diam\u00e8tre 6\u0092<br \/>\nExp\u00e9dition effectu\u00e9e via COLISSIMO LA POSTE, colis suivi recommand\u00e9 Avec Assurance.<br \/>\nNous avons pris le design classique du globe terrestre et avons am\u00e9lior\u00e9 les choses avec cette r\u00e9cr\u00e9ation bleu cobalt et argent.<br \/>\nLes mers d&#8217;un bleu profond sont soulign\u00e9es par des masses continentales d&#8217;argent m\u00e9tallique dans cette mise \u00e0 jour moderne du globe terrestre traditionnel. Sa coloration lui donne l\u0092apparence d\u0092un bel h\u00e9ritage en c\u00e9ramique &#8211; quelque chose de digne d\u0092\u00eatre expos\u00e9 dans un lieu bien en vue.<br \/>\nTourne en utilisant la lumi\u00e8re ambiante<br \/>\nLes aimants cach\u00e9s permettent le mouvement<br \/>\nPas de cordes ni de piles<br \/>\nNous avons pris le globe classique que vous connaissez et l&#8217;avons mis \u00e0 jour avec notre technologie brevet\u00e9e. Notre carte du monde Les globes MOVA sont magnifiques. Vous trouverez un assortiment de motifs &#8211; de la carte en relief \u00e0 la carte antique. I0,100 offrent un choix \u00e9ducatif et \u00e9l\u00e9gant pour votre maison ou votre espace de travail. Chaque globe est fait \u00e0 la main et tourne sans fi0,100 ni piles.<br \/>\nCe sont les globes \u00e9ducatifs du monde dont vous vous souvenez quand vous \u00e9tiez enfant, mais avec un look \u00e9l\u00e9gant et des fonctionnalit\u00e9s mises \u00e0 jour qui en font un d\u00e9cor moderne indispensable.<br \/>\nLes globes MOVA associent des performances sans effort \u00e0 des graphismes accrocheurs. Chaque globe fabriqu\u00e9 \u00e0 la main associe une illustration \u00e9clatante \u00e0 notre technologie brevet\u00e9e pour une rotation sans faille sans piles ni cordons en d\u00e9sordre. Les cellules solaires cach\u00e9es utilisent la lumi\u00e8re ambiante comme source d&#8217;\u00e9nergie, tandis que le champ magn\u00e9tique terrestre fournit le couple n\u00e9cessaire. Ces \u00e9l\u00e9ments fonctionnent \u00e0 l&#8217;unisson pour alimenter un m\u00e9canisme tr\u00e8s silencieux, permettant au globe de tourner dans une coque ext\u00e9rieure transparente. Chaque pi\u00e8ce \u00e9tant assembl\u00e9e avec une telle pr\u00e9cision, il appara\u00eet que les couches interne et externe ne font qu\u0092une seule &#8211; en rotation, sans source d\u0092\u00e9nergie ext\u00e9rieure.<\/p>\n","protected":false},"excerpt":{"rendered":"Dimension : Diam\u00e8tre 6\u0092 Exp\u00e9dition effectu\u00e9e via COLISSIMO LA POSTE, colis suivi recommand\u00e9 Avec Assurance. Nous avons pris le design classique du globe terrestre et avons am\u00e9lior\u00e9 les choses avec cette r\u00e9cr\u00e9ation bleu cobalt et argent. Les mers d&#8217;un bleu profond sont soulign\u00e9es par des masses continentales d&#8217;argent m\u00e9tallique dans cette mise \u00e0 jour moderne&#8230; <a class=\"view-article\" href=\"https:\/\/toysmaniacornermonaco.com\/en\/produit\/mova-globe-6-cobalt-et-argent\/\">View Article<\/a>","protected":false},"featured_media":3974,"comment_status":"open","ping_status":"closed","template":"","meta":{"_acf_changed":false},"product_cat":[381],"product_tag":[],"class_list":{"0":"post-3034","1":"product","2":"type-product","3":"status-publish","4":"has-post-thumbnail","6":"marque-mova-en","7":"idee_cadeau-children","8":"idee_cadeau-men","9":"idee_cadeau-women","10":"product_cat-decoration-en","11":"product_shipping_class-moyencolis-en","13":"first","14":"onbackorder","15":"taxable","16":"shipping-taxable","17":"purchasable","18":"product-type-simple"},"acf":[],"yoast_head":"<!-- This site is optimized with the Yoast SEO plugin v22.3 - https:\/\/yoast.com\/wordpress\/plugins\/seo\/ -->\n<title>MOVA GLOBE 6&#039; COBALT ET ARGENT - TOY&#039;S MANIA<\/title>\n<meta name=\"robots\" content=\"index, follow, max-snippet:-1, max-image-preview:large, max-video-preview:-1\" \/>\n<link rel=\"canonical\" href=\"https:\/\/toysmaniacornermonaco.com\/en\/produit\/mova-globe-6-cobalt-et-argent\/\" \/>\n<meta property=\"og:locale\" content=\"en_US\" \/>\n<meta property=\"og:type\" content=\"article\" \/>\n<meta property=\"og:title\" content=\"MOVA GLOBE 6&#039; COBALT ET ARGENT - TOY&#039;S MANIA\" \/>\n<meta property=\"og:description\" content=\"Dimension : Diam\u00e8tre 6\u0092 Exp\u00e9dition effectu\u00e9e via COLISSIMO LA POSTE, colis suivi recommand\u00e9 Avec Assurance. Nous avons pris le design classique du globe terrestre et avons am\u00e9lior\u00e9 les choses avec cette r\u00e9cr\u00e9ation bleu cobalt et argent. Les mers d&#8217;un bleu profond sont soulign\u00e9es par des masses continentales d&#8217;argent m\u00e9tallique dans cette mise \u00e0 jour moderne... View Article\" \/>\n<meta property=\"og:url\" content=\"https:\/\/toysmaniacornermonaco.com\/en\/produit\/mova-globe-6-cobalt-et-argent\/\" \/>\n<meta property=\"og:site_name\" content=\"TOY&#039;S MANIA\" \/>\n<meta property=\"article:modified_time\" content=\"2022-10-13T14:38:46+00:00\" \/>\n<meta property=\"og:image\" content=\"https:\/\/toysmaniacornermonaco.com\/wp-content\/uploads\/2022\/03\/MG6BSE_3.jpg\" \/>\n\t<meta property=\"og:image:width\" content=\"1024\" \/>\n\t<meta property=\"og:image:height\" content=\"683\" \/>\n\t<meta property=\"og:image:type\" content=\"image\/jpeg\" \/>\n<meta name=\"twitter:card\" content=\"summary_large_image\" \/>\n<meta name=\"twitter:label1\" content=\"Est. reading time\" \/>\n\t<meta name=\"twitter:data1\" content=\"2 minutes\" \/>\n<script type=\"application\/ld+json\" class=\"yoast-schema-graph\">{\"@context\":\"https:\/\/schema.org\",\"@graph\":[{\"@type\":\"WebPage\",\"@id\":\"https:\/\/toysmaniacornermonaco.com\/en\/produit\/mova-globe-6-cobalt-et-argent\/\",\"url\":\"https:\/\/toysmaniacornermonaco.com\/en\/produit\/mova-globe-6-cobalt-et-argent\/\",\"name\":\"MOVA GLOBE 6' COBALT ET ARGENT - TOY&#039;S MANIA\",\"isPartOf\":{\"@id\":\"https:\/\/toysmaniacornermonaco.com\/#website\"},\"primaryImageOfPage\":{\"@id\":\"https:\/\/toysmaniacornermonaco.com\/en\/produit\/mova-globe-6-cobalt-et-argent\/#primaryimage\"},\"image\":{\"@id\":\"https:\/\/toysmaniacornermonaco.com\/en\/produit\/mova-globe-6-cobalt-et-argent\/#primaryimage\"},\"thumbnailUrl\":\"https:\/\/toysmaniacornermonaco.com\/wp-content\/uploads\/2022\/03\/MG6BSE_3.jpg\",\"datePublished\":\"2022-03-24T11:36:23+00:00\",\"dateModified\":\"2022-10-13T14:38:46+00:00\",\"breadcrumb\":{\"@id\":\"https:\/\/toysmaniacornermonaco.com\/en\/produit\/mova-globe-6-cobalt-et-argent\/#breadcrumb\"},\"inLanguage\":\"en-US\",\"potentialAction\":[{\"@type\":\"ReadAction\",\"target\":[\"https:\/\/toysmaniacornermonaco.com\/en\/produit\/mova-globe-6-cobalt-et-argent\/\"]}]},{\"@type\":\"ImageObject\",\"inLanguage\":\"en-US\",\"@id\":\"https:\/\/toysmaniacornermonaco.com\/en\/produit\/mova-globe-6-cobalt-et-argent\/#primaryimage\",\"url\":\"https:\/\/toysmaniacornermonaco.com\/wp-content\/uploads\/2022\/03\/MG6BSE_3.jpg\",\"contentUrl\":\"https:\/\/toysmaniacornermonaco.com\/wp-content\/uploads\/2022\/03\/MG6BSE_3.jpg\",\"width\":1024,\"height\":683},{\"@type\":\"BreadcrumbList\",\"@id\":\"https:\/\/toysmaniacornermonaco.com\/en\/produit\/mova-globe-6-cobalt-et-argent\/#breadcrumb\",\"itemListElement\":[{\"@type\":\"ListItem\",\"position\":1,\"name\":\"Accueil\",\"item\":\"https:\/\/toysmaniacornermonaco.com\/en\/\"},{\"@type\":\"ListItem\",\"position\":2,\"name\":\"Shop\",\"item\":\"https:\/\/toysmaniacornermonaco.com\/en\/shop\/\"},{\"@type\":\"ListItem\",\"position\":3,\"name\":\"MOVA GLOBE 6&#8242; COBALT ET ARGENT\"}]},{\"@type\":\"WebSite\",\"@id\":\"https:\/\/toysmaniacornermonaco.com\/#website\",\"url\":\"https:\/\/toysmaniacornermonaco.com\/\",\"name\":\"TOY&#039;S MANIA\",\"description\":\"VOTRE CONCEPT STORE \u00c0 MONACO\",\"potentialAction\":[{\"@type\":\"SearchAction\",\"target\":{\"@type\":\"EntryPoint\",\"urlTemplate\":\"https:\/\/toysmaniacornermonaco.com\/?s={search_term_string}\"},\"query-input\":\"required name=search_term_string\"}],\"inLanguage\":\"en-US\"}]}<\/script>\n<!-- \/ Yoast SEO plugin. -->","yoast_head_json":{"title":"MOVA GLOBE 6' COBALT ET ARGENT - TOY&#039;S MANIA","robots":{"index":"index","follow":"follow","max-snippet":"max-snippet:-1","max-image-preview":"max-image-preview:large","max-video-preview":"max-video-preview:-1"},"canonical":"https:\/\/toysmaniacornermonaco.com\/en\/produit\/mova-globe-6-cobalt-et-argent\/","og_locale":"en_US","og_type":"article","og_title":"MOVA GLOBE 6' COBALT ET ARGENT - TOY&#039;S MANIA","og_description":"Dimension : Diam\u00e8tre 6\u0092 Exp\u00e9dition effectu\u00e9e via COLISSIMO LA POSTE, colis suivi recommand\u00e9 Avec Assurance. Nous avons pris le design classique du globe terrestre et avons am\u00e9lior\u00e9 les choses avec cette r\u00e9cr\u00e9ation bleu cobalt et argent. Les mers d&#8217;un bleu profond sont soulign\u00e9es par des masses continentales d&#8217;argent m\u00e9tallique dans cette mise \u00e0 jour moderne... View Article","og_url":"https:\/\/toysmaniacornermonaco.com\/en\/produit\/mova-globe-6-cobalt-et-argent\/","og_site_name":"TOY&#039;S MANIA","article_modified_time":"2022-10-13T14:38:46+00:00","og_image":[{"width":1024,"height":683,"url":"https:\/\/toysmaniacornermonaco.com\/wp-content\/uploads\/2022\/03\/MG6BSE_3.jpg","type":"image\/jpeg"}],"twitter_card":"summary_large_image","twitter_misc":{"Est. reading time":"2 minutes"},"schema":{"@context":"https:\/\/schema.org","@graph":[{"@type":"WebPage","@id":"https:\/\/toysmaniacornermonaco.com\/en\/produit\/mova-globe-6-cobalt-et-argent\/","url":"https:\/\/toysmaniacornermonaco.com\/en\/produit\/mova-globe-6-cobalt-et-argent\/","name":"MOVA GLOBE 6' COBALT ET ARGENT - TOY&#039;S MANIA","isPartOf":{"@id":"https:\/\/toysmaniacornermonaco.com\/#website"},"primaryImageOfPage":{"@id":"https:\/\/toysmaniacornermonaco.com\/en\/produit\/mova-globe-6-cobalt-et-argent\/#primaryimage"},"image":{"@id":"https:\/\/toysmaniacornermonaco.com\/en\/produit\/mova-globe-6-cobalt-et-argent\/#primaryimage"},"thumbnailUrl":"https:\/\/toysmaniacornermonaco.com\/wp-content\/uploads\/2022\/03\/MG6BSE_3.jpg","datePublished":"2022-03-24T11:36:23+00:00","dateModified":"2022-10-13T14:38:46+00:00","breadcrumb":{"@id":"https:\/\/toysmaniacornermonaco.com\/en\/produit\/mova-globe-6-cobalt-et-argent\/#breadcrumb"},"inLanguage":"en-US","potentialAction":[{"@type":"ReadAction","target":["https:\/\/toysmaniacornermonaco.com\/en\/produit\/mova-globe-6-cobalt-et-argent\/"]}]},{"@type":"ImageObject","inLanguage":"en-US","@id":"https:\/\/toysmaniacornermonaco.com\/en\/produit\/mova-globe-6-cobalt-et-argent\/#primaryimage","url":"https:\/\/toysmaniacornermonaco.com\/wp-content\/uploads\/2022\/03\/MG6BSE_3.jpg","contentUrl":"https:\/\/toysmaniacornermonaco.com\/wp-content\/uploads\/2022\/03\/MG6BSE_3.jpg","width":1024,"height":683},{"@type":"BreadcrumbList","@id":"https:\/\/toysmaniacornermonaco.com\/en\/produit\/mova-globe-6-cobalt-et-argent\/#breadcrumb","itemListElement":[{"@type":"ListItem","position":1,"name":"Accueil","item":"https:\/\/toysmaniacornermonaco.com\/en\/"},{"@type":"ListItem","position":2,"name":"Shop","item":"https:\/\/toysmaniacornermonaco.com\/en\/shop\/"},{"@type":"ListItem","position":3,"name":"MOVA GLOBE 6&#8242; COBALT ET ARGENT"}]},{"@type":"WebSite","@id":"https:\/\/toysmaniacornermonaco.com\/#website","url":"https:\/\/toysmaniacornermonaco.com\/","name":"TOY&#039;S MANIA","description":"VOTRE CONCEPT STORE \u00c0 MONACO","potentialAction":[{"@type":"SearchAction","target":{"@type":"EntryPoint","urlTemplate":"https:\/\/toysmaniacornermonaco.com\/?s={search_term_string}"},"query-input":"required name=search_term_string"}],"inLanguage":"en-US"}]}},"_links":{"self":[{"href":"https:\/\/toysmaniacornermonaco.com\/en\/wp-json\/wp\/v2\/product\/3034","targetHints":{"allow":["GET"]}}],"collection":[{"href":"https:\/\/toysmaniacornermonaco.com\/en\/wp-json\/wp\/v2\/product"}],"about":[{"href":"https:\/\/toysmaniacornermonaco.com\/en\/wp-json\/wp\/v2\/types\/product"}],"replies":[{"embeddable":true,"href":"https:\/\/toysmaniacornermonaco.com\/en\/wp-json\/wp\/v2\/comments?post=3034"}],"wp:featuredmedia":[{"embeddable":true,"href":"https:\/\/toysmaniacornermonaco.com\/en\/wp-json\/wp\/v2\/media\/3974"}],"wp:attachment":[{"href":"https:\/\/toysmaniacornermonaco.com\/en\/wp-json\/wp\/v2\/media?parent=3034"}],"wp:term":[{"taxonomy":"product_cat","embeddable":true,"href":"https:\/\/toysmaniacornermonaco.com\/en\/wp-json\/wp\/v2\/product_cat?post=3034"},{"taxonomy":"product_tag","embeddable":true,"href":"https:\/\/toysmaniacornermonaco.com\/en\/wp-json\/wp\/v2\/product_tag?post=3034"}],"curies":[{"name":"wp","href":"https:\/\/api.w.org\/{rel}","templated":true}]}}