{"id":3047,"date":"2022-03-24T12:36:11","date_gmt":"2022-03-24T11:36:11","guid":{"rendered":"https:\/\/toys-mania-dev.jupiter.cdigital.fr\/produit\/mova-globe-45-carte-antique-vert\/"},"modified":"2025-01-28T16:58:16","modified_gmt":"2025-01-28T15:58:16","slug":"mova-globe-45-carte-antique-vert","status":"publish","type":"product","link":"https:\/\/toysmaniacornermonaco.com\/en\/produit\/mova-globe-45-carte-antique-vert\/","title":{"rendered":"MOVA GLOBE 4,5&#8242; CARTE ANTIQUE VERT"},"content":{"rendered":"<p>Dimension : Diam\u00e8tre 4,5&#8243;<\/p>\n<p>Ce globe accrocheur pr\u00e9sente des oc\u00e9ans verts d&#8217;\u00e9cume de mer combin\u00e9s \u00e0 une carte vintage de 1790 cr\u00e9\u00e9e par Giovanni Maria Cassini.<br \/>\nOn remarque tout d&#8217;abord la palette de couleurs vert mousse apaisante, qui offre un ton apaisant et serein. Outre son attrait esth\u00e9tique, ce globe est \u00e9galement mis en \u00e9vidence par sa pertinence historique. Il d\u00e9crit les trois voyages effectu\u00e9s par le capitaine James Cook dans un dessin cr\u00e9\u00e9 par Giovanni Maria Cassini en 1790. Une ligne \u00e9cliptique rouge est \u00e9galement pr\u00e9sente, indiquant la position du soleil chaque jour de l&#8217;ann\u00e9e.<br \/>\nCarte antique de 1790<\/p>\n<p>Comprend des lignes de latitude et de longitude<\/p>\n<p>Notez qu&#8217;il n&#8217;y a pas d&#8217;Antarctique parce que James Cook ne croyait pas que cela existait<\/p>\n<p>Tourne en utilisant la lumi\u00e8re ambiante<\/p>\n<p>Les aimants cach\u00e9s permettent le mouvement<\/p>\n<p>Pas de cordes ni de piles<\/p>\n<p>Nous avons pris le globe classique que vous connaissez et l&#8217;avons mis \u00e0 jour avec notre technologie brevet\u00e9e. Les globes MOVA sont magnifiques. Vous trouverez un assortiment de motifs &#8211; de la carte en relief \u00e0 la carte antique\u00a0 offrant un choix \u00e9ducatif et \u00e9l\u00e9gant pour votre maison ou votre espace de travail. Chaque globe est fait \u00e0 la main et tourne sans cordons, ni piles.<\/p>\n<p>Ce sont les globes \u00e9ducatifs du monde dont vous vous souvenez quand vous \u00e9tiez enfant, mais avec un look \u00e9l\u00e9gant et des fonctionnalit\u00e9s mises \u00e0 jour qui en font un d\u00e9cor moderne indispensable.<\/p>\n<p>Les globes MOVA associent des performances sans effort \u00e0 des graphismes accrocheurs. Chaque globe fabriqu\u00e9 \u00e0 la main associe une illustration \u00e9clatante \u00e0 notre technologie brevet\u00e9e pour une rotation sans faille sans piles ni cordons en d\u00e9sordre. Les cellules solaires cach\u00e9es utilisent la lumi\u00e8re ambiante comme source d&#8217;\u00e9nergie, tandis que le champ magn\u00e9tique terrestre fournit le couple n\u00e9cessaire. Ces \u00e9l\u00e9ments fonctionnent \u00e0 l&#8217;unisson pour alimenter un m\u00e9canisme tr\u00e8s silencieux, permettant au globe de tourner dans une coque ext\u00e9rieure transparente.<\/p>\n<p>Chaque pi\u00e8ce \u00e9tant assembl\u00e9e avec une telle pr\u00e9cision, il appara\u00eet que les couches interne et externe ne font qu&#8217;une seule &#8211; en rotation, sans source d&#8217;\u00e9nergie ext\u00e9rieure.<\/p>\n","protected":false},"excerpt":{"rendered":"Dimension : Diam\u00e8tre 4,5&#8243; Ce globe accrocheur pr\u00e9sente des oc\u00e9ans verts d&#8217;\u00e9cume de mer combin\u00e9s \u00e0 une carte vintage de 1790 cr\u00e9\u00e9e par Giovanni Maria Cassini. On remarque tout d&#8217;abord la palette de couleurs vert mousse apaisante, qui offre un ton apaisant et serein. Outre son attrait esth\u00e9tique, ce globe est \u00e9galement mis en \u00e9vidence&#8230; <a class=\"view-article\" href=\"https:\/\/toysmaniacornermonaco.com\/en\/produit\/mova-globe-45-carte-antique-vert\/\">View Article<\/a>","protected":false},"featured_media":3435,"comment_status":"open","ping_status":"closed","template":"","meta":{"_acf_changed":false},"product_cat":[381],"product_tag":[],"class_list":{"0":"post-3047","1":"product","2":"type-product","3":"status-publish","4":"has-post-thumbnail","6":"marque-mova-en","7":"idee_cadeau-children","8":"idee_cadeau-men","9":"idee_cadeau-women","10":"product_cat-decoration-en","11":"product_shipping_class-petitcolis-en","13":"first","14":"instock","15":"taxable","16":"shipping-taxable","17":"purchasable","18":"product-type-simple"},"acf":[],"yoast_head":"<!-- This site is optimized with the Yoast SEO plugin v22.3 - https:\/\/yoast.com\/wordpress\/plugins\/seo\/ -->\n<title>MOVA GLOBE 4,5&#039; CARTE ANTIQUE VERT - TOY&#039;S MANIA<\/title>\n<meta name=\"robots\" content=\"index, follow, max-snippet:-1, max-image-preview:large, max-video-preview:-1\" \/>\n<link rel=\"canonical\" href=\"https:\/\/toysmaniacornermonaco.com\/en\/produit\/mova-globe-45-carte-antique-vert\/\" \/>\n<meta property=\"og:locale\" content=\"en_US\" \/>\n<meta property=\"og:type\" content=\"article\" \/>\n<meta property=\"og:title\" content=\"MOVA GLOBE 4,5&#039; CARTE ANTIQUE VERT - TOY&#039;S MANIA\" \/>\n<meta property=\"og:description\" content=\"Dimension : Diam\u00e8tre 4,5&#8243; Ce globe accrocheur pr\u00e9sente des oc\u00e9ans verts d&#8217;\u00e9cume de mer combin\u00e9s \u00e0 une carte vintage de 1790 cr\u00e9\u00e9e par Giovanni Maria Cassini. On remarque tout d&#8217;abord la palette de couleurs vert mousse apaisante, qui offre un ton apaisant et serein. Outre son attrait esth\u00e9tique, ce globe est \u00e9galement mis en \u00e9vidence... View Article\" \/>\n<meta property=\"og:url\" content=\"https:\/\/toysmaniacornermonaco.com\/en\/produit\/mova-globe-45-carte-antique-vert\/\" \/>\n<meta property=\"og:site_name\" content=\"TOY&#039;S MANIA\" \/>\n<meta property=\"article:modified_time\" content=\"2025-01-28T15:58:16+00:00\" \/>\n<meta property=\"og:image\" content=\"https:\/\/toysmaniacornermonaco.com\/wp-content\/uploads\/2022\/03\/MOVA_GLOBE_4-5_CARTE_ANTIQUE_VERT.jpg\" \/>\n\t<meta property=\"og:image:width\" content=\"640\" \/>\n\t<meta property=\"og:image:height\" content=\"960\" \/>\n\t<meta property=\"og:image:type\" content=\"image\/jpeg\" \/>\n<meta name=\"twitter:card\" content=\"summary_large_image\" \/>\n<meta name=\"twitter:label1\" content=\"Est. reading time\" \/>\n\t<meta name=\"twitter:data1\" content=\"2 minutes\" \/>\n<script type=\"application\/ld+json\" class=\"yoast-schema-graph\">{\"@context\":\"https:\/\/schema.org\",\"@graph\":[{\"@type\":\"WebPage\",\"@id\":\"https:\/\/toysmaniacornermonaco.com\/en\/produit\/mova-globe-45-carte-antique-vert\/\",\"url\":\"https:\/\/toysmaniacornermonaco.com\/en\/produit\/mova-globe-45-carte-antique-vert\/\",\"name\":\"MOVA GLOBE 4,5' CARTE ANTIQUE VERT - TOY&#039;S MANIA\",\"isPartOf\":{\"@id\":\"https:\/\/toysmaniacornermonaco.com\/#website\"},\"primaryImageOfPage\":{\"@id\":\"https:\/\/toysmaniacornermonaco.com\/en\/produit\/mova-globe-45-carte-antique-vert\/#primaryimage\"},\"image\":{\"@id\":\"https:\/\/toysmaniacornermonaco.com\/en\/produit\/mova-globe-45-carte-antique-vert\/#primaryimage\"},\"thumbnailUrl\":\"https:\/\/toysmaniacornermonaco.com\/wp-content\/uploads\/2022\/03\/MOVA_GLOBE_4-5_CARTE_ANTIQUE_VERT.jpg\",\"datePublished\":\"2022-03-24T11:36:11+00:00\",\"dateModified\":\"2025-01-28T15:58:16+00:00\",\"breadcrumb\":{\"@id\":\"https:\/\/toysmaniacornermonaco.com\/en\/produit\/mova-globe-45-carte-antique-vert\/#breadcrumb\"},\"inLanguage\":\"en-US\",\"potentialAction\":[{\"@type\":\"ReadAction\",\"target\":[\"https:\/\/toysmaniacornermonaco.com\/en\/produit\/mova-globe-45-carte-antique-vert\/\"]}]},{\"@type\":\"ImageObject\",\"inLanguage\":\"en-US\",\"@id\":\"https:\/\/toysmaniacornermonaco.com\/en\/produit\/mova-globe-45-carte-antique-vert\/#primaryimage\",\"url\":\"https:\/\/toysmaniacornermonaco.com\/wp-content\/uploads\/2022\/03\/MOVA_GLOBE_4-5_CARTE_ANTIQUE_VERT.jpg\",\"contentUrl\":\"https:\/\/toysmaniacornermonaco.com\/wp-content\/uploads\/2022\/03\/MOVA_GLOBE_4-5_CARTE_ANTIQUE_VERT.jpg\",\"width\":640,\"height\":960,\"caption\":\"GLOBE 4,5\u2032 CARTE ANTIQUE VERT\"},{\"@type\":\"BreadcrumbList\",\"@id\":\"https:\/\/toysmaniacornermonaco.com\/en\/produit\/mova-globe-45-carte-antique-vert\/#breadcrumb\",\"itemListElement\":[{\"@type\":\"ListItem\",\"position\":1,\"name\":\"Accueil\",\"item\":\"https:\/\/toysmaniacornermonaco.com\/en\/\"},{\"@type\":\"ListItem\",\"position\":2,\"name\":\"Shop\",\"item\":\"https:\/\/toysmaniacornermonaco.com\/en\/shop\/\"},{\"@type\":\"ListItem\",\"position\":3,\"name\":\"MOVA GLOBE 4,5&#8242; CARTE ANTIQUE VERT\"}]},{\"@type\":\"WebSite\",\"@id\":\"https:\/\/toysmaniacornermonaco.com\/#website\",\"url\":\"https:\/\/toysmaniacornermonaco.com\/\",\"name\":\"TOY&#039;S MANIA\",\"description\":\"VOTRE CONCEPT STORE \u00c0 MONACO\",\"potentialAction\":[{\"@type\":\"SearchAction\",\"target\":{\"@type\":\"EntryPoint\",\"urlTemplate\":\"https:\/\/toysmaniacornermonaco.com\/?s={search_term_string}\"},\"query-input\":\"required name=search_term_string\"}],\"inLanguage\":\"en-US\"}]}<\/script>\n<!-- \/ Yoast SEO plugin. -->","yoast_head_json":{"title":"MOVA GLOBE 4,5' CARTE ANTIQUE VERT - TOY&#039;S MANIA","robots":{"index":"index","follow":"follow","max-snippet":"max-snippet:-1","max-image-preview":"max-image-preview:large","max-video-preview":"max-video-preview:-1"},"canonical":"https:\/\/toysmaniacornermonaco.com\/en\/produit\/mova-globe-45-carte-antique-vert\/","og_locale":"en_US","og_type":"article","og_title":"MOVA GLOBE 4,5' CARTE ANTIQUE VERT - TOY&#039;S MANIA","og_description":"Dimension : Diam\u00e8tre 4,5&#8243; Ce globe accrocheur pr\u00e9sente des oc\u00e9ans verts d&#8217;\u00e9cume de mer combin\u00e9s \u00e0 une carte vintage de 1790 cr\u00e9\u00e9e par Giovanni Maria Cassini. On remarque tout d&#8217;abord la palette de couleurs vert mousse apaisante, qui offre un ton apaisant et serein. Outre son attrait esth\u00e9tique, ce globe est \u00e9galement mis en \u00e9vidence... View Article","og_url":"https:\/\/toysmaniacornermonaco.com\/en\/produit\/mova-globe-45-carte-antique-vert\/","og_site_name":"TOY&#039;S MANIA","article_modified_time":"2025-01-28T15:58:16+00:00","og_image":[{"width":640,"height":960,"url":"https:\/\/toysmaniacornermonaco.com\/wp-content\/uploads\/2022\/03\/MOVA_GLOBE_4-5_CARTE_ANTIQUE_VERT.jpg","type":"image\/jpeg"}],"twitter_card":"summary_large_image","twitter_misc":{"Est. reading time":"2 minutes"},"schema":{"@context":"https:\/\/schema.org","@graph":[{"@type":"WebPage","@id":"https:\/\/toysmaniacornermonaco.com\/en\/produit\/mova-globe-45-carte-antique-vert\/","url":"https:\/\/toysmaniacornermonaco.com\/en\/produit\/mova-globe-45-carte-antique-vert\/","name":"MOVA GLOBE 4,5' CARTE ANTIQUE VERT - TOY&#039;S MANIA","isPartOf":{"@id":"https:\/\/toysmaniacornermonaco.com\/#website"},"primaryImageOfPage":{"@id":"https:\/\/toysmaniacornermonaco.com\/en\/produit\/mova-globe-45-carte-antique-vert\/#primaryimage"},"image":{"@id":"https:\/\/toysmaniacornermonaco.com\/en\/produit\/mova-globe-45-carte-antique-vert\/#primaryimage"},"thumbnailUrl":"https:\/\/toysmaniacornermonaco.com\/wp-content\/uploads\/2022\/03\/MOVA_GLOBE_4-5_CARTE_ANTIQUE_VERT.jpg","datePublished":"2022-03-24T11:36:11+00:00","dateModified":"2025-01-28T15:58:16+00:00","breadcrumb":{"@id":"https:\/\/toysmaniacornermonaco.com\/en\/produit\/mova-globe-45-carte-antique-vert\/#breadcrumb"},"inLanguage":"en-US","potentialAction":[{"@type":"ReadAction","target":["https:\/\/toysmaniacornermonaco.com\/en\/produit\/mova-globe-45-carte-antique-vert\/"]}]},{"@type":"ImageObject","inLanguage":"en-US","@id":"https:\/\/toysmaniacornermonaco.com\/en\/produit\/mova-globe-45-carte-antique-vert\/#primaryimage","url":"https:\/\/toysmaniacornermonaco.com\/wp-content\/uploads\/2022\/03\/MOVA_GLOBE_4-5_CARTE_ANTIQUE_VERT.jpg","contentUrl":"https:\/\/toysmaniacornermonaco.com\/wp-content\/uploads\/2022\/03\/MOVA_GLOBE_4-5_CARTE_ANTIQUE_VERT.jpg","width":640,"height":960,"caption":"GLOBE 4,5\u2032 CARTE ANTIQUE VERT"},{"@type":"BreadcrumbList","@id":"https:\/\/toysmaniacornermonaco.com\/en\/produit\/mova-globe-45-carte-antique-vert\/#breadcrumb","itemListElement":[{"@type":"ListItem","position":1,"name":"Accueil","item":"https:\/\/toysmaniacornermonaco.com\/en\/"},{"@type":"ListItem","position":2,"name":"Shop","item":"https:\/\/toysmaniacornermonaco.com\/en\/shop\/"},{"@type":"ListItem","position":3,"name":"MOVA GLOBE 4,5&#8242; CARTE ANTIQUE VERT"}]},{"@type":"WebSite","@id":"https:\/\/toysmaniacornermonaco.com\/#website","url":"https:\/\/toysmaniacornermonaco.com\/","name":"TOY&#039;S MANIA","description":"VOTRE CONCEPT STORE \u00c0 MONACO","potentialAction":[{"@type":"SearchAction","target":{"@type":"EntryPoint","urlTemplate":"https:\/\/toysmaniacornermonaco.com\/?s={search_term_string}"},"query-input":"required name=search_term_string"}],"inLanguage":"en-US"}]}},"_links":{"self":[{"href":"https:\/\/toysmaniacornermonaco.com\/en\/wp-json\/wp\/v2\/product\/3047","targetHints":{"allow":["GET"]}}],"collection":[{"href":"https:\/\/toysmaniacornermonaco.com\/en\/wp-json\/wp\/v2\/product"}],"about":[{"href":"https:\/\/toysmaniacornermonaco.com\/en\/wp-json\/wp\/v2\/types\/product"}],"replies":[{"embeddable":true,"href":"https:\/\/toysmaniacornermonaco.com\/en\/wp-json\/wp\/v2\/comments?post=3047"}],"wp:featuredmedia":[{"embeddable":true,"href":"https:\/\/toysmaniacornermonaco.com\/en\/wp-json\/wp\/v2\/media\/3435"}],"wp:attachment":[{"href":"https:\/\/toysmaniacornermonaco.com\/en\/wp-json\/wp\/v2\/media?parent=3047"}],"wp:term":[{"taxonomy":"product_cat","embeddable":true,"href":"https:\/\/toysmaniacornermonaco.com\/en\/wp-json\/wp\/v2\/product_cat?post=3047"},{"taxonomy":"product_tag","embeddable":true,"href":"https:\/\/toysmaniacornermonaco.com\/en\/wp-json\/wp\/v2\/product_tag?post=3047"}],"curies":[{"name":"wp","href":"https:\/\/api.w.org\/{rel}","templated":true}]}}