{"id":3048,"date":"2022-03-24T12:36:11","date_gmt":"2022-03-24T11:36:11","guid":{"rendered":"https:\/\/toys-mania-dev.jupiter.cdigital.fr\/produit\/mova-globe-45-carte-antique-blanc\/"},"modified":"2022-10-13T16:46:53","modified_gmt":"2022-10-13T14:46:53","slug":"mova-globe-45-carte-antique-blanc","status":"publish","type":"product","link":"https:\/\/toysmaniacornermonaco.com\/en\/produit\/mova-globe-45-carte-antique-blanc\/","title":{"rendered":"MOVA GLOBE 4,5&#8242; CARTE ANTIQUE BLANC"},"content":{"rendered":"<p>Globe Mova Carte Antique Blanc<\/p>\n<p>Dimension : Diam\u00e8tre 4,5\u0092<\/p>\n<p>Les amateurs d&#8217;histoire appr\u00e9cieront l&#8217;authentique carte du monde antique de 1790 de ce globe, aux couleurs vives, blanches et vertes.<\/p>\n<p>Le globe terrestre Antique Terrestrial White combine une carte vintage cr\u00e9\u00e9e en 1790 avec des mises \u00e0 jour modernes qui le rendent diff\u00e9rent de tout globe terrestre. Chaque continent et chaque oc\u00e9an sont repr\u00e9sent\u00e9s avec une clart\u00e9 et un contraste absolus, et il comporte des lignes illustrant les trois voyages du capitaine James Cook &#8211; un \u00e9l\u00e9ment de design cr\u00e9\u00e9 pour la premi\u00e8re fois en 1790 par Giovanni Maria Cassini. La carte montre \u00e9galement les \u00c9tats-Unis qui \u00e9taient tr\u00e8s jeunes \u00e0 l&#8217;\u00e9poque et qui ne figuraient pas sur de nombreuses cartes. Avec ses rotations douces et ind\u00e9pendantes, l\u0092histoire prend vie \u00e0 la maison ou au bureau.<\/p>\n<p>Gagnant du prix du cadeau de luxe de l&#8217;ann\u00e9e 2015<\/p>\n<p>Conception disponible dans les mod\u00e8les MOVA Globe et MOVA Globe Cube<\/p>\n<p>Carte antique de 1790<\/p>\n<p>Comprend des lignes de latitude et de longitude<\/p>\n<p>Une ligne \u00e9cliptique rouge est \u00e9galement pr\u00e9sente, indiquant la position du soleil chaque jour de l&#8217;ann\u00e9e.<\/p>\n<p>Notez qu&#8217;il n&#8217;y a pas d&#8217;Antarctique parce que James Cook ne croyait pas que cela existait.<\/p>\n<p>Tourne en utilisant la lumi\u00e8re ambiante<\/p>\n<p>Les aimants cach\u00e9s permettent le mouvement<\/p>\n<p>Pas de cordes ni de piles<\/p>\n<p>Nous avons pris le globe classique que vous connaissez et l&#8217;avons mis \u00e0 jour avec notre technologie brevet\u00e9e. Les globes MOVA sont magnifiques. Vous trouverez un assortiment de motifs &#8211; de la carte en relief \u00e0 la carte antique. I0,100 offrent un choix \u00e9ducatif et \u00e9l\u00e9gant pour votre maison ou votre espace de travail. Chaque globe est fait \u00e0 la main et tourne sans fi0,100 ni piles.<\/p>\n<p>Ce sont les globes \u00e9ducatifs du monde dont vous vous souvenez quand vous \u00e9tiez enfant, mais avec un look \u00e9l\u00e9gant et des fonctionnalit\u00e9s mises \u00e0 jour qui en font un d\u00e9cor moderne indispensable.<\/p>\n<p>Les globes MOVA associent des performances sans effort \u00e0 des graphismes accrocheurs. Chaque globe fabriqu\u00e9 \u00e0 la main associe une illustration \u00e9clatante \u00e0 notre technologie brevet\u00e9e pour une rotation sans faille sans piles ni cordons en d\u00e9sordre. Les cellules solaires cach\u00e9es utilisent la lumi\u00e8re ambiante comme source d&#8217;\u00e9nergie, tandis que le champ magn\u00e9tique terrestre fournit le couple n\u00e9cessaire. Ces \u00e9l\u00e9ments fonctionnent \u00e0 l&#8217;unisson pour alimenter un m\u00e9canisme tr\u00e8s silencieux, permettant au globe de tourner dans une coque ext\u00e9rieure transparente.<\/p>\n<p>Chaque pi\u00e8ce \u00e9tant assembl\u00e9e avec une telle pr\u00e9cision, il appara\u00eet que les couches interne et externe ne font qu\u0092une seule &#8211; en rotation, sans source d\u0092\u00e9nergie ext\u00e9rieure.Le globe terrestre antique blanc terrestre MOVA est le laur\u00e9at 2015 du prix du cadeau de luxe de l&#8217;ann\u00e9e.<\/p>\n<p>En concurrence avec d&#8217;autres produits du plus grand concours de cadeaux au Royaume-Uni, le monde est reconnu pour son originalit\u00e9, sa qualit\u00e9, son attrait pour la client\u00e8le et son facteur global de &#8220;&#8221;wow&#8221;&#8221;. C&#8217;est \u00e9galement un Silver Award du New York Design Awards dans la cat\u00e9gorie Design de produit&gt; Maison et jardin.<\/p>\n","protected":false},"excerpt":{"rendered":"Globe Mova Carte Antique Blanc Dimension : Diam\u00e8tre 4,5\u0092 Les amateurs d&#8217;histoire appr\u00e9cieront l&#8217;authentique carte du monde antique de 1790 de ce globe, aux couleurs vives, blanches et vertes. Le globe terrestre Antique Terrestrial White combine une carte vintage cr\u00e9\u00e9e en 1790 avec des mises \u00e0 jour modernes qui le rendent diff\u00e9rent de tout globe&#8230; <a class=\"view-article\" href=\"https:\/\/toysmaniacornermonaco.com\/en\/produit\/mova-globe-45-carte-antique-blanc\/\">View Article<\/a>","protected":false},"featured_media":4056,"comment_status":"open","ping_status":"closed","template":"","meta":{"_acf_changed":false},"product_cat":[381],"product_tag":[],"class_list":{"0":"post-3048","1":"product","2":"type-product","3":"status-publish","4":"has-post-thumbnail","6":"marque-mova-en","7":"idee_cadeau-children","8":"idee_cadeau-men","9":"idee_cadeau-women","10":"product_cat-decoration-en","11":"product_shipping_class-petitcolis-en","13":"first","14":"instock","15":"taxable","16":"shipping-taxable","17":"purchasable","18":"product-type-simple"},"acf":[],"yoast_head":"<!-- This site is optimized with the Yoast SEO plugin v22.3 - https:\/\/yoast.com\/wordpress\/plugins\/seo\/ -->\n<title>MOVA GLOBE 4,5&#039; CARTE ANTIQUE BLANC - TOY&#039;S MANIA<\/title>\n<meta name=\"robots\" content=\"index, follow, max-snippet:-1, max-image-preview:large, max-video-preview:-1\" \/>\n<link rel=\"canonical\" href=\"https:\/\/toysmaniacornermonaco.com\/en\/produit\/mova-globe-45-carte-antique-blanc\/\" \/>\n<meta property=\"og:locale\" content=\"en_US\" \/>\n<meta property=\"og:type\" content=\"article\" \/>\n<meta property=\"og:title\" content=\"MOVA GLOBE 4,5&#039; CARTE ANTIQUE BLANC - TOY&#039;S MANIA\" \/>\n<meta property=\"og:description\" content=\"Globe Mova Carte Antique Blanc Dimension : Diam\u00e8tre 4,5\u0092 Les amateurs d&#8217;histoire appr\u00e9cieront l&#8217;authentique carte du monde antique de 1790 de ce globe, aux couleurs vives, blanches et vertes. Le globe terrestre Antique Terrestrial White combine une carte vintage cr\u00e9\u00e9e en 1790 avec des mises \u00e0 jour modernes qui le rendent diff\u00e9rent de tout globe... View Article\" \/>\n<meta property=\"og:url\" content=\"https:\/\/toysmaniacornermonaco.com\/en\/produit\/mova-globe-45-carte-antique-blanc\/\" \/>\n<meta property=\"og:site_name\" content=\"TOY&#039;S MANIA\" \/>\n<meta property=\"article:modified_time\" content=\"2022-10-13T14:46:53+00:00\" \/>\n<meta property=\"og:image\" content=\"https:\/\/toysmaniacornermonaco.com\/wp-content\/uploads\/2022\/03\/MG45WCT.jpg\" \/>\n\t<meta property=\"og:image:width\" content=\"1279\" \/>\n\t<meta property=\"og:image:height\" content=\"853\" \/>\n\t<meta property=\"og:image:type\" content=\"image\/jpeg\" \/>\n<meta name=\"twitter:card\" content=\"summary_large_image\" \/>\n<meta name=\"twitter:label1\" content=\"Est. reading time\" \/>\n\t<meta name=\"twitter:data1\" content=\"3 minutes\" \/>\n<script type=\"application\/ld+json\" class=\"yoast-schema-graph\">{\"@context\":\"https:\/\/schema.org\",\"@graph\":[{\"@type\":\"WebPage\",\"@id\":\"https:\/\/toysmaniacornermonaco.com\/en\/produit\/mova-globe-45-carte-antique-blanc\/\",\"url\":\"https:\/\/toysmaniacornermonaco.com\/en\/produit\/mova-globe-45-carte-antique-blanc\/\",\"name\":\"MOVA GLOBE 4,5' CARTE ANTIQUE BLANC - TOY&#039;S MANIA\",\"isPartOf\":{\"@id\":\"https:\/\/toysmaniacornermonaco.com\/#website\"},\"primaryImageOfPage\":{\"@id\":\"https:\/\/toysmaniacornermonaco.com\/en\/produit\/mova-globe-45-carte-antique-blanc\/#primaryimage\"},\"image\":{\"@id\":\"https:\/\/toysmaniacornermonaco.com\/en\/produit\/mova-globe-45-carte-antique-blanc\/#primaryimage\"},\"thumbnailUrl\":\"https:\/\/toysmaniacornermonaco.com\/wp-content\/uploads\/2022\/03\/MG45WCT.jpg\",\"datePublished\":\"2022-03-24T11:36:11+00:00\",\"dateModified\":\"2022-10-13T14:46:53+00:00\",\"breadcrumb\":{\"@id\":\"https:\/\/toysmaniacornermonaco.com\/en\/produit\/mova-globe-45-carte-antique-blanc\/#breadcrumb\"},\"inLanguage\":\"en-US\",\"potentialAction\":[{\"@type\":\"ReadAction\",\"target\":[\"https:\/\/toysmaniacornermonaco.com\/en\/produit\/mova-globe-45-carte-antique-blanc\/\"]}]},{\"@type\":\"ImageObject\",\"inLanguage\":\"en-US\",\"@id\":\"https:\/\/toysmaniacornermonaco.com\/en\/produit\/mova-globe-45-carte-antique-blanc\/#primaryimage\",\"url\":\"https:\/\/toysmaniacornermonaco.com\/wp-content\/uploads\/2022\/03\/MG45WCT.jpg\",\"contentUrl\":\"https:\/\/toysmaniacornermonaco.com\/wp-content\/uploads\/2022\/03\/MG45WCT.jpg\",\"width\":1279,\"height\":853},{\"@type\":\"BreadcrumbList\",\"@id\":\"https:\/\/toysmaniacornermonaco.com\/en\/produit\/mova-globe-45-carte-antique-blanc\/#breadcrumb\",\"itemListElement\":[{\"@type\":\"ListItem\",\"position\":1,\"name\":\"Accueil\",\"item\":\"https:\/\/toysmaniacornermonaco.com\/en\/\"},{\"@type\":\"ListItem\",\"position\":2,\"name\":\"Shop\",\"item\":\"https:\/\/toysmaniacornermonaco.com\/en\/shop\/\"},{\"@type\":\"ListItem\",\"position\":3,\"name\":\"MOVA GLOBE 4,5&#8242; CARTE ANTIQUE BLANC\"}]},{\"@type\":\"WebSite\",\"@id\":\"https:\/\/toysmaniacornermonaco.com\/#website\",\"url\":\"https:\/\/toysmaniacornermonaco.com\/\",\"name\":\"TOY&#039;S MANIA\",\"description\":\"VOTRE CONCEPT STORE \u00c0 MONACO\",\"potentialAction\":[{\"@type\":\"SearchAction\",\"target\":{\"@type\":\"EntryPoint\",\"urlTemplate\":\"https:\/\/toysmaniacornermonaco.com\/?s={search_term_string}\"},\"query-input\":\"required name=search_term_string\"}],\"inLanguage\":\"en-US\"}]}<\/script>\n<!-- \/ Yoast SEO plugin. -->","yoast_head_json":{"title":"MOVA GLOBE 4,5' CARTE ANTIQUE BLANC - TOY&#039;S MANIA","robots":{"index":"index","follow":"follow","max-snippet":"max-snippet:-1","max-image-preview":"max-image-preview:large","max-video-preview":"max-video-preview:-1"},"canonical":"https:\/\/toysmaniacornermonaco.com\/en\/produit\/mova-globe-45-carte-antique-blanc\/","og_locale":"en_US","og_type":"article","og_title":"MOVA GLOBE 4,5' CARTE ANTIQUE BLANC - TOY&#039;S MANIA","og_description":"Globe Mova Carte Antique Blanc Dimension : Diam\u00e8tre 4,5\u0092 Les amateurs d&#8217;histoire appr\u00e9cieront l&#8217;authentique carte du monde antique de 1790 de ce globe, aux couleurs vives, blanches et vertes. Le globe terrestre Antique Terrestrial White combine une carte vintage cr\u00e9\u00e9e en 1790 avec des mises \u00e0 jour modernes qui le rendent diff\u00e9rent de tout globe... View Article","og_url":"https:\/\/toysmaniacornermonaco.com\/en\/produit\/mova-globe-45-carte-antique-blanc\/","og_site_name":"TOY&#039;S MANIA","article_modified_time":"2022-10-13T14:46:53+00:00","og_image":[{"width":1279,"height":853,"url":"https:\/\/toysmaniacornermonaco.com\/wp-content\/uploads\/2022\/03\/MG45WCT.jpg","type":"image\/jpeg"}],"twitter_card":"summary_large_image","twitter_misc":{"Est. reading time":"3 minutes"},"schema":{"@context":"https:\/\/schema.org","@graph":[{"@type":"WebPage","@id":"https:\/\/toysmaniacornermonaco.com\/en\/produit\/mova-globe-45-carte-antique-blanc\/","url":"https:\/\/toysmaniacornermonaco.com\/en\/produit\/mova-globe-45-carte-antique-blanc\/","name":"MOVA GLOBE 4,5' CARTE ANTIQUE BLANC - TOY&#039;S MANIA","isPartOf":{"@id":"https:\/\/toysmaniacornermonaco.com\/#website"},"primaryImageOfPage":{"@id":"https:\/\/toysmaniacornermonaco.com\/en\/produit\/mova-globe-45-carte-antique-blanc\/#primaryimage"},"image":{"@id":"https:\/\/toysmaniacornermonaco.com\/en\/produit\/mova-globe-45-carte-antique-blanc\/#primaryimage"},"thumbnailUrl":"https:\/\/toysmaniacornermonaco.com\/wp-content\/uploads\/2022\/03\/MG45WCT.jpg","datePublished":"2022-03-24T11:36:11+00:00","dateModified":"2022-10-13T14:46:53+00:00","breadcrumb":{"@id":"https:\/\/toysmaniacornermonaco.com\/en\/produit\/mova-globe-45-carte-antique-blanc\/#breadcrumb"},"inLanguage":"en-US","potentialAction":[{"@type":"ReadAction","target":["https:\/\/toysmaniacornermonaco.com\/en\/produit\/mova-globe-45-carte-antique-blanc\/"]}]},{"@type":"ImageObject","inLanguage":"en-US","@id":"https:\/\/toysmaniacornermonaco.com\/en\/produit\/mova-globe-45-carte-antique-blanc\/#primaryimage","url":"https:\/\/toysmaniacornermonaco.com\/wp-content\/uploads\/2022\/03\/MG45WCT.jpg","contentUrl":"https:\/\/toysmaniacornermonaco.com\/wp-content\/uploads\/2022\/03\/MG45WCT.jpg","width":1279,"height":853},{"@type":"BreadcrumbList","@id":"https:\/\/toysmaniacornermonaco.com\/en\/produit\/mova-globe-45-carte-antique-blanc\/#breadcrumb","itemListElement":[{"@type":"ListItem","position":1,"name":"Accueil","item":"https:\/\/toysmaniacornermonaco.com\/en\/"},{"@type":"ListItem","position":2,"name":"Shop","item":"https:\/\/toysmaniacornermonaco.com\/en\/shop\/"},{"@type":"ListItem","position":3,"name":"MOVA GLOBE 4,5&#8242; CARTE ANTIQUE BLANC"}]},{"@type":"WebSite","@id":"https:\/\/toysmaniacornermonaco.com\/#website","url":"https:\/\/toysmaniacornermonaco.com\/","name":"TOY&#039;S MANIA","description":"VOTRE CONCEPT STORE \u00c0 MONACO","potentialAction":[{"@type":"SearchAction","target":{"@type":"EntryPoint","urlTemplate":"https:\/\/toysmaniacornermonaco.com\/?s={search_term_string}"},"query-input":"required name=search_term_string"}],"inLanguage":"en-US"}]}},"_links":{"self":[{"href":"https:\/\/toysmaniacornermonaco.com\/en\/wp-json\/wp\/v2\/product\/3048","targetHints":{"allow":["GET"]}}],"collection":[{"href":"https:\/\/toysmaniacornermonaco.com\/en\/wp-json\/wp\/v2\/product"}],"about":[{"href":"https:\/\/toysmaniacornermonaco.com\/en\/wp-json\/wp\/v2\/types\/product"}],"replies":[{"embeddable":true,"href":"https:\/\/toysmaniacornermonaco.com\/en\/wp-json\/wp\/v2\/comments?post=3048"}],"wp:featuredmedia":[{"embeddable":true,"href":"https:\/\/toysmaniacornermonaco.com\/en\/wp-json\/wp\/v2\/media\/4056"}],"wp:attachment":[{"href":"https:\/\/toysmaniacornermonaco.com\/en\/wp-json\/wp\/v2\/media?parent=3048"}],"wp:term":[{"taxonomy":"product_cat","embeddable":true,"href":"https:\/\/toysmaniacornermonaco.com\/en\/wp-json\/wp\/v2\/product_cat?post=3048"},{"taxonomy":"product_tag","embeddable":true,"href":"https:\/\/toysmaniacornermonaco.com\/en\/wp-json\/wp\/v2\/product_tag?post=3048"}],"curies":[{"name":"wp","href":"https:\/\/api.w.org\/{rel}","templated":true}]}}