{"id":3049,"date":"2022-03-24T12:36:11","date_gmt":"2022-03-24T11:36:11","guid":{"rendered":"https:\/\/toys-mania-dev.jupiter.cdigital.fr\/produit\/mova-globe-45-carte-geopolitique-jaune\/"},"modified":"2022-10-13T16:47:32","modified_gmt":"2022-10-13T14:47:32","slug":"mova-globe-45-carte-geopolitique-jaune","status":"publish","type":"product","link":"https:\/\/toysmaniacornermonaco.com\/en\/produit\/mova-globe-45-carte-geopolitique-jaune\/","title":{"rendered":"MOVA GLOBE 4,5&#8242; CARTE GEOPOLITIQUE JAUNE"},"content":{"rendered":"<p>Globe Mova Carte G\u00e9oPolitique Actuelle Couleur Jaune Antique<\/p>\n<p>Dimension : Diam\u00e8tre 4,5\u0092<\/p>\n<p>Le globe terrestre que vous connaissez d\u00e9j\u00e0, mis \u00e0 jour avec une couleur jaune qui cr\u00e9e une ambiance o\u00f9 qu\u0092il se trouve.<\/p>\n<p>Nous avons utilis\u00e9 le globe terrestre standard et cr\u00e9\u00e9 de la chaleur gr\u00e2ce \u00e0 une palette de couleurs vari\u00e9e mais \u00e9clatante. Les masses continentales se marient contre des oc\u00e9ans jaunes et doux et chaque pays est pr\u00e9sent\u00e9 \u00e0 travers une combinaison de tons bleu, vert et orange. C&#8217;est une d\u00e9viation ensoleill\u00e9e du conventionnel, tout en conservant un charme classique.<br \/>\nTourne en utilisant la lumi\u00e8re ambiante<\/p>\n<p>Les aimants cach\u00e9s permettent le mouvement<\/p>\n<p>Pas de cordes ni de piles<\/p>\n<p>Nous avons pris le globe classique que vous connaissez et l&#8217;avons mis \u00e0 jour avec notre technologie brevet\u00e9e. Notre carte du monde Les globes MOVA sont magnifiques. Vous trouverez un assortiment de motifs &#8211; de la carte en relief \u00e0 la carte antique. I0,100 offrent un choix \u00e9ducatif et \u00e9l\u00e9gant pour votre maison ou votre espace de travail. Chaque globe est fait \u00e0 la main et tourne sans fi0,100 ni piles.<\/p>\n<p>Ce sont les globes \u00e9ducatifs du monde dont vous vous souvenez quand vous \u00e9tiez enfant, mais avec un look \u00e9l\u00e9gant et des fonctionnalit\u00e9s mises \u00e0 jour qui en font un d\u00e9cor moderne indispensable.<\/p>\n<p>Les globes MOVA associent des performances sans effort \u00e0 des graphismes accrocheurs. Chaque globe fabriqu\u00e9 \u00e0 la main associe une illustration \u00e9clatante \u00e0 notre technologie brevet\u00e9e pour une rotation sans faille sans piles ni cordons en d\u00e9sordre. Les cellules solaires cach\u00e9es utilisent la lumi\u00e8re ambiante comme source d&#8217;\u00e9nergie, tandis que le champ magn\u00e9tique terrestre fournit le couple n\u00e9cessaire. Ces \u00e9l\u00e9ments fonctionnent \u00e0 l&#8217;unisson pour alimenter un m\u00e9canisme tr\u00e8s silencieux, permettant au globe de tourner dans une coque ext\u00e9rieure transparente. Chaque pi\u00e8ce \u00e9tant assembl\u00e9e avec une telle pr\u00e9cision, il appara\u00eet que les couches interne et externe ne font qu\u0092une seule &#8211; en rotation, sans source d\u0092\u00e9nergie ext\u00e9rieure.<\/p>\n","protected":false},"excerpt":{"rendered":"Globe Mova Carte G\u00e9oPolitique Actuelle Couleur Jaune Antique Dimension : Diam\u00e8tre 4,5\u0092 Le globe terrestre que vous connaissez d\u00e9j\u00e0, mis \u00e0 jour avec une couleur jaune qui cr\u00e9e une ambiance o\u00f9 qu\u0092il se trouve. Nous avons utilis\u00e9 le globe terrestre standard et cr\u00e9\u00e9 de la chaleur gr\u00e2ce \u00e0 une palette de couleurs vari\u00e9e mais \u00e9clatante&#8230;. <a class=\"view-article\" href=\"https:\/\/toysmaniacornermonaco.com\/en\/produit\/mova-globe-45-carte-geopolitique-jaune\/\">View Article<\/a>","protected":false},"featured_media":4066,"comment_status":"open","ping_status":"closed","template":"","meta":{"_acf_changed":false},"product_cat":[381],"product_tag":[],"class_list":{"0":"post-3049","1":"product","2":"type-product","3":"status-publish","4":"has-post-thumbnail","6":"marque-mova-en","7":"idee_cadeau-children","8":"idee_cadeau-men","9":"idee_cadeau-women","10":"product_cat-decoration-en","11":"product_shipping_class-petitcolis-en","13":"first","14":"instock","15":"taxable","16":"shipping-taxable","17":"purchasable","18":"product-type-simple"},"acf":[],"yoast_head":"<!-- This site is optimized with the Yoast SEO plugin v22.3 - https:\/\/yoast.com\/wordpress\/plugins\/seo\/ -->\n<title>MOVA GLOBE 4,5&#039; CARTE GEOPOLITIQUE JAUNE - TOY&#039;S MANIA<\/title>\n<meta name=\"robots\" content=\"index, follow, max-snippet:-1, max-image-preview:large, max-video-preview:-1\" \/>\n<link rel=\"canonical\" href=\"https:\/\/toysmaniacornermonaco.com\/en\/produit\/mova-globe-45-carte-geopolitique-jaune\/\" \/>\n<meta property=\"og:locale\" content=\"en_US\" \/>\n<meta property=\"og:type\" content=\"article\" \/>\n<meta property=\"og:title\" content=\"MOVA GLOBE 4,5&#039; CARTE GEOPOLITIQUE JAUNE - TOY&#039;S MANIA\" \/>\n<meta property=\"og:description\" content=\"Globe Mova Carte G\u00e9oPolitique Actuelle Couleur Jaune Antique Dimension : Diam\u00e8tre 4,5\u0092 Le globe terrestre que vous connaissez d\u00e9j\u00e0, mis \u00e0 jour avec une couleur jaune qui cr\u00e9e une ambiance o\u00f9 qu\u0092il se trouve. Nous avons utilis\u00e9 le globe terrestre standard et cr\u00e9\u00e9 de la chaleur gr\u00e2ce \u00e0 une palette de couleurs vari\u00e9e mais \u00e9clatante.... View Article\" \/>\n<meta property=\"og:url\" content=\"https:\/\/toysmaniacornermonaco.com\/en\/produit\/mova-globe-45-carte-geopolitique-jaune\/\" \/>\n<meta property=\"og:site_name\" content=\"TOY&#039;S MANIA\" \/>\n<meta property=\"article:modified_time\" content=\"2022-10-13T14:47:32+00:00\" \/>\n<meta property=\"og:image\" content=\"https:\/\/toysmaniacornermonaco.com\/wp-content\/uploads\/2022\/03\/MG45ATW_6.jpg\" \/>\n\t<meta property=\"og:image:width\" content=\"597\" \/>\n\t<meta property=\"og:image:height\" content=\"960\" \/>\n\t<meta property=\"og:image:type\" content=\"image\/jpeg\" \/>\n<meta name=\"twitter:card\" content=\"summary_large_image\" \/>\n<meta name=\"twitter:label1\" content=\"Est. reading time\" \/>\n\t<meta name=\"twitter:data1\" content=\"2 minutes\" \/>\n<script type=\"application\/ld+json\" class=\"yoast-schema-graph\">{\"@context\":\"https:\/\/schema.org\",\"@graph\":[{\"@type\":\"WebPage\",\"@id\":\"https:\/\/toysmaniacornermonaco.com\/en\/produit\/mova-globe-45-carte-geopolitique-jaune\/\",\"url\":\"https:\/\/toysmaniacornermonaco.com\/en\/produit\/mova-globe-45-carte-geopolitique-jaune\/\",\"name\":\"MOVA GLOBE 4,5' CARTE GEOPOLITIQUE JAUNE - TOY&#039;S MANIA\",\"isPartOf\":{\"@id\":\"https:\/\/toysmaniacornermonaco.com\/#website\"},\"primaryImageOfPage\":{\"@id\":\"https:\/\/toysmaniacornermonaco.com\/en\/produit\/mova-globe-45-carte-geopolitique-jaune\/#primaryimage\"},\"image\":{\"@id\":\"https:\/\/toysmaniacornermonaco.com\/en\/produit\/mova-globe-45-carte-geopolitique-jaune\/#primaryimage\"},\"thumbnailUrl\":\"https:\/\/toysmaniacornermonaco.com\/wp-content\/uploads\/2022\/03\/MG45ATW_6.jpg\",\"datePublished\":\"2022-03-24T11:36:11+00:00\",\"dateModified\":\"2022-10-13T14:47:32+00:00\",\"breadcrumb\":{\"@id\":\"https:\/\/toysmaniacornermonaco.com\/en\/produit\/mova-globe-45-carte-geopolitique-jaune\/#breadcrumb\"},\"inLanguage\":\"en-US\",\"potentialAction\":[{\"@type\":\"ReadAction\",\"target\":[\"https:\/\/toysmaniacornermonaco.com\/en\/produit\/mova-globe-45-carte-geopolitique-jaune\/\"]}]},{\"@type\":\"ImageObject\",\"inLanguage\":\"en-US\",\"@id\":\"https:\/\/toysmaniacornermonaco.com\/en\/produit\/mova-globe-45-carte-geopolitique-jaune\/#primaryimage\",\"url\":\"https:\/\/toysmaniacornermonaco.com\/wp-content\/uploads\/2022\/03\/MG45ATW_6.jpg\",\"contentUrl\":\"https:\/\/toysmaniacornermonaco.com\/wp-content\/uploads\/2022\/03\/MG45ATW_6.jpg\",\"width\":597,\"height\":960},{\"@type\":\"BreadcrumbList\",\"@id\":\"https:\/\/toysmaniacornermonaco.com\/en\/produit\/mova-globe-45-carte-geopolitique-jaune\/#breadcrumb\",\"itemListElement\":[{\"@type\":\"ListItem\",\"position\":1,\"name\":\"Accueil\",\"item\":\"https:\/\/toysmaniacornermonaco.com\/en\/\"},{\"@type\":\"ListItem\",\"position\":2,\"name\":\"Shop\",\"item\":\"https:\/\/toysmaniacornermonaco.com\/en\/shop\/\"},{\"@type\":\"ListItem\",\"position\":3,\"name\":\"MOVA GLOBE 4,5&#8242; CARTE GEOPOLITIQUE JAUNE\"}]},{\"@type\":\"WebSite\",\"@id\":\"https:\/\/toysmaniacornermonaco.com\/#website\",\"url\":\"https:\/\/toysmaniacornermonaco.com\/\",\"name\":\"TOY&#039;S MANIA\",\"description\":\"VOTRE CONCEPT STORE \u00c0 MONACO\",\"potentialAction\":[{\"@type\":\"SearchAction\",\"target\":{\"@type\":\"EntryPoint\",\"urlTemplate\":\"https:\/\/toysmaniacornermonaco.com\/?s={search_term_string}\"},\"query-input\":\"required name=search_term_string\"}],\"inLanguage\":\"en-US\"}]}<\/script>\n<!-- \/ Yoast SEO plugin. -->","yoast_head_json":{"title":"MOVA GLOBE 4,5' CARTE GEOPOLITIQUE JAUNE - TOY&#039;S MANIA","robots":{"index":"index","follow":"follow","max-snippet":"max-snippet:-1","max-image-preview":"max-image-preview:large","max-video-preview":"max-video-preview:-1"},"canonical":"https:\/\/toysmaniacornermonaco.com\/en\/produit\/mova-globe-45-carte-geopolitique-jaune\/","og_locale":"en_US","og_type":"article","og_title":"MOVA GLOBE 4,5' CARTE GEOPOLITIQUE JAUNE - TOY&#039;S MANIA","og_description":"Globe Mova Carte G\u00e9oPolitique Actuelle Couleur Jaune Antique Dimension : Diam\u00e8tre 4,5\u0092 Le globe terrestre que vous connaissez d\u00e9j\u00e0, mis \u00e0 jour avec une couleur jaune qui cr\u00e9e une ambiance o\u00f9 qu\u0092il se trouve. Nous avons utilis\u00e9 le globe terrestre standard et cr\u00e9\u00e9 de la chaleur gr\u00e2ce \u00e0 une palette de couleurs vari\u00e9e mais \u00e9clatante.... View Article","og_url":"https:\/\/toysmaniacornermonaco.com\/en\/produit\/mova-globe-45-carte-geopolitique-jaune\/","og_site_name":"TOY&#039;S MANIA","article_modified_time":"2022-10-13T14:47:32+00:00","og_image":[{"width":597,"height":960,"url":"https:\/\/toysmaniacornermonaco.com\/wp-content\/uploads\/2022\/03\/MG45ATW_6.jpg","type":"image\/jpeg"}],"twitter_card":"summary_large_image","twitter_misc":{"Est. reading time":"2 minutes"},"schema":{"@context":"https:\/\/schema.org","@graph":[{"@type":"WebPage","@id":"https:\/\/toysmaniacornermonaco.com\/en\/produit\/mova-globe-45-carte-geopolitique-jaune\/","url":"https:\/\/toysmaniacornermonaco.com\/en\/produit\/mova-globe-45-carte-geopolitique-jaune\/","name":"MOVA GLOBE 4,5' CARTE GEOPOLITIQUE JAUNE - TOY&#039;S MANIA","isPartOf":{"@id":"https:\/\/toysmaniacornermonaco.com\/#website"},"primaryImageOfPage":{"@id":"https:\/\/toysmaniacornermonaco.com\/en\/produit\/mova-globe-45-carte-geopolitique-jaune\/#primaryimage"},"image":{"@id":"https:\/\/toysmaniacornermonaco.com\/en\/produit\/mova-globe-45-carte-geopolitique-jaune\/#primaryimage"},"thumbnailUrl":"https:\/\/toysmaniacornermonaco.com\/wp-content\/uploads\/2022\/03\/MG45ATW_6.jpg","datePublished":"2022-03-24T11:36:11+00:00","dateModified":"2022-10-13T14:47:32+00:00","breadcrumb":{"@id":"https:\/\/toysmaniacornermonaco.com\/en\/produit\/mova-globe-45-carte-geopolitique-jaune\/#breadcrumb"},"inLanguage":"en-US","potentialAction":[{"@type":"ReadAction","target":["https:\/\/toysmaniacornermonaco.com\/en\/produit\/mova-globe-45-carte-geopolitique-jaune\/"]}]},{"@type":"ImageObject","inLanguage":"en-US","@id":"https:\/\/toysmaniacornermonaco.com\/en\/produit\/mova-globe-45-carte-geopolitique-jaune\/#primaryimage","url":"https:\/\/toysmaniacornermonaco.com\/wp-content\/uploads\/2022\/03\/MG45ATW_6.jpg","contentUrl":"https:\/\/toysmaniacornermonaco.com\/wp-content\/uploads\/2022\/03\/MG45ATW_6.jpg","width":597,"height":960},{"@type":"BreadcrumbList","@id":"https:\/\/toysmaniacornermonaco.com\/en\/produit\/mova-globe-45-carte-geopolitique-jaune\/#breadcrumb","itemListElement":[{"@type":"ListItem","position":1,"name":"Accueil","item":"https:\/\/toysmaniacornermonaco.com\/en\/"},{"@type":"ListItem","position":2,"name":"Shop","item":"https:\/\/toysmaniacornermonaco.com\/en\/shop\/"},{"@type":"ListItem","position":3,"name":"MOVA GLOBE 4,5&#8242; CARTE GEOPOLITIQUE JAUNE"}]},{"@type":"WebSite","@id":"https:\/\/toysmaniacornermonaco.com\/#website","url":"https:\/\/toysmaniacornermonaco.com\/","name":"TOY&#039;S MANIA","description":"VOTRE CONCEPT STORE \u00c0 MONACO","potentialAction":[{"@type":"SearchAction","target":{"@type":"EntryPoint","urlTemplate":"https:\/\/toysmaniacornermonaco.com\/?s={search_term_string}"},"query-input":"required name=search_term_string"}],"inLanguage":"en-US"}]}},"_links":{"self":[{"href":"https:\/\/toysmaniacornermonaco.com\/en\/wp-json\/wp\/v2\/product\/3049","targetHints":{"allow":["GET"]}}],"collection":[{"href":"https:\/\/toysmaniacornermonaco.com\/en\/wp-json\/wp\/v2\/product"}],"about":[{"href":"https:\/\/toysmaniacornermonaco.com\/en\/wp-json\/wp\/v2\/types\/product"}],"replies":[{"embeddable":true,"href":"https:\/\/toysmaniacornermonaco.com\/en\/wp-json\/wp\/v2\/comments?post=3049"}],"wp:featuredmedia":[{"embeddable":true,"href":"https:\/\/toysmaniacornermonaco.com\/en\/wp-json\/wp\/v2\/media\/4066"}],"wp:attachment":[{"href":"https:\/\/toysmaniacornermonaco.com\/en\/wp-json\/wp\/v2\/media?parent=3049"}],"wp:term":[{"taxonomy":"product_cat","embeddable":true,"href":"https:\/\/toysmaniacornermonaco.com\/en\/wp-json\/wp\/v2\/product_cat?post=3049"},{"taxonomy":"product_tag","embeddable":true,"href":"https:\/\/toysmaniacornermonaco.com\/en\/wp-json\/wp\/v2\/product_tag?post=3049"}],"curies":[{"name":"wp","href":"https:\/\/api.w.org\/{rel}","templated":true}]}}