{"id":3050,"date":"2022-03-24T12:36:11","date_gmt":"2022-03-24T11:36:11","guid":{"rendered":"https:\/\/toys-mania-dev.jupiter.cdigital.fr\/produit\/mova-globe-45-bleu-et-argent\/"},"modified":"2022-10-13T16:48:11","modified_gmt":"2022-10-13T14:48:11","slug":"mova-globe-45-bleu-et-argent","status":"publish","type":"product","link":"https:\/\/toysmaniacornermonaco.com\/en\/produit\/mova-globe-45-bleu-et-argent\/","title":{"rendered":"MOVA GLOBE 4,5&#8242; BLEU ET ARGENT"},"content":{"rendered":"<p>Dimension : Diam\u00e8tre 4,5&#8242;<br \/>\nLes masses continentales m\u00e9talliques contre les oc\u00e9ans bleu fonc\u00e9 se m\u00ealent \u00e0 ce globe terrestre raffin\u00e9.<br \/>\nIncarn\u00e9e par des eaux d&#8217;un bleu profond, cette carte du monde modernis\u00e9e a \u00e9t\u00e9 con\u00e7ue pour \u00eatre admir\u00e9e. Les masses d\u0092argent argent\u00e9es hautement luminescentes am\u00e9liorent la lisibilit\u00e9 pour une lecture de carte plus intuitive, tandis que les lignes bronze de latitude et de longitude accentuent l\u0092attrait esth\u00e9tique. C&#8217;est un ajout inattendu et convaincant \u00e0 un bureau ou \u00e0 une table de chevet.<br \/>\nUn design original MOVA<br \/>\nComprend des lignes de latitude et de longitude<br \/>\nTourne en utilisant la lumi\u00e8re ambiante<br \/>\nLes aimants cach\u00e9s permettent le mouvement<br \/>\nPas de cordes ni de piles<br \/>\nN&#8217;oubliez pas que la couleur de la photo peut l\u00e9g\u00e8rement diff\u00e9rer de la couleur du produit en raison de l&#8217;\u00e9clairage lors de la prise de vue ou de l&#8217;affichage du moniteur.<br \/>\nNous avons pris le globe classique que vous connaissez et l&#8217;avons mis \u00e0 jour avec notre technologie brevet\u00e9e. Notre carte du monde Les globes MOVA sont magnifiques. Vous trouverez un assortiment de motifs &#8211; de la carte en relief \u00e0 la carte antique. I0,100 offrent un choix \u00e9ducatif et \u00e9l\u00e9gant pour votre maison ou votre espace de travail. Chaque globe est fait \u00e0 la main et tourne sans fi0,100 ni piles.<br \/>\nCe sont les globes \u00e9ducatifs du monde dont vous vous souvenez quand vous \u00e9tiez enfant, mais avec un look \u00e9l\u00e9gant et des fonctionnalit\u00e9s mises \u00e0 jour qui en font un d\u00e9cor moderne indispensable.<\/p>\n","protected":false},"excerpt":{"rendered":"Dimension : Diam\u00e8tre 4,5&#8242; Les masses continentales m\u00e9talliques contre les oc\u00e9ans bleu fonc\u00e9 se m\u00ealent \u00e0 ce globe terrestre raffin\u00e9. Incarn\u00e9e par des eaux d&#8217;un bleu profond, cette carte du monde modernis\u00e9e a \u00e9t\u00e9 con\u00e7ue pour \u00eatre admir\u00e9e. Les masses d\u0092argent argent\u00e9es hautement luminescentes am\u00e9liorent la lisibilit\u00e9 pour une lecture de carte plus intuitive, tandis&#8230; <a class=\"view-article\" href=\"https:\/\/toysmaniacornermonaco.com\/en\/produit\/mova-globe-45-bleu-et-argent\/\">View Article<\/a>","protected":false},"featured_media":4074,"comment_status":"open","ping_status":"closed","template":"","meta":{"_acf_changed":false},"product_cat":[381],"product_tag":[],"class_list":{"0":"post-3050","1":"product","2":"type-product","3":"status-publish","4":"has-post-thumbnail","6":"marque-mova-en","7":"idee_cadeau-children","8":"idee_cadeau-men","9":"idee_cadeau-women","10":"product_cat-decoration-en","11":"product_shipping_class-petitcolis-en","13":"first","14":"instock","15":"taxable","16":"shipping-taxable","17":"purchasable","18":"product-type-simple"},"acf":[],"yoast_head":"<!-- This site is optimized with the Yoast SEO plugin v22.3 - https:\/\/yoast.com\/wordpress\/plugins\/seo\/ -->\n<title>MOVA GLOBE 4,5&#039; BLEU ET ARGENT - TOY&#039;S MANIA<\/title>\n<meta name=\"robots\" content=\"index, follow, max-snippet:-1, max-image-preview:large, max-video-preview:-1\" \/>\n<link rel=\"canonical\" href=\"https:\/\/toysmaniacornermonaco.com\/en\/produit\/mova-globe-45-bleu-et-argent\/\" \/>\n<meta property=\"og:locale\" content=\"en_US\" \/>\n<meta property=\"og:type\" content=\"article\" \/>\n<meta property=\"og:title\" content=\"MOVA GLOBE 4,5&#039; BLEU ET ARGENT - TOY&#039;S MANIA\" \/>\n<meta property=\"og:description\" content=\"Dimension : Diam\u00e8tre 4,5&#8242; Les masses continentales m\u00e9talliques contre les oc\u00e9ans bleu fonc\u00e9 se m\u00ealent \u00e0 ce globe terrestre raffin\u00e9. Incarn\u00e9e par des eaux d&#8217;un bleu profond, cette carte du monde modernis\u00e9e a \u00e9t\u00e9 con\u00e7ue pour \u00eatre admir\u00e9e. Les masses d\u0092argent argent\u00e9es hautement luminescentes am\u00e9liorent la lisibilit\u00e9 pour une lecture de carte plus intuitive, tandis... View Article\" \/>\n<meta property=\"og:url\" content=\"https:\/\/toysmaniacornermonaco.com\/en\/produit\/mova-globe-45-bleu-et-argent\/\" \/>\n<meta property=\"og:site_name\" content=\"TOY&#039;S MANIA\" \/>\n<meta property=\"article:modified_time\" content=\"2022-10-13T14:48:11+00:00\" \/>\n<meta property=\"og:image\" content=\"https:\/\/toysmaniacornermonaco.com\/wp-content\/uploads\/2022\/03\/MG45BSE.jpg\" \/>\n\t<meta property=\"og:image:width\" content=\"1024\" \/>\n\t<meta property=\"og:image:height\" content=\"683\" \/>\n\t<meta property=\"og:image:type\" content=\"image\/jpeg\" \/>\n<meta name=\"twitter:card\" content=\"summary_large_image\" \/>\n<meta name=\"twitter:label1\" content=\"Est. reading time\" \/>\n\t<meta name=\"twitter:data1\" content=\"2 minutes\" \/>\n<script type=\"application\/ld+json\" class=\"yoast-schema-graph\">{\"@context\":\"https:\/\/schema.org\",\"@graph\":[{\"@type\":\"WebPage\",\"@id\":\"https:\/\/toysmaniacornermonaco.com\/en\/produit\/mova-globe-45-bleu-et-argent\/\",\"url\":\"https:\/\/toysmaniacornermonaco.com\/en\/produit\/mova-globe-45-bleu-et-argent\/\",\"name\":\"MOVA GLOBE 4,5' BLEU ET ARGENT - TOY&#039;S MANIA\",\"isPartOf\":{\"@id\":\"https:\/\/toysmaniacornermonaco.com\/#website\"},\"primaryImageOfPage\":{\"@id\":\"https:\/\/toysmaniacornermonaco.com\/en\/produit\/mova-globe-45-bleu-et-argent\/#primaryimage\"},\"image\":{\"@id\":\"https:\/\/toysmaniacornermonaco.com\/en\/produit\/mova-globe-45-bleu-et-argent\/#primaryimage\"},\"thumbnailUrl\":\"https:\/\/toysmaniacornermonaco.com\/wp-content\/uploads\/2022\/03\/MG45BSE.jpg\",\"datePublished\":\"2022-03-24T11:36:11+00:00\",\"dateModified\":\"2022-10-13T14:48:11+00:00\",\"breadcrumb\":{\"@id\":\"https:\/\/toysmaniacornermonaco.com\/en\/produit\/mova-globe-45-bleu-et-argent\/#breadcrumb\"},\"inLanguage\":\"en-US\",\"potentialAction\":[{\"@type\":\"ReadAction\",\"target\":[\"https:\/\/toysmaniacornermonaco.com\/en\/produit\/mova-globe-45-bleu-et-argent\/\"]}]},{\"@type\":\"ImageObject\",\"inLanguage\":\"en-US\",\"@id\":\"https:\/\/toysmaniacornermonaco.com\/en\/produit\/mova-globe-45-bleu-et-argent\/#primaryimage\",\"url\":\"https:\/\/toysmaniacornermonaco.com\/wp-content\/uploads\/2022\/03\/MG45BSE.jpg\",\"contentUrl\":\"https:\/\/toysmaniacornermonaco.com\/wp-content\/uploads\/2022\/03\/MG45BSE.jpg\",\"width\":1024,\"height\":683},{\"@type\":\"BreadcrumbList\",\"@id\":\"https:\/\/toysmaniacornermonaco.com\/en\/produit\/mova-globe-45-bleu-et-argent\/#breadcrumb\",\"itemListElement\":[{\"@type\":\"ListItem\",\"position\":1,\"name\":\"Accueil\",\"item\":\"https:\/\/toysmaniacornermonaco.com\/en\/\"},{\"@type\":\"ListItem\",\"position\":2,\"name\":\"Shop\",\"item\":\"https:\/\/toysmaniacornermonaco.com\/en\/shop\/\"},{\"@type\":\"ListItem\",\"position\":3,\"name\":\"MOVA GLOBE 4,5&#8242; BLEU ET ARGENT\"}]},{\"@type\":\"WebSite\",\"@id\":\"https:\/\/toysmaniacornermonaco.com\/#website\",\"url\":\"https:\/\/toysmaniacornermonaco.com\/\",\"name\":\"TOY&#039;S MANIA\",\"description\":\"VOTRE CONCEPT STORE \u00c0 MONACO\",\"potentialAction\":[{\"@type\":\"SearchAction\",\"target\":{\"@type\":\"EntryPoint\",\"urlTemplate\":\"https:\/\/toysmaniacornermonaco.com\/?s={search_term_string}\"},\"query-input\":\"required name=search_term_string\"}],\"inLanguage\":\"en-US\"}]}<\/script>\n<!-- \/ Yoast SEO plugin. -->","yoast_head_json":{"title":"MOVA GLOBE 4,5' BLEU ET ARGENT - TOY&#039;S MANIA","robots":{"index":"index","follow":"follow","max-snippet":"max-snippet:-1","max-image-preview":"max-image-preview:large","max-video-preview":"max-video-preview:-1"},"canonical":"https:\/\/toysmaniacornermonaco.com\/en\/produit\/mova-globe-45-bleu-et-argent\/","og_locale":"en_US","og_type":"article","og_title":"MOVA GLOBE 4,5' BLEU ET ARGENT - TOY&#039;S MANIA","og_description":"Dimension : Diam\u00e8tre 4,5&#8242; Les masses continentales m\u00e9talliques contre les oc\u00e9ans bleu fonc\u00e9 se m\u00ealent \u00e0 ce globe terrestre raffin\u00e9. Incarn\u00e9e par des eaux d&#8217;un bleu profond, cette carte du monde modernis\u00e9e a \u00e9t\u00e9 con\u00e7ue pour \u00eatre admir\u00e9e. Les masses d\u0092argent argent\u00e9es hautement luminescentes am\u00e9liorent la lisibilit\u00e9 pour une lecture de carte plus intuitive, tandis... View Article","og_url":"https:\/\/toysmaniacornermonaco.com\/en\/produit\/mova-globe-45-bleu-et-argent\/","og_site_name":"TOY&#039;S MANIA","article_modified_time":"2022-10-13T14:48:11+00:00","og_image":[{"width":1024,"height":683,"url":"https:\/\/toysmaniacornermonaco.com\/wp-content\/uploads\/2022\/03\/MG45BSE.jpg","type":"image\/jpeg"}],"twitter_card":"summary_large_image","twitter_misc":{"Est. reading time":"2 minutes"},"schema":{"@context":"https:\/\/schema.org","@graph":[{"@type":"WebPage","@id":"https:\/\/toysmaniacornermonaco.com\/en\/produit\/mova-globe-45-bleu-et-argent\/","url":"https:\/\/toysmaniacornermonaco.com\/en\/produit\/mova-globe-45-bleu-et-argent\/","name":"MOVA GLOBE 4,5' BLEU ET ARGENT - TOY&#039;S MANIA","isPartOf":{"@id":"https:\/\/toysmaniacornermonaco.com\/#website"},"primaryImageOfPage":{"@id":"https:\/\/toysmaniacornermonaco.com\/en\/produit\/mova-globe-45-bleu-et-argent\/#primaryimage"},"image":{"@id":"https:\/\/toysmaniacornermonaco.com\/en\/produit\/mova-globe-45-bleu-et-argent\/#primaryimage"},"thumbnailUrl":"https:\/\/toysmaniacornermonaco.com\/wp-content\/uploads\/2022\/03\/MG45BSE.jpg","datePublished":"2022-03-24T11:36:11+00:00","dateModified":"2022-10-13T14:48:11+00:00","breadcrumb":{"@id":"https:\/\/toysmaniacornermonaco.com\/en\/produit\/mova-globe-45-bleu-et-argent\/#breadcrumb"},"inLanguage":"en-US","potentialAction":[{"@type":"ReadAction","target":["https:\/\/toysmaniacornermonaco.com\/en\/produit\/mova-globe-45-bleu-et-argent\/"]}]},{"@type":"ImageObject","inLanguage":"en-US","@id":"https:\/\/toysmaniacornermonaco.com\/en\/produit\/mova-globe-45-bleu-et-argent\/#primaryimage","url":"https:\/\/toysmaniacornermonaco.com\/wp-content\/uploads\/2022\/03\/MG45BSE.jpg","contentUrl":"https:\/\/toysmaniacornermonaco.com\/wp-content\/uploads\/2022\/03\/MG45BSE.jpg","width":1024,"height":683},{"@type":"BreadcrumbList","@id":"https:\/\/toysmaniacornermonaco.com\/en\/produit\/mova-globe-45-bleu-et-argent\/#breadcrumb","itemListElement":[{"@type":"ListItem","position":1,"name":"Accueil","item":"https:\/\/toysmaniacornermonaco.com\/en\/"},{"@type":"ListItem","position":2,"name":"Shop","item":"https:\/\/toysmaniacornermonaco.com\/en\/shop\/"},{"@type":"ListItem","position":3,"name":"MOVA GLOBE 4,5&#8242; BLEU ET ARGENT"}]},{"@type":"WebSite","@id":"https:\/\/toysmaniacornermonaco.com\/#website","url":"https:\/\/toysmaniacornermonaco.com\/","name":"TOY&#039;S MANIA","description":"VOTRE CONCEPT STORE \u00c0 MONACO","potentialAction":[{"@type":"SearchAction","target":{"@type":"EntryPoint","urlTemplate":"https:\/\/toysmaniacornermonaco.com\/?s={search_term_string}"},"query-input":"required name=search_term_string"}],"inLanguage":"en-US"}]}},"_links":{"self":[{"href":"https:\/\/toysmaniacornermonaco.com\/en\/wp-json\/wp\/v2\/product\/3050","targetHints":{"allow":["GET"]}}],"collection":[{"href":"https:\/\/toysmaniacornermonaco.com\/en\/wp-json\/wp\/v2\/product"}],"about":[{"href":"https:\/\/toysmaniacornermonaco.com\/en\/wp-json\/wp\/v2\/types\/product"}],"replies":[{"embeddable":true,"href":"https:\/\/toysmaniacornermonaco.com\/en\/wp-json\/wp\/v2\/comments?post=3050"}],"wp:featuredmedia":[{"embeddable":true,"href":"https:\/\/toysmaniacornermonaco.com\/en\/wp-json\/wp\/v2\/media\/4074"}],"wp:attachment":[{"href":"https:\/\/toysmaniacornermonaco.com\/en\/wp-json\/wp\/v2\/media?parent=3050"}],"wp:term":[{"taxonomy":"product_cat","embeddable":true,"href":"https:\/\/toysmaniacornermonaco.com\/en\/wp-json\/wp\/v2\/product_cat?post=3050"},{"taxonomy":"product_tag","embeddable":true,"href":"https:\/\/toysmaniacornermonaco.com\/en\/wp-json\/wp\/v2\/product_tag?post=3050"}],"curies":[{"name":"wp","href":"https:\/\/api.w.org\/{rel}","templated":true}]}}