{"id":3072,"date":"2022-03-24T12:36:00","date_gmt":"2022-03-24T11:36:00","guid":{"rendered":"https:\/\/toys-mania-dev.jupiter.cdigital.fr\/produit\/lot-3-boites-repas-m-l-xl-guitare\/"},"modified":"2022-10-13T14:31:35","modified_gmt":"2022-10-13T12:31:35","slug":"lot-3-boites-repas-m-l-xl-guitare","status":"publish","type":"product","link":"https:\/\/toysmaniacornermonaco.com\/en\/produit\/lot-3-boites-repas-m-l-xl-guitare\/","title":{"rendered":"LOT 3 BOITES REPAS M\/L\/XL GUITARE"},"content":{"rendered":"<p>Lot de 3 Boites Repas M\/L\/XL &#8211; Guitare<br \/>\nFiche Technique:<br \/>\nComposition: Plastique<br \/>\nAdapt\u00e9 \u00e0 l&#8217;usage alimentaire: Oui<br \/>\nUtilisable au micro-ondes: Non<br \/>\nUtilisable au lave-vaisselle: Non<br \/>\nNombre de bo\u00eetes par lot: 3<br \/>\nSans BPA : Oui Dimensions XL 6&#215;13.5&#215;13.5cm L5.5&#215;11.5&#215;11.5cm 5x10x10cm<\/p>\n","protected":false},"excerpt":{"rendered":"Lot de 3 Boites Repas M\/L\/XL &#8211; Guitare Fiche Technique: Composition: Plastique Adapt\u00e9 \u00e0 l&#8217;usage alimentaire: Oui Utilisable au micro-ondes: Non Utilisable au lave-vaisselle: Non Nombre de bo\u00eetes par lot: 3 Sans BPA : Oui Dimensions XL 6&#215;13.5&#215;13.5cm L5.5&#215;11.5&#215;11.5cm 5x10x10cm","protected":false},"featured_media":1102,"comment_status":"open","ping_status":"open","template":"","meta":{"_acf_changed":false},"product_cat":[389],"product_tag":[],"class_list":{"0":"post-3072","1":"product","2":"type-product","3":"status-publish","4":"has-post-thumbnail","6":"marque-cornersfun-en","7":"idee_cadeau-children","8":"idee_cadeau-men","9":"product_cat-dishes","10":"product_shipping_class-petitcolis-en","12":"first","13":"instock","14":"taxable","15":"shipping-taxable","16":"purchasable","17":"product-type-simple"},"acf":[],"yoast_head":"<!-- This site is optimized with the Yoast SEO plugin v22.3 - https:\/\/yoast.com\/wordpress\/plugins\/seo\/ -->\n<title>LOT 3 BOITES REPAS M\/L\/XL GUITARE - TOY&#039;S MANIA<\/title>\n<meta name=\"robots\" content=\"index, follow, max-snippet:-1, max-image-preview:large, max-video-preview:-1\" \/>\n<link rel=\"canonical\" href=\"https:\/\/toysmaniacornermonaco.com\/en\/produit\/lot-3-boites-repas-m-l-xl-guitare\/\" \/>\n<meta property=\"og:locale\" content=\"en_US\" \/>\n<meta property=\"og:type\" content=\"article\" \/>\n<meta property=\"og:title\" content=\"LOT 3 BOITES REPAS M\/L\/XL GUITARE - TOY&#039;S MANIA\" \/>\n<meta property=\"og:description\" content=\"Lot de 3 Boites Repas M\/L\/XL &#8211; Guitare Fiche Technique: Composition: Plastique Adapt\u00e9 \u00e0 l&#8217;usage alimentaire: Oui Utilisable au micro-ondes: Non Utilisable au lave-vaisselle: Non Nombre de bo\u00eetes par lot: 3 Sans BPA : Oui Dimensions XL 6&#215;13.5&#215;13.5cm L5.5&#215;11.5&#215;11.5cm 5x10x10cm\" \/>\n<meta property=\"og:url\" content=\"https:\/\/toysmaniacornermonaco.com\/en\/produit\/lot-3-boites-repas-m-l-xl-guitare\/\" \/>\n<meta property=\"og:site_name\" content=\"TOY&#039;S MANIA\" \/>\n<meta property=\"article:modified_time\" content=\"2022-10-13T12:31:35+00:00\" \/>\n<meta property=\"og:image\" content=\"https:\/\/toysmaniacornermonaco.com\/wp-content\/uploads\/2022\/03\/LBOX42.jpg\" \/>\n\t<meta property=\"og:image:width\" content=\"800\" \/>\n\t<meta property=\"og:image:height\" content=\"800\" \/>\n\t<meta property=\"og:image:type\" content=\"image\/jpeg\" \/>\n<meta name=\"twitter:card\" content=\"summary_large_image\" \/>\n<script type=\"application\/ld+json\" class=\"yoast-schema-graph\">{\"@context\":\"https:\/\/schema.org\",\"@graph\":[{\"@type\":\"WebPage\",\"@id\":\"https:\/\/toysmaniacornermonaco.com\/en\/produit\/lot-3-boites-repas-m-l-xl-guitare\/\",\"url\":\"https:\/\/toysmaniacornermonaco.com\/en\/produit\/lot-3-boites-repas-m-l-xl-guitare\/\",\"name\":\"LOT 3 BOITES REPAS M\/L\/XL GUITARE - TOY&#039;S MANIA\",\"isPartOf\":{\"@id\":\"https:\/\/toysmaniacornermonaco.com\/#website\"},\"primaryImageOfPage\":{\"@id\":\"https:\/\/toysmaniacornermonaco.com\/en\/produit\/lot-3-boites-repas-m-l-xl-guitare\/#primaryimage\"},\"image\":{\"@id\":\"https:\/\/toysmaniacornermonaco.com\/en\/produit\/lot-3-boites-repas-m-l-xl-guitare\/#primaryimage\"},\"thumbnailUrl\":\"https:\/\/toysmaniacornermonaco.com\/wp-content\/uploads\/2022\/03\/LBOX42.jpg\",\"datePublished\":\"2022-03-24T11:36:00+00:00\",\"dateModified\":\"2022-10-13T12:31:35+00:00\",\"breadcrumb\":{\"@id\":\"https:\/\/toysmaniacornermonaco.com\/en\/produit\/lot-3-boites-repas-m-l-xl-guitare\/#breadcrumb\"},\"inLanguage\":\"en-US\",\"potentialAction\":[{\"@type\":\"ReadAction\",\"target\":[\"https:\/\/toysmaniacornermonaco.com\/en\/produit\/lot-3-boites-repas-m-l-xl-guitare\/\"]}]},{\"@type\":\"ImageObject\",\"inLanguage\":\"en-US\",\"@id\":\"https:\/\/toysmaniacornermonaco.com\/en\/produit\/lot-3-boites-repas-m-l-xl-guitare\/#primaryimage\",\"url\":\"https:\/\/toysmaniacornermonaco.com\/wp-content\/uploads\/2022\/03\/LBOX42.jpg\",\"contentUrl\":\"https:\/\/toysmaniacornermonaco.com\/wp-content\/uploads\/2022\/03\/LBOX42.jpg\",\"width\":800,\"height\":800},{\"@type\":\"BreadcrumbList\",\"@id\":\"https:\/\/toysmaniacornermonaco.com\/en\/produit\/lot-3-boites-repas-m-l-xl-guitare\/#breadcrumb\",\"itemListElement\":[{\"@type\":\"ListItem\",\"position\":1,\"name\":\"Accueil\",\"item\":\"https:\/\/toysmaniacornermonaco.com\/en\/\"},{\"@type\":\"ListItem\",\"position\":2,\"name\":\"Shop\",\"item\":\"https:\/\/toysmaniacornermonaco.com\/en\/shop\/\"},{\"@type\":\"ListItem\",\"position\":3,\"name\":\"LOT 3 BOITES REPAS M\/L\/XL GUITARE\"}]},{\"@type\":\"WebSite\",\"@id\":\"https:\/\/toysmaniacornermonaco.com\/#website\",\"url\":\"https:\/\/toysmaniacornermonaco.com\/\",\"name\":\"TOY&#039;S MANIA\",\"description\":\"VOTRE CONCEPT STORE \u00c0 MONACO\",\"potentialAction\":[{\"@type\":\"SearchAction\",\"target\":{\"@type\":\"EntryPoint\",\"urlTemplate\":\"https:\/\/toysmaniacornermonaco.com\/?s={search_term_string}\"},\"query-input\":\"required name=search_term_string\"}],\"inLanguage\":\"en-US\"}]}<\/script>\n<!-- \/ Yoast SEO plugin. -->","yoast_head_json":{"title":"LOT 3 BOITES REPAS M\/L\/XL GUITARE - TOY&#039;S MANIA","robots":{"index":"index","follow":"follow","max-snippet":"max-snippet:-1","max-image-preview":"max-image-preview:large","max-video-preview":"max-video-preview:-1"},"canonical":"https:\/\/toysmaniacornermonaco.com\/en\/produit\/lot-3-boites-repas-m-l-xl-guitare\/","og_locale":"en_US","og_type":"article","og_title":"LOT 3 BOITES REPAS M\/L\/XL GUITARE - TOY&#039;S MANIA","og_description":"Lot de 3 Boites Repas M\/L\/XL &#8211; Guitare Fiche Technique: Composition: Plastique Adapt\u00e9 \u00e0 l&#8217;usage alimentaire: Oui Utilisable au micro-ondes: Non Utilisable au lave-vaisselle: Non Nombre de bo\u00eetes par lot: 3 Sans BPA : Oui Dimensions XL 6&#215;13.5&#215;13.5cm L5.5&#215;11.5&#215;11.5cm 5x10x10cm","og_url":"https:\/\/toysmaniacornermonaco.com\/en\/produit\/lot-3-boites-repas-m-l-xl-guitare\/","og_site_name":"TOY&#039;S MANIA","article_modified_time":"2022-10-13T12:31:35+00:00","og_image":[{"width":800,"height":800,"url":"https:\/\/toysmaniacornermonaco.com\/wp-content\/uploads\/2022\/03\/LBOX42.jpg","type":"image\/jpeg"}],"twitter_card":"summary_large_image","schema":{"@context":"https:\/\/schema.org","@graph":[{"@type":"WebPage","@id":"https:\/\/toysmaniacornermonaco.com\/en\/produit\/lot-3-boites-repas-m-l-xl-guitare\/","url":"https:\/\/toysmaniacornermonaco.com\/en\/produit\/lot-3-boites-repas-m-l-xl-guitare\/","name":"LOT 3 BOITES REPAS M\/L\/XL GUITARE - TOY&#039;S MANIA","isPartOf":{"@id":"https:\/\/toysmaniacornermonaco.com\/#website"},"primaryImageOfPage":{"@id":"https:\/\/toysmaniacornermonaco.com\/en\/produit\/lot-3-boites-repas-m-l-xl-guitare\/#primaryimage"},"image":{"@id":"https:\/\/toysmaniacornermonaco.com\/en\/produit\/lot-3-boites-repas-m-l-xl-guitare\/#primaryimage"},"thumbnailUrl":"https:\/\/toysmaniacornermonaco.com\/wp-content\/uploads\/2022\/03\/LBOX42.jpg","datePublished":"2022-03-24T11:36:00+00:00","dateModified":"2022-10-13T12:31:35+00:00","breadcrumb":{"@id":"https:\/\/toysmaniacornermonaco.com\/en\/produit\/lot-3-boites-repas-m-l-xl-guitare\/#breadcrumb"},"inLanguage":"en-US","potentialAction":[{"@type":"ReadAction","target":["https:\/\/toysmaniacornermonaco.com\/en\/produit\/lot-3-boites-repas-m-l-xl-guitare\/"]}]},{"@type":"ImageObject","inLanguage":"en-US","@id":"https:\/\/toysmaniacornermonaco.com\/en\/produit\/lot-3-boites-repas-m-l-xl-guitare\/#primaryimage","url":"https:\/\/toysmaniacornermonaco.com\/wp-content\/uploads\/2022\/03\/LBOX42.jpg","contentUrl":"https:\/\/toysmaniacornermonaco.com\/wp-content\/uploads\/2022\/03\/LBOX42.jpg","width":800,"height":800},{"@type":"BreadcrumbList","@id":"https:\/\/toysmaniacornermonaco.com\/en\/produit\/lot-3-boites-repas-m-l-xl-guitare\/#breadcrumb","itemListElement":[{"@type":"ListItem","position":1,"name":"Accueil","item":"https:\/\/toysmaniacornermonaco.com\/en\/"},{"@type":"ListItem","position":2,"name":"Shop","item":"https:\/\/toysmaniacornermonaco.com\/en\/shop\/"},{"@type":"ListItem","position":3,"name":"LOT 3 BOITES REPAS M\/L\/XL GUITARE"}]},{"@type":"WebSite","@id":"https:\/\/toysmaniacornermonaco.com\/#website","url":"https:\/\/toysmaniacornermonaco.com\/","name":"TOY&#039;S MANIA","description":"VOTRE CONCEPT STORE \u00c0 MONACO","potentialAction":[{"@type":"SearchAction","target":{"@type":"EntryPoint","urlTemplate":"https:\/\/toysmaniacornermonaco.com\/?s={search_term_string}"},"query-input":"required name=search_term_string"}],"inLanguage":"en-US"}]}},"_links":{"self":[{"href":"https:\/\/toysmaniacornermonaco.com\/en\/wp-json\/wp\/v2\/product\/3072","targetHints":{"allow":["GET"]}}],"collection":[{"href":"https:\/\/toysmaniacornermonaco.com\/en\/wp-json\/wp\/v2\/product"}],"about":[{"href":"https:\/\/toysmaniacornermonaco.com\/en\/wp-json\/wp\/v2\/types\/product"}],"replies":[{"embeddable":true,"href":"https:\/\/toysmaniacornermonaco.com\/en\/wp-json\/wp\/v2\/comments?post=3072"}],"wp:featuredmedia":[{"embeddable":true,"href":"https:\/\/toysmaniacornermonaco.com\/en\/wp-json\/wp\/v2\/media\/1102"}],"wp:attachment":[{"href":"https:\/\/toysmaniacornermonaco.com\/en\/wp-json\/wp\/v2\/media?parent=3072"}],"wp:term":[{"taxonomy":"product_cat","embeddable":true,"href":"https:\/\/toysmaniacornermonaco.com\/en\/wp-json\/wp\/v2\/product_cat?post=3072"},{"taxonomy":"product_tag","embeddable":true,"href":"https:\/\/toysmaniacornermonaco.com\/en\/wp-json\/wp\/v2\/product_tag?post=3072"}],"curies":[{"name":"wp","href":"https:\/\/api.w.org\/{rel}","templated":true}]}}