{"id":3080,"date":"2022-03-24T12:36:00","date_gmt":"2022-03-24T11:36:00","guid":{"rendered":"https:\/\/toys-mania-dev.jupiter.cdigital.fr\/produit\/mickey-minnie-figurine-disney-britto\/"},"modified":"2025-01-20T14:33:40","modified_gmt":"2025-01-20T13:33:40","slug":"mickey-minnie-figurine-disney-britto","status":"publish","type":"product","link":"https:\/\/toysmaniacornermonaco.com\/en\/produit\/mickey-minnie-figurine-disney-britto\/","title":{"rendered":"MICKEY &#038; MINNIE FIGURINE DISNEY BRITTO"},"content":{"rendered":"<p>Nom : MICKEY &#038; MINNIE FIGURINE DISNEY BRITTO<br \/>\nR\u00e9f\u00e9rence : 4055228<br \/>\nDimension : 17 X 9 X 18 CM<br \/>\nMati\u00e8re : R\u00e9sine<br \/>\nEntrez dans le monde merveilleux de Mickey et ses amis avec cette figurine repr\u00e9sentant le couple MICKEY &#038; MINNIE !<br \/>\n&#8220;Disney Britto est une collection qui capture le fun et la fantaisie des personnages de Disney \u00e0 travers les designs embl\u00e9matiques, audacieux et color\u00e9s de l\u0092artiste br\u00e9silien, Romero Britto, dont les peintures et les sculptures sont expos\u00e9es dans plus de 100 galeries \u00e0 travers le monde. Chaque figurine est faite en r\u00e9sine avec une finition haute brillance, soigneusement peinte \u00e0 la main et pr\u00e9sent\u00e9e dans une bo\u00eete cadeau. Cette figurine est peinte \u00e0 la main, tr\u00e8s belles finitions et sign\u00e9e par Rom\u00e9ro Britto pour Disney<br \/>\nRomero Britto est un artiste, peintre et sculpteur br\u00e9silien n\u00e9 \u00e0 Recife le 6 octobre 1963. Son \u009cuvre pr\u00e9sente des \u00e9l\u00e9ments de pop art, de cubisme et de graffiti. Il a r\u00e9alis\u00e9 sa premi\u00e8re exposition \u00e0 14 ans. Dans sa jeunesse, il a visit\u00e9 de nombreux pays d&#8217;Europe. \u00c9tabli \u00e0 Miami, il a install\u00e9 son atelier dans le quartier de Coconut Grove, o\u00f9 il expose ses \u009cuvres dans les rues.<br \/>\nRomero Britto est un artiste, peintre et sculpteur br\u00e9silien n\u00e9 \u00e0 Recife le 6 octobre 1963. Son \u009cuvre pr\u00e9sente des \u00e9l\u00e9ments de pop art, de cubisme et de graffiti. Il a r\u00e9alis\u00e9 sa premi\u00e8re exposition \u00e0 14 ans. Dans sa jeunesse, il a visit\u00e9 de nombreux pays d&#8217;Europe. \u00c9tabli \u00e0 Miami, il a install\u00e9 son atelier dans le quartier de Coconut Grove, o\u00f9 il expose ses \u009cuvres dans les rues.<br \/>\n\u00ab Pour moi, l\u0092art est la simple c\u00e9l\u00e9bration des bonnes choses de la vie. C\u0092est le plus important pour moi \u00bb<br \/>\nRomero Britto a cr\u00e9\u00e9 un style enti\u00e8rement nouveau qui refl\u00e8te sa foi absolue dans le monde. Il a grandi parmi huit fr\u00e8res et s\u009curs dans une famille tr\u00e8s modeste de la ville de Recife, au Br\u00e9sil. Cependant sa cr\u00e9ativit\u00e9 lui permis d\u0092articuler sa vie de couleurs vives et d\u0092images d\u0092un monde merveilleux. Britto voyagea \u00e0 travers l\u0092Europe en 1983 afin d\u0092examiner les \u009cuvres de ses ma\u00eetres.<br \/>\nApr\u00e8s avoir expos\u00e9 dans quelques galeries, il est encourag\u00e9 a voyager aux Etats Unis o\u00f9 le Pop Art se trouvait \u00eatre \u00e0 son apog\u00e9e.<\/p>\n","protected":false},"excerpt":{"rendered":"Nom : MICKEY &#038; MINNIE FIGURINE DISNEY BRITTO R\u00e9f\u00e9rence : 4055228 Dimension : 17 X 9 X 18 CM Mati\u00e8re : R\u00e9sine Entrez dans le monde merveilleux de Mickey et ses amis avec cette figurine repr\u00e9sentant le couple MICKEY &#038; MINNIE ! &#8220;Disney Britto est une collection qui capture le fun et la fantaisie des&#8230; <a class=\"view-article\" href=\"https:\/\/toysmaniacornermonaco.com\/en\/produit\/mickey-minnie-figurine-disney-britto\/\">View Article<\/a>","protected":false},"featured_media":1151,"comment_status":"open","ping_status":"closed","template":"","meta":{"_acf_changed":false},"product_cat":[385],"product_tag":[],"class_list":{"0":"post-3080","1":"product","2":"type-product","3":"status-publish","4":"has-post-thumbnail","6":"marque-disney-en","7":"idee_cadeau-children","8":"product_cat-games-and-toys","9":"product_shipping_class-moyencolis-en","11":"first","12":"onbackorder","13":"taxable","14":"shipping-taxable","15":"purchasable","16":"product-type-simple"},"acf":[],"yoast_head":"<!-- This site is optimized with the Yoast SEO plugin v22.3 - https:\/\/yoast.com\/wordpress\/plugins\/seo\/ -->\n<title>MICKEY &amp; MINNIE FIGURINE DISNEY BRITTO - TOY&#039;S MANIA<\/title>\n<meta name=\"robots\" content=\"index, follow, max-snippet:-1, max-image-preview:large, max-video-preview:-1\" \/>\n<link rel=\"canonical\" href=\"https:\/\/toysmaniacornermonaco.com\/produit\/mickey-minnie-figurine-disney-britto\/\" \/>\n<meta property=\"og:locale\" content=\"en_US\" \/>\n<meta property=\"og:type\" content=\"article\" \/>\n<meta property=\"og:title\" content=\"MICKEY &amp; MINNIE FIGURINE DISNEY BRITTO - TOY&#039;S MANIA\" \/>\n<meta property=\"og:description\" content=\"Nom : MICKEY &#038; MINNIE FIGURINE DISNEY BRITTO R\u00e9f\u00e9rence : 4055228 Dimension : 17 X 9 X 18 CM Mati\u00e8re : R\u00e9sine Entrez dans le monde merveilleux de Mickey et ses amis avec cette figurine repr\u00e9sentant le couple MICKEY &#038; MINNIE ! &#8220;Disney Britto est une collection qui capture le fun et la fantaisie des... View Article\" \/>\n<meta property=\"og:url\" content=\"https:\/\/toysmaniacornermonaco.com\/produit\/mickey-minnie-figurine-disney-britto\/\" \/>\n<meta property=\"og:site_name\" content=\"TOY&#039;S MANIA\" \/>\n<meta property=\"article:modified_time\" content=\"2025-01-20T13:33:40+00:00\" \/>\n<meta property=\"og:image\" content=\"https:\/\/toysmaniacornermonaco.com\/wp-content\/uploads\/2022\/03\/4055228.jpg\" \/>\n\t<meta property=\"og:image:width\" content=\"560\" \/>\n\t<meta property=\"og:image:height\" content=\"560\" \/>\n\t<meta property=\"og:image:type\" content=\"image\/jpeg\" \/>\n<meta name=\"twitter:card\" content=\"summary_large_image\" \/>\n<meta name=\"twitter:label1\" content=\"Est. reading time\" \/>\n\t<meta name=\"twitter:data1\" content=\"2 minutes\" \/>\n<script type=\"application\/ld+json\" class=\"yoast-schema-graph\">{\"@context\":\"https:\/\/schema.org\",\"@graph\":[{\"@type\":\"WebPage\",\"@id\":\"https:\/\/toysmaniacornermonaco.com\/produit\/mickey-minnie-figurine-disney-britto\/\",\"url\":\"https:\/\/toysmaniacornermonaco.com\/produit\/mickey-minnie-figurine-disney-britto\/\",\"name\":\"MICKEY & MINNIE FIGURINE DISNEY BRITTO - TOY&#039;S MANIA\",\"isPartOf\":{\"@id\":\"https:\/\/toysmaniacornermonaco.com\/#website\"},\"primaryImageOfPage\":{\"@id\":\"https:\/\/toysmaniacornermonaco.com\/produit\/mickey-minnie-figurine-disney-britto\/#primaryimage\"},\"image\":{\"@id\":\"https:\/\/toysmaniacornermonaco.com\/produit\/mickey-minnie-figurine-disney-britto\/#primaryimage\"},\"thumbnailUrl\":\"https:\/\/toysmaniacornermonaco.com\/wp-content\/uploads\/2022\/03\/4055228.jpg\",\"datePublished\":\"2022-03-24T11:36:00+00:00\",\"dateModified\":\"2025-01-20T13:33:40+00:00\",\"breadcrumb\":{\"@id\":\"https:\/\/toysmaniacornermonaco.com\/produit\/mickey-minnie-figurine-disney-britto\/#breadcrumb\"},\"inLanguage\":\"en-US\",\"potentialAction\":[{\"@type\":\"ReadAction\",\"target\":[\"https:\/\/toysmaniacornermonaco.com\/produit\/mickey-minnie-figurine-disney-britto\/\"]}]},{\"@type\":\"ImageObject\",\"inLanguage\":\"en-US\",\"@id\":\"https:\/\/toysmaniacornermonaco.com\/produit\/mickey-minnie-figurine-disney-britto\/#primaryimage\",\"url\":\"https:\/\/toysmaniacornermonaco.com\/wp-content\/uploads\/2022\/03\/4055228.jpg\",\"contentUrl\":\"https:\/\/toysmaniacornermonaco.com\/wp-content\/uploads\/2022\/03\/4055228.jpg\",\"width\":560,\"height\":560},{\"@type\":\"BreadcrumbList\",\"@id\":\"https:\/\/toysmaniacornermonaco.com\/produit\/mickey-minnie-figurine-disney-britto\/#breadcrumb\",\"itemListElement\":[{\"@type\":\"ListItem\",\"position\":1,\"name\":\"Accueil\",\"item\":\"https:\/\/toysmaniacornermonaco.com\/en\/\"},{\"@type\":\"ListItem\",\"position\":2,\"name\":\"Shop\",\"item\":\"https:\/\/toysmaniacornermonaco.com\/en\/shop\/\"},{\"@type\":\"ListItem\",\"position\":3,\"name\":\"MICKEY &#038; MINNIE FIGURINE DISNEY BRITTO\"}]},{\"@type\":\"WebSite\",\"@id\":\"https:\/\/toysmaniacornermonaco.com\/#website\",\"url\":\"https:\/\/toysmaniacornermonaco.com\/\",\"name\":\"TOY&#039;S MANIA\",\"description\":\"VOTRE CONCEPT STORE \u00c0 MONACO\",\"potentialAction\":[{\"@type\":\"SearchAction\",\"target\":{\"@type\":\"EntryPoint\",\"urlTemplate\":\"https:\/\/toysmaniacornermonaco.com\/?s={search_term_string}\"},\"query-input\":\"required name=search_term_string\"}],\"inLanguage\":\"en-US\"}]}<\/script>\n<!-- \/ Yoast SEO plugin. -->","yoast_head_json":{"title":"MICKEY & MINNIE FIGURINE DISNEY BRITTO - TOY&#039;S MANIA","robots":{"index":"index","follow":"follow","max-snippet":"max-snippet:-1","max-image-preview":"max-image-preview:large","max-video-preview":"max-video-preview:-1"},"canonical":"https:\/\/toysmaniacornermonaco.com\/produit\/mickey-minnie-figurine-disney-britto\/","og_locale":"en_US","og_type":"article","og_title":"MICKEY & MINNIE FIGURINE DISNEY BRITTO - TOY&#039;S MANIA","og_description":"Nom : MICKEY &#038; MINNIE FIGURINE DISNEY BRITTO R\u00e9f\u00e9rence : 4055228 Dimension : 17 X 9 X 18 CM Mati\u00e8re : R\u00e9sine Entrez dans le monde merveilleux de Mickey et ses amis avec cette figurine repr\u00e9sentant le couple MICKEY &#038; MINNIE ! &#8220;Disney Britto est une collection qui capture le fun et la fantaisie des... View Article","og_url":"https:\/\/toysmaniacornermonaco.com\/produit\/mickey-minnie-figurine-disney-britto\/","og_site_name":"TOY&#039;S MANIA","article_modified_time":"2025-01-20T13:33:40+00:00","og_image":[{"width":560,"height":560,"url":"https:\/\/toysmaniacornermonaco.com\/wp-content\/uploads\/2022\/03\/4055228.jpg","type":"image\/jpeg"}],"twitter_card":"summary_large_image","twitter_misc":{"Est. reading time":"2 minutes"},"schema":{"@context":"https:\/\/schema.org","@graph":[{"@type":"WebPage","@id":"https:\/\/toysmaniacornermonaco.com\/produit\/mickey-minnie-figurine-disney-britto\/","url":"https:\/\/toysmaniacornermonaco.com\/produit\/mickey-minnie-figurine-disney-britto\/","name":"MICKEY & MINNIE FIGURINE DISNEY BRITTO - TOY&#039;S MANIA","isPartOf":{"@id":"https:\/\/toysmaniacornermonaco.com\/#website"},"primaryImageOfPage":{"@id":"https:\/\/toysmaniacornermonaco.com\/produit\/mickey-minnie-figurine-disney-britto\/#primaryimage"},"image":{"@id":"https:\/\/toysmaniacornermonaco.com\/produit\/mickey-minnie-figurine-disney-britto\/#primaryimage"},"thumbnailUrl":"https:\/\/toysmaniacornermonaco.com\/wp-content\/uploads\/2022\/03\/4055228.jpg","datePublished":"2022-03-24T11:36:00+00:00","dateModified":"2025-01-20T13:33:40+00:00","breadcrumb":{"@id":"https:\/\/toysmaniacornermonaco.com\/produit\/mickey-minnie-figurine-disney-britto\/#breadcrumb"},"inLanguage":"en-US","potentialAction":[{"@type":"ReadAction","target":["https:\/\/toysmaniacornermonaco.com\/produit\/mickey-minnie-figurine-disney-britto\/"]}]},{"@type":"ImageObject","inLanguage":"en-US","@id":"https:\/\/toysmaniacornermonaco.com\/produit\/mickey-minnie-figurine-disney-britto\/#primaryimage","url":"https:\/\/toysmaniacornermonaco.com\/wp-content\/uploads\/2022\/03\/4055228.jpg","contentUrl":"https:\/\/toysmaniacornermonaco.com\/wp-content\/uploads\/2022\/03\/4055228.jpg","width":560,"height":560},{"@type":"BreadcrumbList","@id":"https:\/\/toysmaniacornermonaco.com\/produit\/mickey-minnie-figurine-disney-britto\/#breadcrumb","itemListElement":[{"@type":"ListItem","position":1,"name":"Accueil","item":"https:\/\/toysmaniacornermonaco.com\/en\/"},{"@type":"ListItem","position":2,"name":"Shop","item":"https:\/\/toysmaniacornermonaco.com\/en\/shop\/"},{"@type":"ListItem","position":3,"name":"MICKEY &#038; MINNIE FIGURINE DISNEY BRITTO"}]},{"@type":"WebSite","@id":"https:\/\/toysmaniacornermonaco.com\/#website","url":"https:\/\/toysmaniacornermonaco.com\/","name":"TOY&#039;S MANIA","description":"VOTRE CONCEPT STORE \u00c0 MONACO","potentialAction":[{"@type":"SearchAction","target":{"@type":"EntryPoint","urlTemplate":"https:\/\/toysmaniacornermonaco.com\/?s={search_term_string}"},"query-input":"required name=search_term_string"}],"inLanguage":"en-US"}]}},"_links":{"self":[{"href":"https:\/\/toysmaniacornermonaco.com\/en\/wp-json\/wp\/v2\/product\/3080","targetHints":{"allow":["GET"]}}],"collection":[{"href":"https:\/\/toysmaniacornermonaco.com\/en\/wp-json\/wp\/v2\/product"}],"about":[{"href":"https:\/\/toysmaniacornermonaco.com\/en\/wp-json\/wp\/v2\/types\/product"}],"replies":[{"embeddable":true,"href":"https:\/\/toysmaniacornermonaco.com\/en\/wp-json\/wp\/v2\/comments?post=3080"}],"wp:featuredmedia":[{"embeddable":true,"href":"https:\/\/toysmaniacornermonaco.com\/en\/wp-json\/wp\/v2\/media\/1151"}],"wp:attachment":[{"href":"https:\/\/toysmaniacornermonaco.com\/en\/wp-json\/wp\/v2\/media?parent=3080"}],"wp:term":[{"taxonomy":"product_cat","embeddable":true,"href":"https:\/\/toysmaniacornermonaco.com\/en\/wp-json\/wp\/v2\/product_cat?post=3080"},{"taxonomy":"product_tag","embeddable":true,"href":"https:\/\/toysmaniacornermonaco.com\/en\/wp-json\/wp\/v2\/product_tag?post=3080"}],"curies":[{"name":"wp","href":"https:\/\/api.w.org\/{rel}","templated":true}]}}