{"id":3122,"date":"2022-03-24T12:35:26","date_gmt":"2022-03-24T11:35:26","guid":{"rendered":"https:\/\/toys-mania-dev.jupiter.cdigital.fr\/produit\/figurine-resine-le-petit-prince-lune\/"},"modified":"2022-10-13T14:36:11","modified_gmt":"2022-10-13T12:36:11","slug":"figurine-resine-le-petit-prince-lune","status":"publish","type":"product","link":"https:\/\/toysmaniacornermonaco.com\/en\/produit\/figurine-resine-le-petit-prince-lune\/","title":{"rendered":"FIGURINE RESINE LE PETIT PRINCE LUNE"},"content":{"rendered":"<p>FIGURINE RESINE LE PETIT PRINCE LUNE<br \/>\n525674<br \/>\nFigurine du Petit Prince assis sur la Lune, avec un socle en forme de nuage. Figurine en r\u00e9sine peinte \u00e0 la main, fournie dans une belle bo\u00eete cadeau.<\/p>\n","protected":false},"excerpt":{"rendered":"FIGURINE RESINE LE PETIT PRINCE LUNE 525674 Figurine du Petit Prince assis sur la Lune, avec un socle en forme de nuage. Figurine en r\u00e9sine peinte \u00e0 la main, fournie dans une belle bo\u00eete cadeau.","protected":false},"featured_media":2305,"comment_status":"open","ping_status":"open","template":"","meta":{"_acf_changed":false},"product_cat":[385],"product_tag":[],"class_list":{"0":"post-3122","1":"product","2":"type-product","3":"status-publish","4":"has-post-thumbnail","6":"marque-le-petit-prince-en","7":"idee_cadeau-children","8":"idee_cadeau-men","9":"idee_cadeau-women","10":"product_cat-games-and-toys","11":"product_shipping_class-moyencolis-en","13":"first","14":"instock","15":"taxable","16":"shipping-taxable","17":"purchasable","18":"product-type-simple"},"acf":[],"yoast_head":"<!-- This site is optimized with the Yoast SEO plugin v22.3 - https:\/\/yoast.com\/wordpress\/plugins\/seo\/ -->\n<title>FIGURINE RESINE LE PETIT PRINCE LUNE - TOY&#039;S MANIA<\/title>\n<meta name=\"robots\" content=\"index, follow, max-snippet:-1, max-image-preview:large, max-video-preview:-1\" \/>\n<link rel=\"canonical\" href=\"https:\/\/toysmaniacornermonaco.com\/en\/produit\/figurine-resine-le-petit-prince-lune\/\" \/>\n<meta property=\"og:locale\" content=\"en_US\" \/>\n<meta property=\"og:type\" content=\"article\" \/>\n<meta property=\"og:title\" content=\"FIGURINE RESINE LE PETIT PRINCE LUNE - TOY&#039;S MANIA\" \/>\n<meta property=\"og:description\" content=\"FIGURINE RESINE LE PETIT PRINCE LUNE 525674 Figurine du Petit Prince assis sur la Lune, avec un socle en forme de nuage. Figurine en r\u00e9sine peinte \u00e0 la main, fournie dans une belle bo\u00eete cadeau.\" \/>\n<meta property=\"og:url\" content=\"https:\/\/toysmaniacornermonaco.com\/en\/produit\/figurine-resine-le-petit-prince-lune\/\" \/>\n<meta property=\"og:site_name\" content=\"TOY&#039;S MANIA\" \/>\n<meta property=\"article:modified_time\" content=\"2022-10-13T12:36:11+00:00\" \/>\n<meta property=\"og:image\" content=\"https:\/\/toysmaniacornermonaco.com\/wp-content\/uploads\/2022\/03\/525674.jpg\" \/>\n\t<meta property=\"og:image:width\" content=\"1200\" \/>\n\t<meta property=\"og:image:height\" content=\"1200\" \/>\n\t<meta property=\"og:image:type\" content=\"image\/jpeg\" \/>\n<meta name=\"twitter:card\" content=\"summary_large_image\" \/>\n<script type=\"application\/ld+json\" class=\"yoast-schema-graph\">{\"@context\":\"https:\/\/schema.org\",\"@graph\":[{\"@type\":\"WebPage\",\"@id\":\"https:\/\/toysmaniacornermonaco.com\/en\/produit\/figurine-resine-le-petit-prince-lune\/\",\"url\":\"https:\/\/toysmaniacornermonaco.com\/en\/produit\/figurine-resine-le-petit-prince-lune\/\",\"name\":\"FIGURINE RESINE LE PETIT PRINCE LUNE - TOY&#039;S MANIA\",\"isPartOf\":{\"@id\":\"https:\/\/toysmaniacornermonaco.com\/#website\"},\"primaryImageOfPage\":{\"@id\":\"https:\/\/toysmaniacornermonaco.com\/en\/produit\/figurine-resine-le-petit-prince-lune\/#primaryimage\"},\"image\":{\"@id\":\"https:\/\/toysmaniacornermonaco.com\/en\/produit\/figurine-resine-le-petit-prince-lune\/#primaryimage\"},\"thumbnailUrl\":\"https:\/\/toysmaniacornermonaco.com\/wp-content\/uploads\/2022\/03\/525674.jpg\",\"datePublished\":\"2022-03-24T11:35:26+00:00\",\"dateModified\":\"2022-10-13T12:36:11+00:00\",\"breadcrumb\":{\"@id\":\"https:\/\/toysmaniacornermonaco.com\/en\/produit\/figurine-resine-le-petit-prince-lune\/#breadcrumb\"},\"inLanguage\":\"en-US\",\"potentialAction\":[{\"@type\":\"ReadAction\",\"target\":[\"https:\/\/toysmaniacornermonaco.com\/en\/produit\/figurine-resine-le-petit-prince-lune\/\"]}]},{\"@type\":\"ImageObject\",\"inLanguage\":\"en-US\",\"@id\":\"https:\/\/toysmaniacornermonaco.com\/en\/produit\/figurine-resine-le-petit-prince-lune\/#primaryimage\",\"url\":\"https:\/\/toysmaniacornermonaco.com\/wp-content\/uploads\/2022\/03\/525674.jpg\",\"contentUrl\":\"https:\/\/toysmaniacornermonaco.com\/wp-content\/uploads\/2022\/03\/525674.jpg\",\"width\":1200,\"height\":1200},{\"@type\":\"BreadcrumbList\",\"@id\":\"https:\/\/toysmaniacornermonaco.com\/en\/produit\/figurine-resine-le-petit-prince-lune\/#breadcrumb\",\"itemListElement\":[{\"@type\":\"ListItem\",\"position\":1,\"name\":\"Accueil\",\"item\":\"https:\/\/toysmaniacornermonaco.com\/en\/\"},{\"@type\":\"ListItem\",\"position\":2,\"name\":\"Shop\",\"item\":\"https:\/\/toysmaniacornermonaco.com\/en\/shop\/\"},{\"@type\":\"ListItem\",\"position\":3,\"name\":\"FIGURINE RESINE LE PETIT PRINCE LUNE\"}]},{\"@type\":\"WebSite\",\"@id\":\"https:\/\/toysmaniacornermonaco.com\/#website\",\"url\":\"https:\/\/toysmaniacornermonaco.com\/\",\"name\":\"TOY&#039;S MANIA\",\"description\":\"VOTRE CONCEPT STORE \u00c0 MONACO\",\"potentialAction\":[{\"@type\":\"SearchAction\",\"target\":{\"@type\":\"EntryPoint\",\"urlTemplate\":\"https:\/\/toysmaniacornermonaco.com\/?s={search_term_string}\"},\"query-input\":\"required name=search_term_string\"}],\"inLanguage\":\"en-US\"}]}<\/script>\n<!-- \/ Yoast SEO plugin. -->","yoast_head_json":{"title":"FIGURINE RESINE LE PETIT PRINCE LUNE - TOY&#039;S MANIA","robots":{"index":"index","follow":"follow","max-snippet":"max-snippet:-1","max-image-preview":"max-image-preview:large","max-video-preview":"max-video-preview:-1"},"canonical":"https:\/\/toysmaniacornermonaco.com\/en\/produit\/figurine-resine-le-petit-prince-lune\/","og_locale":"en_US","og_type":"article","og_title":"FIGURINE RESINE LE PETIT PRINCE LUNE - TOY&#039;S MANIA","og_description":"FIGURINE RESINE LE PETIT PRINCE LUNE 525674 Figurine du Petit Prince assis sur la Lune, avec un socle en forme de nuage. Figurine en r\u00e9sine peinte \u00e0 la main, fournie dans une belle bo\u00eete cadeau.","og_url":"https:\/\/toysmaniacornermonaco.com\/en\/produit\/figurine-resine-le-petit-prince-lune\/","og_site_name":"TOY&#039;S MANIA","article_modified_time":"2022-10-13T12:36:11+00:00","og_image":[{"width":1200,"height":1200,"url":"https:\/\/toysmaniacornermonaco.com\/wp-content\/uploads\/2022\/03\/525674.jpg","type":"image\/jpeg"}],"twitter_card":"summary_large_image","schema":{"@context":"https:\/\/schema.org","@graph":[{"@type":"WebPage","@id":"https:\/\/toysmaniacornermonaco.com\/en\/produit\/figurine-resine-le-petit-prince-lune\/","url":"https:\/\/toysmaniacornermonaco.com\/en\/produit\/figurine-resine-le-petit-prince-lune\/","name":"FIGURINE RESINE LE PETIT PRINCE LUNE - TOY&#039;S MANIA","isPartOf":{"@id":"https:\/\/toysmaniacornermonaco.com\/#website"},"primaryImageOfPage":{"@id":"https:\/\/toysmaniacornermonaco.com\/en\/produit\/figurine-resine-le-petit-prince-lune\/#primaryimage"},"image":{"@id":"https:\/\/toysmaniacornermonaco.com\/en\/produit\/figurine-resine-le-petit-prince-lune\/#primaryimage"},"thumbnailUrl":"https:\/\/toysmaniacornermonaco.com\/wp-content\/uploads\/2022\/03\/525674.jpg","datePublished":"2022-03-24T11:35:26+00:00","dateModified":"2022-10-13T12:36:11+00:00","breadcrumb":{"@id":"https:\/\/toysmaniacornermonaco.com\/en\/produit\/figurine-resine-le-petit-prince-lune\/#breadcrumb"},"inLanguage":"en-US","potentialAction":[{"@type":"ReadAction","target":["https:\/\/toysmaniacornermonaco.com\/en\/produit\/figurine-resine-le-petit-prince-lune\/"]}]},{"@type":"ImageObject","inLanguage":"en-US","@id":"https:\/\/toysmaniacornermonaco.com\/en\/produit\/figurine-resine-le-petit-prince-lune\/#primaryimage","url":"https:\/\/toysmaniacornermonaco.com\/wp-content\/uploads\/2022\/03\/525674.jpg","contentUrl":"https:\/\/toysmaniacornermonaco.com\/wp-content\/uploads\/2022\/03\/525674.jpg","width":1200,"height":1200},{"@type":"BreadcrumbList","@id":"https:\/\/toysmaniacornermonaco.com\/en\/produit\/figurine-resine-le-petit-prince-lune\/#breadcrumb","itemListElement":[{"@type":"ListItem","position":1,"name":"Accueil","item":"https:\/\/toysmaniacornermonaco.com\/en\/"},{"@type":"ListItem","position":2,"name":"Shop","item":"https:\/\/toysmaniacornermonaco.com\/en\/shop\/"},{"@type":"ListItem","position":3,"name":"FIGURINE RESINE LE PETIT PRINCE LUNE"}]},{"@type":"WebSite","@id":"https:\/\/toysmaniacornermonaco.com\/#website","url":"https:\/\/toysmaniacornermonaco.com\/","name":"TOY&#039;S MANIA","description":"VOTRE CONCEPT STORE \u00c0 MONACO","potentialAction":[{"@type":"SearchAction","target":{"@type":"EntryPoint","urlTemplate":"https:\/\/toysmaniacornermonaco.com\/?s={search_term_string}"},"query-input":"required name=search_term_string"}],"inLanguage":"en-US"}]}},"_links":{"self":[{"href":"https:\/\/toysmaniacornermonaco.com\/en\/wp-json\/wp\/v2\/product\/3122","targetHints":{"allow":["GET"]}}],"collection":[{"href":"https:\/\/toysmaniacornermonaco.com\/en\/wp-json\/wp\/v2\/product"}],"about":[{"href":"https:\/\/toysmaniacornermonaco.com\/en\/wp-json\/wp\/v2\/types\/product"}],"replies":[{"embeddable":true,"href":"https:\/\/toysmaniacornermonaco.com\/en\/wp-json\/wp\/v2\/comments?post=3122"}],"wp:featuredmedia":[{"embeddable":true,"href":"https:\/\/toysmaniacornermonaco.com\/en\/wp-json\/wp\/v2\/media\/2305"}],"wp:attachment":[{"href":"https:\/\/toysmaniacornermonaco.com\/en\/wp-json\/wp\/v2\/media?parent=3122"}],"wp:term":[{"taxonomy":"product_cat","embeddable":true,"href":"https:\/\/toysmaniacornermonaco.com\/en\/wp-json\/wp\/v2\/product_cat?post=3122"},{"taxonomy":"product_tag","embeddable":true,"href":"https:\/\/toysmaniacornermonaco.com\/en\/wp-json\/wp\/v2\/product_tag?post=3122"}],"curies":[{"name":"wp","href":"https:\/\/api.w.org\/{rel}","templated":true}]}}