{"id":3130,"date":"2022-03-24T12:35:26","date_gmt":"2022-03-24T11:35:26","guid":{"rendered":"https:\/\/toys-mania-dev.jupiter.cdigital.fr\/produit\/figurine-solaire-chat-noir-chanceux\/"},"modified":"2022-12-12T09:32:57","modified_gmt":"2022-12-12T08:32:57","slug":"figurine-solaire-chat-noir-chanceux","status":"publish","type":"product","link":"https:\/\/toysmaniacornermonaco.com\/en\/produit\/figurine-solaire-chat-noir-chanceux\/","title":{"rendered":"FIGURINE SOLAIRE CHAT NOIR CHANCEUX"},"content":{"rendered":"<p>Figurine Solaire &#8211; Chat Noir Porte Chance<\/p>\n<p>Fiche Technique:<\/p>\n<p>Composition: Plastique<br \/>\nLabellis\u00e9 CE: Oui<br \/>\nNe convient pas aux enfants \u00e2g\u00e9s entre: 0 &#8211; 3 ans Dimensions Hauteur 10cm Largeur 5cm Profondeur 6cm<\/p>\n","protected":false},"excerpt":{"rendered":"Figurine Solaire &#8211; Chat Noir Porte Chance Fiche Technique: Composition: Plastique Labellis\u00e9 CE: Oui Ne convient pas aux enfants \u00e2g\u00e9s entre: 0 &#8211; 3 ans Dimensions Hauteur 10cm Largeur 5cm Profondeur 6cm","protected":false},"featured_media":2309,"comment_status":"open","ping_status":"closed","template":"","meta":{"_acf_changed":false},"product_cat":[385],"product_tag":[],"class_list":{"0":"post-3130","1":"product","2":"type-product","3":"status-publish","4":"has-post-thumbnail","6":"marque-cornersfun-en","7":"idee_cadeau-children","8":"product_cat-games-and-toys","9":"product_shipping_class-petitcolis-en","11":"first","12":"outofstock","13":"taxable","14":"shipping-taxable","15":"purchasable","16":"product-type-simple"},"acf":[],"yoast_head":"<!-- This site is optimized with the Yoast SEO plugin v22.3 - https:\/\/yoast.com\/wordpress\/plugins\/seo\/ -->\n<title>FIGURINE SOLAIRE CHAT NOIR CHANCEUX - TOY&#039;S MANIA<\/title>\n<meta name=\"robots\" content=\"index, follow, max-snippet:-1, max-image-preview:large, max-video-preview:-1\" \/>\n<link rel=\"canonical\" href=\"https:\/\/toysmaniacornermonaco.com\/produit\/figurine-solaire-chat-noir-chanceux\/\" \/>\n<meta property=\"og:locale\" content=\"en_US\" \/>\n<meta property=\"og:type\" content=\"article\" \/>\n<meta property=\"og:title\" content=\"FIGURINE SOLAIRE CHAT NOIR CHANCEUX - TOY&#039;S MANIA\" \/>\n<meta property=\"og:description\" content=\"Figurine Solaire &#8211; Chat Noir Porte Chance Fiche Technique: Composition: Plastique Labellis\u00e9 CE: Oui Ne convient pas aux enfants \u00e2g\u00e9s entre: 0 &#8211; 3 ans Dimensions Hauteur 10cm Largeur 5cm Profondeur 6cm\" \/>\n<meta property=\"og:url\" content=\"https:\/\/toysmaniacornermonaco.com\/produit\/figurine-solaire-chat-noir-chanceux\/\" \/>\n<meta property=\"og:site_name\" content=\"TOY&#039;S MANIA\" \/>\n<meta property=\"article:modified_time\" content=\"2022-12-12T08:32:57+00:00\" \/>\n<meta property=\"og:image\" content=\"https:\/\/toysmaniacornermonaco.com\/wp-content\/uploads\/2022\/03\/FF113.jpg\" \/>\n\t<meta property=\"og:image:width\" content=\"800\" \/>\n\t<meta property=\"og:image:height\" content=\"800\" \/>\n\t<meta property=\"og:image:type\" content=\"image\/jpeg\" \/>\n<meta name=\"twitter:card\" content=\"summary_large_image\" \/>\n<script type=\"application\/ld+json\" class=\"yoast-schema-graph\">{\"@context\":\"https:\/\/schema.org\",\"@graph\":[{\"@type\":\"WebPage\",\"@id\":\"https:\/\/toysmaniacornermonaco.com\/produit\/figurine-solaire-chat-noir-chanceux\/\",\"url\":\"https:\/\/toysmaniacornermonaco.com\/produit\/figurine-solaire-chat-noir-chanceux\/\",\"name\":\"FIGURINE SOLAIRE CHAT NOIR CHANCEUX - TOY&#039;S MANIA\",\"isPartOf\":{\"@id\":\"https:\/\/toysmaniacornermonaco.com\/#website\"},\"primaryImageOfPage\":{\"@id\":\"https:\/\/toysmaniacornermonaco.com\/produit\/figurine-solaire-chat-noir-chanceux\/#primaryimage\"},\"image\":{\"@id\":\"https:\/\/toysmaniacornermonaco.com\/produit\/figurine-solaire-chat-noir-chanceux\/#primaryimage\"},\"thumbnailUrl\":\"https:\/\/toysmaniacornermonaco.com\/wp-content\/uploads\/2022\/03\/FF113.jpg\",\"datePublished\":\"2022-03-24T11:35:26+00:00\",\"dateModified\":\"2022-12-12T08:32:57+00:00\",\"breadcrumb\":{\"@id\":\"https:\/\/toysmaniacornermonaco.com\/produit\/figurine-solaire-chat-noir-chanceux\/#breadcrumb\"},\"inLanguage\":\"en-US\",\"potentialAction\":[{\"@type\":\"ReadAction\",\"target\":[\"https:\/\/toysmaniacornermonaco.com\/produit\/figurine-solaire-chat-noir-chanceux\/\"]}]},{\"@type\":\"ImageObject\",\"inLanguage\":\"en-US\",\"@id\":\"https:\/\/toysmaniacornermonaco.com\/produit\/figurine-solaire-chat-noir-chanceux\/#primaryimage\",\"url\":\"https:\/\/toysmaniacornermonaco.com\/wp-content\/uploads\/2022\/03\/FF113.jpg\",\"contentUrl\":\"https:\/\/toysmaniacornermonaco.com\/wp-content\/uploads\/2022\/03\/FF113.jpg\",\"width\":800,\"height\":800},{\"@type\":\"BreadcrumbList\",\"@id\":\"https:\/\/toysmaniacornermonaco.com\/produit\/figurine-solaire-chat-noir-chanceux\/#breadcrumb\",\"itemListElement\":[{\"@type\":\"ListItem\",\"position\":1,\"name\":\"Accueil\",\"item\":\"https:\/\/toysmaniacornermonaco.com\/en\/\"},{\"@type\":\"ListItem\",\"position\":2,\"name\":\"Shop\",\"item\":\"https:\/\/toysmaniacornermonaco.com\/en\/shop\/\"},{\"@type\":\"ListItem\",\"position\":3,\"name\":\"FIGURINE SOLAIRE CHAT NOIR CHANCEUX\"}]},{\"@type\":\"WebSite\",\"@id\":\"https:\/\/toysmaniacornermonaco.com\/#website\",\"url\":\"https:\/\/toysmaniacornermonaco.com\/\",\"name\":\"TOY&#039;S MANIA\",\"description\":\"VOTRE CONCEPT STORE \u00c0 MONACO\",\"potentialAction\":[{\"@type\":\"SearchAction\",\"target\":{\"@type\":\"EntryPoint\",\"urlTemplate\":\"https:\/\/toysmaniacornermonaco.com\/?s={search_term_string}\"},\"query-input\":\"required name=search_term_string\"}],\"inLanguage\":\"en-US\"}]}<\/script>\n<!-- \/ Yoast SEO plugin. -->","yoast_head_json":{"title":"FIGURINE SOLAIRE CHAT NOIR CHANCEUX - TOY&#039;S MANIA","robots":{"index":"index","follow":"follow","max-snippet":"max-snippet:-1","max-image-preview":"max-image-preview:large","max-video-preview":"max-video-preview:-1"},"canonical":"https:\/\/toysmaniacornermonaco.com\/produit\/figurine-solaire-chat-noir-chanceux\/","og_locale":"en_US","og_type":"article","og_title":"FIGURINE SOLAIRE CHAT NOIR CHANCEUX - TOY&#039;S MANIA","og_description":"Figurine Solaire &#8211; Chat Noir Porte Chance Fiche Technique: Composition: Plastique Labellis\u00e9 CE: Oui Ne convient pas aux enfants \u00e2g\u00e9s entre: 0 &#8211; 3 ans Dimensions Hauteur 10cm Largeur 5cm Profondeur 6cm","og_url":"https:\/\/toysmaniacornermonaco.com\/produit\/figurine-solaire-chat-noir-chanceux\/","og_site_name":"TOY&#039;S MANIA","article_modified_time":"2022-12-12T08:32:57+00:00","og_image":[{"width":800,"height":800,"url":"https:\/\/toysmaniacornermonaco.com\/wp-content\/uploads\/2022\/03\/FF113.jpg","type":"image\/jpeg"}],"twitter_card":"summary_large_image","schema":{"@context":"https:\/\/schema.org","@graph":[{"@type":"WebPage","@id":"https:\/\/toysmaniacornermonaco.com\/produit\/figurine-solaire-chat-noir-chanceux\/","url":"https:\/\/toysmaniacornermonaco.com\/produit\/figurine-solaire-chat-noir-chanceux\/","name":"FIGURINE SOLAIRE CHAT NOIR CHANCEUX - TOY&#039;S MANIA","isPartOf":{"@id":"https:\/\/toysmaniacornermonaco.com\/#website"},"primaryImageOfPage":{"@id":"https:\/\/toysmaniacornermonaco.com\/produit\/figurine-solaire-chat-noir-chanceux\/#primaryimage"},"image":{"@id":"https:\/\/toysmaniacornermonaco.com\/produit\/figurine-solaire-chat-noir-chanceux\/#primaryimage"},"thumbnailUrl":"https:\/\/toysmaniacornermonaco.com\/wp-content\/uploads\/2022\/03\/FF113.jpg","datePublished":"2022-03-24T11:35:26+00:00","dateModified":"2022-12-12T08:32:57+00:00","breadcrumb":{"@id":"https:\/\/toysmaniacornermonaco.com\/produit\/figurine-solaire-chat-noir-chanceux\/#breadcrumb"},"inLanguage":"en-US","potentialAction":[{"@type":"ReadAction","target":["https:\/\/toysmaniacornermonaco.com\/produit\/figurine-solaire-chat-noir-chanceux\/"]}]},{"@type":"ImageObject","inLanguage":"en-US","@id":"https:\/\/toysmaniacornermonaco.com\/produit\/figurine-solaire-chat-noir-chanceux\/#primaryimage","url":"https:\/\/toysmaniacornermonaco.com\/wp-content\/uploads\/2022\/03\/FF113.jpg","contentUrl":"https:\/\/toysmaniacornermonaco.com\/wp-content\/uploads\/2022\/03\/FF113.jpg","width":800,"height":800},{"@type":"BreadcrumbList","@id":"https:\/\/toysmaniacornermonaco.com\/produit\/figurine-solaire-chat-noir-chanceux\/#breadcrumb","itemListElement":[{"@type":"ListItem","position":1,"name":"Accueil","item":"https:\/\/toysmaniacornermonaco.com\/en\/"},{"@type":"ListItem","position":2,"name":"Shop","item":"https:\/\/toysmaniacornermonaco.com\/en\/shop\/"},{"@type":"ListItem","position":3,"name":"FIGURINE SOLAIRE CHAT NOIR CHANCEUX"}]},{"@type":"WebSite","@id":"https:\/\/toysmaniacornermonaco.com\/#website","url":"https:\/\/toysmaniacornermonaco.com\/","name":"TOY&#039;S MANIA","description":"VOTRE CONCEPT STORE \u00c0 MONACO","potentialAction":[{"@type":"SearchAction","target":{"@type":"EntryPoint","urlTemplate":"https:\/\/toysmaniacornermonaco.com\/?s={search_term_string}"},"query-input":"required name=search_term_string"}],"inLanguage":"en-US"}]}},"_links":{"self":[{"href":"https:\/\/toysmaniacornermonaco.com\/en\/wp-json\/wp\/v2\/product\/3130","targetHints":{"allow":["GET"]}}],"collection":[{"href":"https:\/\/toysmaniacornermonaco.com\/en\/wp-json\/wp\/v2\/product"}],"about":[{"href":"https:\/\/toysmaniacornermonaco.com\/en\/wp-json\/wp\/v2\/types\/product"}],"replies":[{"embeddable":true,"href":"https:\/\/toysmaniacornermonaco.com\/en\/wp-json\/wp\/v2\/comments?post=3130"}],"wp:featuredmedia":[{"embeddable":true,"href":"https:\/\/toysmaniacornermonaco.com\/en\/wp-json\/wp\/v2\/media\/2309"}],"wp:attachment":[{"href":"https:\/\/toysmaniacornermonaco.com\/en\/wp-json\/wp\/v2\/media?parent=3130"}],"wp:term":[{"taxonomy":"product_cat","embeddable":true,"href":"https:\/\/toysmaniacornermonaco.com\/en\/wp-json\/wp\/v2\/product_cat?post=3130"},{"taxonomy":"product_tag","embeddable":true,"href":"https:\/\/toysmaniacornermonaco.com\/en\/wp-json\/wp\/v2\/product_tag?post=3130"}],"curies":[{"name":"wp","href":"https:\/\/api.w.org\/{rel}","templated":true}]}}