{"id":3180,"date":"2022-03-24T12:34:55","date_gmt":"2022-03-24T11:34:55","guid":{"rendered":"https:\/\/toys-mania-dev.jupiter.cdigital.fr\/produit\/boule-a-neige-personnalisable-petit-prince\/"},"modified":"2022-10-13T14:35:34","modified_gmt":"2022-10-13T12:35:34","slug":"boule-a-neige-personnalisable-petit-prince","status":"publish","type":"product","link":"https:\/\/toysmaniacornermonaco.com\/en\/produit\/boule-a-neige-personnalisable-petit-prince\/","title":{"rendered":"BOULE A NEIGE PERSONNALISABLE PETIT PRINCE"},"content":{"rendered":"<p>Boule \u00e0 Neige &#038; Cadre \u00e0 photo : Si vous tournez le socle en plastique situ\u00e9 sous la boule, vous pourrez ins\u00e9rer une photo de votre choix<br \/>\nParticipe aussi \u00e0 l&#8217;\u00e9veil de l&#8217;enfant par la f\u00e9\u00e9rie de la neige et des \u00e9toiles en mouvement.<br \/>\nObjet d\u00e9coratif de la chambre de votre enfant.<br \/>\nPetit cadeau original.<br \/>\nDimension : 8,8 cm de diam\u00e8tre et 7 cm de hauteurBoule \u00e0 Neige &#038; Cadre \u00e0 photo : Si vous tournez le socle en plastique situ\u00e9 sous la boule, vous pourrez ins\u00e9rer une photo de votre choix<br \/>\nTh\u00e8me Petit Prince \u00e9galement d\u00e9velopp\u00e9 dans les boites \u00e0 musique et les veilleuses sur notre site<br \/>\nParticipe aussi \u00e0 l&#8217;\u00e9veil de l&#8217;enfant par la f\u00e9\u00e9rie de la neige et des \u00e9toiles en mouvement.<br \/>\nObjet d\u00e9coratif de la chambre de votre enfant.<br \/>\nPetit cadeau original.<br \/>\nDimension : 8,8 cm de diam\u00e8tre et 7 cm de hauteur<\/p>\n","protected":false},"excerpt":{"rendered":"Boule \u00e0 Neige &#038; Cadre \u00e0 photo : Si vous tournez le socle en plastique situ\u00e9 sous la boule, vous pourrez ins\u00e9rer une photo de votre choix Participe aussi \u00e0 l&#8217;\u00e9veil de l&#8217;enfant par la f\u00e9\u00e9rie de la neige et des \u00e9toiles en mouvement. Objet d\u00e9coratif de la chambre de votre enfant. Petit cadeau original&#8230;. <a class=\"view-article\" href=\"https:\/\/toysmaniacornermonaco.com\/en\/produit\/boule-a-neige-personnalisable-petit-prince\/\">View Article<\/a>","protected":false},"featured_media":2160,"comment_status":"open","ping_status":"open","template":"","meta":{"_acf_changed":false},"product_cat":[381],"product_tag":[],"class_list":{"0":"post-3180","1":"product","2":"type-product","3":"status-publish","4":"has-post-thumbnail","6":"marque-le-petit-prince-en","7":"idee_cadeau-children","8":"product_cat-decoration-en","9":"product_shipping_class-petitcolis-en","11":"first","12":"outofstock","13":"taxable","14":"shipping-taxable","15":"purchasable","16":"product-type-simple"},"acf":[],"yoast_head":"<!-- This site is optimized with the Yoast SEO plugin v22.3 - https:\/\/yoast.com\/wordpress\/plugins\/seo\/ -->\n<title>BOULE A NEIGE PERSONNALISABLE PETIT PRINCE - TOY&#039;S MANIA<\/title>\n<meta name=\"robots\" content=\"index, follow, max-snippet:-1, max-image-preview:large, max-video-preview:-1\" \/>\n<link rel=\"canonical\" href=\"https:\/\/toysmaniacornermonaco.com\/en\/produit\/boule-a-neige-personnalisable-petit-prince\/\" \/>\n<meta property=\"og:locale\" content=\"en_US\" \/>\n<meta property=\"og:type\" content=\"article\" \/>\n<meta property=\"og:title\" content=\"BOULE A NEIGE PERSONNALISABLE PETIT PRINCE - TOY&#039;S MANIA\" \/>\n<meta property=\"og:description\" content=\"Boule \u00e0 Neige &#038; Cadre \u00e0 photo : Si vous tournez le socle en plastique situ\u00e9 sous la boule, vous pourrez ins\u00e9rer une photo de votre choix Participe aussi \u00e0 l&#8217;\u00e9veil de l&#8217;enfant par la f\u00e9\u00e9rie de la neige et des \u00e9toiles en mouvement. Objet d\u00e9coratif de la chambre de votre enfant. Petit cadeau original.... View Article\" \/>\n<meta property=\"og:url\" content=\"https:\/\/toysmaniacornermonaco.com\/en\/produit\/boule-a-neige-personnalisable-petit-prince\/\" \/>\n<meta property=\"og:site_name\" content=\"TOY&#039;S MANIA\" \/>\n<meta property=\"article:modified_time\" content=\"2022-10-13T12:35:34+00:00\" \/>\n<meta property=\"og:image\" content=\"https:\/\/toysmaniacornermonaco.com\/wp-content\/uploads\/2022\/03\/s99230.jpg\" \/>\n\t<meta property=\"og:image:width\" content=\"475\" \/>\n\t<meta property=\"og:image:height\" content=\"450\" \/>\n\t<meta property=\"og:image:type\" content=\"image\/jpeg\" \/>\n<meta name=\"twitter:card\" content=\"summary_large_image\" \/>\n<meta name=\"twitter:label1\" content=\"Est. reading time\" \/>\n\t<meta name=\"twitter:data1\" content=\"1 minute\" \/>\n<script type=\"application\/ld+json\" class=\"yoast-schema-graph\">{\"@context\":\"https:\/\/schema.org\",\"@graph\":[{\"@type\":\"WebPage\",\"@id\":\"https:\/\/toysmaniacornermonaco.com\/en\/produit\/boule-a-neige-personnalisable-petit-prince\/\",\"url\":\"https:\/\/toysmaniacornermonaco.com\/en\/produit\/boule-a-neige-personnalisable-petit-prince\/\",\"name\":\"BOULE A NEIGE PERSONNALISABLE PETIT PRINCE - TOY&#039;S MANIA\",\"isPartOf\":{\"@id\":\"https:\/\/toysmaniacornermonaco.com\/#website\"},\"primaryImageOfPage\":{\"@id\":\"https:\/\/toysmaniacornermonaco.com\/en\/produit\/boule-a-neige-personnalisable-petit-prince\/#primaryimage\"},\"image\":{\"@id\":\"https:\/\/toysmaniacornermonaco.com\/en\/produit\/boule-a-neige-personnalisable-petit-prince\/#primaryimage\"},\"thumbnailUrl\":\"https:\/\/toysmaniacornermonaco.com\/wp-content\/uploads\/2022\/03\/s99230.jpg\",\"datePublished\":\"2022-03-24T11:34:55+00:00\",\"dateModified\":\"2022-10-13T12:35:34+00:00\",\"breadcrumb\":{\"@id\":\"https:\/\/toysmaniacornermonaco.com\/en\/produit\/boule-a-neige-personnalisable-petit-prince\/#breadcrumb\"},\"inLanguage\":\"en-US\",\"potentialAction\":[{\"@type\":\"ReadAction\",\"target\":[\"https:\/\/toysmaniacornermonaco.com\/en\/produit\/boule-a-neige-personnalisable-petit-prince\/\"]}]},{\"@type\":\"ImageObject\",\"inLanguage\":\"en-US\",\"@id\":\"https:\/\/toysmaniacornermonaco.com\/en\/produit\/boule-a-neige-personnalisable-petit-prince\/#primaryimage\",\"url\":\"https:\/\/toysmaniacornermonaco.com\/wp-content\/uploads\/2022\/03\/s99230.jpg\",\"contentUrl\":\"https:\/\/toysmaniacornermonaco.com\/wp-content\/uploads\/2022\/03\/s99230.jpg\",\"width\":475,\"height\":450},{\"@type\":\"BreadcrumbList\",\"@id\":\"https:\/\/toysmaniacornermonaco.com\/en\/produit\/boule-a-neige-personnalisable-petit-prince\/#breadcrumb\",\"itemListElement\":[{\"@type\":\"ListItem\",\"position\":1,\"name\":\"Accueil\",\"item\":\"https:\/\/toysmaniacornermonaco.com\/en\/\"},{\"@type\":\"ListItem\",\"position\":2,\"name\":\"Shop\",\"item\":\"https:\/\/toysmaniacornermonaco.com\/en\/shop\/\"},{\"@type\":\"ListItem\",\"position\":3,\"name\":\"BOULE A NEIGE PERSONNALISABLE PETIT PRINCE\"}]},{\"@type\":\"WebSite\",\"@id\":\"https:\/\/toysmaniacornermonaco.com\/#website\",\"url\":\"https:\/\/toysmaniacornermonaco.com\/\",\"name\":\"TOY&#039;S MANIA\",\"description\":\"VOTRE CONCEPT STORE \u00c0 MONACO\",\"potentialAction\":[{\"@type\":\"SearchAction\",\"target\":{\"@type\":\"EntryPoint\",\"urlTemplate\":\"https:\/\/toysmaniacornermonaco.com\/?s={search_term_string}\"},\"query-input\":\"required name=search_term_string\"}],\"inLanguage\":\"en-US\"}]}<\/script>\n<!-- \/ Yoast SEO plugin. -->","yoast_head_json":{"title":"BOULE A NEIGE PERSONNALISABLE PETIT PRINCE - TOY&#039;S MANIA","robots":{"index":"index","follow":"follow","max-snippet":"max-snippet:-1","max-image-preview":"max-image-preview:large","max-video-preview":"max-video-preview:-1"},"canonical":"https:\/\/toysmaniacornermonaco.com\/en\/produit\/boule-a-neige-personnalisable-petit-prince\/","og_locale":"en_US","og_type":"article","og_title":"BOULE A NEIGE PERSONNALISABLE PETIT PRINCE - TOY&#039;S MANIA","og_description":"Boule \u00e0 Neige &#038; Cadre \u00e0 photo : Si vous tournez le socle en plastique situ\u00e9 sous la boule, vous pourrez ins\u00e9rer une photo de votre choix Participe aussi \u00e0 l&#8217;\u00e9veil de l&#8217;enfant par la f\u00e9\u00e9rie de la neige et des \u00e9toiles en mouvement. Objet d\u00e9coratif de la chambre de votre enfant. Petit cadeau original.... View Article","og_url":"https:\/\/toysmaniacornermonaco.com\/en\/produit\/boule-a-neige-personnalisable-petit-prince\/","og_site_name":"TOY&#039;S MANIA","article_modified_time":"2022-10-13T12:35:34+00:00","og_image":[{"width":475,"height":450,"url":"https:\/\/toysmaniacornermonaco.com\/wp-content\/uploads\/2022\/03\/s99230.jpg","type":"image\/jpeg"}],"twitter_card":"summary_large_image","twitter_misc":{"Est. reading time":"1 minute"},"schema":{"@context":"https:\/\/schema.org","@graph":[{"@type":"WebPage","@id":"https:\/\/toysmaniacornermonaco.com\/en\/produit\/boule-a-neige-personnalisable-petit-prince\/","url":"https:\/\/toysmaniacornermonaco.com\/en\/produit\/boule-a-neige-personnalisable-petit-prince\/","name":"BOULE A NEIGE PERSONNALISABLE PETIT PRINCE - TOY&#039;S MANIA","isPartOf":{"@id":"https:\/\/toysmaniacornermonaco.com\/#website"},"primaryImageOfPage":{"@id":"https:\/\/toysmaniacornermonaco.com\/en\/produit\/boule-a-neige-personnalisable-petit-prince\/#primaryimage"},"image":{"@id":"https:\/\/toysmaniacornermonaco.com\/en\/produit\/boule-a-neige-personnalisable-petit-prince\/#primaryimage"},"thumbnailUrl":"https:\/\/toysmaniacornermonaco.com\/wp-content\/uploads\/2022\/03\/s99230.jpg","datePublished":"2022-03-24T11:34:55+00:00","dateModified":"2022-10-13T12:35:34+00:00","breadcrumb":{"@id":"https:\/\/toysmaniacornermonaco.com\/en\/produit\/boule-a-neige-personnalisable-petit-prince\/#breadcrumb"},"inLanguage":"en-US","potentialAction":[{"@type":"ReadAction","target":["https:\/\/toysmaniacornermonaco.com\/en\/produit\/boule-a-neige-personnalisable-petit-prince\/"]}]},{"@type":"ImageObject","inLanguage":"en-US","@id":"https:\/\/toysmaniacornermonaco.com\/en\/produit\/boule-a-neige-personnalisable-petit-prince\/#primaryimage","url":"https:\/\/toysmaniacornermonaco.com\/wp-content\/uploads\/2022\/03\/s99230.jpg","contentUrl":"https:\/\/toysmaniacornermonaco.com\/wp-content\/uploads\/2022\/03\/s99230.jpg","width":475,"height":450},{"@type":"BreadcrumbList","@id":"https:\/\/toysmaniacornermonaco.com\/en\/produit\/boule-a-neige-personnalisable-petit-prince\/#breadcrumb","itemListElement":[{"@type":"ListItem","position":1,"name":"Accueil","item":"https:\/\/toysmaniacornermonaco.com\/en\/"},{"@type":"ListItem","position":2,"name":"Shop","item":"https:\/\/toysmaniacornermonaco.com\/en\/shop\/"},{"@type":"ListItem","position":3,"name":"BOULE A NEIGE PERSONNALISABLE PETIT PRINCE"}]},{"@type":"WebSite","@id":"https:\/\/toysmaniacornermonaco.com\/#website","url":"https:\/\/toysmaniacornermonaco.com\/","name":"TOY&#039;S MANIA","description":"VOTRE CONCEPT STORE \u00c0 MONACO","potentialAction":[{"@type":"SearchAction","target":{"@type":"EntryPoint","urlTemplate":"https:\/\/toysmaniacornermonaco.com\/?s={search_term_string}"},"query-input":"required name=search_term_string"}],"inLanguage":"en-US"}]}},"_links":{"self":[{"href":"https:\/\/toysmaniacornermonaco.com\/en\/wp-json\/wp\/v2\/product\/3180","targetHints":{"allow":["GET"]}}],"collection":[{"href":"https:\/\/toysmaniacornermonaco.com\/en\/wp-json\/wp\/v2\/product"}],"about":[{"href":"https:\/\/toysmaniacornermonaco.com\/en\/wp-json\/wp\/v2\/types\/product"}],"replies":[{"embeddable":true,"href":"https:\/\/toysmaniacornermonaco.com\/en\/wp-json\/wp\/v2\/comments?post=3180"}],"wp:featuredmedia":[{"embeddable":true,"href":"https:\/\/toysmaniacornermonaco.com\/en\/wp-json\/wp\/v2\/media\/2160"}],"wp:attachment":[{"href":"https:\/\/toysmaniacornermonaco.com\/en\/wp-json\/wp\/v2\/media?parent=3180"}],"wp:term":[{"taxonomy":"product_cat","embeddable":true,"href":"https:\/\/toysmaniacornermonaco.com\/en\/wp-json\/wp\/v2\/product_cat?post=3180"},{"taxonomy":"product_tag","embeddable":true,"href":"https:\/\/toysmaniacornermonaco.com\/en\/wp-json\/wp\/v2\/product_tag?post=3180"}],"curies":[{"name":"wp","href":"https:\/\/api.w.org\/{rel}","templated":true}]}}