{"id":3183,"date":"2022-03-24T12:34:55","date_gmt":"2022-03-24T11:34:55","guid":{"rendered":"https:\/\/toys-mania-dev.jupiter.cdigital.fr\/produit\/bougie-parfumee-verveine\/"},"modified":"2024-01-24T16:09:42","modified_gmt":"2024-01-24T15:09:42","slug":"bougie-parfumee-verveine","status":"publish","type":"product","link":"https:\/\/toysmaniacornermonaco.com\/en\/produit\/bougie-parfumee-verveine\/","title":{"rendered":"Bougie Parfum\u00e9e VERVEINE"},"content":{"rendered":"<p>La bougie parfum\u00e9e Durance<br \/>\nTout le savoir-faire Durance en petit format pour cette bougie dont les notes fra\u00eeches et citronn\u00e9es parfumeront les petits espaces. A collectionner pour faire varier les plaisirs !<\/p>\n<p>Le parfum Verveine<br \/>\nToute la fra\u00eecheur de la verveine d\u00e9clin\u00e9e \u00e0 travers des notes citronn\u00e9es, p\u00e9tillantes et rafraichissantes.<br \/>\nLe nez raconte le parfum:<br \/>\nRetrouver la senteur d\u0092une verveine fra\u00eeche aux notes hesp\u00e9rid\u00e9es de citron, de citronnelle. L\u0092impertinence d\u0092une verveine citronn\u00e9e fra\u00eechement cueillie!<\/p>\n<p>Dur\u00e9e de br\u00fble : Environ 20h<br \/>\nPi\u00e8ce : Cuisine, entr\u00e9e, couloir, salon, salle de bain<br \/>\nSaison: Printemps Et\u00e9<br \/>\nFamille : Les Frais et les agrumes<br \/>\nAmbiance: Rafra\u00eechissante<\/p>\n","protected":false},"excerpt":{"rendered":"La bougie parfum\u00e9e Durance Tout le savoir-faire Durance en petit format pour cette bougie dont les notes fra\u00eeches et citronn\u00e9es parfumeront les petits espaces. A collectionner pour faire varier les plaisirs ! Le parfum Verveine Toute la fra\u00eecheur de la verveine d\u00e9clin\u00e9e \u00e0 travers des notes citronn\u00e9es, p\u00e9tillantes et rafraichissantes. Le nez raconte le parfum:&#8230; <a class=\"view-article\" href=\"https:\/\/toysmaniacornermonaco.com\/en\/produit\/bougie-parfumee-verveine\/\">View Article<\/a>","protected":false},"featured_media":2151,"comment_status":"open","ping_status":"closed","template":"","meta":{"_acf_changed":false},"product_cat":[387],"product_tag":[],"class_list":{"0":"post-3183","1":"product","2":"type-product","3":"status-publish","4":"has-post-thumbnail","6":"marque-durance-en","7":"idee_cadeau-women","8":"product_cat-perfumes-and-scents","9":"product_shipping_class-petitcolis-en","11":"first","12":"instock","13":"taxable","14":"shipping-taxable","15":"purchasable","16":"product-type-simple"},"acf":[],"yoast_head":"<!-- This site is optimized with the Yoast SEO plugin v22.3 - https:\/\/yoast.com\/wordpress\/plugins\/seo\/ -->\n<title>Bougie Parfum\u00e9e VERVEINE - TOY&#039;S MANIA<\/title>\n<meta name=\"robots\" content=\"index, follow, max-snippet:-1, max-image-preview:large, max-video-preview:-1\" \/>\n<link rel=\"canonical\" href=\"https:\/\/toysmaniacornermonaco.com\/produit\/bougie-parfumee-verveine\/\" \/>\n<meta property=\"og:locale\" content=\"en_US\" \/>\n<meta property=\"og:type\" content=\"article\" \/>\n<meta property=\"og:title\" content=\"Bougie Parfum\u00e9e VERVEINE - TOY&#039;S MANIA\" \/>\n<meta property=\"og:description\" content=\"La bougie parfum\u00e9e Durance Tout le savoir-faire Durance en petit format pour cette bougie dont les notes fra\u00eeches et citronn\u00e9es parfumeront les petits espaces. A collectionner pour faire varier les plaisirs ! Le parfum Verveine Toute la fra\u00eecheur de la verveine d\u00e9clin\u00e9e \u00e0 travers des notes citronn\u00e9es, p\u00e9tillantes et rafraichissantes. Le nez raconte le parfum:... View Article\" \/>\n<meta property=\"og:url\" content=\"https:\/\/toysmaniacornermonaco.com\/produit\/bougie-parfumee-verveine\/\" \/>\n<meta property=\"og:site_name\" content=\"TOY&#039;S MANIA\" \/>\n<meta property=\"article:modified_time\" content=\"2024-01-24T15:09:42+00:00\" \/>\n<meta property=\"og:image\" content=\"https:\/\/toysmaniacornermonaco.com\/wp-content\/uploads\/2022\/03\/045207.jpg\" \/>\n\t<meta property=\"og:image:width\" content=\"600\" \/>\n\t<meta property=\"og:image:height\" content=\"600\" \/>\n\t<meta property=\"og:image:type\" content=\"image\/jpeg\" \/>\n<meta name=\"twitter:card\" content=\"summary_large_image\" \/>\n<meta name=\"twitter:label1\" content=\"Est. reading time\" \/>\n\t<meta name=\"twitter:data1\" content=\"1 minute\" \/>\n<script type=\"application\/ld+json\" class=\"yoast-schema-graph\">{\"@context\":\"https:\/\/schema.org\",\"@graph\":[{\"@type\":\"WebPage\",\"@id\":\"https:\/\/toysmaniacornermonaco.com\/produit\/bougie-parfumee-verveine\/\",\"url\":\"https:\/\/toysmaniacornermonaco.com\/produit\/bougie-parfumee-verveine\/\",\"name\":\"Bougie Parfum\u00e9e VERVEINE - TOY&#039;S MANIA\",\"isPartOf\":{\"@id\":\"https:\/\/toysmaniacornermonaco.com\/#website\"},\"primaryImageOfPage\":{\"@id\":\"https:\/\/toysmaniacornermonaco.com\/produit\/bougie-parfumee-verveine\/#primaryimage\"},\"image\":{\"@id\":\"https:\/\/toysmaniacornermonaco.com\/produit\/bougie-parfumee-verveine\/#primaryimage\"},\"thumbnailUrl\":\"https:\/\/toysmaniacornermonaco.com\/wp-content\/uploads\/2022\/03\/045207.jpg\",\"datePublished\":\"2022-03-24T11:34:55+00:00\",\"dateModified\":\"2024-01-24T15:09:42+00:00\",\"breadcrumb\":{\"@id\":\"https:\/\/toysmaniacornermonaco.com\/produit\/bougie-parfumee-verveine\/#breadcrumb\"},\"inLanguage\":\"en-US\",\"potentialAction\":[{\"@type\":\"ReadAction\",\"target\":[\"https:\/\/toysmaniacornermonaco.com\/produit\/bougie-parfumee-verveine\/\"]}]},{\"@type\":\"ImageObject\",\"inLanguage\":\"en-US\",\"@id\":\"https:\/\/toysmaniacornermonaco.com\/produit\/bougie-parfumee-verveine\/#primaryimage\",\"url\":\"https:\/\/toysmaniacornermonaco.com\/wp-content\/uploads\/2022\/03\/045207.jpg\",\"contentUrl\":\"https:\/\/toysmaniacornermonaco.com\/wp-content\/uploads\/2022\/03\/045207.jpg\",\"width\":600,\"height\":600},{\"@type\":\"BreadcrumbList\",\"@id\":\"https:\/\/toysmaniacornermonaco.com\/produit\/bougie-parfumee-verveine\/#breadcrumb\",\"itemListElement\":[{\"@type\":\"ListItem\",\"position\":1,\"name\":\"Accueil\",\"item\":\"https:\/\/toysmaniacornermonaco.com\/en\/\"},{\"@type\":\"ListItem\",\"position\":2,\"name\":\"Shop\",\"item\":\"https:\/\/toysmaniacornermonaco.com\/en\/shop\/\"},{\"@type\":\"ListItem\",\"position\":3,\"name\":\"Bougie Parfum\u00e9e VERVEINE\"}]},{\"@type\":\"WebSite\",\"@id\":\"https:\/\/toysmaniacornermonaco.com\/#website\",\"url\":\"https:\/\/toysmaniacornermonaco.com\/\",\"name\":\"TOY&#039;S MANIA\",\"description\":\"VOTRE CONCEPT STORE \u00c0 MONACO\",\"potentialAction\":[{\"@type\":\"SearchAction\",\"target\":{\"@type\":\"EntryPoint\",\"urlTemplate\":\"https:\/\/toysmaniacornermonaco.com\/?s={search_term_string}\"},\"query-input\":\"required name=search_term_string\"}],\"inLanguage\":\"en-US\"}]}<\/script>\n<!-- \/ Yoast SEO plugin. -->","yoast_head_json":{"title":"Bougie Parfum\u00e9e VERVEINE - TOY&#039;S MANIA","robots":{"index":"index","follow":"follow","max-snippet":"max-snippet:-1","max-image-preview":"max-image-preview:large","max-video-preview":"max-video-preview:-1"},"canonical":"https:\/\/toysmaniacornermonaco.com\/produit\/bougie-parfumee-verveine\/","og_locale":"en_US","og_type":"article","og_title":"Bougie Parfum\u00e9e VERVEINE - TOY&#039;S MANIA","og_description":"La bougie parfum\u00e9e Durance Tout le savoir-faire Durance en petit format pour cette bougie dont les notes fra\u00eeches et citronn\u00e9es parfumeront les petits espaces. A collectionner pour faire varier les plaisirs ! Le parfum Verveine Toute la fra\u00eecheur de la verveine d\u00e9clin\u00e9e \u00e0 travers des notes citronn\u00e9es, p\u00e9tillantes et rafraichissantes. Le nez raconte le parfum:... View Article","og_url":"https:\/\/toysmaniacornermonaco.com\/produit\/bougie-parfumee-verveine\/","og_site_name":"TOY&#039;S MANIA","article_modified_time":"2024-01-24T15:09:42+00:00","og_image":[{"width":600,"height":600,"url":"https:\/\/toysmaniacornermonaco.com\/wp-content\/uploads\/2022\/03\/045207.jpg","type":"image\/jpeg"}],"twitter_card":"summary_large_image","twitter_misc":{"Est. reading time":"1 minute"},"schema":{"@context":"https:\/\/schema.org","@graph":[{"@type":"WebPage","@id":"https:\/\/toysmaniacornermonaco.com\/produit\/bougie-parfumee-verveine\/","url":"https:\/\/toysmaniacornermonaco.com\/produit\/bougie-parfumee-verveine\/","name":"Bougie Parfum\u00e9e VERVEINE - TOY&#039;S MANIA","isPartOf":{"@id":"https:\/\/toysmaniacornermonaco.com\/#website"},"primaryImageOfPage":{"@id":"https:\/\/toysmaniacornermonaco.com\/produit\/bougie-parfumee-verveine\/#primaryimage"},"image":{"@id":"https:\/\/toysmaniacornermonaco.com\/produit\/bougie-parfumee-verveine\/#primaryimage"},"thumbnailUrl":"https:\/\/toysmaniacornermonaco.com\/wp-content\/uploads\/2022\/03\/045207.jpg","datePublished":"2022-03-24T11:34:55+00:00","dateModified":"2024-01-24T15:09:42+00:00","breadcrumb":{"@id":"https:\/\/toysmaniacornermonaco.com\/produit\/bougie-parfumee-verveine\/#breadcrumb"},"inLanguage":"en-US","potentialAction":[{"@type":"ReadAction","target":["https:\/\/toysmaniacornermonaco.com\/produit\/bougie-parfumee-verveine\/"]}]},{"@type":"ImageObject","inLanguage":"en-US","@id":"https:\/\/toysmaniacornermonaco.com\/produit\/bougie-parfumee-verveine\/#primaryimage","url":"https:\/\/toysmaniacornermonaco.com\/wp-content\/uploads\/2022\/03\/045207.jpg","contentUrl":"https:\/\/toysmaniacornermonaco.com\/wp-content\/uploads\/2022\/03\/045207.jpg","width":600,"height":600},{"@type":"BreadcrumbList","@id":"https:\/\/toysmaniacornermonaco.com\/produit\/bougie-parfumee-verveine\/#breadcrumb","itemListElement":[{"@type":"ListItem","position":1,"name":"Accueil","item":"https:\/\/toysmaniacornermonaco.com\/en\/"},{"@type":"ListItem","position":2,"name":"Shop","item":"https:\/\/toysmaniacornermonaco.com\/en\/shop\/"},{"@type":"ListItem","position":3,"name":"Bougie Parfum\u00e9e VERVEINE"}]},{"@type":"WebSite","@id":"https:\/\/toysmaniacornermonaco.com\/#website","url":"https:\/\/toysmaniacornermonaco.com\/","name":"TOY&#039;S MANIA","description":"VOTRE CONCEPT STORE \u00c0 MONACO","potentialAction":[{"@type":"SearchAction","target":{"@type":"EntryPoint","urlTemplate":"https:\/\/toysmaniacornermonaco.com\/?s={search_term_string}"},"query-input":"required name=search_term_string"}],"inLanguage":"en-US"}]}},"_links":{"self":[{"href":"https:\/\/toysmaniacornermonaco.com\/en\/wp-json\/wp\/v2\/product\/3183","targetHints":{"allow":["GET"]}}],"collection":[{"href":"https:\/\/toysmaniacornermonaco.com\/en\/wp-json\/wp\/v2\/product"}],"about":[{"href":"https:\/\/toysmaniacornermonaco.com\/en\/wp-json\/wp\/v2\/types\/product"}],"replies":[{"embeddable":true,"href":"https:\/\/toysmaniacornermonaco.com\/en\/wp-json\/wp\/v2\/comments?post=3183"}],"wp:featuredmedia":[{"embeddable":true,"href":"https:\/\/toysmaniacornermonaco.com\/en\/wp-json\/wp\/v2\/media\/2151"}],"wp:attachment":[{"href":"https:\/\/toysmaniacornermonaco.com\/en\/wp-json\/wp\/v2\/media?parent=3183"}],"wp:term":[{"taxonomy":"product_cat","embeddable":true,"href":"https:\/\/toysmaniacornermonaco.com\/en\/wp-json\/wp\/v2\/product_cat?post=3183"},{"taxonomy":"product_tag","embeddable":true,"href":"https:\/\/toysmaniacornermonaco.com\/en\/wp-json\/wp\/v2\/product_tag?post=3183"}],"curies":[{"name":"wp","href":"https:\/\/api.w.org\/{rel}","templated":true}]}}