{"id":3189,"date":"2022-03-24T12:34:55","date_gmt":"2022-03-24T11:34:55","guid":{"rendered":"https:\/\/toys-mania-dev.jupiter.cdigital.fr\/produit\/bouteille-thermos-etoiles-petit-prince\/"},"modified":"2024-03-27T17:12:37","modified_gmt":"2024-03-27T16:12:37","slug":"bouteille-thermos-etoiles-petit-prince","status":"publish","type":"product","link":"https:\/\/toysmaniacornermonaco.com\/en\/produit\/bouteille-thermos-etoiles-petit-prince\/","title":{"rendered":"BOUTEILLE THERMOS ETOILES PETIT PRINCE"},"content":{"rendered":"<p>BOUTEILLES THERMOS LE PETIT PRINCE ETOILES<\/p>\n<p>Magnifique bouteille isotherme en inox avec un motif qui a pour th\u00e8me Le Petit Prince.<\/p>\n<p>Nous retrouvons le fameux personnage sur un fond blanc teint\u00e9 de fleurs aux multiples couleurs, accompagn\u00e9 de la c\u00e9l\u00e8bre citation \u00ab On ne voit bien qu\u0092avec le c\u009cur \u00bb tir\u00e9 de l&#8217;ouvrage d&#8217;Antoine de Saint-Exup\u00e9ry.<\/p>\n<p>Cette gourde isotherme r\u00e9utilisable peut contenir jusqu\u0092\u00e0 500ml de boisson, son rev\u00eatement en inox ainsi que son bouchon rev\u00eatu de plastique permettront de garder au chaud vos boissons durant 12 heures ou au frais pendant 24 heures.<\/p>\n<p>Consei0,100 d&#8217;utilisation :<\/p>\n<p>Ne pas passer la bouteille au four micro-onde car l&#8217;acier inoxydable n&#8217;est pas compatible avec cette utilisation.<\/p>\n<p>Dimensions : H-25 cm\/ ? 5 cm<\/p>\n<p>Contenance : 500 ml<\/p>\n<p>Disponible \u00e0 partir de d\u00e9but mars 2021&#8230;!<\/p>\n","protected":false},"excerpt":{"rendered":"BOUTEILLES THERMOS LE PETIT PRINCE ETOILES Magnifique bouteille isotherme en inox avec un motif qui a pour th\u00e8me Le Petit Prince. Nous retrouvons le fameux personnage sur un fond blanc teint\u00e9 de fleurs aux multiples couleurs, accompagn\u00e9 de la c\u00e9l\u00e8bre citation \u00ab On ne voit bien qu\u0092avec le c\u009cur \u00bb tir\u00e9 de l&#8217;ouvrage d&#8217;Antoine de&#8230; <a class=\"view-article\" href=\"https:\/\/toysmaniacornermonaco.com\/en\/produit\/bouteille-thermos-etoiles-petit-prince\/\">View Article<\/a>","protected":false},"featured_media":2175,"comment_status":"open","ping_status":"closed","template":"","meta":{"_acf_changed":false},"product_cat":[383],"product_tag":[],"class_list":{"0":"post-3189","1":"product","2":"type-product","3":"status-publish","4":"has-post-thumbnail","6":"marque-le-petit-prince-en","7":"idee_cadeau-children","8":"idee_cadeau-men","9":"idee_cadeau-women","10":"product_cat-bags-and-accessories","11":"product_shipping_class-petitcolis-en","13":"first","14":"instock","15":"taxable","16":"shipping-taxable","17":"purchasable","18":"product-type-simple"},"acf":[],"yoast_head":"<!-- This site is optimized with the Yoast SEO plugin v22.3 - https:\/\/yoast.com\/wordpress\/plugins\/seo\/ -->\n<title>BOUTEILLE THERMOS ETOILES PETIT PRINCE - TOY&#039;S MANIA<\/title>\n<meta name=\"robots\" content=\"index, follow, max-snippet:-1, max-image-preview:large, max-video-preview:-1\" \/>\n<link rel=\"canonical\" href=\"https:\/\/toysmaniacornermonaco.com\/produit\/bouteille-thermos-etoiles-petit-prince\/\" \/>\n<meta property=\"og:locale\" content=\"en_US\" \/>\n<meta property=\"og:type\" content=\"article\" \/>\n<meta property=\"og:title\" content=\"BOUTEILLE THERMOS ETOILES PETIT PRINCE - TOY&#039;S MANIA\" \/>\n<meta property=\"og:description\" content=\"BOUTEILLES THERMOS LE PETIT PRINCE ETOILES Magnifique bouteille isotherme en inox avec un motif qui a pour th\u00e8me Le Petit Prince. Nous retrouvons le fameux personnage sur un fond blanc teint\u00e9 de fleurs aux multiples couleurs, accompagn\u00e9 de la c\u00e9l\u00e8bre citation \u00ab On ne voit bien qu\u0092avec le c\u009cur \u00bb tir\u00e9 de l&#8217;ouvrage d&#8217;Antoine de... View Article\" \/>\n<meta property=\"og:url\" content=\"https:\/\/toysmaniacornermonaco.com\/produit\/bouteille-thermos-etoiles-petit-prince\/\" \/>\n<meta property=\"og:site_name\" content=\"TOY&#039;S MANIA\" \/>\n<meta property=\"article:modified_time\" content=\"2024-03-27T16:12:37+00:00\" \/>\n<meta property=\"og:image\" content=\"https:\/\/toysmaniacornermonaco.com\/wp-content\/uploads\/2022\/03\/525673.jpg\" \/>\n\t<meta property=\"og:image:width\" content=\"1200\" \/>\n\t<meta property=\"og:image:height\" content=\"1200\" \/>\n\t<meta property=\"og:image:type\" content=\"image\/jpeg\" \/>\n<meta name=\"twitter:card\" content=\"summary_large_image\" \/>\n<meta name=\"twitter:label1\" content=\"Est. reading time\" \/>\n\t<meta name=\"twitter:data1\" content=\"1 minute\" \/>\n<script type=\"application\/ld+json\" class=\"yoast-schema-graph\">{\"@context\":\"https:\/\/schema.org\",\"@graph\":[{\"@type\":\"WebPage\",\"@id\":\"https:\/\/toysmaniacornermonaco.com\/produit\/bouteille-thermos-etoiles-petit-prince\/\",\"url\":\"https:\/\/toysmaniacornermonaco.com\/produit\/bouteille-thermos-etoiles-petit-prince\/\",\"name\":\"BOUTEILLE THERMOS ETOILES PETIT PRINCE - TOY&#039;S MANIA\",\"isPartOf\":{\"@id\":\"https:\/\/toysmaniacornermonaco.com\/#website\"},\"primaryImageOfPage\":{\"@id\":\"https:\/\/toysmaniacornermonaco.com\/produit\/bouteille-thermos-etoiles-petit-prince\/#primaryimage\"},\"image\":{\"@id\":\"https:\/\/toysmaniacornermonaco.com\/produit\/bouteille-thermos-etoiles-petit-prince\/#primaryimage\"},\"thumbnailUrl\":\"https:\/\/toysmaniacornermonaco.com\/wp-content\/uploads\/2022\/03\/525673.jpg\",\"datePublished\":\"2022-03-24T11:34:55+00:00\",\"dateModified\":\"2024-03-27T16:12:37+00:00\",\"breadcrumb\":{\"@id\":\"https:\/\/toysmaniacornermonaco.com\/produit\/bouteille-thermos-etoiles-petit-prince\/#breadcrumb\"},\"inLanguage\":\"en-US\",\"potentialAction\":[{\"@type\":\"ReadAction\",\"target\":[\"https:\/\/toysmaniacornermonaco.com\/produit\/bouteille-thermos-etoiles-petit-prince\/\"]}]},{\"@type\":\"ImageObject\",\"inLanguage\":\"en-US\",\"@id\":\"https:\/\/toysmaniacornermonaco.com\/produit\/bouteille-thermos-etoiles-petit-prince\/#primaryimage\",\"url\":\"https:\/\/toysmaniacornermonaco.com\/wp-content\/uploads\/2022\/03\/525673.jpg\",\"contentUrl\":\"https:\/\/toysmaniacornermonaco.com\/wp-content\/uploads\/2022\/03\/525673.jpg\",\"width\":1200,\"height\":1200},{\"@type\":\"BreadcrumbList\",\"@id\":\"https:\/\/toysmaniacornermonaco.com\/produit\/bouteille-thermos-etoiles-petit-prince\/#breadcrumb\",\"itemListElement\":[{\"@type\":\"ListItem\",\"position\":1,\"name\":\"Accueil\",\"item\":\"https:\/\/toysmaniacornermonaco.com\/en\/\"},{\"@type\":\"ListItem\",\"position\":2,\"name\":\"Shop\",\"item\":\"https:\/\/toysmaniacornermonaco.com\/en\/shop\/\"},{\"@type\":\"ListItem\",\"position\":3,\"name\":\"BOUTEILLE THERMOS ETOILES PETIT PRINCE\"}]},{\"@type\":\"WebSite\",\"@id\":\"https:\/\/toysmaniacornermonaco.com\/#website\",\"url\":\"https:\/\/toysmaniacornermonaco.com\/\",\"name\":\"TOY&#039;S MANIA\",\"description\":\"VOTRE CONCEPT STORE \u00c0 MONACO\",\"potentialAction\":[{\"@type\":\"SearchAction\",\"target\":{\"@type\":\"EntryPoint\",\"urlTemplate\":\"https:\/\/toysmaniacornermonaco.com\/?s={search_term_string}\"},\"query-input\":\"required name=search_term_string\"}],\"inLanguage\":\"en-US\"}]}<\/script>\n<!-- \/ Yoast SEO plugin. -->","yoast_head_json":{"title":"BOUTEILLE THERMOS ETOILES PETIT PRINCE - TOY&#039;S MANIA","robots":{"index":"index","follow":"follow","max-snippet":"max-snippet:-1","max-image-preview":"max-image-preview:large","max-video-preview":"max-video-preview:-1"},"canonical":"https:\/\/toysmaniacornermonaco.com\/produit\/bouteille-thermos-etoiles-petit-prince\/","og_locale":"en_US","og_type":"article","og_title":"BOUTEILLE THERMOS ETOILES PETIT PRINCE - TOY&#039;S MANIA","og_description":"BOUTEILLES THERMOS LE PETIT PRINCE ETOILES Magnifique bouteille isotherme en inox avec un motif qui a pour th\u00e8me Le Petit Prince. Nous retrouvons le fameux personnage sur un fond blanc teint\u00e9 de fleurs aux multiples couleurs, accompagn\u00e9 de la c\u00e9l\u00e8bre citation \u00ab On ne voit bien qu\u0092avec le c\u009cur \u00bb tir\u00e9 de l&#8217;ouvrage d&#8217;Antoine de... View Article","og_url":"https:\/\/toysmaniacornermonaco.com\/produit\/bouteille-thermos-etoiles-petit-prince\/","og_site_name":"TOY&#039;S MANIA","article_modified_time":"2024-03-27T16:12:37+00:00","og_image":[{"width":1200,"height":1200,"url":"https:\/\/toysmaniacornermonaco.com\/wp-content\/uploads\/2022\/03\/525673.jpg","type":"image\/jpeg"}],"twitter_card":"summary_large_image","twitter_misc":{"Est. reading time":"1 minute"},"schema":{"@context":"https:\/\/schema.org","@graph":[{"@type":"WebPage","@id":"https:\/\/toysmaniacornermonaco.com\/produit\/bouteille-thermos-etoiles-petit-prince\/","url":"https:\/\/toysmaniacornermonaco.com\/produit\/bouteille-thermos-etoiles-petit-prince\/","name":"BOUTEILLE THERMOS ETOILES PETIT PRINCE - TOY&#039;S MANIA","isPartOf":{"@id":"https:\/\/toysmaniacornermonaco.com\/#website"},"primaryImageOfPage":{"@id":"https:\/\/toysmaniacornermonaco.com\/produit\/bouteille-thermos-etoiles-petit-prince\/#primaryimage"},"image":{"@id":"https:\/\/toysmaniacornermonaco.com\/produit\/bouteille-thermos-etoiles-petit-prince\/#primaryimage"},"thumbnailUrl":"https:\/\/toysmaniacornermonaco.com\/wp-content\/uploads\/2022\/03\/525673.jpg","datePublished":"2022-03-24T11:34:55+00:00","dateModified":"2024-03-27T16:12:37+00:00","breadcrumb":{"@id":"https:\/\/toysmaniacornermonaco.com\/produit\/bouteille-thermos-etoiles-petit-prince\/#breadcrumb"},"inLanguage":"en-US","potentialAction":[{"@type":"ReadAction","target":["https:\/\/toysmaniacornermonaco.com\/produit\/bouteille-thermos-etoiles-petit-prince\/"]}]},{"@type":"ImageObject","inLanguage":"en-US","@id":"https:\/\/toysmaniacornermonaco.com\/produit\/bouteille-thermos-etoiles-petit-prince\/#primaryimage","url":"https:\/\/toysmaniacornermonaco.com\/wp-content\/uploads\/2022\/03\/525673.jpg","contentUrl":"https:\/\/toysmaniacornermonaco.com\/wp-content\/uploads\/2022\/03\/525673.jpg","width":1200,"height":1200},{"@type":"BreadcrumbList","@id":"https:\/\/toysmaniacornermonaco.com\/produit\/bouteille-thermos-etoiles-petit-prince\/#breadcrumb","itemListElement":[{"@type":"ListItem","position":1,"name":"Accueil","item":"https:\/\/toysmaniacornermonaco.com\/en\/"},{"@type":"ListItem","position":2,"name":"Shop","item":"https:\/\/toysmaniacornermonaco.com\/en\/shop\/"},{"@type":"ListItem","position":3,"name":"BOUTEILLE THERMOS ETOILES PETIT PRINCE"}]},{"@type":"WebSite","@id":"https:\/\/toysmaniacornermonaco.com\/#website","url":"https:\/\/toysmaniacornermonaco.com\/","name":"TOY&#039;S MANIA","description":"VOTRE CONCEPT STORE \u00c0 MONACO","potentialAction":[{"@type":"SearchAction","target":{"@type":"EntryPoint","urlTemplate":"https:\/\/toysmaniacornermonaco.com\/?s={search_term_string}"},"query-input":"required name=search_term_string"}],"inLanguage":"en-US"}]}},"_links":{"self":[{"href":"https:\/\/toysmaniacornermonaco.com\/en\/wp-json\/wp\/v2\/product\/3189","targetHints":{"allow":["GET"]}}],"collection":[{"href":"https:\/\/toysmaniacornermonaco.com\/en\/wp-json\/wp\/v2\/product"}],"about":[{"href":"https:\/\/toysmaniacornermonaco.com\/en\/wp-json\/wp\/v2\/types\/product"}],"replies":[{"embeddable":true,"href":"https:\/\/toysmaniacornermonaco.com\/en\/wp-json\/wp\/v2\/comments?post=3189"}],"wp:featuredmedia":[{"embeddable":true,"href":"https:\/\/toysmaniacornermonaco.com\/en\/wp-json\/wp\/v2\/media\/2175"}],"wp:attachment":[{"href":"https:\/\/toysmaniacornermonaco.com\/en\/wp-json\/wp\/v2\/media?parent=3189"}],"wp:term":[{"taxonomy":"product_cat","embeddable":true,"href":"https:\/\/toysmaniacornermonaco.com\/en\/wp-json\/wp\/v2\/product_cat?post=3189"},{"taxonomy":"product_tag","embeddable":true,"href":"https:\/\/toysmaniacornermonaco.com\/en\/wp-json\/wp\/v2\/product_tag?post=3189"}],"curies":[{"name":"wp","href":"https:\/\/api.w.org\/{rel}","templated":true}]}}