{"id":3199,"date":"2022-03-24T12:34:44","date_gmt":"2022-03-24T11:34:44","guid":{"rendered":"https:\/\/toys-mania-dev.jupiter.cdigital.fr\/produit\/bougie-parfumee-rose\/"},"modified":"2024-01-24T16:11:39","modified_gmt":"2024-01-24T15:11:39","slug":"bougie-parfumee-rose","status":"publish","type":"product","link":"https:\/\/toysmaniacornermonaco.com\/en\/produit\/bougie-parfumee-rose\/","title":{"rendered":"Bougie Parfum\u00e9e ROSE"},"content":{"rendered":"<p>La bougie parfum\u00e9e Durance<br \/>\nFabriqu\u00e9e et d\u00e9cor\u00e9e \u00e0 la main dans nos Ateliers, cette bougie aux notes soyeuses et raffin\u00e9es parfumera votre int\u00e9rieur tout en cr\u00e9ant une atmosph\u00e8re \u00e9l\u00e9gante et romantique. Fruit d\u0092une r\u00e9elle expertise, les composants de cette bougie parfum\u00e9e sont soigneusement s\u00e9lectionn\u00e9s pour obtenir la meilleure qualit\u00e9 de br\u00fble et de diffusion du parfum.<br \/>\nLe parfum Rose<br \/>\nLa fra\u00eecheur de la ros\u00e9e matinale s\u0092\u00e9panouit et laisse place \u00e0 une rose majestueuse, ultime, parfaite.<br \/>\nLe nez raconte le parfum:<br \/>\nRecr\u00e9er le parfum de la rose aux cent p\u00e9tales, la red\u00e9couvrir dans sa finesse et sa fra\u00eecheur. Une rose Centifolia soyeuse, velout\u00e9e et croquante.<br \/>\nDur\u00e9e de br\u00fble : Environ 40h<br \/>\nPi\u00e8ce : Salon; chambre<br \/>\nSaison: Printemps Et\u00e9<br \/>\nFamille : Les Floraux<br \/>\nAmbiance: El\u00e9gante \/ Rafra\u00eechissante<\/p>\n","protected":false},"excerpt":{"rendered":"La bougie parfum\u00e9e Durance Fabriqu\u00e9e et d\u00e9cor\u00e9e \u00e0 la main dans nos Ateliers, cette bougie aux notes soyeuses et raffin\u00e9es parfumera votre int\u00e9rieur tout en cr\u00e9ant une atmosph\u00e8re \u00e9l\u00e9gante et romantique. Fruit d\u0092une r\u00e9elle expertise, les composants de cette bougie parfum\u00e9e sont soigneusement s\u00e9lectionn\u00e9s pour obtenir la meilleure qualit\u00e9 de br\u00fble et de diffusion du&#8230; <a class=\"view-article\" href=\"https:\/\/toysmaniacornermonaco.com\/en\/produit\/bougie-parfumee-rose\/\">View Article<\/a>","protected":false},"featured_media":2115,"comment_status":"open","ping_status":"closed","template":"","meta":{"_acf_changed":false},"product_cat":[387],"product_tag":[],"class_list":{"0":"post-3199","1":"product","2":"type-product","3":"status-publish","4":"has-post-thumbnail","6":"marque-durance-en","7":"idee_cadeau-women","8":"product_cat-perfumes-and-scents","9":"product_shipping_class-petitcolis-en","11":"first","12":"instock","13":"taxable","14":"shipping-taxable","15":"purchasable","16":"product-type-simple"},"acf":[],"yoast_head":"<!-- This site is optimized with the Yoast SEO plugin v22.3 - https:\/\/yoast.com\/wordpress\/plugins\/seo\/ -->\n<title>Bougie Parfum\u00e9e ROSE - TOY&#039;S MANIA<\/title>\n<meta name=\"robots\" content=\"index, follow, max-snippet:-1, max-image-preview:large, max-video-preview:-1\" \/>\n<link rel=\"canonical\" href=\"https:\/\/toysmaniacornermonaco.com\/produit\/bougie-parfumee-rose\/\" \/>\n<meta property=\"og:locale\" content=\"en_US\" \/>\n<meta property=\"og:type\" content=\"article\" \/>\n<meta property=\"og:title\" content=\"Bougie Parfum\u00e9e ROSE - TOY&#039;S MANIA\" \/>\n<meta property=\"og:description\" content=\"La bougie parfum\u00e9e Durance Fabriqu\u00e9e et d\u00e9cor\u00e9e \u00e0 la main dans nos Ateliers, cette bougie aux notes soyeuses et raffin\u00e9es parfumera votre int\u00e9rieur tout en cr\u00e9ant une atmosph\u00e8re \u00e9l\u00e9gante et romantique. Fruit d\u0092une r\u00e9elle expertise, les composants de cette bougie parfum\u00e9e sont soigneusement s\u00e9lectionn\u00e9s pour obtenir la meilleure qualit\u00e9 de br\u00fble et de diffusion du... View Article\" \/>\n<meta property=\"og:url\" content=\"https:\/\/toysmaniacornermonaco.com\/produit\/bougie-parfumee-rose\/\" \/>\n<meta property=\"og:site_name\" content=\"TOY&#039;S MANIA\" \/>\n<meta property=\"article:modified_time\" content=\"2024-01-24T15:11:39+00:00\" \/>\n<meta property=\"og:image\" content=\"https:\/\/toysmaniacornermonaco.com\/wp-content\/uploads\/2022\/03\/045212.jpg\" \/>\n\t<meta property=\"og:image:width\" content=\"600\" \/>\n\t<meta property=\"og:image:height\" content=\"600\" \/>\n\t<meta property=\"og:image:type\" content=\"image\/jpeg\" \/>\n<meta name=\"twitter:card\" content=\"summary_large_image\" \/>\n<meta name=\"twitter:label1\" content=\"Est. reading time\" \/>\n\t<meta name=\"twitter:data1\" content=\"1 minute\" \/>\n<script type=\"application\/ld+json\" class=\"yoast-schema-graph\">{\"@context\":\"https:\/\/schema.org\",\"@graph\":[{\"@type\":\"WebPage\",\"@id\":\"https:\/\/toysmaniacornermonaco.com\/produit\/bougie-parfumee-rose\/\",\"url\":\"https:\/\/toysmaniacornermonaco.com\/produit\/bougie-parfumee-rose\/\",\"name\":\"Bougie Parfum\u00e9e ROSE - TOY&#039;S MANIA\",\"isPartOf\":{\"@id\":\"https:\/\/toysmaniacornermonaco.com\/#website\"},\"primaryImageOfPage\":{\"@id\":\"https:\/\/toysmaniacornermonaco.com\/produit\/bougie-parfumee-rose\/#primaryimage\"},\"image\":{\"@id\":\"https:\/\/toysmaniacornermonaco.com\/produit\/bougie-parfumee-rose\/#primaryimage\"},\"thumbnailUrl\":\"https:\/\/toysmaniacornermonaco.com\/wp-content\/uploads\/2022\/03\/045212.jpg\",\"datePublished\":\"2022-03-24T11:34:44+00:00\",\"dateModified\":\"2024-01-24T15:11:39+00:00\",\"breadcrumb\":{\"@id\":\"https:\/\/toysmaniacornermonaco.com\/produit\/bougie-parfumee-rose\/#breadcrumb\"},\"inLanguage\":\"en-US\",\"potentialAction\":[{\"@type\":\"ReadAction\",\"target\":[\"https:\/\/toysmaniacornermonaco.com\/produit\/bougie-parfumee-rose\/\"]}]},{\"@type\":\"ImageObject\",\"inLanguage\":\"en-US\",\"@id\":\"https:\/\/toysmaniacornermonaco.com\/produit\/bougie-parfumee-rose\/#primaryimage\",\"url\":\"https:\/\/toysmaniacornermonaco.com\/wp-content\/uploads\/2022\/03\/045212.jpg\",\"contentUrl\":\"https:\/\/toysmaniacornermonaco.com\/wp-content\/uploads\/2022\/03\/045212.jpg\",\"width\":600,\"height\":600},{\"@type\":\"BreadcrumbList\",\"@id\":\"https:\/\/toysmaniacornermonaco.com\/produit\/bougie-parfumee-rose\/#breadcrumb\",\"itemListElement\":[{\"@type\":\"ListItem\",\"position\":1,\"name\":\"Accueil\",\"item\":\"https:\/\/toysmaniacornermonaco.com\/en\/\"},{\"@type\":\"ListItem\",\"position\":2,\"name\":\"Shop\",\"item\":\"https:\/\/toysmaniacornermonaco.com\/en\/shop\/\"},{\"@type\":\"ListItem\",\"position\":3,\"name\":\"Bougie Parfum\u00e9e ROSE\"}]},{\"@type\":\"WebSite\",\"@id\":\"https:\/\/toysmaniacornermonaco.com\/#website\",\"url\":\"https:\/\/toysmaniacornermonaco.com\/\",\"name\":\"TOY&#039;S MANIA\",\"description\":\"VOTRE CONCEPT STORE \u00c0 MONACO\",\"potentialAction\":[{\"@type\":\"SearchAction\",\"target\":{\"@type\":\"EntryPoint\",\"urlTemplate\":\"https:\/\/toysmaniacornermonaco.com\/?s={search_term_string}\"},\"query-input\":\"required name=search_term_string\"}],\"inLanguage\":\"en-US\"}]}<\/script>\n<!-- \/ Yoast SEO plugin. -->","yoast_head_json":{"title":"Bougie Parfum\u00e9e ROSE - TOY&#039;S MANIA","robots":{"index":"index","follow":"follow","max-snippet":"max-snippet:-1","max-image-preview":"max-image-preview:large","max-video-preview":"max-video-preview:-1"},"canonical":"https:\/\/toysmaniacornermonaco.com\/produit\/bougie-parfumee-rose\/","og_locale":"en_US","og_type":"article","og_title":"Bougie Parfum\u00e9e ROSE - TOY&#039;S MANIA","og_description":"La bougie parfum\u00e9e Durance Fabriqu\u00e9e et d\u00e9cor\u00e9e \u00e0 la main dans nos Ateliers, cette bougie aux notes soyeuses et raffin\u00e9es parfumera votre int\u00e9rieur tout en cr\u00e9ant une atmosph\u00e8re \u00e9l\u00e9gante et romantique. Fruit d\u0092une r\u00e9elle expertise, les composants de cette bougie parfum\u00e9e sont soigneusement s\u00e9lectionn\u00e9s pour obtenir la meilleure qualit\u00e9 de br\u00fble et de diffusion du... View Article","og_url":"https:\/\/toysmaniacornermonaco.com\/produit\/bougie-parfumee-rose\/","og_site_name":"TOY&#039;S MANIA","article_modified_time":"2024-01-24T15:11:39+00:00","og_image":[{"width":600,"height":600,"url":"https:\/\/toysmaniacornermonaco.com\/wp-content\/uploads\/2022\/03\/045212.jpg","type":"image\/jpeg"}],"twitter_card":"summary_large_image","twitter_misc":{"Est. reading time":"1 minute"},"schema":{"@context":"https:\/\/schema.org","@graph":[{"@type":"WebPage","@id":"https:\/\/toysmaniacornermonaco.com\/produit\/bougie-parfumee-rose\/","url":"https:\/\/toysmaniacornermonaco.com\/produit\/bougie-parfumee-rose\/","name":"Bougie Parfum\u00e9e ROSE - TOY&#039;S MANIA","isPartOf":{"@id":"https:\/\/toysmaniacornermonaco.com\/#website"},"primaryImageOfPage":{"@id":"https:\/\/toysmaniacornermonaco.com\/produit\/bougie-parfumee-rose\/#primaryimage"},"image":{"@id":"https:\/\/toysmaniacornermonaco.com\/produit\/bougie-parfumee-rose\/#primaryimage"},"thumbnailUrl":"https:\/\/toysmaniacornermonaco.com\/wp-content\/uploads\/2022\/03\/045212.jpg","datePublished":"2022-03-24T11:34:44+00:00","dateModified":"2024-01-24T15:11:39+00:00","breadcrumb":{"@id":"https:\/\/toysmaniacornermonaco.com\/produit\/bougie-parfumee-rose\/#breadcrumb"},"inLanguage":"en-US","potentialAction":[{"@type":"ReadAction","target":["https:\/\/toysmaniacornermonaco.com\/produit\/bougie-parfumee-rose\/"]}]},{"@type":"ImageObject","inLanguage":"en-US","@id":"https:\/\/toysmaniacornermonaco.com\/produit\/bougie-parfumee-rose\/#primaryimage","url":"https:\/\/toysmaniacornermonaco.com\/wp-content\/uploads\/2022\/03\/045212.jpg","contentUrl":"https:\/\/toysmaniacornermonaco.com\/wp-content\/uploads\/2022\/03\/045212.jpg","width":600,"height":600},{"@type":"BreadcrumbList","@id":"https:\/\/toysmaniacornermonaco.com\/produit\/bougie-parfumee-rose\/#breadcrumb","itemListElement":[{"@type":"ListItem","position":1,"name":"Accueil","item":"https:\/\/toysmaniacornermonaco.com\/en\/"},{"@type":"ListItem","position":2,"name":"Shop","item":"https:\/\/toysmaniacornermonaco.com\/en\/shop\/"},{"@type":"ListItem","position":3,"name":"Bougie Parfum\u00e9e ROSE"}]},{"@type":"WebSite","@id":"https:\/\/toysmaniacornermonaco.com\/#website","url":"https:\/\/toysmaniacornermonaco.com\/","name":"TOY&#039;S MANIA","description":"VOTRE CONCEPT STORE \u00c0 MONACO","potentialAction":[{"@type":"SearchAction","target":{"@type":"EntryPoint","urlTemplate":"https:\/\/toysmaniacornermonaco.com\/?s={search_term_string}"},"query-input":"required name=search_term_string"}],"inLanguage":"en-US"}]}},"_links":{"self":[{"href":"https:\/\/toysmaniacornermonaco.com\/en\/wp-json\/wp\/v2\/product\/3199","targetHints":{"allow":["GET"]}}],"collection":[{"href":"https:\/\/toysmaniacornermonaco.com\/en\/wp-json\/wp\/v2\/product"}],"about":[{"href":"https:\/\/toysmaniacornermonaco.com\/en\/wp-json\/wp\/v2\/types\/product"}],"replies":[{"embeddable":true,"href":"https:\/\/toysmaniacornermonaco.com\/en\/wp-json\/wp\/v2\/comments?post=3199"}],"wp:featuredmedia":[{"embeddable":true,"href":"https:\/\/toysmaniacornermonaco.com\/en\/wp-json\/wp\/v2\/media\/2115"}],"wp:attachment":[{"href":"https:\/\/toysmaniacornermonaco.com\/en\/wp-json\/wp\/v2\/media?parent=3199"}],"wp:term":[{"taxonomy":"product_cat","embeddable":true,"href":"https:\/\/toysmaniacornermonaco.com\/en\/wp-json\/wp\/v2\/product_cat?post=3199"},{"taxonomy":"product_tag","embeddable":true,"href":"https:\/\/toysmaniacornermonaco.com\/en\/wp-json\/wp\/v2\/product_tag?post=3199"}],"curies":[{"name":"wp","href":"https:\/\/api.w.org\/{rel}","templated":true}]}}