{"id":3202,"date":"2022-03-24T12:34:44","date_gmt":"2022-03-24T11:34:44","guid":{"rendered":"https:\/\/toys-mania-dev.jupiter.cdigital.fr\/produit\/bougie-parfumee-au-pied-du-sapin-ephemere-noel\/"},"modified":"2024-01-24T15:43:24","modified_gmt":"2024-01-24T14:43:24","slug":"bougie-parfumee-au-pied-du-sapin-ephemere-noel","status":"publish","type":"product","link":"https:\/\/toysmaniacornermonaco.com\/en\/produit\/bougie-parfumee-au-pied-du-sapin-ephemere-noel\/","title":{"rendered":"Bougie Parfum\u00e9e AU PIED DU SAPIN Eph\u00e9m\u00e8re No\u00ebl"},"content":{"rendered":"<p>Les f\u00eates de fin d\u0092ann\u00e9e sont synonymes de senteurs et d\u0092effluves qui nous rem\u00e9morent de beaux moments de joie et de convivialit\u00e9. L\u0092odeur de l\u0092orange, du clou de girofle ou de la cannelle cr\u00e9ent autant de souvenirs qui nous replongent ainsi dans la magie de No\u00ebl.<\/p>\n<p>En collaboration avec les Ma\u00eetres parfumeurs de Grasse, Durance a cr\u00e9\u00e9 des senteurs de bougies uniques qui, une fois allum\u00e9es, vous transporteront dans un merveilleux voyage olfactif. Pour raviver le souvenir de vos plus belles f\u00eates de No\u00ebl, nous cr\u00e9ons chaque ann\u00e9e des bougies dont le parfum \u00e9voque tant\u00f4t la gourmandise ou les \u00e9pices, tant\u00f4t la douceur d\u0092une soir\u00e9e au coin du feu.<\/p>\n<p>Parmi ces senteurs \u00e9vocatrices, nous avons bien s\u00fbr song\u00e9 aux for\u00eats de pins et avons ainsi cr\u00e9\u00e9 la bougie sapin de No\u00ebl Au pied du sapin. D\u00e9couvrez vite cette bougie sapin de No\u00ebl \u00e0 la d\u00e9licate senteur de r\u00e9sine et d\u0092aiguilles de pin qui embaumera la maison tout au long de l\u0092hiver.<\/p>\n","protected":false},"excerpt":{"rendered":"Les f\u00eates de fin d\u0092ann\u00e9e sont synonymes de senteurs et d\u0092effluves qui nous rem\u00e9morent de beaux moments de joie et de convivialit\u00e9. L\u0092odeur de l\u0092orange, du clou de girofle ou de la cannelle cr\u00e9ent autant de souvenirs qui nous replongent ainsi dans la magie de No\u00ebl. En collaboration avec les Ma\u00eetres parfumeurs de Grasse, Durance&#8230; <a class=\"view-article\" href=\"https:\/\/toysmaniacornermonaco.com\/en\/produit\/bougie-parfumee-au-pied-du-sapin-ephemere-noel\/\">View Article<\/a>","protected":false},"featured_media":2109,"comment_status":"open","ping_status":"closed","template":"","meta":{"_acf_changed":false},"product_cat":[387],"product_tag":[],"class_list":{"0":"post-3202","1":"product","2":"type-product","3":"status-publish","4":"has-post-thumbnail","6":"marque-durance-en","7":"idee_cadeau-women","8":"product_cat-perfumes-and-scents","9":"product_shipping_class-petitcolis-en","11":"first","12":"instock","13":"taxable","14":"shipping-taxable","15":"purchasable","16":"product-type-simple"},"acf":[],"yoast_head":"<!-- This site is optimized with the Yoast SEO plugin v22.3 - https:\/\/yoast.com\/wordpress\/plugins\/seo\/ -->\n<title>Bougie Parfum\u00e9e AU PIED DU SAPIN Eph\u00e9m\u00e8re No\u00ebl - TOY&#039;S MANIA<\/title>\n<meta name=\"robots\" content=\"index, follow, max-snippet:-1, max-image-preview:large, max-video-preview:-1\" \/>\n<link rel=\"canonical\" href=\"https:\/\/toysmaniacornermonaco.com\/produit\/bougie-parfumee-au-pied-du-sapin-ephemere-noel\/\" \/>\n<meta property=\"og:locale\" content=\"en_US\" \/>\n<meta property=\"og:type\" content=\"article\" \/>\n<meta property=\"og:title\" content=\"Bougie Parfum\u00e9e AU PIED DU SAPIN Eph\u00e9m\u00e8re No\u00ebl - TOY&#039;S MANIA\" \/>\n<meta property=\"og:description\" content=\"Les f\u00eates de fin d\u0092ann\u00e9e sont synonymes de senteurs et d\u0092effluves qui nous rem\u00e9morent de beaux moments de joie et de convivialit\u00e9. L\u0092odeur de l\u0092orange, du clou de girofle ou de la cannelle cr\u00e9ent autant de souvenirs qui nous replongent ainsi dans la magie de No\u00ebl. En collaboration avec les Ma\u00eetres parfumeurs de Grasse, Durance... View Article\" \/>\n<meta property=\"og:url\" content=\"https:\/\/toysmaniacornermonaco.com\/produit\/bougie-parfumee-au-pied-du-sapin-ephemere-noel\/\" \/>\n<meta property=\"og:site_name\" content=\"TOY&#039;S MANIA\" \/>\n<meta property=\"article:modified_time\" content=\"2024-01-24T14:43:24+00:00\" \/>\n<meta property=\"og:image\" content=\"https:\/\/toysmaniacornermonaco.com\/wp-content\/uploads\/2022\/03\/075190.jpg\" \/>\n\t<meta property=\"og:image:width\" content=\"280\" \/>\n\t<meta property=\"og:image:height\" content=\"320\" \/>\n\t<meta property=\"og:image:type\" content=\"image\/jpeg\" \/>\n<meta name=\"twitter:card\" content=\"summary_large_image\" \/>\n<meta name=\"twitter:label1\" content=\"Est. reading time\" \/>\n\t<meta name=\"twitter:data1\" content=\"1 minute\" \/>\n<script type=\"application\/ld+json\" class=\"yoast-schema-graph\">{\"@context\":\"https:\/\/schema.org\",\"@graph\":[{\"@type\":\"WebPage\",\"@id\":\"https:\/\/toysmaniacornermonaco.com\/produit\/bougie-parfumee-au-pied-du-sapin-ephemere-noel\/\",\"url\":\"https:\/\/toysmaniacornermonaco.com\/produit\/bougie-parfumee-au-pied-du-sapin-ephemere-noel\/\",\"name\":\"Bougie Parfum\u00e9e AU PIED DU SAPIN Eph\u00e9m\u00e8re No\u00ebl - TOY&#039;S MANIA\",\"isPartOf\":{\"@id\":\"https:\/\/toysmaniacornermonaco.com\/#website\"},\"primaryImageOfPage\":{\"@id\":\"https:\/\/toysmaniacornermonaco.com\/produit\/bougie-parfumee-au-pied-du-sapin-ephemere-noel\/#primaryimage\"},\"image\":{\"@id\":\"https:\/\/toysmaniacornermonaco.com\/produit\/bougie-parfumee-au-pied-du-sapin-ephemere-noel\/#primaryimage\"},\"thumbnailUrl\":\"https:\/\/toysmaniacornermonaco.com\/wp-content\/uploads\/2022\/03\/075190.jpg\",\"datePublished\":\"2022-03-24T11:34:44+00:00\",\"dateModified\":\"2024-01-24T14:43:24+00:00\",\"breadcrumb\":{\"@id\":\"https:\/\/toysmaniacornermonaco.com\/produit\/bougie-parfumee-au-pied-du-sapin-ephemere-noel\/#breadcrumb\"},\"inLanguage\":\"en-US\",\"potentialAction\":[{\"@type\":\"ReadAction\",\"target\":[\"https:\/\/toysmaniacornermonaco.com\/produit\/bougie-parfumee-au-pied-du-sapin-ephemere-noel\/\"]}]},{\"@type\":\"ImageObject\",\"inLanguage\":\"en-US\",\"@id\":\"https:\/\/toysmaniacornermonaco.com\/produit\/bougie-parfumee-au-pied-du-sapin-ephemere-noel\/#primaryimage\",\"url\":\"https:\/\/toysmaniacornermonaco.com\/wp-content\/uploads\/2022\/03\/075190.jpg\",\"contentUrl\":\"https:\/\/toysmaniacornermonaco.com\/wp-content\/uploads\/2022\/03\/075190.jpg\",\"width\":280,\"height\":320},{\"@type\":\"BreadcrumbList\",\"@id\":\"https:\/\/toysmaniacornermonaco.com\/produit\/bougie-parfumee-au-pied-du-sapin-ephemere-noel\/#breadcrumb\",\"itemListElement\":[{\"@type\":\"ListItem\",\"position\":1,\"name\":\"Accueil\",\"item\":\"https:\/\/toysmaniacornermonaco.com\/en\/\"},{\"@type\":\"ListItem\",\"position\":2,\"name\":\"Shop\",\"item\":\"https:\/\/toysmaniacornermonaco.com\/en\/shop\/\"},{\"@type\":\"ListItem\",\"position\":3,\"name\":\"Bougie Parfum\u00e9e AU PIED DU SAPIN Eph\u00e9m\u00e8re No\u00ebl\"}]},{\"@type\":\"WebSite\",\"@id\":\"https:\/\/toysmaniacornermonaco.com\/#website\",\"url\":\"https:\/\/toysmaniacornermonaco.com\/\",\"name\":\"TOY&#039;S MANIA\",\"description\":\"VOTRE CONCEPT STORE \u00c0 MONACO\",\"potentialAction\":[{\"@type\":\"SearchAction\",\"target\":{\"@type\":\"EntryPoint\",\"urlTemplate\":\"https:\/\/toysmaniacornermonaco.com\/?s={search_term_string}\"},\"query-input\":\"required name=search_term_string\"}],\"inLanguage\":\"en-US\"}]}<\/script>\n<!-- \/ Yoast SEO plugin. -->","yoast_head_json":{"title":"Bougie Parfum\u00e9e AU PIED DU SAPIN Eph\u00e9m\u00e8re No\u00ebl - TOY&#039;S MANIA","robots":{"index":"index","follow":"follow","max-snippet":"max-snippet:-1","max-image-preview":"max-image-preview:large","max-video-preview":"max-video-preview:-1"},"canonical":"https:\/\/toysmaniacornermonaco.com\/produit\/bougie-parfumee-au-pied-du-sapin-ephemere-noel\/","og_locale":"en_US","og_type":"article","og_title":"Bougie Parfum\u00e9e AU PIED DU SAPIN Eph\u00e9m\u00e8re No\u00ebl - TOY&#039;S MANIA","og_description":"Les f\u00eates de fin d\u0092ann\u00e9e sont synonymes de senteurs et d\u0092effluves qui nous rem\u00e9morent de beaux moments de joie et de convivialit\u00e9. L\u0092odeur de l\u0092orange, du clou de girofle ou de la cannelle cr\u00e9ent autant de souvenirs qui nous replongent ainsi dans la magie de No\u00ebl. En collaboration avec les Ma\u00eetres parfumeurs de Grasse, Durance... View Article","og_url":"https:\/\/toysmaniacornermonaco.com\/produit\/bougie-parfumee-au-pied-du-sapin-ephemere-noel\/","og_site_name":"TOY&#039;S MANIA","article_modified_time":"2024-01-24T14:43:24+00:00","og_image":[{"width":280,"height":320,"url":"https:\/\/toysmaniacornermonaco.com\/wp-content\/uploads\/2022\/03\/075190.jpg","type":"image\/jpeg"}],"twitter_card":"summary_large_image","twitter_misc":{"Est. reading time":"1 minute"},"schema":{"@context":"https:\/\/schema.org","@graph":[{"@type":"WebPage","@id":"https:\/\/toysmaniacornermonaco.com\/produit\/bougie-parfumee-au-pied-du-sapin-ephemere-noel\/","url":"https:\/\/toysmaniacornermonaco.com\/produit\/bougie-parfumee-au-pied-du-sapin-ephemere-noel\/","name":"Bougie Parfum\u00e9e AU PIED DU SAPIN Eph\u00e9m\u00e8re No\u00ebl - TOY&#039;S MANIA","isPartOf":{"@id":"https:\/\/toysmaniacornermonaco.com\/#website"},"primaryImageOfPage":{"@id":"https:\/\/toysmaniacornermonaco.com\/produit\/bougie-parfumee-au-pied-du-sapin-ephemere-noel\/#primaryimage"},"image":{"@id":"https:\/\/toysmaniacornermonaco.com\/produit\/bougie-parfumee-au-pied-du-sapin-ephemere-noel\/#primaryimage"},"thumbnailUrl":"https:\/\/toysmaniacornermonaco.com\/wp-content\/uploads\/2022\/03\/075190.jpg","datePublished":"2022-03-24T11:34:44+00:00","dateModified":"2024-01-24T14:43:24+00:00","breadcrumb":{"@id":"https:\/\/toysmaniacornermonaco.com\/produit\/bougie-parfumee-au-pied-du-sapin-ephemere-noel\/#breadcrumb"},"inLanguage":"en-US","potentialAction":[{"@type":"ReadAction","target":["https:\/\/toysmaniacornermonaco.com\/produit\/bougie-parfumee-au-pied-du-sapin-ephemere-noel\/"]}]},{"@type":"ImageObject","inLanguage":"en-US","@id":"https:\/\/toysmaniacornermonaco.com\/produit\/bougie-parfumee-au-pied-du-sapin-ephemere-noel\/#primaryimage","url":"https:\/\/toysmaniacornermonaco.com\/wp-content\/uploads\/2022\/03\/075190.jpg","contentUrl":"https:\/\/toysmaniacornermonaco.com\/wp-content\/uploads\/2022\/03\/075190.jpg","width":280,"height":320},{"@type":"BreadcrumbList","@id":"https:\/\/toysmaniacornermonaco.com\/produit\/bougie-parfumee-au-pied-du-sapin-ephemere-noel\/#breadcrumb","itemListElement":[{"@type":"ListItem","position":1,"name":"Accueil","item":"https:\/\/toysmaniacornermonaco.com\/en\/"},{"@type":"ListItem","position":2,"name":"Shop","item":"https:\/\/toysmaniacornermonaco.com\/en\/shop\/"},{"@type":"ListItem","position":3,"name":"Bougie Parfum\u00e9e AU PIED DU SAPIN Eph\u00e9m\u00e8re No\u00ebl"}]},{"@type":"WebSite","@id":"https:\/\/toysmaniacornermonaco.com\/#website","url":"https:\/\/toysmaniacornermonaco.com\/","name":"TOY&#039;S MANIA","description":"VOTRE CONCEPT STORE \u00c0 MONACO","potentialAction":[{"@type":"SearchAction","target":{"@type":"EntryPoint","urlTemplate":"https:\/\/toysmaniacornermonaco.com\/?s={search_term_string}"},"query-input":"required name=search_term_string"}],"inLanguage":"en-US"}]}},"_links":{"self":[{"href":"https:\/\/toysmaniacornermonaco.com\/en\/wp-json\/wp\/v2\/product\/3202","targetHints":{"allow":["GET"]}}],"collection":[{"href":"https:\/\/toysmaniacornermonaco.com\/en\/wp-json\/wp\/v2\/product"}],"about":[{"href":"https:\/\/toysmaniacornermonaco.com\/en\/wp-json\/wp\/v2\/types\/product"}],"replies":[{"embeddable":true,"href":"https:\/\/toysmaniacornermonaco.com\/en\/wp-json\/wp\/v2\/comments?post=3202"}],"wp:featuredmedia":[{"embeddable":true,"href":"https:\/\/toysmaniacornermonaco.com\/en\/wp-json\/wp\/v2\/media\/2109"}],"wp:attachment":[{"href":"https:\/\/toysmaniacornermonaco.com\/en\/wp-json\/wp\/v2\/media?parent=3202"}],"wp:term":[{"taxonomy":"product_cat","embeddable":true,"href":"https:\/\/toysmaniacornermonaco.com\/en\/wp-json\/wp\/v2\/product_cat?post=3202"},{"taxonomy":"product_tag","embeddable":true,"href":"https:\/\/toysmaniacornermonaco.com\/en\/wp-json\/wp\/v2\/product_tag?post=3202"}],"curies":[{"name":"wp","href":"https:\/\/api.w.org\/{rel}","templated":true}]}}