{"id":3213,"date":"2022-03-24T12:34:44","date_gmt":"2022-03-24T11:34:44","guid":{"rendered":"https:\/\/toys-mania-dev.jupiter.cdigital.fr\/produit\/bougie-parfumee-fleur-de-monoi\/"},"modified":"2024-01-24T15:43:04","modified_gmt":"2024-01-24T14:43:04","slug":"bougie-parfumee-fleur-de-monoi","status":"publish","type":"product","link":"https:\/\/toysmaniacornermonaco.com\/en\/produit\/bougie-parfumee-fleur-de-monoi\/","title":{"rendered":"Bougie Parfum\u00e9e FLEUR DE MONOI"},"content":{"rendered":"<p>Le parfum de la bougie Mono\u00ef :<br \/>\nLe parfum de la bougie Fleur de Mono\u00ef est une fragrance florale solaire et exotique, parfaite pour cr\u00e9er dans votre int\u00e9rieur une ambiance d\u00e9paysante.<br \/>\nUne bougie parfum\u00e9e aux notes de fleurs blanches, de noix de coco et de vanille qui sent le soleil que l\u0092on peut faire br\u00fbler d\u00e8s que le besoin de vacances et de longues plages paradisiaques se fait sentir.<br \/>\nAvec ses effluves suaves remplies de soleil, la bougie Mono\u00ef \u00e9voque le clapotis des eaux turquoises et la caresse du sable blanc \u00e0 l\u0092ombre des cocotiers.<\/p>\n<p>Une bougie fabriqu\u00e9e en Provence:<br \/>\nLes bougies Durance sont enti\u00e8rement fabriqu\u00e9es et d\u00e9cor\u00e9es dans nos ateliers de Grignan, en Dr\u00f4me proven\u00e7ale depuis plus de 30 ans. La bougie mono\u00ef est compos\u00e9e d\u0092un m\u00e9lange unique de cire de et d\u0092une m\u00e8che en coton.<\/p>\n<p>Une bougie mono\u00ef de fabrication traditionnelle, gage de qualit\u00e9 :<br \/>\nDe la fabrication du m\u00e9lange de cire \u00e0 la pose de la m\u00e8che, nos bougies sont r\u00e9alis\u00e9es de mani\u00e8re traditionnelle. Le brin de raphia signe tout le charme et l\u0092\u00e9l\u00e9gance intemporelle de chaque bougie parfum\u00e9e Durance.<br \/>\nUn soin particulier et un savoir-faire dans le choix des mati\u00e8res premi\u00e8res qui garantit une parfaite qualit\u00e9 de diffusion et de br\u00fble de la bougie.<\/p>\n<p>Dur\u00e9e de br\u00fble : Environ 40h<br \/>\nPi\u00e8ce : Salon; Cuisine<br \/>\nSaison: Printemps Et\u00e9<br \/>\nFamille : Les Floraux<br \/>\nAmbiance: Envo\u00fbtante \/ Relaxant \/ \u00c9l\u00e9gant<\/p>\n","protected":false},"excerpt":{"rendered":"Le parfum de la bougie Mono\u00ef : Le parfum de la bougie Fleur de Mono\u00ef est une fragrance florale solaire et exotique, parfaite pour cr\u00e9er dans votre int\u00e9rieur une ambiance d\u00e9paysante. Une bougie parfum\u00e9e aux notes de fleurs blanches, de noix de coco et de vanille qui sent le soleil que l\u0092on peut faire br\u00fbler&#8230; <a class=\"view-article\" href=\"https:\/\/toysmaniacornermonaco.com\/en\/produit\/bougie-parfumee-fleur-de-monoi\/\">View Article<\/a>","protected":false},"featured_media":2131,"comment_status":"open","ping_status":"closed","template":"","meta":{"_acf_changed":false},"product_cat":[387],"product_tag":[],"class_list":{"0":"post-3213","1":"product","2":"type-product","3":"status-publish","4":"has-post-thumbnail","6":"marque-durance-en","7":"idee_cadeau-women","8":"product_cat-perfumes-and-scents","9":"product_shipping_class-petitcolis-en","11":"first","12":"instock","13":"taxable","14":"shipping-taxable","15":"purchasable","16":"product-type-simple"},"acf":[],"yoast_head":"<!-- This site is optimized with the Yoast SEO plugin v22.3 - https:\/\/yoast.com\/wordpress\/plugins\/seo\/ -->\n<title>Bougie Parfum\u00e9e FLEUR DE MONOI - TOY&#039;S MANIA<\/title>\n<meta name=\"robots\" content=\"index, follow, max-snippet:-1, max-image-preview:large, max-video-preview:-1\" \/>\n<link rel=\"canonical\" href=\"https:\/\/toysmaniacornermonaco.com\/produit\/bougie-parfumee-fleur-de-monoi\/\" \/>\n<meta property=\"og:locale\" content=\"en_US\" \/>\n<meta property=\"og:type\" content=\"article\" \/>\n<meta property=\"og:title\" content=\"Bougie Parfum\u00e9e FLEUR DE MONOI - TOY&#039;S MANIA\" \/>\n<meta property=\"og:description\" content=\"Le parfum de la bougie Mono\u00ef : Le parfum de la bougie Fleur de Mono\u00ef est une fragrance florale solaire et exotique, parfaite pour cr\u00e9er dans votre int\u00e9rieur une ambiance d\u00e9paysante. Une bougie parfum\u00e9e aux notes de fleurs blanches, de noix de coco et de vanille qui sent le soleil que l\u0092on peut faire br\u00fbler... View Article\" \/>\n<meta property=\"og:url\" content=\"https:\/\/toysmaniacornermonaco.com\/produit\/bougie-parfumee-fleur-de-monoi\/\" \/>\n<meta property=\"og:site_name\" content=\"TOY&#039;S MANIA\" \/>\n<meta property=\"article:modified_time\" content=\"2024-01-24T14:43:04+00:00\" \/>\n<meta property=\"og:image\" content=\"https:\/\/toysmaniacornermonaco.com\/wp-content\/uploads\/2022\/03\/045273.jpg\" \/>\n\t<meta property=\"og:image:width\" content=\"280\" \/>\n\t<meta property=\"og:image:height\" content=\"320\" \/>\n\t<meta property=\"og:image:type\" content=\"image\/jpeg\" \/>\n<meta name=\"twitter:card\" content=\"summary_large_image\" \/>\n<meta name=\"twitter:label1\" content=\"Est. reading time\" \/>\n\t<meta name=\"twitter:data1\" content=\"1 minute\" \/>\n<script type=\"application\/ld+json\" class=\"yoast-schema-graph\">{\"@context\":\"https:\/\/schema.org\",\"@graph\":[{\"@type\":\"WebPage\",\"@id\":\"https:\/\/toysmaniacornermonaco.com\/produit\/bougie-parfumee-fleur-de-monoi\/\",\"url\":\"https:\/\/toysmaniacornermonaco.com\/produit\/bougie-parfumee-fleur-de-monoi\/\",\"name\":\"Bougie Parfum\u00e9e FLEUR DE MONOI - TOY&#039;S MANIA\",\"isPartOf\":{\"@id\":\"https:\/\/toysmaniacornermonaco.com\/#website\"},\"primaryImageOfPage\":{\"@id\":\"https:\/\/toysmaniacornermonaco.com\/produit\/bougie-parfumee-fleur-de-monoi\/#primaryimage\"},\"image\":{\"@id\":\"https:\/\/toysmaniacornermonaco.com\/produit\/bougie-parfumee-fleur-de-monoi\/#primaryimage\"},\"thumbnailUrl\":\"https:\/\/toysmaniacornermonaco.com\/wp-content\/uploads\/2022\/03\/045273.jpg\",\"datePublished\":\"2022-03-24T11:34:44+00:00\",\"dateModified\":\"2024-01-24T14:43:04+00:00\",\"breadcrumb\":{\"@id\":\"https:\/\/toysmaniacornermonaco.com\/produit\/bougie-parfumee-fleur-de-monoi\/#breadcrumb\"},\"inLanguage\":\"en-US\",\"potentialAction\":[{\"@type\":\"ReadAction\",\"target\":[\"https:\/\/toysmaniacornermonaco.com\/produit\/bougie-parfumee-fleur-de-monoi\/\"]}]},{\"@type\":\"ImageObject\",\"inLanguage\":\"en-US\",\"@id\":\"https:\/\/toysmaniacornermonaco.com\/produit\/bougie-parfumee-fleur-de-monoi\/#primaryimage\",\"url\":\"https:\/\/toysmaniacornermonaco.com\/wp-content\/uploads\/2022\/03\/045273.jpg\",\"contentUrl\":\"https:\/\/toysmaniacornermonaco.com\/wp-content\/uploads\/2022\/03\/045273.jpg\",\"width\":280,\"height\":320},{\"@type\":\"BreadcrumbList\",\"@id\":\"https:\/\/toysmaniacornermonaco.com\/produit\/bougie-parfumee-fleur-de-monoi\/#breadcrumb\",\"itemListElement\":[{\"@type\":\"ListItem\",\"position\":1,\"name\":\"Accueil\",\"item\":\"https:\/\/toysmaniacornermonaco.com\/en\/\"},{\"@type\":\"ListItem\",\"position\":2,\"name\":\"Shop\",\"item\":\"https:\/\/toysmaniacornermonaco.com\/en\/shop\/\"},{\"@type\":\"ListItem\",\"position\":3,\"name\":\"Bougie Parfum\u00e9e FLEUR DE MONOI\"}]},{\"@type\":\"WebSite\",\"@id\":\"https:\/\/toysmaniacornermonaco.com\/#website\",\"url\":\"https:\/\/toysmaniacornermonaco.com\/\",\"name\":\"TOY&#039;S MANIA\",\"description\":\"VOTRE CONCEPT STORE \u00c0 MONACO\",\"potentialAction\":[{\"@type\":\"SearchAction\",\"target\":{\"@type\":\"EntryPoint\",\"urlTemplate\":\"https:\/\/toysmaniacornermonaco.com\/?s={search_term_string}\"},\"query-input\":\"required name=search_term_string\"}],\"inLanguage\":\"en-US\"}]}<\/script>\n<!-- \/ Yoast SEO plugin. -->","yoast_head_json":{"title":"Bougie Parfum\u00e9e FLEUR DE MONOI - TOY&#039;S MANIA","robots":{"index":"index","follow":"follow","max-snippet":"max-snippet:-1","max-image-preview":"max-image-preview:large","max-video-preview":"max-video-preview:-1"},"canonical":"https:\/\/toysmaniacornermonaco.com\/produit\/bougie-parfumee-fleur-de-monoi\/","og_locale":"en_US","og_type":"article","og_title":"Bougie Parfum\u00e9e FLEUR DE MONOI - TOY&#039;S MANIA","og_description":"Le parfum de la bougie Mono\u00ef : Le parfum de la bougie Fleur de Mono\u00ef est une fragrance florale solaire et exotique, parfaite pour cr\u00e9er dans votre int\u00e9rieur une ambiance d\u00e9paysante. Une bougie parfum\u00e9e aux notes de fleurs blanches, de noix de coco et de vanille qui sent le soleil que l\u0092on peut faire br\u00fbler... View Article","og_url":"https:\/\/toysmaniacornermonaco.com\/produit\/bougie-parfumee-fleur-de-monoi\/","og_site_name":"TOY&#039;S MANIA","article_modified_time":"2024-01-24T14:43:04+00:00","og_image":[{"width":280,"height":320,"url":"https:\/\/toysmaniacornermonaco.com\/wp-content\/uploads\/2022\/03\/045273.jpg","type":"image\/jpeg"}],"twitter_card":"summary_large_image","twitter_misc":{"Est. reading time":"1 minute"},"schema":{"@context":"https:\/\/schema.org","@graph":[{"@type":"WebPage","@id":"https:\/\/toysmaniacornermonaco.com\/produit\/bougie-parfumee-fleur-de-monoi\/","url":"https:\/\/toysmaniacornermonaco.com\/produit\/bougie-parfumee-fleur-de-monoi\/","name":"Bougie Parfum\u00e9e FLEUR DE MONOI - TOY&#039;S MANIA","isPartOf":{"@id":"https:\/\/toysmaniacornermonaco.com\/#website"},"primaryImageOfPage":{"@id":"https:\/\/toysmaniacornermonaco.com\/produit\/bougie-parfumee-fleur-de-monoi\/#primaryimage"},"image":{"@id":"https:\/\/toysmaniacornermonaco.com\/produit\/bougie-parfumee-fleur-de-monoi\/#primaryimage"},"thumbnailUrl":"https:\/\/toysmaniacornermonaco.com\/wp-content\/uploads\/2022\/03\/045273.jpg","datePublished":"2022-03-24T11:34:44+00:00","dateModified":"2024-01-24T14:43:04+00:00","breadcrumb":{"@id":"https:\/\/toysmaniacornermonaco.com\/produit\/bougie-parfumee-fleur-de-monoi\/#breadcrumb"},"inLanguage":"en-US","potentialAction":[{"@type":"ReadAction","target":["https:\/\/toysmaniacornermonaco.com\/produit\/bougie-parfumee-fleur-de-monoi\/"]}]},{"@type":"ImageObject","inLanguage":"en-US","@id":"https:\/\/toysmaniacornermonaco.com\/produit\/bougie-parfumee-fleur-de-monoi\/#primaryimage","url":"https:\/\/toysmaniacornermonaco.com\/wp-content\/uploads\/2022\/03\/045273.jpg","contentUrl":"https:\/\/toysmaniacornermonaco.com\/wp-content\/uploads\/2022\/03\/045273.jpg","width":280,"height":320},{"@type":"BreadcrumbList","@id":"https:\/\/toysmaniacornermonaco.com\/produit\/bougie-parfumee-fleur-de-monoi\/#breadcrumb","itemListElement":[{"@type":"ListItem","position":1,"name":"Accueil","item":"https:\/\/toysmaniacornermonaco.com\/en\/"},{"@type":"ListItem","position":2,"name":"Shop","item":"https:\/\/toysmaniacornermonaco.com\/en\/shop\/"},{"@type":"ListItem","position":3,"name":"Bougie Parfum\u00e9e FLEUR DE MONOI"}]},{"@type":"WebSite","@id":"https:\/\/toysmaniacornermonaco.com\/#website","url":"https:\/\/toysmaniacornermonaco.com\/","name":"TOY&#039;S MANIA","description":"VOTRE CONCEPT STORE \u00c0 MONACO","potentialAction":[{"@type":"SearchAction","target":{"@type":"EntryPoint","urlTemplate":"https:\/\/toysmaniacornermonaco.com\/?s={search_term_string}"},"query-input":"required name=search_term_string"}],"inLanguage":"en-US"}]}},"_links":{"self":[{"href":"https:\/\/toysmaniacornermonaco.com\/en\/wp-json\/wp\/v2\/product\/3213","targetHints":{"allow":["GET"]}}],"collection":[{"href":"https:\/\/toysmaniacornermonaco.com\/en\/wp-json\/wp\/v2\/product"}],"about":[{"href":"https:\/\/toysmaniacornermonaco.com\/en\/wp-json\/wp\/v2\/types\/product"}],"replies":[{"embeddable":true,"href":"https:\/\/toysmaniacornermonaco.com\/en\/wp-json\/wp\/v2\/comments?post=3213"}],"wp:featuredmedia":[{"embeddable":true,"href":"https:\/\/toysmaniacornermonaco.com\/en\/wp-json\/wp\/v2\/media\/2131"}],"wp:attachment":[{"href":"https:\/\/toysmaniacornermonaco.com\/en\/wp-json\/wp\/v2\/media?parent=3213"}],"wp:term":[{"taxonomy":"product_cat","embeddable":true,"href":"https:\/\/toysmaniacornermonaco.com\/en\/wp-json\/wp\/v2\/product_cat?post=3213"},{"taxonomy":"product_tag","embeddable":true,"href":"https:\/\/toysmaniacornermonaco.com\/en\/wp-json\/wp\/v2\/product_tag?post=3213"}],"curies":[{"name":"wp","href":"https:\/\/api.w.org\/{rel}","templated":true}]}}