{"id":3216,"date":"2022-03-24T12:34:44","date_gmt":"2022-03-24T11:34:44","guid":{"rendered":"https:\/\/toys-mania-dev.jupiter.cdigital.fr\/produit\/bougie-parfumee-douce-pivoine\/"},"modified":"2024-01-24T16:10:25","modified_gmt":"2024-01-24T15:10:25","slug":"bougie-parfumee-douce-pivoine","status":"publish","type":"product","link":"https:\/\/toysmaniacornermonaco.com\/en\/produit\/bougie-parfumee-douce-pivoine\/","title":{"rendered":"Bougie Parfum\u00e9e DOUCE PIVOINE"},"content":{"rendered":"<p>Le parfum de la bougie Pivoine :<br \/>\nLe parfum de la bougie parfum\u00e9e Douce Pivoine enchante votre int\u00e9rieur par son \u00e9l\u00e9gance : un accord poudr\u00e9 tout en rondeur o\u00f9 la douceur de la pivoine se marie d\u00e9licatement aux p\u00e9tales de rose fra\u00eechement cueilli.<br \/>\nLa bougie parfum\u00e9e pivoine \u00e9voque une envol\u00e9e de p\u00e9tales de rose et de pivoine, tel un beau bouquet aux accents poudr\u00e9s et subtilement fruit\u00e9s.<br \/>\nAvec son parfum poudr\u00e9 et f\u00e9minin, cette bougie est parfaite aux beaux jours, pour une ambiance douce et fleurie<\/p>\n<p>Une bougie fabriqu\u00e9e en Provence:<br \/>\nLes bougies Durance sont enti\u00e8rement con\u00e7ues et d\u00e9cor\u00e9es dans notre fabrique de Grignan, en Provence. La bougie pivoine est faite d&#8217;un m\u00e9lange unique de cire de et d&#8217;une m\u00e8che en coton.<\/p>\n<p>Une bougie traditionnelle, gage de qualit\u00e9 :<br \/>\nDe la composition cire \u00e0 la pose de la m\u00e8che, nos bougies sont r\u00e9alis\u00e9es de mani\u00e8re traditionnelle. Le ruban de raphia signe toute l\u0092authenticit\u00e9 et l&#8217;\u00e9l\u00e9gance intemporelle de chaque bougie parfum\u00e9e Durance.<br \/>\nUn soin particulier et un savoir-faire dans le choix des mati\u00e8res premi\u00e8res qui garantit une parfaite qualit\u00e9 de diffusion et de br\u00fble de la bougie.<\/p>\n<p>Dur\u00e9e de br\u00fble : Environ 40h<br \/>\nPi\u00e8ce : Salon, Chambre<br \/>\nSaison: Printemps &#8211; Et\u00e9<br \/>\nFamille : Les Floraux<br \/>\nAmbiance: Douce et Fleurie<\/p>\n","protected":false},"excerpt":{"rendered":"Le parfum de la bougie Pivoine : Le parfum de la bougie parfum\u00e9e Douce Pivoine enchante votre int\u00e9rieur par son \u00e9l\u00e9gance : un accord poudr\u00e9 tout en rondeur o\u00f9 la douceur de la pivoine se marie d\u00e9licatement aux p\u00e9tales de rose fra\u00eechement cueilli. La bougie parfum\u00e9e pivoine \u00e9voque une envol\u00e9e de p\u00e9tales de rose et&#8230; <a class=\"view-article\" href=\"https:\/\/toysmaniacornermonaco.com\/en\/produit\/bougie-parfumee-douce-pivoine\/\">View Article<\/a>","protected":false},"featured_media":3816,"comment_status":"open","ping_status":"closed","template":"","meta":{"_acf_changed":false},"product_cat":[387],"product_tag":[],"class_list":{"0":"post-3216","1":"product","2":"type-product","3":"status-publish","4":"has-post-thumbnail","6":"marque-durance-en","7":"idee_cadeau-women","8":"product_cat-perfumes-and-scents","9":"product_shipping_class-petitcolis-en","11":"first","12":"instock","13":"taxable","14":"shipping-taxable","15":"purchasable","16":"product-type-simple"},"acf":[],"yoast_head":"<!-- This site is optimized with the Yoast SEO plugin v22.3 - https:\/\/yoast.com\/wordpress\/plugins\/seo\/ -->\n<title>Bougie Parfum\u00e9e DOUCE PIVOINE - TOY&#039;S MANIA<\/title>\n<meta name=\"robots\" content=\"index, follow, max-snippet:-1, max-image-preview:large, max-video-preview:-1\" \/>\n<link rel=\"canonical\" href=\"https:\/\/toysmaniacornermonaco.com\/produit\/bougie-parfumee-douce-pivoine\/\" \/>\n<meta property=\"og:locale\" content=\"en_US\" \/>\n<meta property=\"og:type\" content=\"article\" \/>\n<meta property=\"og:title\" content=\"Bougie Parfum\u00e9e DOUCE PIVOINE - TOY&#039;S MANIA\" \/>\n<meta property=\"og:description\" content=\"Le parfum de la bougie Pivoine : Le parfum de la bougie parfum\u00e9e Douce Pivoine enchante votre int\u00e9rieur par son \u00e9l\u00e9gance : un accord poudr\u00e9 tout en rondeur o\u00f9 la douceur de la pivoine se marie d\u00e9licatement aux p\u00e9tales de rose fra\u00eechement cueilli. La bougie parfum\u00e9e pivoine \u00e9voque une envol\u00e9e de p\u00e9tales de rose et... View Article\" \/>\n<meta property=\"og:url\" content=\"https:\/\/toysmaniacornermonaco.com\/produit\/bougie-parfumee-douce-pivoine\/\" \/>\n<meta property=\"og:site_name\" content=\"TOY&#039;S MANIA\" \/>\n<meta property=\"article:modified_time\" content=\"2024-01-24T15:10:25+00:00\" \/>\n<meta property=\"og:image\" content=\"https:\/\/toysmaniacornermonaco.com\/wp-content\/uploads\/2022\/03\/Bougie-Pivoine.jpg\" \/>\n\t<meta property=\"og:image:width\" content=\"600\" \/>\n\t<meta property=\"og:image:height\" content=\"600\" \/>\n\t<meta property=\"og:image:type\" content=\"image\/jpeg\" \/>\n<meta name=\"twitter:card\" content=\"summary_large_image\" \/>\n<meta name=\"twitter:label1\" content=\"Est. reading time\" \/>\n\t<meta name=\"twitter:data1\" content=\"2 minutes\" \/>\n<script type=\"application\/ld+json\" class=\"yoast-schema-graph\">{\"@context\":\"https:\/\/schema.org\",\"@graph\":[{\"@type\":\"WebPage\",\"@id\":\"https:\/\/toysmaniacornermonaco.com\/produit\/bougie-parfumee-douce-pivoine\/\",\"url\":\"https:\/\/toysmaniacornermonaco.com\/produit\/bougie-parfumee-douce-pivoine\/\",\"name\":\"Bougie Parfum\u00e9e DOUCE PIVOINE - TOY&#039;S MANIA\",\"isPartOf\":{\"@id\":\"https:\/\/toysmaniacornermonaco.com\/#website\"},\"primaryImageOfPage\":{\"@id\":\"https:\/\/toysmaniacornermonaco.com\/produit\/bougie-parfumee-douce-pivoine\/#primaryimage\"},\"image\":{\"@id\":\"https:\/\/toysmaniacornermonaco.com\/produit\/bougie-parfumee-douce-pivoine\/#primaryimage\"},\"thumbnailUrl\":\"https:\/\/toysmaniacornermonaco.com\/wp-content\/uploads\/2022\/03\/Bougie-Pivoine.jpg\",\"datePublished\":\"2022-03-24T11:34:44+00:00\",\"dateModified\":\"2024-01-24T15:10:25+00:00\",\"breadcrumb\":{\"@id\":\"https:\/\/toysmaniacornermonaco.com\/produit\/bougie-parfumee-douce-pivoine\/#breadcrumb\"},\"inLanguage\":\"en-US\",\"potentialAction\":[{\"@type\":\"ReadAction\",\"target\":[\"https:\/\/toysmaniacornermonaco.com\/produit\/bougie-parfumee-douce-pivoine\/\"]}]},{\"@type\":\"ImageObject\",\"inLanguage\":\"en-US\",\"@id\":\"https:\/\/toysmaniacornermonaco.com\/produit\/bougie-parfumee-douce-pivoine\/#primaryimage\",\"url\":\"https:\/\/toysmaniacornermonaco.com\/wp-content\/uploads\/2022\/03\/Bougie-Pivoine.jpg\",\"contentUrl\":\"https:\/\/toysmaniacornermonaco.com\/wp-content\/uploads\/2022\/03\/Bougie-Pivoine.jpg\",\"width\":600,\"height\":600},{\"@type\":\"BreadcrumbList\",\"@id\":\"https:\/\/toysmaniacornermonaco.com\/produit\/bougie-parfumee-douce-pivoine\/#breadcrumb\",\"itemListElement\":[{\"@type\":\"ListItem\",\"position\":1,\"name\":\"Accueil\",\"item\":\"https:\/\/toysmaniacornermonaco.com\/en\/\"},{\"@type\":\"ListItem\",\"position\":2,\"name\":\"Shop\",\"item\":\"https:\/\/toysmaniacornermonaco.com\/en\/shop\/\"},{\"@type\":\"ListItem\",\"position\":3,\"name\":\"Bougie Parfum\u00e9e DOUCE PIVOINE\"}]},{\"@type\":\"WebSite\",\"@id\":\"https:\/\/toysmaniacornermonaco.com\/#website\",\"url\":\"https:\/\/toysmaniacornermonaco.com\/\",\"name\":\"TOY&#039;S MANIA\",\"description\":\"VOTRE CONCEPT STORE \u00c0 MONACO\",\"potentialAction\":[{\"@type\":\"SearchAction\",\"target\":{\"@type\":\"EntryPoint\",\"urlTemplate\":\"https:\/\/toysmaniacornermonaco.com\/?s={search_term_string}\"},\"query-input\":\"required name=search_term_string\"}],\"inLanguage\":\"en-US\"}]}<\/script>\n<!-- \/ Yoast SEO plugin. -->","yoast_head_json":{"title":"Bougie Parfum\u00e9e DOUCE PIVOINE - TOY&#039;S MANIA","robots":{"index":"index","follow":"follow","max-snippet":"max-snippet:-1","max-image-preview":"max-image-preview:large","max-video-preview":"max-video-preview:-1"},"canonical":"https:\/\/toysmaniacornermonaco.com\/produit\/bougie-parfumee-douce-pivoine\/","og_locale":"en_US","og_type":"article","og_title":"Bougie Parfum\u00e9e DOUCE PIVOINE - TOY&#039;S MANIA","og_description":"Le parfum de la bougie Pivoine : Le parfum de la bougie parfum\u00e9e Douce Pivoine enchante votre int\u00e9rieur par son \u00e9l\u00e9gance : un accord poudr\u00e9 tout en rondeur o\u00f9 la douceur de la pivoine se marie d\u00e9licatement aux p\u00e9tales de rose fra\u00eechement cueilli. La bougie parfum\u00e9e pivoine \u00e9voque une envol\u00e9e de p\u00e9tales de rose et... View Article","og_url":"https:\/\/toysmaniacornermonaco.com\/produit\/bougie-parfumee-douce-pivoine\/","og_site_name":"TOY&#039;S MANIA","article_modified_time":"2024-01-24T15:10:25+00:00","og_image":[{"width":600,"height":600,"url":"https:\/\/toysmaniacornermonaco.com\/wp-content\/uploads\/2022\/03\/Bougie-Pivoine.jpg","type":"image\/jpeg"}],"twitter_card":"summary_large_image","twitter_misc":{"Est. reading time":"2 minutes"},"schema":{"@context":"https:\/\/schema.org","@graph":[{"@type":"WebPage","@id":"https:\/\/toysmaniacornermonaco.com\/produit\/bougie-parfumee-douce-pivoine\/","url":"https:\/\/toysmaniacornermonaco.com\/produit\/bougie-parfumee-douce-pivoine\/","name":"Bougie Parfum\u00e9e DOUCE PIVOINE - TOY&#039;S MANIA","isPartOf":{"@id":"https:\/\/toysmaniacornermonaco.com\/#website"},"primaryImageOfPage":{"@id":"https:\/\/toysmaniacornermonaco.com\/produit\/bougie-parfumee-douce-pivoine\/#primaryimage"},"image":{"@id":"https:\/\/toysmaniacornermonaco.com\/produit\/bougie-parfumee-douce-pivoine\/#primaryimage"},"thumbnailUrl":"https:\/\/toysmaniacornermonaco.com\/wp-content\/uploads\/2022\/03\/Bougie-Pivoine.jpg","datePublished":"2022-03-24T11:34:44+00:00","dateModified":"2024-01-24T15:10:25+00:00","breadcrumb":{"@id":"https:\/\/toysmaniacornermonaco.com\/produit\/bougie-parfumee-douce-pivoine\/#breadcrumb"},"inLanguage":"en-US","potentialAction":[{"@type":"ReadAction","target":["https:\/\/toysmaniacornermonaco.com\/produit\/bougie-parfumee-douce-pivoine\/"]}]},{"@type":"ImageObject","inLanguage":"en-US","@id":"https:\/\/toysmaniacornermonaco.com\/produit\/bougie-parfumee-douce-pivoine\/#primaryimage","url":"https:\/\/toysmaniacornermonaco.com\/wp-content\/uploads\/2022\/03\/Bougie-Pivoine.jpg","contentUrl":"https:\/\/toysmaniacornermonaco.com\/wp-content\/uploads\/2022\/03\/Bougie-Pivoine.jpg","width":600,"height":600},{"@type":"BreadcrumbList","@id":"https:\/\/toysmaniacornermonaco.com\/produit\/bougie-parfumee-douce-pivoine\/#breadcrumb","itemListElement":[{"@type":"ListItem","position":1,"name":"Accueil","item":"https:\/\/toysmaniacornermonaco.com\/en\/"},{"@type":"ListItem","position":2,"name":"Shop","item":"https:\/\/toysmaniacornermonaco.com\/en\/shop\/"},{"@type":"ListItem","position":3,"name":"Bougie Parfum\u00e9e DOUCE PIVOINE"}]},{"@type":"WebSite","@id":"https:\/\/toysmaniacornermonaco.com\/#website","url":"https:\/\/toysmaniacornermonaco.com\/","name":"TOY&#039;S MANIA","description":"VOTRE CONCEPT STORE \u00c0 MONACO","potentialAction":[{"@type":"SearchAction","target":{"@type":"EntryPoint","urlTemplate":"https:\/\/toysmaniacornermonaco.com\/?s={search_term_string}"},"query-input":"required name=search_term_string"}],"inLanguage":"en-US"}]}},"_links":{"self":[{"href":"https:\/\/toysmaniacornermonaco.com\/en\/wp-json\/wp\/v2\/product\/3216","targetHints":{"allow":["GET"]}}],"collection":[{"href":"https:\/\/toysmaniacornermonaco.com\/en\/wp-json\/wp\/v2\/product"}],"about":[{"href":"https:\/\/toysmaniacornermonaco.com\/en\/wp-json\/wp\/v2\/types\/product"}],"replies":[{"embeddable":true,"href":"https:\/\/toysmaniacornermonaco.com\/en\/wp-json\/wp\/v2\/comments?post=3216"}],"wp:featuredmedia":[{"embeddable":true,"href":"https:\/\/toysmaniacornermonaco.com\/en\/wp-json\/wp\/v2\/media\/3816"}],"wp:attachment":[{"href":"https:\/\/toysmaniacornermonaco.com\/en\/wp-json\/wp\/v2\/media?parent=3216"}],"wp:term":[{"taxonomy":"product_cat","embeddable":true,"href":"https:\/\/toysmaniacornermonaco.com\/en\/wp-json\/wp\/v2\/product_cat?post=3216"},{"taxonomy":"product_tag","embeddable":true,"href":"https:\/\/toysmaniacornermonaco.com\/en\/wp-json\/wp\/v2\/product_tag?post=3216"}],"curies":[{"name":"wp","href":"https:\/\/api.w.org\/{rel}","templated":true}]}}