{"id":3277,"date":"2022-03-24T12:33:45","date_gmt":"2022-03-24T11:33:45","guid":{"rendered":"https:\/\/toys-mania-dev.jupiter.cdigital.fr\/produit\/affiche-id-19-rallye-de-monte-carlo-citroen\/"},"modified":"2022-10-13T14:34:35","modified_gmt":"2022-10-13T12:34:35","slug":"affiche-id-19-rallye-de-monte-carlo-citroen","status":"publish","type":"product","link":"https:\/\/toysmaniacornermonaco.com\/en\/produit\/affiche-id-19-rallye-de-monte-carlo-citroen\/","title":{"rendered":"AFFICHE ID 19 RALLYE DE MONTE CARLO &#8211; CITROEN"},"content":{"rendered":"<p>Cette affiche r\u00e9tro est une reproduction d\u0092une publicit\u00e9 de 1959 pour l\u0092ID 19 et l&#8217;huile moteur Yacco par le plus grand illustrateur automobile fran\u00e7ais, G\u00e9o Ham. L\u0092image est un instantan\u00e9 du rallye de Monte-Carlo de 1959 remport\u00e9 par la Citro\u00ebn ID 19. C\u0092est une des derni\u00e8res cr\u00e9ations c\u00e9l\u00e8bres de G\u00e9o Ham, qui aura du mal \u00e0 trouver sa place avec le d\u00e9veloppement de la photographie publicitaire. Cette affiche r\u00e9tro plaira \u00e0 tous les nostalgiques de l\u0092art dans la publicit\u00e9<\/p>\n","protected":false},"excerpt":{"rendered":"Cette affiche r\u00e9tro est une reproduction d\u0092une publicit\u00e9 de 1959 pour l\u0092ID 19 et l&#8217;huile moteur Yacco par le plus grand illustrateur automobile fran\u00e7ais, G\u00e9o Ham. L\u0092image est un instantan\u00e9 du rallye de Monte-Carlo de 1959 remport\u00e9 par la Citro\u00ebn ID 19. C\u0092est une des derni\u00e8res cr\u00e9ations c\u00e9l\u00e8bres de G\u00e9o Ham, qui aura du mal&#8230; <a class=\"view-article\" href=\"https:\/\/toysmaniacornermonaco.com\/en\/produit\/affiche-id-19-rallye-de-monte-carlo-citroen\/\">View Article<\/a>","protected":false},"featured_media":1809,"comment_status":"open","ping_status":"open","template":"","meta":{"_acf_changed":false},"product_cat":[381],"product_tag":[],"class_list":{"0":"post-3277","1":"product","2":"type-product","3":"status-publish","4":"has-post-thumbnail","6":"marque-monaco-en","7":"idee_cadeau-men","8":"product_cat-decoration-en","9":"product_shipping_class-petitcolis-en","11":"first","12":"instock","13":"taxable","14":"shipping-taxable","15":"purchasable","16":"product-type-simple"},"acf":[],"yoast_head":"<!-- This site is optimized with the Yoast SEO plugin v22.3 - https:\/\/yoast.com\/wordpress\/plugins\/seo\/ -->\n<title>AFFICHE ID 19 RALLYE DE MONTE CARLO - CITROEN - TOY&#039;S MANIA<\/title>\n<meta name=\"robots\" content=\"index, follow, max-snippet:-1, max-image-preview:large, max-video-preview:-1\" \/>\n<link rel=\"canonical\" href=\"https:\/\/toysmaniacornermonaco.com\/en\/produit\/affiche-id-19-rallye-de-monte-carlo-citroen\/\" \/>\n<meta property=\"og:locale\" content=\"en_US\" \/>\n<meta property=\"og:type\" content=\"article\" \/>\n<meta property=\"og:title\" content=\"AFFICHE ID 19 RALLYE DE MONTE CARLO - CITROEN - TOY&#039;S MANIA\" \/>\n<meta property=\"og:description\" content=\"Cette affiche r\u00e9tro est une reproduction d\u0092une publicit\u00e9 de 1959 pour l\u0092ID 19 et l&#8217;huile moteur Yacco par le plus grand illustrateur automobile fran\u00e7ais, G\u00e9o Ham. L\u0092image est un instantan\u00e9 du rallye de Monte-Carlo de 1959 remport\u00e9 par la Citro\u00ebn ID 19. C\u0092est une des derni\u00e8res cr\u00e9ations c\u00e9l\u00e8bres de G\u00e9o Ham, qui aura du mal... View Article\" \/>\n<meta property=\"og:url\" content=\"https:\/\/toysmaniacornermonaco.com\/en\/produit\/affiche-id-19-rallye-de-monte-carlo-citroen\/\" \/>\n<meta property=\"og:site_name\" content=\"TOY&#039;S MANIA\" \/>\n<meta property=\"article:modified_time\" content=\"2022-10-13T12:34:35+00:00\" \/>\n<meta property=\"og:image\" content=\"https:\/\/toysmaniacornermonaco.com\/wp-content\/uploads\/2022\/03\/50628.jpg\" \/>\n\t<meta property=\"og:image:width\" content=\"800\" \/>\n\t<meta property=\"og:image:height\" content=\"800\" \/>\n\t<meta property=\"og:image:type\" content=\"image\/jpeg\" \/>\n<meta name=\"twitter:card\" content=\"summary_large_image\" \/>\n<script type=\"application\/ld+json\" class=\"yoast-schema-graph\">{\"@context\":\"https:\/\/schema.org\",\"@graph\":[{\"@type\":\"WebPage\",\"@id\":\"https:\/\/toysmaniacornermonaco.com\/en\/produit\/affiche-id-19-rallye-de-monte-carlo-citroen\/\",\"url\":\"https:\/\/toysmaniacornermonaco.com\/en\/produit\/affiche-id-19-rallye-de-monte-carlo-citroen\/\",\"name\":\"AFFICHE ID 19 RALLYE DE MONTE CARLO - CITROEN - TOY&#039;S MANIA\",\"isPartOf\":{\"@id\":\"https:\/\/toysmaniacornermonaco.com\/#website\"},\"primaryImageOfPage\":{\"@id\":\"https:\/\/toysmaniacornermonaco.com\/en\/produit\/affiche-id-19-rallye-de-monte-carlo-citroen\/#primaryimage\"},\"image\":{\"@id\":\"https:\/\/toysmaniacornermonaco.com\/en\/produit\/affiche-id-19-rallye-de-monte-carlo-citroen\/#primaryimage\"},\"thumbnailUrl\":\"https:\/\/toysmaniacornermonaco.com\/wp-content\/uploads\/2022\/03\/50628.jpg\",\"datePublished\":\"2022-03-24T11:33:45+00:00\",\"dateModified\":\"2022-10-13T12:34:35+00:00\",\"breadcrumb\":{\"@id\":\"https:\/\/toysmaniacornermonaco.com\/en\/produit\/affiche-id-19-rallye-de-monte-carlo-citroen\/#breadcrumb\"},\"inLanguage\":\"en-US\",\"potentialAction\":[{\"@type\":\"ReadAction\",\"target\":[\"https:\/\/toysmaniacornermonaco.com\/en\/produit\/affiche-id-19-rallye-de-monte-carlo-citroen\/\"]}]},{\"@type\":\"ImageObject\",\"inLanguage\":\"en-US\",\"@id\":\"https:\/\/toysmaniacornermonaco.com\/en\/produit\/affiche-id-19-rallye-de-monte-carlo-citroen\/#primaryimage\",\"url\":\"https:\/\/toysmaniacornermonaco.com\/wp-content\/uploads\/2022\/03\/50628.jpg\",\"contentUrl\":\"https:\/\/toysmaniacornermonaco.com\/wp-content\/uploads\/2022\/03\/50628.jpg\",\"width\":800,\"height\":800},{\"@type\":\"BreadcrumbList\",\"@id\":\"https:\/\/toysmaniacornermonaco.com\/en\/produit\/affiche-id-19-rallye-de-monte-carlo-citroen\/#breadcrumb\",\"itemListElement\":[{\"@type\":\"ListItem\",\"position\":1,\"name\":\"Accueil\",\"item\":\"https:\/\/toysmaniacornermonaco.com\/en\/\"},{\"@type\":\"ListItem\",\"position\":2,\"name\":\"Shop\",\"item\":\"https:\/\/toysmaniacornermonaco.com\/en\/shop\/\"},{\"@type\":\"ListItem\",\"position\":3,\"name\":\"AFFICHE ID 19 RALLYE DE MONTE CARLO &#8211; CITROEN\"}]},{\"@type\":\"WebSite\",\"@id\":\"https:\/\/toysmaniacornermonaco.com\/#website\",\"url\":\"https:\/\/toysmaniacornermonaco.com\/\",\"name\":\"TOY&#039;S MANIA\",\"description\":\"VOTRE CONCEPT STORE \u00c0 MONACO\",\"potentialAction\":[{\"@type\":\"SearchAction\",\"target\":{\"@type\":\"EntryPoint\",\"urlTemplate\":\"https:\/\/toysmaniacornermonaco.com\/?s={search_term_string}\"},\"query-input\":\"required name=search_term_string\"}],\"inLanguage\":\"en-US\"}]}<\/script>\n<!-- \/ Yoast SEO plugin. -->","yoast_head_json":{"title":"AFFICHE ID 19 RALLYE DE MONTE CARLO - CITROEN - TOY&#039;S MANIA","robots":{"index":"index","follow":"follow","max-snippet":"max-snippet:-1","max-image-preview":"max-image-preview:large","max-video-preview":"max-video-preview:-1"},"canonical":"https:\/\/toysmaniacornermonaco.com\/en\/produit\/affiche-id-19-rallye-de-monte-carlo-citroen\/","og_locale":"en_US","og_type":"article","og_title":"AFFICHE ID 19 RALLYE DE MONTE CARLO - CITROEN - TOY&#039;S MANIA","og_description":"Cette affiche r\u00e9tro est une reproduction d\u0092une publicit\u00e9 de 1959 pour l\u0092ID 19 et l&#8217;huile moteur Yacco par le plus grand illustrateur automobile fran\u00e7ais, G\u00e9o Ham. L\u0092image est un instantan\u00e9 du rallye de Monte-Carlo de 1959 remport\u00e9 par la Citro\u00ebn ID 19. C\u0092est une des derni\u00e8res cr\u00e9ations c\u00e9l\u00e8bres de G\u00e9o Ham, qui aura du mal... View Article","og_url":"https:\/\/toysmaniacornermonaco.com\/en\/produit\/affiche-id-19-rallye-de-monte-carlo-citroen\/","og_site_name":"TOY&#039;S MANIA","article_modified_time":"2022-10-13T12:34:35+00:00","og_image":[{"width":800,"height":800,"url":"https:\/\/toysmaniacornermonaco.com\/wp-content\/uploads\/2022\/03\/50628.jpg","type":"image\/jpeg"}],"twitter_card":"summary_large_image","schema":{"@context":"https:\/\/schema.org","@graph":[{"@type":"WebPage","@id":"https:\/\/toysmaniacornermonaco.com\/en\/produit\/affiche-id-19-rallye-de-monte-carlo-citroen\/","url":"https:\/\/toysmaniacornermonaco.com\/en\/produit\/affiche-id-19-rallye-de-monte-carlo-citroen\/","name":"AFFICHE ID 19 RALLYE DE MONTE CARLO - CITROEN - TOY&#039;S MANIA","isPartOf":{"@id":"https:\/\/toysmaniacornermonaco.com\/#website"},"primaryImageOfPage":{"@id":"https:\/\/toysmaniacornermonaco.com\/en\/produit\/affiche-id-19-rallye-de-monte-carlo-citroen\/#primaryimage"},"image":{"@id":"https:\/\/toysmaniacornermonaco.com\/en\/produit\/affiche-id-19-rallye-de-monte-carlo-citroen\/#primaryimage"},"thumbnailUrl":"https:\/\/toysmaniacornermonaco.com\/wp-content\/uploads\/2022\/03\/50628.jpg","datePublished":"2022-03-24T11:33:45+00:00","dateModified":"2022-10-13T12:34:35+00:00","breadcrumb":{"@id":"https:\/\/toysmaniacornermonaco.com\/en\/produit\/affiche-id-19-rallye-de-monte-carlo-citroen\/#breadcrumb"},"inLanguage":"en-US","potentialAction":[{"@type":"ReadAction","target":["https:\/\/toysmaniacornermonaco.com\/en\/produit\/affiche-id-19-rallye-de-monte-carlo-citroen\/"]}]},{"@type":"ImageObject","inLanguage":"en-US","@id":"https:\/\/toysmaniacornermonaco.com\/en\/produit\/affiche-id-19-rallye-de-monte-carlo-citroen\/#primaryimage","url":"https:\/\/toysmaniacornermonaco.com\/wp-content\/uploads\/2022\/03\/50628.jpg","contentUrl":"https:\/\/toysmaniacornermonaco.com\/wp-content\/uploads\/2022\/03\/50628.jpg","width":800,"height":800},{"@type":"BreadcrumbList","@id":"https:\/\/toysmaniacornermonaco.com\/en\/produit\/affiche-id-19-rallye-de-monte-carlo-citroen\/#breadcrumb","itemListElement":[{"@type":"ListItem","position":1,"name":"Accueil","item":"https:\/\/toysmaniacornermonaco.com\/en\/"},{"@type":"ListItem","position":2,"name":"Shop","item":"https:\/\/toysmaniacornermonaco.com\/en\/shop\/"},{"@type":"ListItem","position":3,"name":"AFFICHE ID 19 RALLYE DE MONTE CARLO &#8211; CITROEN"}]},{"@type":"WebSite","@id":"https:\/\/toysmaniacornermonaco.com\/#website","url":"https:\/\/toysmaniacornermonaco.com\/","name":"TOY&#039;S MANIA","description":"VOTRE CONCEPT STORE \u00c0 MONACO","potentialAction":[{"@type":"SearchAction","target":{"@type":"EntryPoint","urlTemplate":"https:\/\/toysmaniacornermonaco.com\/?s={search_term_string}"},"query-input":"required name=search_term_string"}],"inLanguage":"en-US"}]}},"_links":{"self":[{"href":"https:\/\/toysmaniacornermonaco.com\/en\/wp-json\/wp\/v2\/product\/3277","targetHints":{"allow":["GET"]}}],"collection":[{"href":"https:\/\/toysmaniacornermonaco.com\/en\/wp-json\/wp\/v2\/product"}],"about":[{"href":"https:\/\/toysmaniacornermonaco.com\/en\/wp-json\/wp\/v2\/types\/product"}],"replies":[{"embeddable":true,"href":"https:\/\/toysmaniacornermonaco.com\/en\/wp-json\/wp\/v2\/comments?post=3277"}],"wp:featuredmedia":[{"embeddable":true,"href":"https:\/\/toysmaniacornermonaco.com\/en\/wp-json\/wp\/v2\/media\/1809"}],"wp:attachment":[{"href":"https:\/\/toysmaniacornermonaco.com\/en\/wp-json\/wp\/v2\/media?parent=3277"}],"wp:term":[{"taxonomy":"product_cat","embeddable":true,"href":"https:\/\/toysmaniacornermonaco.com\/en\/wp-json\/wp\/v2\/product_cat?post=3277"},{"taxonomy":"product_tag","embeddable":true,"href":"https:\/\/toysmaniacornermonaco.com\/en\/wp-json\/wp\/v2\/product_tag?post=3277"}],"curies":[{"name":"wp","href":"https:\/\/api.w.org\/{rel}","templated":true}]}}