{"id":3287,"date":"2022-03-24T12:33:45","date_gmt":"2022-03-24T11:33:45","guid":{"rendered":"https:\/\/toys-mania-dev.jupiter.cdigital.fr\/produit\/affiche-relax-sur-la-cote-dazur\/"},"modified":"2022-10-13T14:34:39","modified_gmt":"2022-10-13T12:34:39","slug":"affiche-relax-sur-la-cote-dazur","status":"publish","type":"product","link":"https:\/\/toysmaniacornermonaco.com\/en\/produit\/affiche-relax-sur-la-cote-dazur\/","title":{"rendered":"AFFICHE RELAX SUR LA C\u00d4TE D&#8217;AZUR"},"content":{"rendered":"<p>Commandez sans plus attendre ce poster retro de la C\u00f4te d\u0092Azur ! Cette illustration reprend une affiche publicitaire pour les Chargeurs R\u00e9unis sign\u00e9e Ren\u00e9 Gruau en 1957. Cette entreprise, qui s\u0092appelle actuellement Chargeurs, a fait fortune dans le transport maritime avant de diversifier ses activit\u00e9s. Comme beaucoup d\u0092affiches du milieu du si\u00e8cle dernier, cette image \u00e9voque un \u00e9voque un moment, un d\u00e9tail plut\u00f4t qu\u0092un paysage. Ici, il s\u0092agit d\u0092une vacanci\u00e8re prenant du bon temps dans un transat. \u00ab Relax \u00bb nous dit la l\u00e9gende\u0085 Ce poster retro C\u00f4te d\u0092Azur vous donnera envie d\u0092en faire autant !<\/p>\n","protected":false},"excerpt":{"rendered":"Commandez sans plus attendre ce poster retro de la C\u00f4te d\u0092Azur ! Cette illustration reprend une affiche publicitaire pour les Chargeurs R\u00e9unis sign\u00e9e Ren\u00e9 Gruau en 1957. Cette entreprise, qui s\u0092appelle actuellement Chargeurs, a fait fortune dans le transport maritime avant de diversifier ses activit\u00e9s. Comme beaucoup d\u0092affiches du milieu du si\u00e8cle dernier, cette image&#8230; <a class=\"view-article\" href=\"https:\/\/toysmaniacornermonaco.com\/en\/produit\/affiche-relax-sur-la-cote-dazur\/\">View Article<\/a>","protected":false},"featured_media":1823,"comment_status":"open","ping_status":"open","template":"","meta":{"_acf_changed":false},"product_cat":[381],"product_tag":[],"class_list":{"0":"post-3287","1":"product","2":"type-product","3":"status-publish","4":"has-post-thumbnail","6":"marque-monaco-en","7":"idee_cadeau-men","8":"product_cat-decoration-en","9":"product_shipping_class-petitcolis-en","11":"first","12":"instock","13":"taxable","14":"shipping-taxable","15":"purchasable","16":"product-type-simple"},"acf":[],"yoast_head":"<!-- This site is optimized with the Yoast SEO plugin v22.3 - https:\/\/yoast.com\/wordpress\/plugins\/seo\/ -->\n<title>AFFICHE RELAX SUR LA C\u00d4TE D&#039;AZUR - TOY&#039;S MANIA<\/title>\n<meta name=\"robots\" content=\"index, follow, max-snippet:-1, max-image-preview:large, max-video-preview:-1\" \/>\n<link rel=\"canonical\" href=\"https:\/\/toysmaniacornermonaco.com\/en\/produit\/affiche-relax-sur-la-cote-dazur\/\" \/>\n<meta property=\"og:locale\" content=\"en_US\" \/>\n<meta property=\"og:type\" content=\"article\" \/>\n<meta property=\"og:title\" content=\"AFFICHE RELAX SUR LA C\u00d4TE D&#039;AZUR - TOY&#039;S MANIA\" \/>\n<meta property=\"og:description\" content=\"Commandez sans plus attendre ce poster retro de la C\u00f4te d\u0092Azur ! Cette illustration reprend une affiche publicitaire pour les Chargeurs R\u00e9unis sign\u00e9e Ren\u00e9 Gruau en 1957. Cette entreprise, qui s\u0092appelle actuellement Chargeurs, a fait fortune dans le transport maritime avant de diversifier ses activit\u00e9s. Comme beaucoup d\u0092affiches du milieu du si\u00e8cle dernier, cette image... View Article\" \/>\n<meta property=\"og:url\" content=\"https:\/\/toysmaniacornermonaco.com\/en\/produit\/affiche-relax-sur-la-cote-dazur\/\" \/>\n<meta property=\"og:site_name\" content=\"TOY&#039;S MANIA\" \/>\n<meta property=\"article:modified_time\" content=\"2022-10-13T12:34:39+00:00\" \/>\n<meta property=\"og:image\" content=\"https:\/\/toysmaniacornermonaco.com\/wp-content\/uploads\/2022\/03\/50865.jpg\" \/>\n\t<meta property=\"og:image:width\" content=\"800\" \/>\n\t<meta property=\"og:image:height\" content=\"800\" \/>\n\t<meta property=\"og:image:type\" content=\"image\/jpeg\" \/>\n<meta name=\"twitter:card\" content=\"summary_large_image\" \/>\n<meta name=\"twitter:label1\" content=\"Est. reading time\" \/>\n\t<meta name=\"twitter:data1\" content=\"1 minute\" \/>\n<script type=\"application\/ld+json\" class=\"yoast-schema-graph\">{\"@context\":\"https:\/\/schema.org\",\"@graph\":[{\"@type\":\"WebPage\",\"@id\":\"https:\/\/toysmaniacornermonaco.com\/en\/produit\/affiche-relax-sur-la-cote-dazur\/\",\"url\":\"https:\/\/toysmaniacornermonaco.com\/en\/produit\/affiche-relax-sur-la-cote-dazur\/\",\"name\":\"AFFICHE RELAX SUR LA C\u00d4TE D'AZUR - TOY&#039;S MANIA\",\"isPartOf\":{\"@id\":\"https:\/\/toysmaniacornermonaco.com\/#website\"},\"primaryImageOfPage\":{\"@id\":\"https:\/\/toysmaniacornermonaco.com\/en\/produit\/affiche-relax-sur-la-cote-dazur\/#primaryimage\"},\"image\":{\"@id\":\"https:\/\/toysmaniacornermonaco.com\/en\/produit\/affiche-relax-sur-la-cote-dazur\/#primaryimage\"},\"thumbnailUrl\":\"https:\/\/toysmaniacornermonaco.com\/wp-content\/uploads\/2022\/03\/50865.jpg\",\"datePublished\":\"2022-03-24T11:33:45+00:00\",\"dateModified\":\"2022-10-13T12:34:39+00:00\",\"breadcrumb\":{\"@id\":\"https:\/\/toysmaniacornermonaco.com\/en\/produit\/affiche-relax-sur-la-cote-dazur\/#breadcrumb\"},\"inLanguage\":\"en-US\",\"potentialAction\":[{\"@type\":\"ReadAction\",\"target\":[\"https:\/\/toysmaniacornermonaco.com\/en\/produit\/affiche-relax-sur-la-cote-dazur\/\"]}]},{\"@type\":\"ImageObject\",\"inLanguage\":\"en-US\",\"@id\":\"https:\/\/toysmaniacornermonaco.com\/en\/produit\/affiche-relax-sur-la-cote-dazur\/#primaryimage\",\"url\":\"https:\/\/toysmaniacornermonaco.com\/wp-content\/uploads\/2022\/03\/50865.jpg\",\"contentUrl\":\"https:\/\/toysmaniacornermonaco.com\/wp-content\/uploads\/2022\/03\/50865.jpg\",\"width\":800,\"height\":800},{\"@type\":\"BreadcrumbList\",\"@id\":\"https:\/\/toysmaniacornermonaco.com\/en\/produit\/affiche-relax-sur-la-cote-dazur\/#breadcrumb\",\"itemListElement\":[{\"@type\":\"ListItem\",\"position\":1,\"name\":\"Accueil\",\"item\":\"https:\/\/toysmaniacornermonaco.com\/en\/\"},{\"@type\":\"ListItem\",\"position\":2,\"name\":\"Shop\",\"item\":\"https:\/\/toysmaniacornermonaco.com\/en\/shop\/\"},{\"@type\":\"ListItem\",\"position\":3,\"name\":\"AFFICHE RELAX SUR LA C\u00d4TE D&#8217;AZUR\"}]},{\"@type\":\"WebSite\",\"@id\":\"https:\/\/toysmaniacornermonaco.com\/#website\",\"url\":\"https:\/\/toysmaniacornermonaco.com\/\",\"name\":\"TOY&#039;S MANIA\",\"description\":\"VOTRE CONCEPT STORE \u00c0 MONACO\",\"potentialAction\":[{\"@type\":\"SearchAction\",\"target\":{\"@type\":\"EntryPoint\",\"urlTemplate\":\"https:\/\/toysmaniacornermonaco.com\/?s={search_term_string}\"},\"query-input\":\"required name=search_term_string\"}],\"inLanguage\":\"en-US\"}]}<\/script>\n<!-- \/ Yoast SEO plugin. -->","yoast_head_json":{"title":"AFFICHE RELAX SUR LA C\u00d4TE D'AZUR - TOY&#039;S MANIA","robots":{"index":"index","follow":"follow","max-snippet":"max-snippet:-1","max-image-preview":"max-image-preview:large","max-video-preview":"max-video-preview:-1"},"canonical":"https:\/\/toysmaniacornermonaco.com\/en\/produit\/affiche-relax-sur-la-cote-dazur\/","og_locale":"en_US","og_type":"article","og_title":"AFFICHE RELAX SUR LA C\u00d4TE D'AZUR - TOY&#039;S MANIA","og_description":"Commandez sans plus attendre ce poster retro de la C\u00f4te d\u0092Azur ! Cette illustration reprend une affiche publicitaire pour les Chargeurs R\u00e9unis sign\u00e9e Ren\u00e9 Gruau en 1957. Cette entreprise, qui s\u0092appelle actuellement Chargeurs, a fait fortune dans le transport maritime avant de diversifier ses activit\u00e9s. Comme beaucoup d\u0092affiches du milieu du si\u00e8cle dernier, cette image... View Article","og_url":"https:\/\/toysmaniacornermonaco.com\/en\/produit\/affiche-relax-sur-la-cote-dazur\/","og_site_name":"TOY&#039;S MANIA","article_modified_time":"2022-10-13T12:34:39+00:00","og_image":[{"width":800,"height":800,"url":"https:\/\/toysmaniacornermonaco.com\/wp-content\/uploads\/2022\/03\/50865.jpg","type":"image\/jpeg"}],"twitter_card":"summary_large_image","twitter_misc":{"Est. reading time":"1 minute"},"schema":{"@context":"https:\/\/schema.org","@graph":[{"@type":"WebPage","@id":"https:\/\/toysmaniacornermonaco.com\/en\/produit\/affiche-relax-sur-la-cote-dazur\/","url":"https:\/\/toysmaniacornermonaco.com\/en\/produit\/affiche-relax-sur-la-cote-dazur\/","name":"AFFICHE RELAX SUR LA C\u00d4TE D'AZUR - TOY&#039;S MANIA","isPartOf":{"@id":"https:\/\/toysmaniacornermonaco.com\/#website"},"primaryImageOfPage":{"@id":"https:\/\/toysmaniacornermonaco.com\/en\/produit\/affiche-relax-sur-la-cote-dazur\/#primaryimage"},"image":{"@id":"https:\/\/toysmaniacornermonaco.com\/en\/produit\/affiche-relax-sur-la-cote-dazur\/#primaryimage"},"thumbnailUrl":"https:\/\/toysmaniacornermonaco.com\/wp-content\/uploads\/2022\/03\/50865.jpg","datePublished":"2022-03-24T11:33:45+00:00","dateModified":"2022-10-13T12:34:39+00:00","breadcrumb":{"@id":"https:\/\/toysmaniacornermonaco.com\/en\/produit\/affiche-relax-sur-la-cote-dazur\/#breadcrumb"},"inLanguage":"en-US","potentialAction":[{"@type":"ReadAction","target":["https:\/\/toysmaniacornermonaco.com\/en\/produit\/affiche-relax-sur-la-cote-dazur\/"]}]},{"@type":"ImageObject","inLanguage":"en-US","@id":"https:\/\/toysmaniacornermonaco.com\/en\/produit\/affiche-relax-sur-la-cote-dazur\/#primaryimage","url":"https:\/\/toysmaniacornermonaco.com\/wp-content\/uploads\/2022\/03\/50865.jpg","contentUrl":"https:\/\/toysmaniacornermonaco.com\/wp-content\/uploads\/2022\/03\/50865.jpg","width":800,"height":800},{"@type":"BreadcrumbList","@id":"https:\/\/toysmaniacornermonaco.com\/en\/produit\/affiche-relax-sur-la-cote-dazur\/#breadcrumb","itemListElement":[{"@type":"ListItem","position":1,"name":"Accueil","item":"https:\/\/toysmaniacornermonaco.com\/en\/"},{"@type":"ListItem","position":2,"name":"Shop","item":"https:\/\/toysmaniacornermonaco.com\/en\/shop\/"},{"@type":"ListItem","position":3,"name":"AFFICHE RELAX SUR LA C\u00d4TE D&#8217;AZUR"}]},{"@type":"WebSite","@id":"https:\/\/toysmaniacornermonaco.com\/#website","url":"https:\/\/toysmaniacornermonaco.com\/","name":"TOY&#039;S MANIA","description":"VOTRE CONCEPT STORE \u00c0 MONACO","potentialAction":[{"@type":"SearchAction","target":{"@type":"EntryPoint","urlTemplate":"https:\/\/toysmaniacornermonaco.com\/?s={search_term_string}"},"query-input":"required name=search_term_string"}],"inLanguage":"en-US"}]}},"_links":{"self":[{"href":"https:\/\/toysmaniacornermonaco.com\/en\/wp-json\/wp\/v2\/product\/3287","targetHints":{"allow":["GET"]}}],"collection":[{"href":"https:\/\/toysmaniacornermonaco.com\/en\/wp-json\/wp\/v2\/product"}],"about":[{"href":"https:\/\/toysmaniacornermonaco.com\/en\/wp-json\/wp\/v2\/types\/product"}],"replies":[{"embeddable":true,"href":"https:\/\/toysmaniacornermonaco.com\/en\/wp-json\/wp\/v2\/comments?post=3287"}],"wp:featuredmedia":[{"embeddable":true,"href":"https:\/\/toysmaniacornermonaco.com\/en\/wp-json\/wp\/v2\/media\/1823"}],"wp:attachment":[{"href":"https:\/\/toysmaniacornermonaco.com\/en\/wp-json\/wp\/v2\/media?parent=3287"}],"wp:term":[{"taxonomy":"product_cat","embeddable":true,"href":"https:\/\/toysmaniacornermonaco.com\/en\/wp-json\/wp\/v2\/product_cat?post=3287"},{"taxonomy":"product_tag","embeddable":true,"href":"https:\/\/toysmaniacornermonaco.com\/en\/wp-json\/wp\/v2\/product_tag?post=3287"}],"curies":[{"name":"wp","href":"https:\/\/api.w.org\/{rel}","templated":true}]}}