{"id":3288,"date":"2022-03-24T12:33:45","date_gmt":"2022-03-24T11:33:45","guid":{"rendered":"https:\/\/toys-mania-dev.jupiter.cdigital.fr\/produit\/affiche-tennis-monte-carlo\/"},"modified":"2022-10-13T14:34:39","modified_gmt":"2022-10-13T12:34:39","slug":"affiche-tennis-monte-carlo","status":"publish","type":"product","link":"https:\/\/toysmaniacornermonaco.com\/en\/produit\/affiche-tennis-monte-carlo\/","title":{"rendered":"AFFICHE TENNIS MONTE CARLO"},"content":{"rendered":"<p>Cette affiche publicitaire touristique met en sc\u00e8ne la ville de Monte-Carlo pour promouvoir les chemins de fer PLM. Dat\u00e9e de 1930, elle est sign\u00e9e Roger Broders, le plus grand illustrateur touristique de l\u0092\u00e9poque. On retrouve ici les th\u00e9matiques habituelles de Monte-Carlo : le soleil, le cadre idyllique et le c\u00f4t\u00e9 exclusif de cet endroit de prestige. Seu0,100 les riches pouvaient se permettre de jouer au tennis \u00e0 l\u0092\u00e9poque ! Cette plaque publicitaire touristique s\u00e9duit par son jeu sur les perspectives et sur les tons. Cette affiche touristique r\u00e9tro de 1930 fait la promotion de la ville de Monte-Carlo. Elle a \u00e9t\u00e9 command\u00e9e par la compagnie des chemins de fer PLM \u00e0 son illustrateur favori, Roger Broders. Cet artiste incontournable des ann\u00e9es 30 propose ici une composition qui, comme souvent, s\u00e9duit par sa g\u00e9om\u00e9trie et sa palette marquante. Qui dit poster de Monte-Carlo dit mise en sc\u00e8ne de la richesse et du prestige du lieu. Cette affiche touristique r\u00e9tro ne d\u00e9roge pas \u00e0 la r\u00e8gle : quelle joie de pouvoir jouer au tennis, r\u00e9put\u00e9 comme \u00e9tant un \u00ab sport de riche \u00bb, au soleil et au bord de la mer !<\/p>\n","protected":false},"excerpt":{"rendered":"Cette affiche publicitaire touristique met en sc\u00e8ne la ville de Monte-Carlo pour promouvoir les chemins de fer PLM. Dat\u00e9e de 1930, elle est sign\u00e9e Roger Broders, le plus grand illustrateur touristique de l\u0092\u00e9poque. On retrouve ici les th\u00e9matiques habituelles de Monte-Carlo : le soleil, le cadre idyllique et le c\u00f4t\u00e9 exclusif de cet endroit de&#8230; <a class=\"view-article\" href=\"https:\/\/toysmaniacornermonaco.com\/en\/produit\/affiche-tennis-monte-carlo\/\">View Article<\/a>","protected":false},"featured_media":1825,"comment_status":"open","ping_status":"open","template":"","meta":{"_acf_changed":false},"product_cat":[381],"product_tag":[],"class_list":{"0":"post-3288","1":"product","2":"type-product","3":"status-publish","4":"has-post-thumbnail","6":"marque-monaco-en","7":"idee_cadeau-men","8":"product_cat-decoration-en","9":"product_shipping_class-petitcolis-en","11":"first","12":"instock","13":"taxable","14":"shipping-taxable","15":"purchasable","16":"product-type-simple"},"acf":[],"yoast_head":"<!-- This site is optimized with the Yoast SEO plugin v22.3 - https:\/\/yoast.com\/wordpress\/plugins\/seo\/ -->\n<title>AFFICHE TENNIS MONTE CARLO - TOY&#039;S MANIA<\/title>\n<meta name=\"robots\" content=\"index, follow, max-snippet:-1, max-image-preview:large, max-video-preview:-1\" \/>\n<link rel=\"canonical\" href=\"https:\/\/toysmaniacornermonaco.com\/en\/produit\/affiche-tennis-monte-carlo\/\" \/>\n<meta property=\"og:locale\" content=\"en_US\" \/>\n<meta property=\"og:type\" content=\"article\" \/>\n<meta property=\"og:title\" content=\"AFFICHE TENNIS MONTE CARLO - TOY&#039;S MANIA\" \/>\n<meta property=\"og:description\" content=\"Cette affiche publicitaire touristique met en sc\u00e8ne la ville de Monte-Carlo pour promouvoir les chemins de fer PLM. Dat\u00e9e de 1930, elle est sign\u00e9e Roger Broders, le plus grand illustrateur touristique de l\u0092\u00e9poque. On retrouve ici les th\u00e9matiques habituelles de Monte-Carlo : le soleil, le cadre idyllique et le c\u00f4t\u00e9 exclusif de cet endroit de... View Article\" \/>\n<meta property=\"og:url\" content=\"https:\/\/toysmaniacornermonaco.com\/en\/produit\/affiche-tennis-monte-carlo\/\" \/>\n<meta property=\"og:site_name\" content=\"TOY&#039;S MANIA\" \/>\n<meta property=\"article:modified_time\" content=\"2022-10-13T12:34:39+00:00\" \/>\n<meta property=\"og:image\" content=\"https:\/\/toysmaniacornermonaco.com\/wp-content\/uploads\/2022\/03\/50856.jpg\" \/>\n\t<meta property=\"og:image:width\" content=\"800\" \/>\n\t<meta property=\"og:image:height\" content=\"800\" \/>\n\t<meta property=\"og:image:type\" content=\"image\/jpeg\" \/>\n<meta name=\"twitter:card\" content=\"summary_large_image\" \/>\n<meta name=\"twitter:label1\" content=\"Est. reading time\" \/>\n\t<meta name=\"twitter:data1\" content=\"1 minute\" \/>\n<script type=\"application\/ld+json\" class=\"yoast-schema-graph\">{\"@context\":\"https:\/\/schema.org\",\"@graph\":[{\"@type\":\"WebPage\",\"@id\":\"https:\/\/toysmaniacornermonaco.com\/en\/produit\/affiche-tennis-monte-carlo\/\",\"url\":\"https:\/\/toysmaniacornermonaco.com\/en\/produit\/affiche-tennis-monte-carlo\/\",\"name\":\"AFFICHE TENNIS MONTE CARLO - TOY&#039;S MANIA\",\"isPartOf\":{\"@id\":\"https:\/\/toysmaniacornermonaco.com\/#website\"},\"primaryImageOfPage\":{\"@id\":\"https:\/\/toysmaniacornermonaco.com\/en\/produit\/affiche-tennis-monte-carlo\/#primaryimage\"},\"image\":{\"@id\":\"https:\/\/toysmaniacornermonaco.com\/en\/produit\/affiche-tennis-monte-carlo\/#primaryimage\"},\"thumbnailUrl\":\"https:\/\/toysmaniacornermonaco.com\/wp-content\/uploads\/2022\/03\/50856.jpg\",\"datePublished\":\"2022-03-24T11:33:45+00:00\",\"dateModified\":\"2022-10-13T12:34:39+00:00\",\"breadcrumb\":{\"@id\":\"https:\/\/toysmaniacornermonaco.com\/en\/produit\/affiche-tennis-monte-carlo\/#breadcrumb\"},\"inLanguage\":\"en-US\",\"potentialAction\":[{\"@type\":\"ReadAction\",\"target\":[\"https:\/\/toysmaniacornermonaco.com\/en\/produit\/affiche-tennis-monte-carlo\/\"]}]},{\"@type\":\"ImageObject\",\"inLanguage\":\"en-US\",\"@id\":\"https:\/\/toysmaniacornermonaco.com\/en\/produit\/affiche-tennis-monte-carlo\/#primaryimage\",\"url\":\"https:\/\/toysmaniacornermonaco.com\/wp-content\/uploads\/2022\/03\/50856.jpg\",\"contentUrl\":\"https:\/\/toysmaniacornermonaco.com\/wp-content\/uploads\/2022\/03\/50856.jpg\",\"width\":800,\"height\":800},{\"@type\":\"BreadcrumbList\",\"@id\":\"https:\/\/toysmaniacornermonaco.com\/en\/produit\/affiche-tennis-monte-carlo\/#breadcrumb\",\"itemListElement\":[{\"@type\":\"ListItem\",\"position\":1,\"name\":\"Accueil\",\"item\":\"https:\/\/toysmaniacornermonaco.com\/en\/\"},{\"@type\":\"ListItem\",\"position\":2,\"name\":\"Shop\",\"item\":\"https:\/\/toysmaniacornermonaco.com\/en\/shop\/\"},{\"@type\":\"ListItem\",\"position\":3,\"name\":\"AFFICHE TENNIS MONTE CARLO\"}]},{\"@type\":\"WebSite\",\"@id\":\"https:\/\/toysmaniacornermonaco.com\/#website\",\"url\":\"https:\/\/toysmaniacornermonaco.com\/\",\"name\":\"TOY&#039;S MANIA\",\"description\":\"VOTRE CONCEPT STORE \u00c0 MONACO\",\"potentialAction\":[{\"@type\":\"SearchAction\",\"target\":{\"@type\":\"EntryPoint\",\"urlTemplate\":\"https:\/\/toysmaniacornermonaco.com\/?s={search_term_string}\"},\"query-input\":\"required name=search_term_string\"}],\"inLanguage\":\"en-US\"}]}<\/script>\n<!-- \/ Yoast SEO plugin. -->","yoast_head_json":{"title":"AFFICHE TENNIS MONTE CARLO - TOY&#039;S MANIA","robots":{"index":"index","follow":"follow","max-snippet":"max-snippet:-1","max-image-preview":"max-image-preview:large","max-video-preview":"max-video-preview:-1"},"canonical":"https:\/\/toysmaniacornermonaco.com\/en\/produit\/affiche-tennis-monte-carlo\/","og_locale":"en_US","og_type":"article","og_title":"AFFICHE TENNIS MONTE CARLO - TOY&#039;S MANIA","og_description":"Cette affiche publicitaire touristique met en sc\u00e8ne la ville de Monte-Carlo pour promouvoir les chemins de fer PLM. Dat\u00e9e de 1930, elle est sign\u00e9e Roger Broders, le plus grand illustrateur touristique de l\u0092\u00e9poque. On retrouve ici les th\u00e9matiques habituelles de Monte-Carlo : le soleil, le cadre idyllique et le c\u00f4t\u00e9 exclusif de cet endroit de... View Article","og_url":"https:\/\/toysmaniacornermonaco.com\/en\/produit\/affiche-tennis-monte-carlo\/","og_site_name":"TOY&#039;S MANIA","article_modified_time":"2022-10-13T12:34:39+00:00","og_image":[{"width":800,"height":800,"url":"https:\/\/toysmaniacornermonaco.com\/wp-content\/uploads\/2022\/03\/50856.jpg","type":"image\/jpeg"}],"twitter_card":"summary_large_image","twitter_misc":{"Est. reading time":"1 minute"},"schema":{"@context":"https:\/\/schema.org","@graph":[{"@type":"WebPage","@id":"https:\/\/toysmaniacornermonaco.com\/en\/produit\/affiche-tennis-monte-carlo\/","url":"https:\/\/toysmaniacornermonaco.com\/en\/produit\/affiche-tennis-monte-carlo\/","name":"AFFICHE TENNIS MONTE CARLO - TOY&#039;S MANIA","isPartOf":{"@id":"https:\/\/toysmaniacornermonaco.com\/#website"},"primaryImageOfPage":{"@id":"https:\/\/toysmaniacornermonaco.com\/en\/produit\/affiche-tennis-monte-carlo\/#primaryimage"},"image":{"@id":"https:\/\/toysmaniacornermonaco.com\/en\/produit\/affiche-tennis-monte-carlo\/#primaryimage"},"thumbnailUrl":"https:\/\/toysmaniacornermonaco.com\/wp-content\/uploads\/2022\/03\/50856.jpg","datePublished":"2022-03-24T11:33:45+00:00","dateModified":"2022-10-13T12:34:39+00:00","breadcrumb":{"@id":"https:\/\/toysmaniacornermonaco.com\/en\/produit\/affiche-tennis-monte-carlo\/#breadcrumb"},"inLanguage":"en-US","potentialAction":[{"@type":"ReadAction","target":["https:\/\/toysmaniacornermonaco.com\/en\/produit\/affiche-tennis-monte-carlo\/"]}]},{"@type":"ImageObject","inLanguage":"en-US","@id":"https:\/\/toysmaniacornermonaco.com\/en\/produit\/affiche-tennis-monte-carlo\/#primaryimage","url":"https:\/\/toysmaniacornermonaco.com\/wp-content\/uploads\/2022\/03\/50856.jpg","contentUrl":"https:\/\/toysmaniacornermonaco.com\/wp-content\/uploads\/2022\/03\/50856.jpg","width":800,"height":800},{"@type":"BreadcrumbList","@id":"https:\/\/toysmaniacornermonaco.com\/en\/produit\/affiche-tennis-monte-carlo\/#breadcrumb","itemListElement":[{"@type":"ListItem","position":1,"name":"Accueil","item":"https:\/\/toysmaniacornermonaco.com\/en\/"},{"@type":"ListItem","position":2,"name":"Shop","item":"https:\/\/toysmaniacornermonaco.com\/en\/shop\/"},{"@type":"ListItem","position":3,"name":"AFFICHE TENNIS MONTE CARLO"}]},{"@type":"WebSite","@id":"https:\/\/toysmaniacornermonaco.com\/#website","url":"https:\/\/toysmaniacornermonaco.com\/","name":"TOY&#039;S MANIA","description":"VOTRE CONCEPT STORE \u00c0 MONACO","potentialAction":[{"@type":"SearchAction","target":{"@type":"EntryPoint","urlTemplate":"https:\/\/toysmaniacornermonaco.com\/?s={search_term_string}"},"query-input":"required name=search_term_string"}],"inLanguage":"en-US"}]}},"_links":{"self":[{"href":"https:\/\/toysmaniacornermonaco.com\/en\/wp-json\/wp\/v2\/product\/3288","targetHints":{"allow":["GET"]}}],"collection":[{"href":"https:\/\/toysmaniacornermonaco.com\/en\/wp-json\/wp\/v2\/product"}],"about":[{"href":"https:\/\/toysmaniacornermonaco.com\/en\/wp-json\/wp\/v2\/types\/product"}],"replies":[{"embeddable":true,"href":"https:\/\/toysmaniacornermonaco.com\/en\/wp-json\/wp\/v2\/comments?post=3288"}],"wp:featuredmedia":[{"embeddable":true,"href":"https:\/\/toysmaniacornermonaco.com\/en\/wp-json\/wp\/v2\/media\/1825"}],"wp:attachment":[{"href":"https:\/\/toysmaniacornermonaco.com\/en\/wp-json\/wp\/v2\/media?parent=3288"}],"wp:term":[{"taxonomy":"product_cat","embeddable":true,"href":"https:\/\/toysmaniacornermonaco.com\/en\/wp-json\/wp\/v2\/product_cat?post=3288"},{"taxonomy":"product_tag","embeddable":true,"href":"https:\/\/toysmaniacornermonaco.com\/en\/wp-json\/wp\/v2\/product_tag?post=3288"}],"curies":[{"name":"wp","href":"https:\/\/api.w.org\/{rel}","templated":true}]}}