{"id":3289,"date":"2022-03-24T12:33:45","date_gmt":"2022-03-24T11:33:45","guid":{"rendered":"https:\/\/toys-mania-dev.jupiter.cdigital.fr\/produit\/affiche-triomphe-de-la-4-cv-renault-rallye-de-monte-carlo\/"},"modified":"2022-10-13T14:34:40","modified_gmt":"2022-10-13T12:34:40","slug":"affiche-triomphe-de-la-4-cv-renault-rallye-de-monte-carlo","status":"publish","type":"product","link":"https:\/\/toysmaniacornermonaco.com\/en\/produit\/affiche-triomphe-de-la-4-cv-renault-rallye-de-monte-carlo\/","title":{"rendered":"AFFICHE TRIOMPHE DE LA 4 CV &#8211; RENAULT RALLYE DE MONTE-CARLO"},"content":{"rendered":"<p>Cette affiche grand format reprend une publicit\u00e9 de 1949 pour la 4 CV. Georges Hamel, pseudonyme de G\u00e9o Ham, en est \u00e0 l\u0092origine. Ce grand illustrateur automobile est un incontournable de la publicit\u00e9 : rares sont les marques qui n\u0092ont pas fait appel \u00e0 ses services pourtant r\u00e9put\u00e9s tr\u00e8s on\u00e9reux. Ici, une 4 CV plus vraie que nature fend l\u0092obscurit\u00e9 et la neige dans sa victoire au rallye de Monte-Carlo. Contrairement \u00e0 ce qu\u0092on pourrait croire instinctivement, cette comp\u00e9tition est r\u00e9put\u00e9e pour ses conditions climatiques difficiles. Cette plaque m\u00e9tal grand format trouvera une place de choix chez les passionn\u00e9s de courses automobiles anciennes.. Cette affiche publicitaire fait la promotion de la 4 CV de Renault. Elle date de 1949 et est sign\u00e9e du plus grand illustrateur automobile du si\u00e8cle, G\u00e9o Ham. Sa publicit\u00e9 de la 4 CV est \u00e0 l\u0092image de ses compositions : une voiture rapide parfaitement mise en sc\u00e8ne dans une situation rendue cr\u00e9dible par une multitude de d\u00e9tai0,100. Cette affiche publicitaire ravira les amateurs de sports m\u00e9caniques anciens voulant rendre hommage \u00e0 un artiste de g\u00e9nie.<\/p>\n","protected":false},"excerpt":{"rendered":"Cette affiche grand format reprend une publicit\u00e9 de 1949 pour la 4 CV. Georges Hamel, pseudonyme de G\u00e9o Ham, en est \u00e0 l\u0092origine. Ce grand illustrateur automobile est un incontournable de la publicit\u00e9 : rares sont les marques qui n\u0092ont pas fait appel \u00e0 ses services pourtant r\u00e9put\u00e9s tr\u00e8s on\u00e9reux. Ici, une 4 CV plus&#8230; <a class=\"view-article\" href=\"https:\/\/toysmaniacornermonaco.com\/en\/produit\/affiche-triomphe-de-la-4-cv-renault-rallye-de-monte-carlo\/\">View Article<\/a>","protected":false},"featured_media":1827,"comment_status":"open","ping_status":"open","template":"","meta":{"_acf_changed":false},"product_cat":[381],"product_tag":[],"class_list":{"0":"post-3289","1":"product","2":"type-product","3":"status-publish","4":"has-post-thumbnail","6":"marque-monaco-en","7":"idee_cadeau-men","8":"product_cat-decoration-en","9":"product_shipping_class-petitcolis-en","11":"first","12":"instock","13":"taxable","14":"shipping-taxable","15":"purchasable","16":"product-type-simple"},"acf":[],"yoast_head":"<!-- This site is optimized with the Yoast SEO plugin v22.3 - https:\/\/yoast.com\/wordpress\/plugins\/seo\/ -->\n<title>AFFICHE TRIOMPHE DE LA 4 CV - RENAULT RALLYE DE MONTE-CARLO - TOY&#039;S MANIA<\/title>\n<meta name=\"robots\" content=\"index, follow, max-snippet:-1, max-image-preview:large, max-video-preview:-1\" \/>\n<link rel=\"canonical\" href=\"https:\/\/toysmaniacornermonaco.com\/en\/produit\/affiche-triomphe-de-la-4-cv-renault-rallye-de-monte-carlo\/\" \/>\n<meta property=\"og:locale\" content=\"en_US\" \/>\n<meta property=\"og:type\" content=\"article\" \/>\n<meta property=\"og:title\" content=\"AFFICHE TRIOMPHE DE LA 4 CV - RENAULT RALLYE DE MONTE-CARLO - TOY&#039;S MANIA\" \/>\n<meta property=\"og:description\" content=\"Cette affiche grand format reprend une publicit\u00e9 de 1949 pour la 4 CV. Georges Hamel, pseudonyme de G\u00e9o Ham, en est \u00e0 l\u0092origine. Ce grand illustrateur automobile est un incontournable de la publicit\u00e9 : rares sont les marques qui n\u0092ont pas fait appel \u00e0 ses services pourtant r\u00e9put\u00e9s tr\u00e8s on\u00e9reux. Ici, une 4 CV plus... View Article\" \/>\n<meta property=\"og:url\" content=\"https:\/\/toysmaniacornermonaco.com\/en\/produit\/affiche-triomphe-de-la-4-cv-renault-rallye-de-monte-carlo\/\" \/>\n<meta property=\"og:site_name\" content=\"TOY&#039;S MANIA\" \/>\n<meta property=\"article:modified_time\" content=\"2022-10-13T12:34:40+00:00\" \/>\n<meta property=\"og:image\" content=\"https:\/\/toysmaniacornermonaco.com\/wp-content\/uploads\/2022\/03\/50608.jpg\" \/>\n\t<meta property=\"og:image:width\" content=\"800\" \/>\n\t<meta property=\"og:image:height\" content=\"800\" \/>\n\t<meta property=\"og:image:type\" content=\"image\/jpeg\" \/>\n<meta name=\"twitter:card\" content=\"summary_large_image\" \/>\n<meta name=\"twitter:label1\" content=\"Est. reading time\" \/>\n\t<meta name=\"twitter:data1\" content=\"1 minute\" \/>\n<script type=\"application\/ld+json\" class=\"yoast-schema-graph\">{\"@context\":\"https:\/\/schema.org\",\"@graph\":[{\"@type\":\"WebPage\",\"@id\":\"https:\/\/toysmaniacornermonaco.com\/en\/produit\/affiche-triomphe-de-la-4-cv-renault-rallye-de-monte-carlo\/\",\"url\":\"https:\/\/toysmaniacornermonaco.com\/en\/produit\/affiche-triomphe-de-la-4-cv-renault-rallye-de-monte-carlo\/\",\"name\":\"AFFICHE TRIOMPHE DE LA 4 CV - RENAULT RALLYE DE MONTE-CARLO - TOY&#039;S MANIA\",\"isPartOf\":{\"@id\":\"https:\/\/toysmaniacornermonaco.com\/#website\"},\"primaryImageOfPage\":{\"@id\":\"https:\/\/toysmaniacornermonaco.com\/en\/produit\/affiche-triomphe-de-la-4-cv-renault-rallye-de-monte-carlo\/#primaryimage\"},\"image\":{\"@id\":\"https:\/\/toysmaniacornermonaco.com\/en\/produit\/affiche-triomphe-de-la-4-cv-renault-rallye-de-monte-carlo\/#primaryimage\"},\"thumbnailUrl\":\"https:\/\/toysmaniacornermonaco.com\/wp-content\/uploads\/2022\/03\/50608.jpg\",\"datePublished\":\"2022-03-24T11:33:45+00:00\",\"dateModified\":\"2022-10-13T12:34:40+00:00\",\"breadcrumb\":{\"@id\":\"https:\/\/toysmaniacornermonaco.com\/en\/produit\/affiche-triomphe-de-la-4-cv-renault-rallye-de-monte-carlo\/#breadcrumb\"},\"inLanguage\":\"en-US\",\"potentialAction\":[{\"@type\":\"ReadAction\",\"target\":[\"https:\/\/toysmaniacornermonaco.com\/en\/produit\/affiche-triomphe-de-la-4-cv-renault-rallye-de-monte-carlo\/\"]}]},{\"@type\":\"ImageObject\",\"inLanguage\":\"en-US\",\"@id\":\"https:\/\/toysmaniacornermonaco.com\/en\/produit\/affiche-triomphe-de-la-4-cv-renault-rallye-de-monte-carlo\/#primaryimage\",\"url\":\"https:\/\/toysmaniacornermonaco.com\/wp-content\/uploads\/2022\/03\/50608.jpg\",\"contentUrl\":\"https:\/\/toysmaniacornermonaco.com\/wp-content\/uploads\/2022\/03\/50608.jpg\",\"width\":800,\"height\":800},{\"@type\":\"BreadcrumbList\",\"@id\":\"https:\/\/toysmaniacornermonaco.com\/en\/produit\/affiche-triomphe-de-la-4-cv-renault-rallye-de-monte-carlo\/#breadcrumb\",\"itemListElement\":[{\"@type\":\"ListItem\",\"position\":1,\"name\":\"Accueil\",\"item\":\"https:\/\/toysmaniacornermonaco.com\/en\/\"},{\"@type\":\"ListItem\",\"position\":2,\"name\":\"Shop\",\"item\":\"https:\/\/toysmaniacornermonaco.com\/en\/shop\/\"},{\"@type\":\"ListItem\",\"position\":3,\"name\":\"AFFICHE TRIOMPHE DE LA 4 CV &#8211; RENAULT RALLYE DE MONTE-CARLO\"}]},{\"@type\":\"WebSite\",\"@id\":\"https:\/\/toysmaniacornermonaco.com\/#website\",\"url\":\"https:\/\/toysmaniacornermonaco.com\/\",\"name\":\"TOY&#039;S MANIA\",\"description\":\"VOTRE CONCEPT STORE \u00c0 MONACO\",\"potentialAction\":[{\"@type\":\"SearchAction\",\"target\":{\"@type\":\"EntryPoint\",\"urlTemplate\":\"https:\/\/toysmaniacornermonaco.com\/?s={search_term_string}\"},\"query-input\":\"required name=search_term_string\"}],\"inLanguage\":\"en-US\"}]}<\/script>\n<!-- \/ Yoast SEO plugin. -->","yoast_head_json":{"title":"AFFICHE TRIOMPHE DE LA 4 CV - RENAULT RALLYE DE MONTE-CARLO - TOY&#039;S MANIA","robots":{"index":"index","follow":"follow","max-snippet":"max-snippet:-1","max-image-preview":"max-image-preview:large","max-video-preview":"max-video-preview:-1"},"canonical":"https:\/\/toysmaniacornermonaco.com\/en\/produit\/affiche-triomphe-de-la-4-cv-renault-rallye-de-monte-carlo\/","og_locale":"en_US","og_type":"article","og_title":"AFFICHE TRIOMPHE DE LA 4 CV - RENAULT RALLYE DE MONTE-CARLO - TOY&#039;S MANIA","og_description":"Cette affiche grand format reprend une publicit\u00e9 de 1949 pour la 4 CV. Georges Hamel, pseudonyme de G\u00e9o Ham, en est \u00e0 l\u0092origine. Ce grand illustrateur automobile est un incontournable de la publicit\u00e9 : rares sont les marques qui n\u0092ont pas fait appel \u00e0 ses services pourtant r\u00e9put\u00e9s tr\u00e8s on\u00e9reux. Ici, une 4 CV plus... View Article","og_url":"https:\/\/toysmaniacornermonaco.com\/en\/produit\/affiche-triomphe-de-la-4-cv-renault-rallye-de-monte-carlo\/","og_site_name":"TOY&#039;S MANIA","article_modified_time":"2022-10-13T12:34:40+00:00","og_image":[{"width":800,"height":800,"url":"https:\/\/toysmaniacornermonaco.com\/wp-content\/uploads\/2022\/03\/50608.jpg","type":"image\/jpeg"}],"twitter_card":"summary_large_image","twitter_misc":{"Est. reading time":"1 minute"},"schema":{"@context":"https:\/\/schema.org","@graph":[{"@type":"WebPage","@id":"https:\/\/toysmaniacornermonaco.com\/en\/produit\/affiche-triomphe-de-la-4-cv-renault-rallye-de-monte-carlo\/","url":"https:\/\/toysmaniacornermonaco.com\/en\/produit\/affiche-triomphe-de-la-4-cv-renault-rallye-de-monte-carlo\/","name":"AFFICHE TRIOMPHE DE LA 4 CV - RENAULT RALLYE DE MONTE-CARLO - TOY&#039;S MANIA","isPartOf":{"@id":"https:\/\/toysmaniacornermonaco.com\/#website"},"primaryImageOfPage":{"@id":"https:\/\/toysmaniacornermonaco.com\/en\/produit\/affiche-triomphe-de-la-4-cv-renault-rallye-de-monte-carlo\/#primaryimage"},"image":{"@id":"https:\/\/toysmaniacornermonaco.com\/en\/produit\/affiche-triomphe-de-la-4-cv-renault-rallye-de-monte-carlo\/#primaryimage"},"thumbnailUrl":"https:\/\/toysmaniacornermonaco.com\/wp-content\/uploads\/2022\/03\/50608.jpg","datePublished":"2022-03-24T11:33:45+00:00","dateModified":"2022-10-13T12:34:40+00:00","breadcrumb":{"@id":"https:\/\/toysmaniacornermonaco.com\/en\/produit\/affiche-triomphe-de-la-4-cv-renault-rallye-de-monte-carlo\/#breadcrumb"},"inLanguage":"en-US","potentialAction":[{"@type":"ReadAction","target":["https:\/\/toysmaniacornermonaco.com\/en\/produit\/affiche-triomphe-de-la-4-cv-renault-rallye-de-monte-carlo\/"]}]},{"@type":"ImageObject","inLanguage":"en-US","@id":"https:\/\/toysmaniacornermonaco.com\/en\/produit\/affiche-triomphe-de-la-4-cv-renault-rallye-de-monte-carlo\/#primaryimage","url":"https:\/\/toysmaniacornermonaco.com\/wp-content\/uploads\/2022\/03\/50608.jpg","contentUrl":"https:\/\/toysmaniacornermonaco.com\/wp-content\/uploads\/2022\/03\/50608.jpg","width":800,"height":800},{"@type":"BreadcrumbList","@id":"https:\/\/toysmaniacornermonaco.com\/en\/produit\/affiche-triomphe-de-la-4-cv-renault-rallye-de-monte-carlo\/#breadcrumb","itemListElement":[{"@type":"ListItem","position":1,"name":"Accueil","item":"https:\/\/toysmaniacornermonaco.com\/en\/"},{"@type":"ListItem","position":2,"name":"Shop","item":"https:\/\/toysmaniacornermonaco.com\/en\/shop\/"},{"@type":"ListItem","position":3,"name":"AFFICHE TRIOMPHE DE LA 4 CV &#8211; RENAULT RALLYE DE MONTE-CARLO"}]},{"@type":"WebSite","@id":"https:\/\/toysmaniacornermonaco.com\/#website","url":"https:\/\/toysmaniacornermonaco.com\/","name":"TOY&#039;S MANIA","description":"VOTRE CONCEPT STORE \u00c0 MONACO","potentialAction":[{"@type":"SearchAction","target":{"@type":"EntryPoint","urlTemplate":"https:\/\/toysmaniacornermonaco.com\/?s={search_term_string}"},"query-input":"required name=search_term_string"}],"inLanguage":"en-US"}]}},"_links":{"self":[{"href":"https:\/\/toysmaniacornermonaco.com\/en\/wp-json\/wp\/v2\/product\/3289","targetHints":{"allow":["GET"]}}],"collection":[{"href":"https:\/\/toysmaniacornermonaco.com\/en\/wp-json\/wp\/v2\/product"}],"about":[{"href":"https:\/\/toysmaniacornermonaco.com\/en\/wp-json\/wp\/v2\/types\/product"}],"replies":[{"embeddable":true,"href":"https:\/\/toysmaniacornermonaco.com\/en\/wp-json\/wp\/v2\/comments?post=3289"}],"wp:featuredmedia":[{"embeddable":true,"href":"https:\/\/toysmaniacornermonaco.com\/en\/wp-json\/wp\/v2\/media\/1827"}],"wp:attachment":[{"href":"https:\/\/toysmaniacornermonaco.com\/en\/wp-json\/wp\/v2\/media?parent=3289"}],"wp:term":[{"taxonomy":"product_cat","embeddable":true,"href":"https:\/\/toysmaniacornermonaco.com\/en\/wp-json\/wp\/v2\/product_cat?post=3289"},{"taxonomy":"product_tag","embeddable":true,"href":"https:\/\/toysmaniacornermonaco.com\/en\/wp-json\/wp\/v2\/product_tag?post=3289"}],"curies":[{"name":"wp","href":"https:\/\/api.w.org\/{rel}","templated":true}]}}