{"id":3302,"date":"2022-03-24T12:33:32","date_gmt":"2022-03-24T11:33:32","guid":{"rendered":"https:\/\/toys-mania-dev.jupiter.cdigital.fr\/produit\/affiche-cote-dazur-la-french-riviera\/"},"modified":"2022-10-13T14:34:25","modified_gmt":"2022-10-13T12:34:25","slug":"affiche-cote-dazur-la-french-riviera","status":"publish","type":"product","link":"https:\/\/toysmaniacornermonaco.com\/en\/produit\/affiche-cote-dazur-la-french-riviera\/","title":{"rendered":"AFFICHE C\u00d4TE D&#8217;AZUR LA FRENCH RIVIERA"},"content":{"rendered":"<p>Voyagez tous les jours avec cette belle affiche publicitaire C\u00f4te d\u0092Azur ! Cette illustration d\u0092une femme lisant sous son parasol devant la mer \u00e0 Mi Ziscau en 1954. On reconnait imm\u00e9diatement les caract\u00e9ristiques des affiches des ann\u00e9es 50 : moins figuratives, plus g\u00e9om\u00e9triques, couleurs plus franches. Ce poster \u00e9tait \u00e0 l\u0092origine une image publicitaire pour la ville de Lovran en Yougoslavie (actuellement Croatie). Dans cette version, elle a \u00e9t\u00e9 reprise pour promouvoir la French Riviera, notre C\u00f4te d\u0092Azur. Cette image propose une approche diff\u00e9rente de celle que l\u0092on rencontre habituellement avec les affiches touristiques PLM, et c\u0092est pour \u00e7a qu\u0092elle nous plait !<\/p>\n","protected":false},"excerpt":{"rendered":"Voyagez tous les jours avec cette belle affiche publicitaire C\u00f4te d\u0092Azur ! Cette illustration d\u0092une femme lisant sous son parasol devant la mer \u00e0 Mi Ziscau en 1954. On reconnait imm\u00e9diatement les caract\u00e9ristiques des affiches des ann\u00e9es 50 : moins figuratives, plus g\u00e9om\u00e9triques, couleurs plus franches. Ce poster \u00e9tait \u00e0 l\u0092origine une image publicitaire pour&#8230; <a class=\"view-article\" href=\"https:\/\/toysmaniacornermonaco.com\/en\/produit\/affiche-cote-dazur-la-french-riviera\/\">View Article<\/a>","protected":false},"featured_media":1771,"comment_status":"open","ping_status":"open","template":"","meta":{"_acf_changed":false},"product_cat":[381],"product_tag":[],"class_list":{"0":"post-3302","1":"product","2":"type-product","3":"status-publish","4":"has-post-thumbnail","6":"marque-monaco-en","7":"idee_cadeau-men","8":"product_cat-decoration-en","9":"product_shipping_class-petitcolis-en","11":"first","12":"instock","13":"taxable","14":"shipping-taxable","15":"purchasable","16":"product-type-simple"},"acf":[],"yoast_head":"<!-- This site is optimized with the Yoast SEO plugin v22.3 - https:\/\/yoast.com\/wordpress\/plugins\/seo\/ -->\n<title>AFFICHE C\u00d4TE D&#039;AZUR LA FRENCH RIVIERA - TOY&#039;S MANIA<\/title>\n<meta name=\"robots\" content=\"index, follow, max-snippet:-1, max-image-preview:large, max-video-preview:-1\" \/>\n<link rel=\"canonical\" href=\"https:\/\/toysmaniacornermonaco.com\/en\/produit\/affiche-cote-dazur-la-french-riviera\/\" \/>\n<meta property=\"og:locale\" content=\"en_US\" \/>\n<meta property=\"og:type\" content=\"article\" \/>\n<meta property=\"og:title\" content=\"AFFICHE C\u00d4TE D&#039;AZUR LA FRENCH RIVIERA - TOY&#039;S MANIA\" \/>\n<meta property=\"og:description\" content=\"Voyagez tous les jours avec cette belle affiche publicitaire C\u00f4te d\u0092Azur ! Cette illustration d\u0092une femme lisant sous son parasol devant la mer \u00e0 Mi Ziscau en 1954. On reconnait imm\u00e9diatement les caract\u00e9ristiques des affiches des ann\u00e9es 50 : moins figuratives, plus g\u00e9om\u00e9triques, couleurs plus franches. Ce poster \u00e9tait \u00e0 l\u0092origine une image publicitaire pour... View Article\" \/>\n<meta property=\"og:url\" content=\"https:\/\/toysmaniacornermonaco.com\/en\/produit\/affiche-cote-dazur-la-french-riviera\/\" \/>\n<meta property=\"og:site_name\" content=\"TOY&#039;S MANIA\" \/>\n<meta property=\"article:modified_time\" content=\"2022-10-13T12:34:25+00:00\" \/>\n<meta property=\"og:image\" content=\"https:\/\/toysmaniacornermonaco.com\/wp-content\/uploads\/2022\/03\/50863.jpg\" \/>\n\t<meta property=\"og:image:width\" content=\"800\" \/>\n\t<meta property=\"og:image:height\" content=\"800\" \/>\n\t<meta property=\"og:image:type\" content=\"image\/jpeg\" \/>\n<meta name=\"twitter:card\" content=\"summary_large_image\" \/>\n<meta name=\"twitter:label1\" content=\"Est. reading time\" \/>\n\t<meta name=\"twitter:data1\" content=\"1 minute\" \/>\n<script type=\"application\/ld+json\" class=\"yoast-schema-graph\">{\"@context\":\"https:\/\/schema.org\",\"@graph\":[{\"@type\":\"WebPage\",\"@id\":\"https:\/\/toysmaniacornermonaco.com\/en\/produit\/affiche-cote-dazur-la-french-riviera\/\",\"url\":\"https:\/\/toysmaniacornermonaco.com\/en\/produit\/affiche-cote-dazur-la-french-riviera\/\",\"name\":\"AFFICHE C\u00d4TE D'AZUR LA FRENCH RIVIERA - TOY&#039;S MANIA\",\"isPartOf\":{\"@id\":\"https:\/\/toysmaniacornermonaco.com\/#website\"},\"primaryImageOfPage\":{\"@id\":\"https:\/\/toysmaniacornermonaco.com\/en\/produit\/affiche-cote-dazur-la-french-riviera\/#primaryimage\"},\"image\":{\"@id\":\"https:\/\/toysmaniacornermonaco.com\/en\/produit\/affiche-cote-dazur-la-french-riviera\/#primaryimage\"},\"thumbnailUrl\":\"https:\/\/toysmaniacornermonaco.com\/wp-content\/uploads\/2022\/03\/50863.jpg\",\"datePublished\":\"2022-03-24T11:33:32+00:00\",\"dateModified\":\"2022-10-13T12:34:25+00:00\",\"breadcrumb\":{\"@id\":\"https:\/\/toysmaniacornermonaco.com\/en\/produit\/affiche-cote-dazur-la-french-riviera\/#breadcrumb\"},\"inLanguage\":\"en-US\",\"potentialAction\":[{\"@type\":\"ReadAction\",\"target\":[\"https:\/\/toysmaniacornermonaco.com\/en\/produit\/affiche-cote-dazur-la-french-riviera\/\"]}]},{\"@type\":\"ImageObject\",\"inLanguage\":\"en-US\",\"@id\":\"https:\/\/toysmaniacornermonaco.com\/en\/produit\/affiche-cote-dazur-la-french-riviera\/#primaryimage\",\"url\":\"https:\/\/toysmaniacornermonaco.com\/wp-content\/uploads\/2022\/03\/50863.jpg\",\"contentUrl\":\"https:\/\/toysmaniacornermonaco.com\/wp-content\/uploads\/2022\/03\/50863.jpg\",\"width\":800,\"height\":800},{\"@type\":\"BreadcrumbList\",\"@id\":\"https:\/\/toysmaniacornermonaco.com\/en\/produit\/affiche-cote-dazur-la-french-riviera\/#breadcrumb\",\"itemListElement\":[{\"@type\":\"ListItem\",\"position\":1,\"name\":\"Accueil\",\"item\":\"https:\/\/toysmaniacornermonaco.com\/en\/\"},{\"@type\":\"ListItem\",\"position\":2,\"name\":\"Shop\",\"item\":\"https:\/\/toysmaniacornermonaco.com\/en\/shop\/\"},{\"@type\":\"ListItem\",\"position\":3,\"name\":\"AFFICHE C\u00d4TE D&#8217;AZUR LA FRENCH RIVIERA\"}]},{\"@type\":\"WebSite\",\"@id\":\"https:\/\/toysmaniacornermonaco.com\/#website\",\"url\":\"https:\/\/toysmaniacornermonaco.com\/\",\"name\":\"TOY&#039;S MANIA\",\"description\":\"VOTRE CONCEPT STORE \u00c0 MONACO\",\"potentialAction\":[{\"@type\":\"SearchAction\",\"target\":{\"@type\":\"EntryPoint\",\"urlTemplate\":\"https:\/\/toysmaniacornermonaco.com\/?s={search_term_string}\"},\"query-input\":\"required name=search_term_string\"}],\"inLanguage\":\"en-US\"}]}<\/script>\n<!-- \/ Yoast SEO plugin. -->","yoast_head_json":{"title":"AFFICHE C\u00d4TE D'AZUR LA FRENCH RIVIERA - TOY&#039;S MANIA","robots":{"index":"index","follow":"follow","max-snippet":"max-snippet:-1","max-image-preview":"max-image-preview:large","max-video-preview":"max-video-preview:-1"},"canonical":"https:\/\/toysmaniacornermonaco.com\/en\/produit\/affiche-cote-dazur-la-french-riviera\/","og_locale":"en_US","og_type":"article","og_title":"AFFICHE C\u00d4TE D'AZUR LA FRENCH RIVIERA - TOY&#039;S MANIA","og_description":"Voyagez tous les jours avec cette belle affiche publicitaire C\u00f4te d\u0092Azur ! Cette illustration d\u0092une femme lisant sous son parasol devant la mer \u00e0 Mi Ziscau en 1954. On reconnait imm\u00e9diatement les caract\u00e9ristiques des affiches des ann\u00e9es 50 : moins figuratives, plus g\u00e9om\u00e9triques, couleurs plus franches. Ce poster \u00e9tait \u00e0 l\u0092origine une image publicitaire pour... View Article","og_url":"https:\/\/toysmaniacornermonaco.com\/en\/produit\/affiche-cote-dazur-la-french-riviera\/","og_site_name":"TOY&#039;S MANIA","article_modified_time":"2022-10-13T12:34:25+00:00","og_image":[{"width":800,"height":800,"url":"https:\/\/toysmaniacornermonaco.com\/wp-content\/uploads\/2022\/03\/50863.jpg","type":"image\/jpeg"}],"twitter_card":"summary_large_image","twitter_misc":{"Est. reading time":"1 minute"},"schema":{"@context":"https:\/\/schema.org","@graph":[{"@type":"WebPage","@id":"https:\/\/toysmaniacornermonaco.com\/en\/produit\/affiche-cote-dazur-la-french-riviera\/","url":"https:\/\/toysmaniacornermonaco.com\/en\/produit\/affiche-cote-dazur-la-french-riviera\/","name":"AFFICHE C\u00d4TE D'AZUR LA FRENCH RIVIERA - TOY&#039;S MANIA","isPartOf":{"@id":"https:\/\/toysmaniacornermonaco.com\/#website"},"primaryImageOfPage":{"@id":"https:\/\/toysmaniacornermonaco.com\/en\/produit\/affiche-cote-dazur-la-french-riviera\/#primaryimage"},"image":{"@id":"https:\/\/toysmaniacornermonaco.com\/en\/produit\/affiche-cote-dazur-la-french-riviera\/#primaryimage"},"thumbnailUrl":"https:\/\/toysmaniacornermonaco.com\/wp-content\/uploads\/2022\/03\/50863.jpg","datePublished":"2022-03-24T11:33:32+00:00","dateModified":"2022-10-13T12:34:25+00:00","breadcrumb":{"@id":"https:\/\/toysmaniacornermonaco.com\/en\/produit\/affiche-cote-dazur-la-french-riviera\/#breadcrumb"},"inLanguage":"en-US","potentialAction":[{"@type":"ReadAction","target":["https:\/\/toysmaniacornermonaco.com\/en\/produit\/affiche-cote-dazur-la-french-riviera\/"]}]},{"@type":"ImageObject","inLanguage":"en-US","@id":"https:\/\/toysmaniacornermonaco.com\/en\/produit\/affiche-cote-dazur-la-french-riviera\/#primaryimage","url":"https:\/\/toysmaniacornermonaco.com\/wp-content\/uploads\/2022\/03\/50863.jpg","contentUrl":"https:\/\/toysmaniacornermonaco.com\/wp-content\/uploads\/2022\/03\/50863.jpg","width":800,"height":800},{"@type":"BreadcrumbList","@id":"https:\/\/toysmaniacornermonaco.com\/en\/produit\/affiche-cote-dazur-la-french-riviera\/#breadcrumb","itemListElement":[{"@type":"ListItem","position":1,"name":"Accueil","item":"https:\/\/toysmaniacornermonaco.com\/en\/"},{"@type":"ListItem","position":2,"name":"Shop","item":"https:\/\/toysmaniacornermonaco.com\/en\/shop\/"},{"@type":"ListItem","position":3,"name":"AFFICHE C\u00d4TE D&#8217;AZUR LA FRENCH RIVIERA"}]},{"@type":"WebSite","@id":"https:\/\/toysmaniacornermonaco.com\/#website","url":"https:\/\/toysmaniacornermonaco.com\/","name":"TOY&#039;S MANIA","description":"VOTRE CONCEPT STORE \u00c0 MONACO","potentialAction":[{"@type":"SearchAction","target":{"@type":"EntryPoint","urlTemplate":"https:\/\/toysmaniacornermonaco.com\/?s={search_term_string}"},"query-input":"required name=search_term_string"}],"inLanguage":"en-US"}]}},"_links":{"self":[{"href":"https:\/\/toysmaniacornermonaco.com\/en\/wp-json\/wp\/v2\/product\/3302","targetHints":{"allow":["GET"]}}],"collection":[{"href":"https:\/\/toysmaniacornermonaco.com\/en\/wp-json\/wp\/v2\/product"}],"about":[{"href":"https:\/\/toysmaniacornermonaco.com\/en\/wp-json\/wp\/v2\/types\/product"}],"replies":[{"embeddable":true,"href":"https:\/\/toysmaniacornermonaco.com\/en\/wp-json\/wp\/v2\/comments?post=3302"}],"wp:featuredmedia":[{"embeddable":true,"href":"https:\/\/toysmaniacornermonaco.com\/en\/wp-json\/wp\/v2\/media\/1771"}],"wp:attachment":[{"href":"https:\/\/toysmaniacornermonaco.com\/en\/wp-json\/wp\/v2\/media?parent=3302"}],"wp:term":[{"taxonomy":"product_cat","embeddable":true,"href":"https:\/\/toysmaniacornermonaco.com\/en\/wp-json\/wp\/v2\/product_cat?post=3302"},{"taxonomy":"product_tag","embeddable":true,"href":"https:\/\/toysmaniacornermonaco.com\/en\/wp-json\/wp\/v2\/product_tag?post=3302"}],"curies":[{"name":"wp","href":"https:\/\/api.w.org\/{rel}","templated":true}]}}