{"id":3305,"date":"2022-03-24T12:33:32","date_gmt":"2022-03-24T11:33:32","guid":{"rendered":"https:\/\/toys-mania-dev.jupiter.cdigital.fr\/produit\/affiche-grand-prix-de-monaco-de-1930\/"},"modified":"2022-10-13T14:34:27","modified_gmt":"2022-10-13T12:34:27","slug":"affiche-grand-prix-de-monaco-de-1930","status":"publish","type":"product","link":"https:\/\/toysmaniacornermonaco.com\/en\/produit\/affiche-grand-prix-de-monaco-de-1930\/","title":{"rendered":"AFFICHE GRAND PRIX DE MONACO DE 1930"},"content":{"rendered":"<p>Cette affiche automobile vintage est une reproduction d\u0092une publicit\u00e9 pour le Grand Prix de Monaco de 1930. Elle est l\u0092\u009cuvre de Robert Falcucci, un affichiste automobile reconnu qui a notamment travaill\u00e9 pour Renault. Le Grand Prix de Monaco, course urbaine prestigieuse, n\u0092en est qu\u0092\u00e0 sa deuxi\u00e8me \u00e9dition en 1930, et les 23 participants concourront devant 50 000 spectateurs. Falcucci marque ici par son jeu de couleurs (voiture blanche, d\u00e9cor rouge). On reconnait le rocher de Monaco en arri\u00e8re-plan. Cette affiche automobile vintage ravira les aficionados des courses historiques.<\/p>\n","protected":false},"excerpt":{"rendered":"Cette affiche automobile vintage est une reproduction d\u0092une publicit\u00e9 pour le Grand Prix de Monaco de 1930. Elle est l\u0092\u009cuvre de Robert Falcucci, un affichiste automobile reconnu qui a notamment travaill\u00e9 pour Renault. Le Grand Prix de Monaco, course urbaine prestigieuse, n\u0092en est qu\u0092\u00e0 sa deuxi\u00e8me \u00e9dition en 1930, et les 23 participants concourront devant&#8230; <a class=\"view-article\" href=\"https:\/\/toysmaniacornermonaco.com\/en\/produit\/affiche-grand-prix-de-monaco-de-1930\/\">View Article<\/a>","protected":false},"featured_media":1777,"comment_status":"open","ping_status":"open","template":"","meta":{"_acf_changed":false},"product_cat":[381],"product_tag":[],"class_list":{"0":"post-3305","1":"product","2":"type-product","3":"status-publish","4":"has-post-thumbnail","6":"marque-monaco-en","7":"idee_cadeau-men","8":"product_cat-decoration-en","9":"product_shipping_class-petitcolis-en","11":"first","12":"instock","13":"taxable","14":"shipping-taxable","15":"purchasable","16":"product-type-simple"},"acf":[],"yoast_head":"<!-- This site is optimized with the Yoast SEO plugin v22.3 - https:\/\/yoast.com\/wordpress\/plugins\/seo\/ -->\n<title>AFFICHE GRAND PRIX DE MONACO DE 1930 - TOY&#039;S MANIA<\/title>\n<meta name=\"robots\" content=\"index, follow, max-snippet:-1, max-image-preview:large, max-video-preview:-1\" \/>\n<link rel=\"canonical\" href=\"https:\/\/toysmaniacornermonaco.com\/en\/produit\/affiche-grand-prix-de-monaco-de-1930\/\" \/>\n<meta property=\"og:locale\" content=\"en_US\" \/>\n<meta property=\"og:type\" content=\"article\" \/>\n<meta property=\"og:title\" content=\"AFFICHE GRAND PRIX DE MONACO DE 1930 - TOY&#039;S MANIA\" \/>\n<meta property=\"og:description\" content=\"Cette affiche automobile vintage est une reproduction d\u0092une publicit\u00e9 pour le Grand Prix de Monaco de 1930. Elle est l\u0092\u009cuvre de Robert Falcucci, un affichiste automobile reconnu qui a notamment travaill\u00e9 pour Renault. Le Grand Prix de Monaco, course urbaine prestigieuse, n\u0092en est qu\u0092\u00e0 sa deuxi\u00e8me \u00e9dition en 1930, et les 23 participants concourront devant... View Article\" \/>\n<meta property=\"og:url\" content=\"https:\/\/toysmaniacornermonaco.com\/en\/produit\/affiche-grand-prix-de-monaco-de-1930\/\" \/>\n<meta property=\"og:site_name\" content=\"TOY&#039;S MANIA\" \/>\n<meta property=\"article:modified_time\" content=\"2022-10-13T12:34:27+00:00\" \/>\n<meta property=\"og:image\" content=\"https:\/\/toysmaniacornermonaco.com\/wp-content\/uploads\/2022\/03\/50661.jpg\" \/>\n\t<meta property=\"og:image:width\" content=\"800\" \/>\n\t<meta property=\"og:image:height\" content=\"800\" \/>\n\t<meta property=\"og:image:type\" content=\"image\/jpeg\" \/>\n<meta name=\"twitter:card\" content=\"summary_large_image\" \/>\n<script type=\"application\/ld+json\" class=\"yoast-schema-graph\">{\"@context\":\"https:\/\/schema.org\",\"@graph\":[{\"@type\":\"WebPage\",\"@id\":\"https:\/\/toysmaniacornermonaco.com\/en\/produit\/affiche-grand-prix-de-monaco-de-1930\/\",\"url\":\"https:\/\/toysmaniacornermonaco.com\/en\/produit\/affiche-grand-prix-de-monaco-de-1930\/\",\"name\":\"AFFICHE GRAND PRIX DE MONACO DE 1930 - TOY&#039;S MANIA\",\"isPartOf\":{\"@id\":\"https:\/\/toysmaniacornermonaco.com\/#website\"},\"primaryImageOfPage\":{\"@id\":\"https:\/\/toysmaniacornermonaco.com\/en\/produit\/affiche-grand-prix-de-monaco-de-1930\/#primaryimage\"},\"image\":{\"@id\":\"https:\/\/toysmaniacornermonaco.com\/en\/produit\/affiche-grand-prix-de-monaco-de-1930\/#primaryimage\"},\"thumbnailUrl\":\"https:\/\/toysmaniacornermonaco.com\/wp-content\/uploads\/2022\/03\/50661.jpg\",\"datePublished\":\"2022-03-24T11:33:32+00:00\",\"dateModified\":\"2022-10-13T12:34:27+00:00\",\"breadcrumb\":{\"@id\":\"https:\/\/toysmaniacornermonaco.com\/en\/produit\/affiche-grand-prix-de-monaco-de-1930\/#breadcrumb\"},\"inLanguage\":\"en-US\",\"potentialAction\":[{\"@type\":\"ReadAction\",\"target\":[\"https:\/\/toysmaniacornermonaco.com\/en\/produit\/affiche-grand-prix-de-monaco-de-1930\/\"]}]},{\"@type\":\"ImageObject\",\"inLanguage\":\"en-US\",\"@id\":\"https:\/\/toysmaniacornermonaco.com\/en\/produit\/affiche-grand-prix-de-monaco-de-1930\/#primaryimage\",\"url\":\"https:\/\/toysmaniacornermonaco.com\/wp-content\/uploads\/2022\/03\/50661.jpg\",\"contentUrl\":\"https:\/\/toysmaniacornermonaco.com\/wp-content\/uploads\/2022\/03\/50661.jpg\",\"width\":800,\"height\":800},{\"@type\":\"BreadcrumbList\",\"@id\":\"https:\/\/toysmaniacornermonaco.com\/en\/produit\/affiche-grand-prix-de-monaco-de-1930\/#breadcrumb\",\"itemListElement\":[{\"@type\":\"ListItem\",\"position\":1,\"name\":\"Accueil\",\"item\":\"https:\/\/toysmaniacornermonaco.com\/en\/\"},{\"@type\":\"ListItem\",\"position\":2,\"name\":\"Shop\",\"item\":\"https:\/\/toysmaniacornermonaco.com\/en\/shop\/\"},{\"@type\":\"ListItem\",\"position\":3,\"name\":\"AFFICHE GRAND PRIX DE MONACO DE 1930\"}]},{\"@type\":\"WebSite\",\"@id\":\"https:\/\/toysmaniacornermonaco.com\/#website\",\"url\":\"https:\/\/toysmaniacornermonaco.com\/\",\"name\":\"TOY&#039;S MANIA\",\"description\":\"VOTRE CONCEPT STORE \u00c0 MONACO\",\"potentialAction\":[{\"@type\":\"SearchAction\",\"target\":{\"@type\":\"EntryPoint\",\"urlTemplate\":\"https:\/\/toysmaniacornermonaco.com\/?s={search_term_string}\"},\"query-input\":\"required name=search_term_string\"}],\"inLanguage\":\"en-US\"}]}<\/script>\n<!-- \/ Yoast SEO plugin. -->","yoast_head_json":{"title":"AFFICHE GRAND PRIX DE MONACO DE 1930 - TOY&#039;S MANIA","robots":{"index":"index","follow":"follow","max-snippet":"max-snippet:-1","max-image-preview":"max-image-preview:large","max-video-preview":"max-video-preview:-1"},"canonical":"https:\/\/toysmaniacornermonaco.com\/en\/produit\/affiche-grand-prix-de-monaco-de-1930\/","og_locale":"en_US","og_type":"article","og_title":"AFFICHE GRAND PRIX DE MONACO DE 1930 - TOY&#039;S MANIA","og_description":"Cette affiche automobile vintage est une reproduction d\u0092une publicit\u00e9 pour le Grand Prix de Monaco de 1930. Elle est l\u0092\u009cuvre de Robert Falcucci, un affichiste automobile reconnu qui a notamment travaill\u00e9 pour Renault. Le Grand Prix de Monaco, course urbaine prestigieuse, n\u0092en est qu\u0092\u00e0 sa deuxi\u00e8me \u00e9dition en 1930, et les 23 participants concourront devant... View Article","og_url":"https:\/\/toysmaniacornermonaco.com\/en\/produit\/affiche-grand-prix-de-monaco-de-1930\/","og_site_name":"TOY&#039;S MANIA","article_modified_time":"2022-10-13T12:34:27+00:00","og_image":[{"width":800,"height":800,"url":"https:\/\/toysmaniacornermonaco.com\/wp-content\/uploads\/2022\/03\/50661.jpg","type":"image\/jpeg"}],"twitter_card":"summary_large_image","schema":{"@context":"https:\/\/schema.org","@graph":[{"@type":"WebPage","@id":"https:\/\/toysmaniacornermonaco.com\/en\/produit\/affiche-grand-prix-de-monaco-de-1930\/","url":"https:\/\/toysmaniacornermonaco.com\/en\/produit\/affiche-grand-prix-de-monaco-de-1930\/","name":"AFFICHE GRAND PRIX DE MONACO DE 1930 - TOY&#039;S MANIA","isPartOf":{"@id":"https:\/\/toysmaniacornermonaco.com\/#website"},"primaryImageOfPage":{"@id":"https:\/\/toysmaniacornermonaco.com\/en\/produit\/affiche-grand-prix-de-monaco-de-1930\/#primaryimage"},"image":{"@id":"https:\/\/toysmaniacornermonaco.com\/en\/produit\/affiche-grand-prix-de-monaco-de-1930\/#primaryimage"},"thumbnailUrl":"https:\/\/toysmaniacornermonaco.com\/wp-content\/uploads\/2022\/03\/50661.jpg","datePublished":"2022-03-24T11:33:32+00:00","dateModified":"2022-10-13T12:34:27+00:00","breadcrumb":{"@id":"https:\/\/toysmaniacornermonaco.com\/en\/produit\/affiche-grand-prix-de-monaco-de-1930\/#breadcrumb"},"inLanguage":"en-US","potentialAction":[{"@type":"ReadAction","target":["https:\/\/toysmaniacornermonaco.com\/en\/produit\/affiche-grand-prix-de-monaco-de-1930\/"]}]},{"@type":"ImageObject","inLanguage":"en-US","@id":"https:\/\/toysmaniacornermonaco.com\/en\/produit\/affiche-grand-prix-de-monaco-de-1930\/#primaryimage","url":"https:\/\/toysmaniacornermonaco.com\/wp-content\/uploads\/2022\/03\/50661.jpg","contentUrl":"https:\/\/toysmaniacornermonaco.com\/wp-content\/uploads\/2022\/03\/50661.jpg","width":800,"height":800},{"@type":"BreadcrumbList","@id":"https:\/\/toysmaniacornermonaco.com\/en\/produit\/affiche-grand-prix-de-monaco-de-1930\/#breadcrumb","itemListElement":[{"@type":"ListItem","position":1,"name":"Accueil","item":"https:\/\/toysmaniacornermonaco.com\/en\/"},{"@type":"ListItem","position":2,"name":"Shop","item":"https:\/\/toysmaniacornermonaco.com\/en\/shop\/"},{"@type":"ListItem","position":3,"name":"AFFICHE GRAND PRIX DE MONACO DE 1930"}]},{"@type":"WebSite","@id":"https:\/\/toysmaniacornermonaco.com\/#website","url":"https:\/\/toysmaniacornermonaco.com\/","name":"TOY&#039;S MANIA","description":"VOTRE CONCEPT STORE \u00c0 MONACO","potentialAction":[{"@type":"SearchAction","target":{"@type":"EntryPoint","urlTemplate":"https:\/\/toysmaniacornermonaco.com\/?s={search_term_string}"},"query-input":"required name=search_term_string"}],"inLanguage":"en-US"}]}},"_links":{"self":[{"href":"https:\/\/toysmaniacornermonaco.com\/en\/wp-json\/wp\/v2\/product\/3305","targetHints":{"allow":["GET"]}}],"collection":[{"href":"https:\/\/toysmaniacornermonaco.com\/en\/wp-json\/wp\/v2\/product"}],"about":[{"href":"https:\/\/toysmaniacornermonaco.com\/en\/wp-json\/wp\/v2\/types\/product"}],"replies":[{"embeddable":true,"href":"https:\/\/toysmaniacornermonaco.com\/en\/wp-json\/wp\/v2\/comments?post=3305"}],"wp:featuredmedia":[{"embeddable":true,"href":"https:\/\/toysmaniacornermonaco.com\/en\/wp-json\/wp\/v2\/media\/1777"}],"wp:attachment":[{"href":"https:\/\/toysmaniacornermonaco.com\/en\/wp-json\/wp\/v2\/media?parent=3305"}],"wp:term":[{"taxonomy":"product_cat","embeddable":true,"href":"https:\/\/toysmaniacornermonaco.com\/en\/wp-json\/wp\/v2\/product_cat?post=3305"},{"taxonomy":"product_tag","embeddable":true,"href":"https:\/\/toysmaniacornermonaco.com\/en\/wp-json\/wp\/v2\/product_tag?post=3305"}],"curies":[{"name":"wp","href":"https:\/\/api.w.org\/{rel}","templated":true}]}}