{"id":3306,"date":"2022-03-24T12:33:32","date_gmt":"2022-03-24T11:33:32","guid":{"rendered":"https:\/\/toys-mania-dev.jupiter.cdigital.fr\/produit\/affiche-grand-prix-de-monaco-de-1933\/"},"modified":"2022-10-13T14:34:27","modified_gmt":"2022-10-13T12:34:27","slug":"affiche-grand-prix-de-monaco-de-1933","status":"publish","type":"product","link":"https:\/\/toysmaniacornermonaco.com\/en\/produit\/affiche-grand-prix-de-monaco-de-1933\/","title":{"rendered":"AFFICHE GRAND PRIX DE MONACO DE 1933"},"content":{"rendered":"<p>Cette affiche automobile r\u00e9tro fait la promotion du Grand Prix de Monaco de 1933. Elle est de la main de G\u00e9o Ham, sans doute le plus grand illustrateur automobile de l\u0092\u00e9poque. L\u0092artiste choisit de mettre en sc\u00e8ne l\u0092\u00e9l\u00e9ment le plus mythique de cette course urbaine prestigieuse : le tunnel ! Un jeu de lumi\u00e8re renforce le contraste entre l\u0092obscurit\u00e9 du tunnel et le soleil mon\u00e9gasque. Cette affiche automobile r\u00e9tro d\u0092un Grand Prix marquant plaira particuli\u00e8rement aux passionn\u00e9s : la Bugatti de Varzi s\u0092est finalement impos\u00e9e devant la Ferrari de Nuvolari qui a pris feu au dernier tour et que ce dernier a pouss\u00e9e jusqu\u0092\u00e0 la ligne d\u0092arriv\u00e9e !<\/p>\n","protected":false},"excerpt":{"rendered":"Cette affiche automobile r\u00e9tro fait la promotion du Grand Prix de Monaco de 1933. Elle est de la main de G\u00e9o Ham, sans doute le plus grand illustrateur automobile de l\u0092\u00e9poque. L\u0092artiste choisit de mettre en sc\u00e8ne l\u0092\u00e9l\u00e9ment le plus mythique de cette course urbaine prestigieuse : le tunnel ! Un jeu de lumi\u00e8re renforce&#8230; <a class=\"view-article\" href=\"https:\/\/toysmaniacornermonaco.com\/en\/produit\/affiche-grand-prix-de-monaco-de-1933\/\">View Article<\/a>","protected":false},"featured_media":1779,"comment_status":"open","ping_status":"open","template":"","meta":{"_acf_changed":false},"product_cat":[381],"product_tag":[],"class_list":{"0":"post-3306","1":"product","2":"type-product","3":"status-publish","4":"has-post-thumbnail","6":"marque-monaco-en","7":"idee_cadeau-men","8":"product_cat-decoration-en","9":"product_shipping_class-petitcolis-en","11":"first","12":"instock","13":"taxable","14":"shipping-taxable","15":"purchasable","16":"product-type-simple"},"acf":[],"yoast_head":"<!-- This site is optimized with the Yoast SEO plugin v22.3 - https:\/\/yoast.com\/wordpress\/plugins\/seo\/ -->\n<title>AFFICHE GRAND PRIX DE MONACO DE 1933 - TOY&#039;S MANIA<\/title>\n<meta name=\"robots\" content=\"index, follow, max-snippet:-1, max-image-preview:large, max-video-preview:-1\" \/>\n<link rel=\"canonical\" href=\"https:\/\/toysmaniacornermonaco.com\/en\/produit\/affiche-grand-prix-de-monaco-de-1933\/\" \/>\n<meta property=\"og:locale\" content=\"en_US\" \/>\n<meta property=\"og:type\" content=\"article\" \/>\n<meta property=\"og:title\" content=\"AFFICHE GRAND PRIX DE MONACO DE 1933 - TOY&#039;S MANIA\" \/>\n<meta property=\"og:description\" content=\"Cette affiche automobile r\u00e9tro fait la promotion du Grand Prix de Monaco de 1933. Elle est de la main de G\u00e9o Ham, sans doute le plus grand illustrateur automobile de l\u0092\u00e9poque. L\u0092artiste choisit de mettre en sc\u00e8ne l\u0092\u00e9l\u00e9ment le plus mythique de cette course urbaine prestigieuse : le tunnel ! Un jeu de lumi\u00e8re renforce... View Article\" \/>\n<meta property=\"og:url\" content=\"https:\/\/toysmaniacornermonaco.com\/en\/produit\/affiche-grand-prix-de-monaco-de-1933\/\" \/>\n<meta property=\"og:site_name\" content=\"TOY&#039;S MANIA\" \/>\n<meta property=\"article:modified_time\" content=\"2022-10-13T12:34:27+00:00\" \/>\n<meta property=\"og:image\" content=\"https:\/\/toysmaniacornermonaco.com\/wp-content\/uploads\/2022\/03\/50570.jpg\" \/>\n\t<meta property=\"og:image:width\" content=\"800\" \/>\n\t<meta property=\"og:image:height\" content=\"800\" \/>\n\t<meta property=\"og:image:type\" content=\"image\/jpeg\" \/>\n<meta name=\"twitter:card\" content=\"summary_large_image\" \/>\n<meta name=\"twitter:label1\" content=\"Est. reading time\" \/>\n\t<meta name=\"twitter:data1\" content=\"1 minute\" \/>\n<script type=\"application\/ld+json\" class=\"yoast-schema-graph\">{\"@context\":\"https:\/\/schema.org\",\"@graph\":[{\"@type\":\"WebPage\",\"@id\":\"https:\/\/toysmaniacornermonaco.com\/en\/produit\/affiche-grand-prix-de-monaco-de-1933\/\",\"url\":\"https:\/\/toysmaniacornermonaco.com\/en\/produit\/affiche-grand-prix-de-monaco-de-1933\/\",\"name\":\"AFFICHE GRAND PRIX DE MONACO DE 1933 - TOY&#039;S MANIA\",\"isPartOf\":{\"@id\":\"https:\/\/toysmaniacornermonaco.com\/#website\"},\"primaryImageOfPage\":{\"@id\":\"https:\/\/toysmaniacornermonaco.com\/en\/produit\/affiche-grand-prix-de-monaco-de-1933\/#primaryimage\"},\"image\":{\"@id\":\"https:\/\/toysmaniacornermonaco.com\/en\/produit\/affiche-grand-prix-de-monaco-de-1933\/#primaryimage\"},\"thumbnailUrl\":\"https:\/\/toysmaniacornermonaco.com\/wp-content\/uploads\/2022\/03\/50570.jpg\",\"datePublished\":\"2022-03-24T11:33:32+00:00\",\"dateModified\":\"2022-10-13T12:34:27+00:00\",\"breadcrumb\":{\"@id\":\"https:\/\/toysmaniacornermonaco.com\/en\/produit\/affiche-grand-prix-de-monaco-de-1933\/#breadcrumb\"},\"inLanguage\":\"en-US\",\"potentialAction\":[{\"@type\":\"ReadAction\",\"target\":[\"https:\/\/toysmaniacornermonaco.com\/en\/produit\/affiche-grand-prix-de-monaco-de-1933\/\"]}]},{\"@type\":\"ImageObject\",\"inLanguage\":\"en-US\",\"@id\":\"https:\/\/toysmaniacornermonaco.com\/en\/produit\/affiche-grand-prix-de-monaco-de-1933\/#primaryimage\",\"url\":\"https:\/\/toysmaniacornermonaco.com\/wp-content\/uploads\/2022\/03\/50570.jpg\",\"contentUrl\":\"https:\/\/toysmaniacornermonaco.com\/wp-content\/uploads\/2022\/03\/50570.jpg\",\"width\":800,\"height\":800},{\"@type\":\"BreadcrumbList\",\"@id\":\"https:\/\/toysmaniacornermonaco.com\/en\/produit\/affiche-grand-prix-de-monaco-de-1933\/#breadcrumb\",\"itemListElement\":[{\"@type\":\"ListItem\",\"position\":1,\"name\":\"Accueil\",\"item\":\"https:\/\/toysmaniacornermonaco.com\/en\/\"},{\"@type\":\"ListItem\",\"position\":2,\"name\":\"Shop\",\"item\":\"https:\/\/toysmaniacornermonaco.com\/en\/shop\/\"},{\"@type\":\"ListItem\",\"position\":3,\"name\":\"AFFICHE GRAND PRIX DE MONACO DE 1933\"}]},{\"@type\":\"WebSite\",\"@id\":\"https:\/\/toysmaniacornermonaco.com\/#website\",\"url\":\"https:\/\/toysmaniacornermonaco.com\/\",\"name\":\"TOY&#039;S MANIA\",\"description\":\"VOTRE CONCEPT STORE \u00c0 MONACO\",\"potentialAction\":[{\"@type\":\"SearchAction\",\"target\":{\"@type\":\"EntryPoint\",\"urlTemplate\":\"https:\/\/toysmaniacornermonaco.com\/?s={search_term_string}\"},\"query-input\":\"required name=search_term_string\"}],\"inLanguage\":\"en-US\"}]}<\/script>\n<!-- \/ Yoast SEO plugin. -->","yoast_head_json":{"title":"AFFICHE GRAND PRIX DE MONACO DE 1933 - TOY&#039;S MANIA","robots":{"index":"index","follow":"follow","max-snippet":"max-snippet:-1","max-image-preview":"max-image-preview:large","max-video-preview":"max-video-preview:-1"},"canonical":"https:\/\/toysmaniacornermonaco.com\/en\/produit\/affiche-grand-prix-de-monaco-de-1933\/","og_locale":"en_US","og_type":"article","og_title":"AFFICHE GRAND PRIX DE MONACO DE 1933 - TOY&#039;S MANIA","og_description":"Cette affiche automobile r\u00e9tro fait la promotion du Grand Prix de Monaco de 1933. Elle est de la main de G\u00e9o Ham, sans doute le plus grand illustrateur automobile de l\u0092\u00e9poque. L\u0092artiste choisit de mettre en sc\u00e8ne l\u0092\u00e9l\u00e9ment le plus mythique de cette course urbaine prestigieuse : le tunnel ! Un jeu de lumi\u00e8re renforce... View Article","og_url":"https:\/\/toysmaniacornermonaco.com\/en\/produit\/affiche-grand-prix-de-monaco-de-1933\/","og_site_name":"TOY&#039;S MANIA","article_modified_time":"2022-10-13T12:34:27+00:00","og_image":[{"width":800,"height":800,"url":"https:\/\/toysmaniacornermonaco.com\/wp-content\/uploads\/2022\/03\/50570.jpg","type":"image\/jpeg"}],"twitter_card":"summary_large_image","twitter_misc":{"Est. reading time":"1 minute"},"schema":{"@context":"https:\/\/schema.org","@graph":[{"@type":"WebPage","@id":"https:\/\/toysmaniacornermonaco.com\/en\/produit\/affiche-grand-prix-de-monaco-de-1933\/","url":"https:\/\/toysmaniacornermonaco.com\/en\/produit\/affiche-grand-prix-de-monaco-de-1933\/","name":"AFFICHE GRAND PRIX DE MONACO DE 1933 - TOY&#039;S MANIA","isPartOf":{"@id":"https:\/\/toysmaniacornermonaco.com\/#website"},"primaryImageOfPage":{"@id":"https:\/\/toysmaniacornermonaco.com\/en\/produit\/affiche-grand-prix-de-monaco-de-1933\/#primaryimage"},"image":{"@id":"https:\/\/toysmaniacornermonaco.com\/en\/produit\/affiche-grand-prix-de-monaco-de-1933\/#primaryimage"},"thumbnailUrl":"https:\/\/toysmaniacornermonaco.com\/wp-content\/uploads\/2022\/03\/50570.jpg","datePublished":"2022-03-24T11:33:32+00:00","dateModified":"2022-10-13T12:34:27+00:00","breadcrumb":{"@id":"https:\/\/toysmaniacornermonaco.com\/en\/produit\/affiche-grand-prix-de-monaco-de-1933\/#breadcrumb"},"inLanguage":"en-US","potentialAction":[{"@type":"ReadAction","target":["https:\/\/toysmaniacornermonaco.com\/en\/produit\/affiche-grand-prix-de-monaco-de-1933\/"]}]},{"@type":"ImageObject","inLanguage":"en-US","@id":"https:\/\/toysmaniacornermonaco.com\/en\/produit\/affiche-grand-prix-de-monaco-de-1933\/#primaryimage","url":"https:\/\/toysmaniacornermonaco.com\/wp-content\/uploads\/2022\/03\/50570.jpg","contentUrl":"https:\/\/toysmaniacornermonaco.com\/wp-content\/uploads\/2022\/03\/50570.jpg","width":800,"height":800},{"@type":"BreadcrumbList","@id":"https:\/\/toysmaniacornermonaco.com\/en\/produit\/affiche-grand-prix-de-monaco-de-1933\/#breadcrumb","itemListElement":[{"@type":"ListItem","position":1,"name":"Accueil","item":"https:\/\/toysmaniacornermonaco.com\/en\/"},{"@type":"ListItem","position":2,"name":"Shop","item":"https:\/\/toysmaniacornermonaco.com\/en\/shop\/"},{"@type":"ListItem","position":3,"name":"AFFICHE GRAND PRIX DE MONACO DE 1933"}]},{"@type":"WebSite","@id":"https:\/\/toysmaniacornermonaco.com\/#website","url":"https:\/\/toysmaniacornermonaco.com\/","name":"TOY&#039;S MANIA","description":"VOTRE CONCEPT STORE \u00c0 MONACO","potentialAction":[{"@type":"SearchAction","target":{"@type":"EntryPoint","urlTemplate":"https:\/\/toysmaniacornermonaco.com\/?s={search_term_string}"},"query-input":"required name=search_term_string"}],"inLanguage":"en-US"}]}},"_links":{"self":[{"href":"https:\/\/toysmaniacornermonaco.com\/en\/wp-json\/wp\/v2\/product\/3306","targetHints":{"allow":["GET"]}}],"collection":[{"href":"https:\/\/toysmaniacornermonaco.com\/en\/wp-json\/wp\/v2\/product"}],"about":[{"href":"https:\/\/toysmaniacornermonaco.com\/en\/wp-json\/wp\/v2\/types\/product"}],"replies":[{"embeddable":true,"href":"https:\/\/toysmaniacornermonaco.com\/en\/wp-json\/wp\/v2\/comments?post=3306"}],"wp:featuredmedia":[{"embeddable":true,"href":"https:\/\/toysmaniacornermonaco.com\/en\/wp-json\/wp\/v2\/media\/1779"}],"wp:attachment":[{"href":"https:\/\/toysmaniacornermonaco.com\/en\/wp-json\/wp\/v2\/media?parent=3306"}],"wp:term":[{"taxonomy":"product_cat","embeddable":true,"href":"https:\/\/toysmaniacornermonaco.com\/en\/wp-json\/wp\/v2\/product_cat?post=3306"},{"taxonomy":"product_tag","embeddable":true,"href":"https:\/\/toysmaniacornermonaco.com\/en\/wp-json\/wp\/v2\/product_tag?post=3306"}],"curies":[{"name":"wp","href":"https:\/\/api.w.org\/{rel}","templated":true}]}}