{"id":3313,"date":"2022-03-24T12:33:32","date_gmt":"2022-03-24T11:33:32","guid":{"rendered":"https:\/\/toys-mania-dev.jupiter.cdigital.fr\/produit\/affiche-grand-prix-de-monaco-de-1958\/"},"modified":"2022-10-13T14:34:31","modified_gmt":"2022-10-13T12:34:31","slug":"affiche-grand-prix-de-monaco-de-1958","status":"publish","type":"product","link":"https:\/\/toysmaniacornermonaco.com\/en\/produit\/affiche-grand-prix-de-monaco-de-1958\/","title":{"rendered":"AFFICHE GRAND PRIX DE MONACO DE 1958"},"content":{"rendered":"<p>Cette affiche Monaco fait la promotion de son fameux Grand Prix, ici dans son \u00e9dition du 18 mai 1958. Deux bolides rouges foncent au bord de la mer, entre l\u0092avenue Kennedy et le quai Albert 1er. L\u0092illustrateur se sert de l\u0092ombre des v\u00e9hicules pour mettre l\u0092accent sur la vitesse des concurrents. Derri\u00e8re les voitures, une promenade, des palmiers et, au loin, un grand yacht. Le style de l\u0092affiche est nettement plus figuratif que celui des premi\u00e8res \u00e9ditions, les couleurs sont plus proches du crayonn\u00e9. Cette affiche Grand Prix de Monaco 1958 fera la joie des collectionneurs d\u0092affiches vintage automobiles.<\/p>\n","protected":false},"excerpt":{"rendered":"Cette affiche Monaco fait la promotion de son fameux Grand Prix, ici dans son \u00e9dition du 18 mai 1958. Deux bolides rouges foncent au bord de la mer, entre l\u0092avenue Kennedy et le quai Albert 1er. L\u0092illustrateur se sert de l\u0092ombre des v\u00e9hicules pour mettre l\u0092accent sur la vitesse des concurrents. Derri\u00e8re les voitures, une&#8230; <a class=\"view-article\" href=\"https:\/\/toysmaniacornermonaco.com\/en\/produit\/affiche-grand-prix-de-monaco-de-1958\/\">View Article<\/a>","protected":false},"featured_media":1793,"comment_status":"open","ping_status":"open","template":"","meta":{"_acf_changed":false},"product_cat":[381],"product_tag":[],"class_list":{"0":"post-3313","1":"product","2":"type-product","3":"status-publish","4":"has-post-thumbnail","6":"marque-monaco-en","7":"idee_cadeau-men","8":"product_cat-decoration-en","9":"product_shipping_class-petitcolis-en","11":"first","12":"instock","13":"taxable","14":"shipping-taxable","15":"purchasable","16":"product-type-simple"},"acf":[],"yoast_head":"<!-- This site is optimized with the Yoast SEO plugin v22.3 - https:\/\/yoast.com\/wordpress\/plugins\/seo\/ -->\n<title>AFFICHE GRAND PRIX DE MONACO DE 1958 - TOY&#039;S MANIA<\/title>\n<meta name=\"robots\" content=\"index, follow, max-snippet:-1, max-image-preview:large, max-video-preview:-1\" \/>\n<link rel=\"canonical\" href=\"https:\/\/toysmaniacornermonaco.com\/en\/produit\/affiche-grand-prix-de-monaco-de-1958\/\" \/>\n<meta property=\"og:locale\" content=\"en_US\" \/>\n<meta property=\"og:type\" content=\"article\" \/>\n<meta property=\"og:title\" content=\"AFFICHE GRAND PRIX DE MONACO DE 1958 - TOY&#039;S MANIA\" \/>\n<meta property=\"og:description\" content=\"Cette affiche Monaco fait la promotion de son fameux Grand Prix, ici dans son \u00e9dition du 18 mai 1958. Deux bolides rouges foncent au bord de la mer, entre l\u0092avenue Kennedy et le quai Albert 1er. L\u0092illustrateur se sert de l\u0092ombre des v\u00e9hicules pour mettre l\u0092accent sur la vitesse des concurrents. Derri\u00e8re les voitures, une... View Article\" \/>\n<meta property=\"og:url\" content=\"https:\/\/toysmaniacornermonaco.com\/en\/produit\/affiche-grand-prix-de-monaco-de-1958\/\" \/>\n<meta property=\"og:site_name\" content=\"TOY&#039;S MANIA\" \/>\n<meta property=\"article:modified_time\" content=\"2022-10-13T12:34:31+00:00\" \/>\n<meta property=\"og:image\" content=\"https:\/\/toysmaniacornermonaco.com\/wp-content\/uploads\/2022\/03\/501085.jpg\" \/>\n\t<meta property=\"og:image:width\" content=\"564\" \/>\n\t<meta property=\"og:image:height\" content=\"760\" \/>\n\t<meta property=\"og:image:type\" content=\"image\/jpeg\" \/>\n<meta name=\"twitter:card\" content=\"summary_large_image\" \/>\n<meta name=\"twitter:label1\" content=\"Est. reading time\" \/>\n\t<meta name=\"twitter:data1\" content=\"1 minute\" \/>\n<script type=\"application\/ld+json\" class=\"yoast-schema-graph\">{\"@context\":\"https:\/\/schema.org\",\"@graph\":[{\"@type\":\"WebPage\",\"@id\":\"https:\/\/toysmaniacornermonaco.com\/en\/produit\/affiche-grand-prix-de-monaco-de-1958\/\",\"url\":\"https:\/\/toysmaniacornermonaco.com\/en\/produit\/affiche-grand-prix-de-monaco-de-1958\/\",\"name\":\"AFFICHE GRAND PRIX DE MONACO DE 1958 - TOY&#039;S MANIA\",\"isPartOf\":{\"@id\":\"https:\/\/toysmaniacornermonaco.com\/#website\"},\"primaryImageOfPage\":{\"@id\":\"https:\/\/toysmaniacornermonaco.com\/en\/produit\/affiche-grand-prix-de-monaco-de-1958\/#primaryimage\"},\"image\":{\"@id\":\"https:\/\/toysmaniacornermonaco.com\/en\/produit\/affiche-grand-prix-de-monaco-de-1958\/#primaryimage\"},\"thumbnailUrl\":\"https:\/\/toysmaniacornermonaco.com\/wp-content\/uploads\/2022\/03\/501085.jpg\",\"datePublished\":\"2022-03-24T11:33:32+00:00\",\"dateModified\":\"2022-10-13T12:34:31+00:00\",\"breadcrumb\":{\"@id\":\"https:\/\/toysmaniacornermonaco.com\/en\/produit\/affiche-grand-prix-de-monaco-de-1958\/#breadcrumb\"},\"inLanguage\":\"en-US\",\"potentialAction\":[{\"@type\":\"ReadAction\",\"target\":[\"https:\/\/toysmaniacornermonaco.com\/en\/produit\/affiche-grand-prix-de-monaco-de-1958\/\"]}]},{\"@type\":\"ImageObject\",\"inLanguage\":\"en-US\",\"@id\":\"https:\/\/toysmaniacornermonaco.com\/en\/produit\/affiche-grand-prix-de-monaco-de-1958\/#primaryimage\",\"url\":\"https:\/\/toysmaniacornermonaco.com\/wp-content\/uploads\/2022\/03\/501085.jpg\",\"contentUrl\":\"https:\/\/toysmaniacornermonaco.com\/wp-content\/uploads\/2022\/03\/501085.jpg\",\"width\":564,\"height\":760},{\"@type\":\"BreadcrumbList\",\"@id\":\"https:\/\/toysmaniacornermonaco.com\/en\/produit\/affiche-grand-prix-de-monaco-de-1958\/#breadcrumb\",\"itemListElement\":[{\"@type\":\"ListItem\",\"position\":1,\"name\":\"Accueil\",\"item\":\"https:\/\/toysmaniacornermonaco.com\/en\/\"},{\"@type\":\"ListItem\",\"position\":2,\"name\":\"Shop\",\"item\":\"https:\/\/toysmaniacornermonaco.com\/en\/shop\/\"},{\"@type\":\"ListItem\",\"position\":3,\"name\":\"AFFICHE GRAND PRIX DE MONACO DE 1958\"}]},{\"@type\":\"WebSite\",\"@id\":\"https:\/\/toysmaniacornermonaco.com\/#website\",\"url\":\"https:\/\/toysmaniacornermonaco.com\/\",\"name\":\"TOY&#039;S MANIA\",\"description\":\"VOTRE CONCEPT STORE \u00c0 MONACO\",\"potentialAction\":[{\"@type\":\"SearchAction\",\"target\":{\"@type\":\"EntryPoint\",\"urlTemplate\":\"https:\/\/toysmaniacornermonaco.com\/?s={search_term_string}\"},\"query-input\":\"required name=search_term_string\"}],\"inLanguage\":\"en-US\"}]}<\/script>\n<!-- \/ Yoast SEO plugin. -->","yoast_head_json":{"title":"AFFICHE GRAND PRIX DE MONACO DE 1958 - TOY&#039;S MANIA","robots":{"index":"index","follow":"follow","max-snippet":"max-snippet:-1","max-image-preview":"max-image-preview:large","max-video-preview":"max-video-preview:-1"},"canonical":"https:\/\/toysmaniacornermonaco.com\/en\/produit\/affiche-grand-prix-de-monaco-de-1958\/","og_locale":"en_US","og_type":"article","og_title":"AFFICHE GRAND PRIX DE MONACO DE 1958 - TOY&#039;S MANIA","og_description":"Cette affiche Monaco fait la promotion de son fameux Grand Prix, ici dans son \u00e9dition du 18 mai 1958. Deux bolides rouges foncent au bord de la mer, entre l\u0092avenue Kennedy et le quai Albert 1er. L\u0092illustrateur se sert de l\u0092ombre des v\u00e9hicules pour mettre l\u0092accent sur la vitesse des concurrents. Derri\u00e8re les voitures, une... View Article","og_url":"https:\/\/toysmaniacornermonaco.com\/en\/produit\/affiche-grand-prix-de-monaco-de-1958\/","og_site_name":"TOY&#039;S MANIA","article_modified_time":"2022-10-13T12:34:31+00:00","og_image":[{"width":564,"height":760,"url":"https:\/\/toysmaniacornermonaco.com\/wp-content\/uploads\/2022\/03\/501085.jpg","type":"image\/jpeg"}],"twitter_card":"summary_large_image","twitter_misc":{"Est. reading time":"1 minute"},"schema":{"@context":"https:\/\/schema.org","@graph":[{"@type":"WebPage","@id":"https:\/\/toysmaniacornermonaco.com\/en\/produit\/affiche-grand-prix-de-monaco-de-1958\/","url":"https:\/\/toysmaniacornermonaco.com\/en\/produit\/affiche-grand-prix-de-monaco-de-1958\/","name":"AFFICHE GRAND PRIX DE MONACO DE 1958 - TOY&#039;S MANIA","isPartOf":{"@id":"https:\/\/toysmaniacornermonaco.com\/#website"},"primaryImageOfPage":{"@id":"https:\/\/toysmaniacornermonaco.com\/en\/produit\/affiche-grand-prix-de-monaco-de-1958\/#primaryimage"},"image":{"@id":"https:\/\/toysmaniacornermonaco.com\/en\/produit\/affiche-grand-prix-de-monaco-de-1958\/#primaryimage"},"thumbnailUrl":"https:\/\/toysmaniacornermonaco.com\/wp-content\/uploads\/2022\/03\/501085.jpg","datePublished":"2022-03-24T11:33:32+00:00","dateModified":"2022-10-13T12:34:31+00:00","breadcrumb":{"@id":"https:\/\/toysmaniacornermonaco.com\/en\/produit\/affiche-grand-prix-de-monaco-de-1958\/#breadcrumb"},"inLanguage":"en-US","potentialAction":[{"@type":"ReadAction","target":["https:\/\/toysmaniacornermonaco.com\/en\/produit\/affiche-grand-prix-de-monaco-de-1958\/"]}]},{"@type":"ImageObject","inLanguage":"en-US","@id":"https:\/\/toysmaniacornermonaco.com\/en\/produit\/affiche-grand-prix-de-monaco-de-1958\/#primaryimage","url":"https:\/\/toysmaniacornermonaco.com\/wp-content\/uploads\/2022\/03\/501085.jpg","contentUrl":"https:\/\/toysmaniacornermonaco.com\/wp-content\/uploads\/2022\/03\/501085.jpg","width":564,"height":760},{"@type":"BreadcrumbList","@id":"https:\/\/toysmaniacornermonaco.com\/en\/produit\/affiche-grand-prix-de-monaco-de-1958\/#breadcrumb","itemListElement":[{"@type":"ListItem","position":1,"name":"Accueil","item":"https:\/\/toysmaniacornermonaco.com\/en\/"},{"@type":"ListItem","position":2,"name":"Shop","item":"https:\/\/toysmaniacornermonaco.com\/en\/shop\/"},{"@type":"ListItem","position":3,"name":"AFFICHE GRAND PRIX DE MONACO DE 1958"}]},{"@type":"WebSite","@id":"https:\/\/toysmaniacornermonaco.com\/#website","url":"https:\/\/toysmaniacornermonaco.com\/","name":"TOY&#039;S MANIA","description":"VOTRE CONCEPT STORE \u00c0 MONACO","potentialAction":[{"@type":"SearchAction","target":{"@type":"EntryPoint","urlTemplate":"https:\/\/toysmaniacornermonaco.com\/?s={search_term_string}"},"query-input":"required name=search_term_string"}],"inLanguage":"en-US"}]}},"_links":{"self":[{"href":"https:\/\/toysmaniacornermonaco.com\/en\/wp-json\/wp\/v2\/product\/3313","targetHints":{"allow":["GET"]}}],"collection":[{"href":"https:\/\/toysmaniacornermonaco.com\/en\/wp-json\/wp\/v2\/product"}],"about":[{"href":"https:\/\/toysmaniacornermonaco.com\/en\/wp-json\/wp\/v2\/types\/product"}],"replies":[{"embeddable":true,"href":"https:\/\/toysmaniacornermonaco.com\/en\/wp-json\/wp\/v2\/comments?post=3313"}],"wp:featuredmedia":[{"embeddable":true,"href":"https:\/\/toysmaniacornermonaco.com\/en\/wp-json\/wp\/v2\/media\/1793"}],"wp:attachment":[{"href":"https:\/\/toysmaniacornermonaco.com\/en\/wp-json\/wp\/v2\/media?parent=3313"}],"wp:term":[{"taxonomy":"product_cat","embeddable":true,"href":"https:\/\/toysmaniacornermonaco.com\/en\/wp-json\/wp\/v2\/product_cat?post=3313"},{"taxonomy":"product_tag","embeddable":true,"href":"https:\/\/toysmaniacornermonaco.com\/en\/wp-json\/wp\/v2\/product_tag?post=3313"}],"curies":[{"name":"wp","href":"https:\/\/api.w.org\/{rel}","templated":true}]}}