{"id":3342,"date":"2022-02-18T12:02:27","date_gmt":"2022-02-18T11:02:27","guid":{"rendered":"https:\/\/toys-mania-dev.jupiter.cdigital.fr\/produit\/mova-globe-85-carte-relief\/"},"modified":"2022-10-13T16:54:49","modified_gmt":"2022-10-13T14:54:49","slug":"mova-globe-85-carte-relief","status":"publish","type":"product","link":"https:\/\/toysmaniacornermonaco.com\/en\/produit\/mova-globe-85-carte-relief\/","title":{"rendered":"MOVA GLOBE 8,5&#8242; CARTE RELIEF"},"content":{"rendered":"<p>Diam\u00e8tre 8,5&#8242;<\/p>\n<p>Exp\u00e9dition effectu\u00e9e via COLISSIMO LA POSTE, colis suivi.<\/p>\n<p>Ce sont les globes \u00e9ducatifs du monde dont vous vous souvenez quand vous \u00e9tiez enfant, mais avec un look \u00e9l\u00e9gant et des fonctionnalit\u00e9s mises \u00e0 jour qui en font un d\u00e9cor moderne indispensable. Des tourbillons de lignes blanches et rouges indiquent les courants oc\u00e9aniques, tandis que chaque masse continentale est repr\u00e9sent\u00e9e dans des tons verts et bruns qui montrent les caract\u00e9ristiques du terrain &#8211; chaque r\u00e9gion montagneuse et d\u00e9sert est clairement indiqu\u00e9e. Ce niveau de d\u00e9tail combin\u00e9 \u00e0 des couleurs vives rend ce globe MOVA aussi attrayant qu&#8217;informatif.<\/p>\n<p>Tourne en utilisant la lumi\u00e8re ambiante<\/p>\n<p>Les aimants cach\u00e9s permettent le mouvement<\/p>\n<p>Pas de cordes ni de piles<\/p>\n<p>Nous avons pris le globe classique que vous connaissez et l&#8217;avons mis \u00e0 jour avec notre technologie brevet\u00e9e. Notre carte du monde Les globes MOVA sont magnifiques. Vous trouverez un assortiment de motifs &#8211; de la carte en relief \u00e0 la carte antique. Ils offrent un choix \u00e9ducatif et \u00e9l\u00e9gant pour votre maison ou votre espace de travail. Chaque globe est fait \u00e0 la main et tourne sans fils ni piles.<\/p>\n<p>Ce sont les globes \u00e9ducatifs du monde dont vous vous souvenez quand vous \u00e9tiez enfant, mais avec un look \u00e9l\u00e9gant et des fonctionnalit\u00e9s mises \u00e0 jour qui en font un d\u00e9cor moderne indispensable.<\/p>\n<p>Les globes MOVA associent des performances sans effort \u00e0 des graphismes accrocheurs. Chaque globe fabriqu\u00e9 \u00e0 la main associe une illustration \u00e9clatante \u00e0 notre technologie brevet\u00e9e pour une rotation sans faille sans piles ni cordons en d\u00e9sordre. Les cellules solaires cach\u00e9es utilisent la lumi\u00e8re ambiante comme source d&#8217;\u00e9nergie, tandis que le champ magn\u00e9tique terrestre fournit le couple n\u00e9cessaire. Ces \u00e9l\u00e9ments fonctionnent \u00e0 l&#8217;unisson pour alimenter un m\u00e9canisme tr\u00e8s silencieux, permettant au globe de tourner dans une coque ext\u00e9rieure transparente. Chaque pi\u00e8ce \u00e9tant assembl\u00e9e avec une telle pr\u00e9cision, il appara\u00eet que les couches interne et externe ne font qu\u2019une seule &#8211; en rotation, sans source d\u2019\u00e9nergie ext\u00e9rieure.<\/p>\n","protected":false},"excerpt":{"rendered":"Diam\u00e8tre 8,5&#8242; Exp\u00e9dition effectu\u00e9e via COLISSIMO LA POSTE, colis suivi. Ce sont les globes \u00e9ducatifs du monde dont vous vous souvenez quand vous \u00e9tiez enfant, mais avec un look \u00e9l\u00e9gant et des fonctionnalit\u00e9s mises \u00e0 jour qui en font un d\u00e9cor moderne indispensable. Des tourbillons de lignes blanches et rouges indiquent les courants oc\u00e9aniques, tandis&#8230; <a class=\"view-article\" href=\"https:\/\/toysmaniacornermonaco.com\/en\/produit\/mova-globe-85-carte-relief\/\">View Article<\/a>","protected":false},"featured_media":4115,"comment_status":"open","ping_status":"open","template":"","meta":{"_acf_changed":false},"product_cat":[381],"product_tag":[],"class_list":{"0":"post-3342","1":"product","2":"type-product","3":"status-publish","4":"has-post-thumbnail","6":"marque-mova-en","7":"idee_cadeau-children","8":"idee_cadeau-men","9":"idee_cadeau-women","10":"product_cat-decoration-en","11":"product_shipping_class-grandcolis-en","13":"first","14":"instock","15":"taxable","16":"shipping-taxable","17":"purchasable","18":"product-type-simple"},"acf":[],"yoast_head":"<!-- This site is optimized with the Yoast SEO plugin v22.3 - https:\/\/yoast.com\/wordpress\/plugins\/seo\/ -->\n<title>MOVA GLOBE 8,5&#039; CARTE RELIEF - TOY&#039;S MANIA<\/title>\n<meta name=\"robots\" content=\"index, follow, max-snippet:-1, max-image-preview:large, max-video-preview:-1\" \/>\n<link rel=\"canonical\" href=\"https:\/\/toysmaniacornermonaco.com\/en\/produit\/mova-globe-85-carte-relief\/\" \/>\n<meta property=\"og:locale\" content=\"en_US\" \/>\n<meta property=\"og:type\" content=\"article\" \/>\n<meta property=\"og:title\" content=\"MOVA GLOBE 8,5&#039; CARTE RELIEF - TOY&#039;S MANIA\" \/>\n<meta property=\"og:description\" content=\"Diam\u00e8tre 8,5&#8242; Exp\u00e9dition effectu\u00e9e via COLISSIMO LA POSTE, colis suivi. Ce sont les globes \u00e9ducatifs du monde dont vous vous souvenez quand vous \u00e9tiez enfant, mais avec un look \u00e9l\u00e9gant et des fonctionnalit\u00e9s mises \u00e0 jour qui en font un d\u00e9cor moderne indispensable. Des tourbillons de lignes blanches et rouges indiquent les courants oc\u00e9aniques, tandis... View Article\" \/>\n<meta property=\"og:url\" content=\"https:\/\/toysmaniacornermonaco.com\/en\/produit\/mova-globe-85-carte-relief\/\" \/>\n<meta property=\"og:site_name\" content=\"TOY&#039;S MANIA\" \/>\n<meta property=\"article:modified_time\" content=\"2022-10-13T14:54:49+00:00\" \/>\n<meta property=\"og:image\" content=\"https:\/\/toysmaniacornermonaco.com\/wp-content\/uploads\/2022\/02\/MOVA_GLOBE_8-5_CARTE_GEOGRAPHIQUE_2.jpg\" \/>\n\t<meta property=\"og:image:width\" content=\"1200\" \/>\n\t<meta property=\"og:image:height\" content=\"1200\" \/>\n\t<meta property=\"og:image:type\" content=\"image\/jpeg\" \/>\n<meta name=\"twitter:card\" content=\"summary_large_image\" \/>\n<meta name=\"twitter:label1\" content=\"Est. reading time\" \/>\n\t<meta name=\"twitter:data1\" content=\"2 minutes\" \/>\n<script type=\"application\/ld+json\" class=\"yoast-schema-graph\">{\"@context\":\"https:\/\/schema.org\",\"@graph\":[{\"@type\":\"WebPage\",\"@id\":\"https:\/\/toysmaniacornermonaco.com\/en\/produit\/mova-globe-85-carte-relief\/\",\"url\":\"https:\/\/toysmaniacornermonaco.com\/en\/produit\/mova-globe-85-carte-relief\/\",\"name\":\"MOVA GLOBE 8,5' CARTE RELIEF - TOY&#039;S MANIA\",\"isPartOf\":{\"@id\":\"https:\/\/toysmaniacornermonaco.com\/#website\"},\"primaryImageOfPage\":{\"@id\":\"https:\/\/toysmaniacornermonaco.com\/en\/produit\/mova-globe-85-carte-relief\/#primaryimage\"},\"image\":{\"@id\":\"https:\/\/toysmaniacornermonaco.com\/en\/produit\/mova-globe-85-carte-relief\/#primaryimage\"},\"thumbnailUrl\":\"https:\/\/toysmaniacornermonaco.com\/wp-content\/uploads\/2022\/02\/MOVA_GLOBE_8-5_CARTE_GEOGRAPHIQUE_2.jpg\",\"datePublished\":\"2022-02-18T11:02:27+00:00\",\"dateModified\":\"2022-10-13T14:54:49+00:00\",\"breadcrumb\":{\"@id\":\"https:\/\/toysmaniacornermonaco.com\/en\/produit\/mova-globe-85-carte-relief\/#breadcrumb\"},\"inLanguage\":\"en-US\",\"potentialAction\":[{\"@type\":\"ReadAction\",\"target\":[\"https:\/\/toysmaniacornermonaco.com\/en\/produit\/mova-globe-85-carte-relief\/\"]}]},{\"@type\":\"ImageObject\",\"inLanguage\":\"en-US\",\"@id\":\"https:\/\/toysmaniacornermonaco.com\/en\/produit\/mova-globe-85-carte-relief\/#primaryimage\",\"url\":\"https:\/\/toysmaniacornermonaco.com\/wp-content\/uploads\/2022\/02\/MOVA_GLOBE_8-5_CARTE_GEOGRAPHIQUE_2.jpg\",\"contentUrl\":\"https:\/\/toysmaniacornermonaco.com\/wp-content\/uploads\/2022\/02\/MOVA_GLOBE_8-5_CARTE_GEOGRAPHIQUE_2.jpg\",\"width\":1200,\"height\":1200},{\"@type\":\"BreadcrumbList\",\"@id\":\"https:\/\/toysmaniacornermonaco.com\/en\/produit\/mova-globe-85-carte-relief\/#breadcrumb\",\"itemListElement\":[{\"@type\":\"ListItem\",\"position\":1,\"name\":\"Accueil\",\"item\":\"https:\/\/toysmaniacornermonaco.com\/en\/\"},{\"@type\":\"ListItem\",\"position\":2,\"name\":\"Shop\",\"item\":\"https:\/\/toysmaniacornermonaco.com\/en\/shop\/\"},{\"@type\":\"ListItem\",\"position\":3,\"name\":\"MOVA GLOBE 8,5&#8242; CARTE RELIEF\"}]},{\"@type\":\"WebSite\",\"@id\":\"https:\/\/toysmaniacornermonaco.com\/#website\",\"url\":\"https:\/\/toysmaniacornermonaco.com\/\",\"name\":\"TOY&#039;S MANIA\",\"description\":\"VOTRE CONCEPT STORE \u00c0 MONACO\",\"potentialAction\":[{\"@type\":\"SearchAction\",\"target\":{\"@type\":\"EntryPoint\",\"urlTemplate\":\"https:\/\/toysmaniacornermonaco.com\/?s={search_term_string}\"},\"query-input\":\"required name=search_term_string\"}],\"inLanguage\":\"en-US\"}]}<\/script>\n<!-- \/ Yoast SEO plugin. -->","yoast_head_json":{"title":"MOVA GLOBE 8,5' CARTE RELIEF - TOY&#039;S MANIA","robots":{"index":"index","follow":"follow","max-snippet":"max-snippet:-1","max-image-preview":"max-image-preview:large","max-video-preview":"max-video-preview:-1"},"canonical":"https:\/\/toysmaniacornermonaco.com\/en\/produit\/mova-globe-85-carte-relief\/","og_locale":"en_US","og_type":"article","og_title":"MOVA GLOBE 8,5' CARTE RELIEF - TOY&#039;S MANIA","og_description":"Diam\u00e8tre 8,5&#8242; Exp\u00e9dition effectu\u00e9e via COLISSIMO LA POSTE, colis suivi. Ce sont les globes \u00e9ducatifs du monde dont vous vous souvenez quand vous \u00e9tiez enfant, mais avec un look \u00e9l\u00e9gant et des fonctionnalit\u00e9s mises \u00e0 jour qui en font un d\u00e9cor moderne indispensable. Des tourbillons de lignes blanches et rouges indiquent les courants oc\u00e9aniques, tandis... View Article","og_url":"https:\/\/toysmaniacornermonaco.com\/en\/produit\/mova-globe-85-carte-relief\/","og_site_name":"TOY&#039;S MANIA","article_modified_time":"2022-10-13T14:54:49+00:00","og_image":[{"width":1200,"height":1200,"url":"https:\/\/toysmaniacornermonaco.com\/wp-content\/uploads\/2022\/02\/MOVA_GLOBE_8-5_CARTE_GEOGRAPHIQUE_2.jpg","type":"image\/jpeg"}],"twitter_card":"summary_large_image","twitter_misc":{"Est. reading time":"2 minutes"},"schema":{"@context":"https:\/\/schema.org","@graph":[{"@type":"WebPage","@id":"https:\/\/toysmaniacornermonaco.com\/en\/produit\/mova-globe-85-carte-relief\/","url":"https:\/\/toysmaniacornermonaco.com\/en\/produit\/mova-globe-85-carte-relief\/","name":"MOVA GLOBE 8,5' CARTE RELIEF - TOY&#039;S MANIA","isPartOf":{"@id":"https:\/\/toysmaniacornermonaco.com\/#website"},"primaryImageOfPage":{"@id":"https:\/\/toysmaniacornermonaco.com\/en\/produit\/mova-globe-85-carte-relief\/#primaryimage"},"image":{"@id":"https:\/\/toysmaniacornermonaco.com\/en\/produit\/mova-globe-85-carte-relief\/#primaryimage"},"thumbnailUrl":"https:\/\/toysmaniacornermonaco.com\/wp-content\/uploads\/2022\/02\/MOVA_GLOBE_8-5_CARTE_GEOGRAPHIQUE_2.jpg","datePublished":"2022-02-18T11:02:27+00:00","dateModified":"2022-10-13T14:54:49+00:00","breadcrumb":{"@id":"https:\/\/toysmaniacornermonaco.com\/en\/produit\/mova-globe-85-carte-relief\/#breadcrumb"},"inLanguage":"en-US","potentialAction":[{"@type":"ReadAction","target":["https:\/\/toysmaniacornermonaco.com\/en\/produit\/mova-globe-85-carte-relief\/"]}]},{"@type":"ImageObject","inLanguage":"en-US","@id":"https:\/\/toysmaniacornermonaco.com\/en\/produit\/mova-globe-85-carte-relief\/#primaryimage","url":"https:\/\/toysmaniacornermonaco.com\/wp-content\/uploads\/2022\/02\/MOVA_GLOBE_8-5_CARTE_GEOGRAPHIQUE_2.jpg","contentUrl":"https:\/\/toysmaniacornermonaco.com\/wp-content\/uploads\/2022\/02\/MOVA_GLOBE_8-5_CARTE_GEOGRAPHIQUE_2.jpg","width":1200,"height":1200},{"@type":"BreadcrumbList","@id":"https:\/\/toysmaniacornermonaco.com\/en\/produit\/mova-globe-85-carte-relief\/#breadcrumb","itemListElement":[{"@type":"ListItem","position":1,"name":"Accueil","item":"https:\/\/toysmaniacornermonaco.com\/en\/"},{"@type":"ListItem","position":2,"name":"Shop","item":"https:\/\/toysmaniacornermonaco.com\/en\/shop\/"},{"@type":"ListItem","position":3,"name":"MOVA GLOBE 8,5&#8242; CARTE RELIEF"}]},{"@type":"WebSite","@id":"https:\/\/toysmaniacornermonaco.com\/#website","url":"https:\/\/toysmaniacornermonaco.com\/","name":"TOY&#039;S MANIA","description":"VOTRE CONCEPT STORE \u00c0 MONACO","potentialAction":[{"@type":"SearchAction","target":{"@type":"EntryPoint","urlTemplate":"https:\/\/toysmaniacornermonaco.com\/?s={search_term_string}"},"query-input":"required name=search_term_string"}],"inLanguage":"en-US"}]}},"_links":{"self":[{"href":"https:\/\/toysmaniacornermonaco.com\/en\/wp-json\/wp\/v2\/product\/3342","targetHints":{"allow":["GET"]}}],"collection":[{"href":"https:\/\/toysmaniacornermonaco.com\/en\/wp-json\/wp\/v2\/product"}],"about":[{"href":"https:\/\/toysmaniacornermonaco.com\/en\/wp-json\/wp\/v2\/types\/product"}],"replies":[{"embeddable":true,"href":"https:\/\/toysmaniacornermonaco.com\/en\/wp-json\/wp\/v2\/comments?post=3342"}],"wp:featuredmedia":[{"embeddable":true,"href":"https:\/\/toysmaniacornermonaco.com\/en\/wp-json\/wp\/v2\/media\/4115"}],"wp:attachment":[{"href":"https:\/\/toysmaniacornermonaco.com\/en\/wp-json\/wp\/v2\/media?parent=3342"}],"wp:term":[{"taxonomy":"product_cat","embeddable":true,"href":"https:\/\/toysmaniacornermonaco.com\/en\/wp-json\/wp\/v2\/product_cat?post=3342"},{"taxonomy":"product_tag","embeddable":true,"href":"https:\/\/toysmaniacornermonaco.com\/en\/wp-json\/wp\/v2\/product_tag?post=3342"}],"curies":[{"name":"wp","href":"https:\/\/api.w.org\/{rel}","templated":true}]}}