{"id":3346,"date":"2022-03-24T12:36:48","date_gmt":"2022-03-24T11:36:48","guid":{"rendered":"https:\/\/toys-mania-dev.jupiter.cdigital.fr\/produit\/sac-a-dos-styltherin-harry-potter\/"},"modified":"2022-10-13T14:32:24","modified_gmt":"2022-10-13T12:32:24","slug":"sac-a-dos-styltherin-harry-potter","status":"publish","type":"product","link":"https:\/\/toysmaniacornermonaco.com\/en\/produit\/sac-a-dos-styltherin-harry-potter\/","title":{"rendered":"SAC A DOS STYLTHERIN HARRY POTTER"},"content":{"rendered":"<p>Marchandise sous licence officielle Harry Potter par Danielle Nicole<br \/>\nDesign inspir\u00e9 de la maison de Poudlard, Serpentard<br \/>\nComprend un uniforme scolaire de Serpentard<br \/>\n21,5 (h) x 18 (l) x 10 (p) cm, Bretelles r\u00e9glables<br \/>\nNettoyer les taches seulement<br \/>\nSoyez ambitieux \u00e0 tous points de vue cette ann\u00e9e scolaire avec le mini sac \u00e0 dos Serpentard de Danielle Nicole. La conception comprend une fermeture \u00e0 bouton-pression magn\u00e9tique, un soufflet \u00e0 bouton-pression magn\u00e9tique extensible, une poche int\u00e9rieure zipp\u00e9e sur la paroi arri\u00e8re et une poche plaqu\u00e9e sur la paroi avant.<br \/>\nCode de produit : DN183705<\/p>\n","protected":false},"excerpt":{"rendered":"Marchandise sous licence officielle Harry Potter par Danielle Nicole Design inspir\u00e9 de la maison de Poudlard, Serpentard Comprend un uniforme scolaire de Serpentard 21,5 (h) x 18 (l) x 10 (p) cm, Bretelles r\u00e9glables Nettoyer les taches seulement Soyez ambitieux \u00e0 tous points de vue cette ann\u00e9e scolaire avec le mini sac \u00e0 dos Serpentard&#8230; <a class=\"view-article\" href=\"https:\/\/toysmaniacornermonaco.com\/en\/produit\/sac-a-dos-styltherin-harry-potter\/\">View Article<\/a>","protected":false},"featured_media":1290,"comment_status":"open","ping_status":"open","template":"","meta":{"_acf_changed":false},"product_cat":[383],"product_tag":[],"class_list":{"0":"post-3346","1":"product","2":"type-product","3":"status-publish","4":"has-post-thumbnail","6":"marque-harry-potter-en","7":"idee_cadeau-women","8":"product_cat-bags-and-accessories","9":"product_shipping_class-moyencolis-en","11":"first","12":"instock","13":"taxable","14":"shipping-taxable","15":"purchasable","16":"product-type-simple"},"acf":[],"yoast_head":"<!-- This site is optimized with the Yoast SEO plugin v22.3 - https:\/\/yoast.com\/wordpress\/plugins\/seo\/ -->\n<title>SAC A DOS STYLTHERIN HARRY POTTER - TOY&#039;S MANIA<\/title>\n<meta name=\"robots\" content=\"index, follow, max-snippet:-1, max-image-preview:large, max-video-preview:-1\" \/>\n<link rel=\"canonical\" href=\"https:\/\/toysmaniacornermonaco.com\/en\/produit\/sac-a-dos-styltherin-harry-potter\/\" \/>\n<meta property=\"og:locale\" content=\"en_US\" \/>\n<meta property=\"og:type\" content=\"article\" \/>\n<meta property=\"og:title\" content=\"SAC A DOS STYLTHERIN HARRY POTTER - TOY&#039;S MANIA\" \/>\n<meta property=\"og:description\" content=\"Marchandise sous licence officielle Harry Potter par Danielle Nicole Design inspir\u00e9 de la maison de Poudlard, Serpentard Comprend un uniforme scolaire de Serpentard 21,5 (h) x 18 (l) x 10 (p) cm, Bretelles r\u00e9glables Nettoyer les taches seulement Soyez ambitieux \u00e0 tous points de vue cette ann\u00e9e scolaire avec le mini sac \u00e0 dos Serpentard... View Article\" \/>\n<meta property=\"og:url\" content=\"https:\/\/toysmaniacornermonaco.com\/en\/produit\/sac-a-dos-styltherin-harry-potter\/\" \/>\n<meta property=\"og:site_name\" content=\"TOY&#039;S MANIA\" \/>\n<meta property=\"article:modified_time\" content=\"2022-10-13T12:32:24+00:00\" \/>\n<meta property=\"og:image\" content=\"https:\/\/toysmaniacornermonaco.com\/wp-content\/uploads\/2022\/03\/DN183705.jpg\" \/>\n\t<meta property=\"og:image:width\" content=\"900\" \/>\n\t<meta property=\"og:image:height\" content=\"900\" \/>\n\t<meta property=\"og:image:type\" content=\"image\/jpeg\" \/>\n<meta name=\"twitter:card\" content=\"summary_large_image\" \/>\n<script type=\"application\/ld+json\" class=\"yoast-schema-graph\">{\"@context\":\"https:\/\/schema.org\",\"@graph\":[{\"@type\":\"WebPage\",\"@id\":\"https:\/\/toysmaniacornermonaco.com\/en\/produit\/sac-a-dos-styltherin-harry-potter\/\",\"url\":\"https:\/\/toysmaniacornermonaco.com\/en\/produit\/sac-a-dos-styltherin-harry-potter\/\",\"name\":\"SAC A DOS STYLTHERIN HARRY POTTER - TOY&#039;S MANIA\",\"isPartOf\":{\"@id\":\"https:\/\/toysmaniacornermonaco.com\/#website\"},\"primaryImageOfPage\":{\"@id\":\"https:\/\/toysmaniacornermonaco.com\/en\/produit\/sac-a-dos-styltherin-harry-potter\/#primaryimage\"},\"image\":{\"@id\":\"https:\/\/toysmaniacornermonaco.com\/en\/produit\/sac-a-dos-styltherin-harry-potter\/#primaryimage\"},\"thumbnailUrl\":\"https:\/\/toysmaniacornermonaco.com\/wp-content\/uploads\/2022\/03\/DN183705.jpg\",\"datePublished\":\"2022-03-24T11:36:48+00:00\",\"dateModified\":\"2022-10-13T12:32:24+00:00\",\"breadcrumb\":{\"@id\":\"https:\/\/toysmaniacornermonaco.com\/en\/produit\/sac-a-dos-styltherin-harry-potter\/#breadcrumb\"},\"inLanguage\":\"en-US\",\"potentialAction\":[{\"@type\":\"ReadAction\",\"target\":[\"https:\/\/toysmaniacornermonaco.com\/en\/produit\/sac-a-dos-styltherin-harry-potter\/\"]}]},{\"@type\":\"ImageObject\",\"inLanguage\":\"en-US\",\"@id\":\"https:\/\/toysmaniacornermonaco.com\/en\/produit\/sac-a-dos-styltherin-harry-potter\/#primaryimage\",\"url\":\"https:\/\/toysmaniacornermonaco.com\/wp-content\/uploads\/2022\/03\/DN183705.jpg\",\"contentUrl\":\"https:\/\/toysmaniacornermonaco.com\/wp-content\/uploads\/2022\/03\/DN183705.jpg\",\"width\":900,\"height\":900},{\"@type\":\"BreadcrumbList\",\"@id\":\"https:\/\/toysmaniacornermonaco.com\/en\/produit\/sac-a-dos-styltherin-harry-potter\/#breadcrumb\",\"itemListElement\":[{\"@type\":\"ListItem\",\"position\":1,\"name\":\"Accueil\",\"item\":\"https:\/\/toysmaniacornermonaco.com\/en\/\"},{\"@type\":\"ListItem\",\"position\":2,\"name\":\"Shop\",\"item\":\"https:\/\/toysmaniacornermonaco.com\/en\/shop\/\"},{\"@type\":\"ListItem\",\"position\":3,\"name\":\"SAC A DOS STYLTHERIN HARRY POTTER\"}]},{\"@type\":\"WebSite\",\"@id\":\"https:\/\/toysmaniacornermonaco.com\/#website\",\"url\":\"https:\/\/toysmaniacornermonaco.com\/\",\"name\":\"TOY&#039;S MANIA\",\"description\":\"VOTRE CONCEPT STORE \u00c0 MONACO\",\"potentialAction\":[{\"@type\":\"SearchAction\",\"target\":{\"@type\":\"EntryPoint\",\"urlTemplate\":\"https:\/\/toysmaniacornermonaco.com\/?s={search_term_string}\"},\"query-input\":\"required name=search_term_string\"}],\"inLanguage\":\"en-US\"}]}<\/script>\n<!-- \/ Yoast SEO plugin. -->","yoast_head_json":{"title":"SAC A DOS STYLTHERIN HARRY POTTER - TOY&#039;S MANIA","robots":{"index":"index","follow":"follow","max-snippet":"max-snippet:-1","max-image-preview":"max-image-preview:large","max-video-preview":"max-video-preview:-1"},"canonical":"https:\/\/toysmaniacornermonaco.com\/en\/produit\/sac-a-dos-styltherin-harry-potter\/","og_locale":"en_US","og_type":"article","og_title":"SAC A DOS STYLTHERIN HARRY POTTER - TOY&#039;S MANIA","og_description":"Marchandise sous licence officielle Harry Potter par Danielle Nicole Design inspir\u00e9 de la maison de Poudlard, Serpentard Comprend un uniforme scolaire de Serpentard 21,5 (h) x 18 (l) x 10 (p) cm, Bretelles r\u00e9glables Nettoyer les taches seulement Soyez ambitieux \u00e0 tous points de vue cette ann\u00e9e scolaire avec le mini sac \u00e0 dos Serpentard... View Article","og_url":"https:\/\/toysmaniacornermonaco.com\/en\/produit\/sac-a-dos-styltherin-harry-potter\/","og_site_name":"TOY&#039;S MANIA","article_modified_time":"2022-10-13T12:32:24+00:00","og_image":[{"width":900,"height":900,"url":"https:\/\/toysmaniacornermonaco.com\/wp-content\/uploads\/2022\/03\/DN183705.jpg","type":"image\/jpeg"}],"twitter_card":"summary_large_image","schema":{"@context":"https:\/\/schema.org","@graph":[{"@type":"WebPage","@id":"https:\/\/toysmaniacornermonaco.com\/en\/produit\/sac-a-dos-styltherin-harry-potter\/","url":"https:\/\/toysmaniacornermonaco.com\/en\/produit\/sac-a-dos-styltherin-harry-potter\/","name":"SAC A DOS STYLTHERIN HARRY POTTER - TOY&#039;S MANIA","isPartOf":{"@id":"https:\/\/toysmaniacornermonaco.com\/#website"},"primaryImageOfPage":{"@id":"https:\/\/toysmaniacornermonaco.com\/en\/produit\/sac-a-dos-styltherin-harry-potter\/#primaryimage"},"image":{"@id":"https:\/\/toysmaniacornermonaco.com\/en\/produit\/sac-a-dos-styltherin-harry-potter\/#primaryimage"},"thumbnailUrl":"https:\/\/toysmaniacornermonaco.com\/wp-content\/uploads\/2022\/03\/DN183705.jpg","datePublished":"2022-03-24T11:36:48+00:00","dateModified":"2022-10-13T12:32:24+00:00","breadcrumb":{"@id":"https:\/\/toysmaniacornermonaco.com\/en\/produit\/sac-a-dos-styltherin-harry-potter\/#breadcrumb"},"inLanguage":"en-US","potentialAction":[{"@type":"ReadAction","target":["https:\/\/toysmaniacornermonaco.com\/en\/produit\/sac-a-dos-styltherin-harry-potter\/"]}]},{"@type":"ImageObject","inLanguage":"en-US","@id":"https:\/\/toysmaniacornermonaco.com\/en\/produit\/sac-a-dos-styltherin-harry-potter\/#primaryimage","url":"https:\/\/toysmaniacornermonaco.com\/wp-content\/uploads\/2022\/03\/DN183705.jpg","contentUrl":"https:\/\/toysmaniacornermonaco.com\/wp-content\/uploads\/2022\/03\/DN183705.jpg","width":900,"height":900},{"@type":"BreadcrumbList","@id":"https:\/\/toysmaniacornermonaco.com\/en\/produit\/sac-a-dos-styltherin-harry-potter\/#breadcrumb","itemListElement":[{"@type":"ListItem","position":1,"name":"Accueil","item":"https:\/\/toysmaniacornermonaco.com\/en\/"},{"@type":"ListItem","position":2,"name":"Shop","item":"https:\/\/toysmaniacornermonaco.com\/en\/shop\/"},{"@type":"ListItem","position":3,"name":"SAC A DOS STYLTHERIN HARRY POTTER"}]},{"@type":"WebSite","@id":"https:\/\/toysmaniacornermonaco.com\/#website","url":"https:\/\/toysmaniacornermonaco.com\/","name":"TOY&#039;S MANIA","description":"VOTRE CONCEPT STORE \u00c0 MONACO","potentialAction":[{"@type":"SearchAction","target":{"@type":"EntryPoint","urlTemplate":"https:\/\/toysmaniacornermonaco.com\/?s={search_term_string}"},"query-input":"required name=search_term_string"}],"inLanguage":"en-US"}]}},"_links":{"self":[{"href":"https:\/\/toysmaniacornermonaco.com\/en\/wp-json\/wp\/v2\/product\/3346","targetHints":{"allow":["GET"]}}],"collection":[{"href":"https:\/\/toysmaniacornermonaco.com\/en\/wp-json\/wp\/v2\/product"}],"about":[{"href":"https:\/\/toysmaniacornermonaco.com\/en\/wp-json\/wp\/v2\/types\/product"}],"replies":[{"embeddable":true,"href":"https:\/\/toysmaniacornermonaco.com\/en\/wp-json\/wp\/v2\/comments?post=3346"}],"wp:featuredmedia":[{"embeddable":true,"href":"https:\/\/toysmaniacornermonaco.com\/en\/wp-json\/wp\/v2\/media\/1290"}],"wp:attachment":[{"href":"https:\/\/toysmaniacornermonaco.com\/en\/wp-json\/wp\/v2\/media?parent=3346"}],"wp:term":[{"taxonomy":"product_cat","embeddable":true,"href":"https:\/\/toysmaniacornermonaco.com\/en\/wp-json\/wp\/v2\/product_cat?post=3346"},{"taxonomy":"product_tag","embeddable":true,"href":"https:\/\/toysmaniacornermonaco.com\/en\/wp-json\/wp\/v2\/product_tag?post=3346"}],"curies":[{"name":"wp","href":"https:\/\/api.w.org\/{rel}","templated":true}]}}