{"id":5027,"date":"2024-01-24T18:20:43","date_gmt":"2024-01-24T17:20:43","guid":{"rendered":"https:\/\/toysmaniacornermonaco.com\/?post_type=product&#038;p=5027"},"modified":"2024-01-24T18:22:57","modified_gmt":"2024-01-24T17:22:57","slug":"chapeau-melon-clown","status":"publish","type":"product","link":"https:\/\/toysmaniacornermonaco.com\/en\/produit\/chapeau-melon-clown\/","title":{"rendered":"Chapeau melon clown"},"content":{"rendered":"<p>Ajoutez la touche finale parfaite \u00e0 votre costume avec ce chapeau melon de clown pour adulte. Ce chapeau jaune avec des taches multicolores et une bande rouge est id\u00e9al pour les costumes de clown ! Parfait pour les soir\u00e9es d\u00e9guis\u00e9es, Halloween, les \u00e9v\u00e9nements caritatifs, la Journ\u00e9e mondiale du livre, les spectacles scolaires, les productions de clubs de th\u00e9\u00e2tre et bien plus encore. Vous \u00eates s\u00fbr d&#8217;\u00eatre le mieux habill\u00e9.<\/p>\n","protected":false},"excerpt":{"rendered":"Ajoutez la touche finale parfaite \u00e0 votre costume avec ce chapeau melon de clown pour adulte. Ce chapeau jaune avec des taches multicolores et une bande rouge est id\u00e9al pour les costumes de clown ! Parfait pour les soir\u00e9es d\u00e9guis\u00e9es, Halloween, les \u00e9v\u00e9nements caritatifs, la Journ\u00e9e mondiale du livre, les spectacles scolaires, les productions de&#8230; <a class=\"view-article\" href=\"https:\/\/toysmaniacornermonaco.com\/en\/produit\/chapeau-melon-clown\/\">View Article<\/a>","protected":false},"featured_media":5030,"comment_status":"open","ping_status":"closed","template":"","meta":{"_acf_changed":false},"product_cat":[710,515,384],"product_tag":[],"class_list":{"0":"post-5027","1":"product","2":"type-product","3":"status-publish","4":"has-post-thumbnail","6":"marque-cornerevent","7":"idee_cadeau-deguisement-accessoires","8":"idee_cadeau-enfants","9":"idee_cadeau-femmes","10":"idee_cadeau-hommes","11":"product_cat-deguisement-accessoires-fetes","12":"product_cat-fetes-evenements","13":"product_cat-jeux-et-jouets","14":"product_shipping_class-lettresuivie","16":"first","17":"instock","18":"taxable","19":"shipping-taxable","20":"purchasable","21":"product-type-simple"},"acf":[],"yoast_head":"<!-- This site is optimized with the Yoast SEO plugin v22.3 - https:\/\/yoast.com\/wordpress\/plugins\/seo\/ -->\n<title>Chapeau melon clown - TOY&#039;S MANIA<\/title>\n<meta name=\"description\" content=\"Ajoutez la touche finale parfaite \u00e0 votre costume avec ce chapeau melon de clown pour adulte. Ce chapeau jaune avec des taches multicolores et une bande rouge est id\u00e9al pour les costumes de clown ! Parfait pour les soir\u00e9es d\u00e9guis\u00e9es, Halloween, les \u00e9v\u00e9nements caritatifs, la Journ\u00e9e mondiale du livre, les spectacles scolaires, les productions de clubs de th\u00e9\u00e2tre et bien plus encore. Vous \u00eates s\u00fbr d&#039;\u00eatre le mieux habill\u00e9.\" \/>\n<meta name=\"robots\" content=\"index, follow, max-snippet:-1, max-image-preview:large, max-video-preview:-1\" \/>\n<link rel=\"canonical\" href=\"https:\/\/toysmaniacornermonaco.com\/produit\/chapeau-melon-clown\/\" \/>\n<meta property=\"og:locale\" content=\"en_US\" \/>\n<meta property=\"og:type\" content=\"article\" \/>\n<meta property=\"og:title\" content=\"Chapeau melon clown - TOY&#039;S MANIA\" \/>\n<meta property=\"og:description\" content=\"Ajoutez la touche finale parfaite \u00e0 votre costume avec ce chapeau melon de clown pour adulte. Ce chapeau jaune avec des taches multicolores et une bande rouge est id\u00e9al pour les costumes de clown ! Parfait pour les soir\u00e9es d\u00e9guis\u00e9es, Halloween, les \u00e9v\u00e9nements caritatifs, la Journ\u00e9e mondiale du livre, les spectacles scolaires, les productions de clubs de th\u00e9\u00e2tre et bien plus encore. Vous \u00eates s\u00fbr d&#039;\u00eatre le mieux habill\u00e9.\" \/>\n<meta property=\"og:url\" content=\"https:\/\/toysmaniacornermonaco.com\/produit\/chapeau-melon-clown\/\" \/>\n<meta property=\"og:site_name\" content=\"TOY&#039;S MANIA\" \/>\n<meta property=\"article:modified_time\" content=\"2024-01-24T17:22:57+00:00\" \/>\n<meta property=\"og:image\" content=\"https:\/\/toysmaniacornermonaco.com\/wp-content\/uploads\/2024\/01\/chapeau-melon-clown-satin-1.jpg\" \/>\n\t<meta property=\"og:image:width\" content=\"457\" \/>\n\t<meta property=\"og:image:height\" content=\"342\" \/>\n\t<meta property=\"og:image:type\" content=\"image\/jpeg\" \/>\n<meta name=\"twitter:card\" content=\"summary_large_image\" \/>\n<meta name=\"twitter:label1\" content=\"Est. reading time\" \/>\n\t<meta name=\"twitter:data1\" content=\"1 minute\" \/>\n<script type=\"application\/ld+json\" class=\"yoast-schema-graph\">{\"@context\":\"https:\/\/schema.org\",\"@graph\":[{\"@type\":\"WebPage\",\"@id\":\"https:\/\/toysmaniacornermonaco.com\/produit\/chapeau-melon-clown\/\",\"url\":\"https:\/\/toysmaniacornermonaco.com\/produit\/chapeau-melon-clown\/\",\"name\":\"Chapeau melon clown - TOY&#039;S MANIA\",\"isPartOf\":{\"@id\":\"https:\/\/toysmaniacornermonaco.com\/#website\"},\"primaryImageOfPage\":{\"@id\":\"https:\/\/toysmaniacornermonaco.com\/produit\/chapeau-melon-clown\/#primaryimage\"},\"image\":{\"@id\":\"https:\/\/toysmaniacornermonaco.com\/produit\/chapeau-melon-clown\/#primaryimage\"},\"thumbnailUrl\":\"https:\/\/toysmaniacornermonaco.com\/wp-content\/uploads\/2024\/01\/chapeau-melon-clown-satin-1.jpg\",\"datePublished\":\"2024-01-24T17:20:43+00:00\",\"dateModified\":\"2024-01-24T17:22:57+00:00\",\"description\":\"Ajoutez la touche finale parfaite \u00e0 votre costume avec ce chapeau melon de clown pour adulte. Ce chapeau jaune avec des taches multicolores et une bande rouge est id\u00e9al pour les costumes de clown ! Parfait pour les soir\u00e9es d\u00e9guis\u00e9es, Halloween, les \u00e9v\u00e9nements caritatifs, la Journ\u00e9e mondiale du livre, les spectacles scolaires, les productions de clubs de th\u00e9\u00e2tre et bien plus encore. Vous \u00eates s\u00fbr d'\u00eatre le mieux habill\u00e9.\",\"breadcrumb\":{\"@id\":\"https:\/\/toysmaniacornermonaco.com\/produit\/chapeau-melon-clown\/#breadcrumb\"},\"inLanguage\":\"en-US\",\"potentialAction\":[{\"@type\":\"ReadAction\",\"target\":[\"https:\/\/toysmaniacornermonaco.com\/produit\/chapeau-melon-clown\/\"]}]},{\"@type\":\"ImageObject\",\"inLanguage\":\"en-US\",\"@id\":\"https:\/\/toysmaniacornermonaco.com\/produit\/chapeau-melon-clown\/#primaryimage\",\"url\":\"https:\/\/toysmaniacornermonaco.com\/wp-content\/uploads\/2024\/01\/chapeau-melon-clown-satin-1.jpg\",\"contentUrl\":\"https:\/\/toysmaniacornermonaco.com\/wp-content\/uploads\/2024\/01\/chapeau-melon-clown-satin-1.jpg\",\"width\":457,\"height\":342},{\"@type\":\"BreadcrumbList\",\"@id\":\"https:\/\/toysmaniacornermonaco.com\/produit\/chapeau-melon-clown\/#breadcrumb\",\"itemListElement\":[{\"@type\":\"ListItem\",\"position\":1,\"name\":\"Accueil\",\"item\":\"https:\/\/toysmaniacornermonaco.com\/en\/\"},{\"@type\":\"ListItem\",\"position\":2,\"name\":\"Shop\",\"item\":\"https:\/\/toysmaniacornermonaco.com\/en\/shop\/\"},{\"@type\":\"ListItem\",\"position\":3,\"name\":\"Chapeau melon clown\"}]},{\"@type\":\"WebSite\",\"@id\":\"https:\/\/toysmaniacornermonaco.com\/#website\",\"url\":\"https:\/\/toysmaniacornermonaco.com\/\",\"name\":\"TOY&#039;S MANIA\",\"description\":\"VOTRE CONCEPT STORE \u00c0 MONACO\",\"potentialAction\":[{\"@type\":\"SearchAction\",\"target\":{\"@type\":\"EntryPoint\",\"urlTemplate\":\"https:\/\/toysmaniacornermonaco.com\/?s={search_term_string}\"},\"query-input\":\"required name=search_term_string\"}],\"inLanguage\":\"en-US\"}]}<\/script>\n<!-- \/ Yoast SEO plugin. -->","yoast_head_json":{"title":"Chapeau melon clown - TOY&#039;S MANIA","description":"Ajoutez la touche finale parfaite \u00e0 votre costume avec ce chapeau melon de clown pour adulte. Ce chapeau jaune avec des taches multicolores et une bande rouge est id\u00e9al pour les costumes de clown ! Parfait pour les soir\u00e9es d\u00e9guis\u00e9es, Halloween, les \u00e9v\u00e9nements caritatifs, la Journ\u00e9e mondiale du livre, les spectacles scolaires, les productions de clubs de th\u00e9\u00e2tre et bien plus encore. Vous \u00eates s\u00fbr d'\u00eatre le mieux habill\u00e9.","robots":{"index":"index","follow":"follow","max-snippet":"max-snippet:-1","max-image-preview":"max-image-preview:large","max-video-preview":"max-video-preview:-1"},"canonical":"https:\/\/toysmaniacornermonaco.com\/produit\/chapeau-melon-clown\/","og_locale":"en_US","og_type":"article","og_title":"Chapeau melon clown - TOY&#039;S MANIA","og_description":"Ajoutez la touche finale parfaite \u00e0 votre costume avec ce chapeau melon de clown pour adulte. Ce chapeau jaune avec des taches multicolores et une bande rouge est id\u00e9al pour les costumes de clown ! Parfait pour les soir\u00e9es d\u00e9guis\u00e9es, Halloween, les \u00e9v\u00e9nements caritatifs, la Journ\u00e9e mondiale du livre, les spectacles scolaires, les productions de clubs de th\u00e9\u00e2tre et bien plus encore. Vous \u00eates s\u00fbr d'\u00eatre le mieux habill\u00e9.","og_url":"https:\/\/toysmaniacornermonaco.com\/produit\/chapeau-melon-clown\/","og_site_name":"TOY&#039;S MANIA","article_modified_time":"2024-01-24T17:22:57+00:00","og_image":[{"width":457,"height":342,"url":"https:\/\/toysmaniacornermonaco.com\/wp-content\/uploads\/2024\/01\/chapeau-melon-clown-satin-1.jpg","type":"image\/jpeg"}],"twitter_card":"summary_large_image","twitter_misc":{"Est. reading time":"1 minute"},"schema":{"@context":"https:\/\/schema.org","@graph":[{"@type":"WebPage","@id":"https:\/\/toysmaniacornermonaco.com\/produit\/chapeau-melon-clown\/","url":"https:\/\/toysmaniacornermonaco.com\/produit\/chapeau-melon-clown\/","name":"Chapeau melon clown - TOY&#039;S MANIA","isPartOf":{"@id":"https:\/\/toysmaniacornermonaco.com\/#website"},"primaryImageOfPage":{"@id":"https:\/\/toysmaniacornermonaco.com\/produit\/chapeau-melon-clown\/#primaryimage"},"image":{"@id":"https:\/\/toysmaniacornermonaco.com\/produit\/chapeau-melon-clown\/#primaryimage"},"thumbnailUrl":"https:\/\/toysmaniacornermonaco.com\/wp-content\/uploads\/2024\/01\/chapeau-melon-clown-satin-1.jpg","datePublished":"2024-01-24T17:20:43+00:00","dateModified":"2024-01-24T17:22:57+00:00","description":"Ajoutez la touche finale parfaite \u00e0 votre costume avec ce chapeau melon de clown pour adulte. Ce chapeau jaune avec des taches multicolores et une bande rouge est id\u00e9al pour les costumes de clown ! Parfait pour les soir\u00e9es d\u00e9guis\u00e9es, Halloween, les \u00e9v\u00e9nements caritatifs, la Journ\u00e9e mondiale du livre, les spectacles scolaires, les productions de clubs de th\u00e9\u00e2tre et bien plus encore. Vous \u00eates s\u00fbr d'\u00eatre le mieux habill\u00e9.","breadcrumb":{"@id":"https:\/\/toysmaniacornermonaco.com\/produit\/chapeau-melon-clown\/#breadcrumb"},"inLanguage":"en-US","potentialAction":[{"@type":"ReadAction","target":["https:\/\/toysmaniacornermonaco.com\/produit\/chapeau-melon-clown\/"]}]},{"@type":"ImageObject","inLanguage":"en-US","@id":"https:\/\/toysmaniacornermonaco.com\/produit\/chapeau-melon-clown\/#primaryimage","url":"https:\/\/toysmaniacornermonaco.com\/wp-content\/uploads\/2024\/01\/chapeau-melon-clown-satin-1.jpg","contentUrl":"https:\/\/toysmaniacornermonaco.com\/wp-content\/uploads\/2024\/01\/chapeau-melon-clown-satin-1.jpg","width":457,"height":342},{"@type":"BreadcrumbList","@id":"https:\/\/toysmaniacornermonaco.com\/produit\/chapeau-melon-clown\/#breadcrumb","itemListElement":[{"@type":"ListItem","position":1,"name":"Accueil","item":"https:\/\/toysmaniacornermonaco.com\/en\/"},{"@type":"ListItem","position":2,"name":"Shop","item":"https:\/\/toysmaniacornermonaco.com\/en\/shop\/"},{"@type":"ListItem","position":3,"name":"Chapeau melon clown"}]},{"@type":"WebSite","@id":"https:\/\/toysmaniacornermonaco.com\/#website","url":"https:\/\/toysmaniacornermonaco.com\/","name":"TOY&#039;S MANIA","description":"VOTRE CONCEPT STORE \u00c0 MONACO","potentialAction":[{"@type":"SearchAction","target":{"@type":"EntryPoint","urlTemplate":"https:\/\/toysmaniacornermonaco.com\/?s={search_term_string}"},"query-input":"required name=search_term_string"}],"inLanguage":"en-US"}]}},"_links":{"self":[{"href":"https:\/\/toysmaniacornermonaco.com\/en\/wp-json\/wp\/v2\/product\/5027","targetHints":{"allow":["GET"]}}],"collection":[{"href":"https:\/\/toysmaniacornermonaco.com\/en\/wp-json\/wp\/v2\/product"}],"about":[{"href":"https:\/\/toysmaniacornermonaco.com\/en\/wp-json\/wp\/v2\/types\/product"}],"replies":[{"embeddable":true,"href":"https:\/\/toysmaniacornermonaco.com\/en\/wp-json\/wp\/v2\/comments?post=5027"}],"wp:featuredmedia":[{"embeddable":true,"href":"https:\/\/toysmaniacornermonaco.com\/en\/wp-json\/wp\/v2\/media\/5030"}],"wp:attachment":[{"href":"https:\/\/toysmaniacornermonaco.com\/en\/wp-json\/wp\/v2\/media?parent=5027"}],"wp:term":[{"taxonomy":"product_cat","embeddable":true,"href":"https:\/\/toysmaniacornermonaco.com\/en\/wp-json\/wp\/v2\/product_cat?post=5027"},{"taxonomy":"product_tag","embeddable":true,"href":"https:\/\/toysmaniacornermonaco.com\/en\/wp-json\/wp\/v2\/product_tag?post=5027"}],"curies":[{"name":"wp","href":"https:\/\/api.w.org\/{rel}","templated":true}]}}