{"id":5145,"date":"2025-01-20T18:25:23","date_gmt":"2025-01-20T17:25:23","guid":{"rendered":"https:\/\/toysmaniacornermonaco.com\/?post_type=product&#038;p=5145"},"modified":"2025-01-20T19:00:13","modified_gmt":"2025-01-20T18:00:13","slug":"figurine-en-resine-enesco-disney-by-britto-dark-wing-duck-stone","status":"publish","type":"product","link":"https:\/\/toysmaniacornermonaco.com\/en\/produit\/figurine-en-resine-enesco-disney-by-britto-dark-wing-duck-stone\/","title":{"rendered":"Figurine en r\u00e9sine Enesco Disney by Britto Dark Wing Duck Stone"},"content":{"rendered":"<p>Nom Dark Wing Duck Stone<br \/>\nR\u00e9f\u00e9rences : 6001012<br \/>\nHauteur : 20 cm<br \/>\nMati\u00e8re : R\u00e9sine<br \/>\nPeinte \u00e0 la main<br \/>\n\u00ab Pour moi, l&#8217;art est la simple c\u00e9l\u00e9bration des bonnes choses de la vie. C&#8217;est le plus important pour moi \u00bb<br \/>\nRomero Britto a cr\u00e9\u00e9 un style enti\u00e8rement nouveau qui refl\u00e8te sa foi absolue dans le monde. Il a grandi parmi huit fr\u00e8res et s\u0153urs dans une famille tr\u00e8s modeste de la ville de Recife, au Br\u00e9sil. Cependant sa cr\u00e9ativit\u00e9 lui permis d&#8217;articuler sa vie de couleurs vives et d&#8217;images d&#8217;un monde merveilleux. Britto voyagea \u00e0 travers l&#8217;Europe en 1983 afin d&#8217;examiner les \u0153uvres de ses ma\u00eetres.<br \/>\nApr\u00e8s avoir expos\u00e9 dans quelques galeries, il est encourag\u00e9 a voyager aux Etats Unis o\u00f9 le Pop Art se trouvait \u00eatre \u00e0 son apog\u00e9e.<\/p>\n<p>Figurine \u00ab Canard aux ailes sombres \u00bb de la gamme Disney by Britto<\/p>\n<p>Combine des personnages Disney classiques avec des designs pop art<\/p>\n<p>Capture le canard \u00e0 ailes sombres de Disney dans des d\u00e9tails vibrants peints \u00e0 la main<\/p>\n<p>D\u00e9tails pr\u00e9cis fabriqu\u00e9s \u00e0 la main en r\u00e9sine de pierre de haute qualit\u00e9<\/p>\n<p>&nbsp;<\/p>\n","protected":false},"excerpt":{"rendered":"Nom Dark Wing Duck Stone R\u00e9f\u00e9rences : 6001012 Hauteur : 20 cm Mati\u00e8re : R\u00e9sine Peinte \u00e0 la main \u00ab Pour moi, l&#8217;art est la simple c\u00e9l\u00e9bration des bonnes choses de la vie. C&#8217;est le plus important pour moi \u00bb Romero Britto a cr\u00e9\u00e9 un style enti\u00e8rement nouveau qui refl\u00e8te sa foi absolue dans le&#8230; <a class=\"view-article\" href=\"https:\/\/toysmaniacornermonaco.com\/en\/produit\/figurine-en-resine-enesco-disney-by-britto-dark-wing-duck-stone\/\">View Article<\/a>","protected":false},"featured_media":5147,"comment_status":"open","ping_status":"closed","template":"","meta":{"_acf_changed":false},"product_cat":[381,385],"product_tag":[],"class_list":{"0":"post-5145","1":"product","2":"type-product","3":"status-publish","4":"has-post-thumbnail","6":"marque-disney-en","7":"idee_cadeau-children","8":"idee_cadeau-men","9":"idee_cadeau-women","10":"product_cat-decoration-en","11":"product_cat-games-and-toys","12":"product_shipping_class-moyencolis-en","14":"first","15":"instock","16":"taxable","17":"shipping-taxable","18":"purchasable","19":"product-type-simple"},"acf":[],"yoast_head":"<!-- This site is optimized with the Yoast SEO plugin v22.3 - https:\/\/yoast.com\/wordpress\/plugins\/seo\/ -->\n<title>Figurine en r\u00e9sine Enesco Disney by Britto Dark Wing Duck Stone - TOY&#039;S MANIA<\/title>\n<meta name=\"robots\" content=\"index, follow, max-snippet:-1, max-image-preview:large, max-video-preview:-1\" \/>\n<link rel=\"canonical\" href=\"https:\/\/toysmaniacornermonaco.com\/en\/produit\/figurine-en-resine-enesco-disney-by-britto-dark-wing-duck-stone\/\" \/>\n<meta property=\"og:locale\" content=\"en_US\" \/>\n<meta property=\"og:type\" content=\"article\" \/>\n<meta property=\"og:title\" content=\"Figurine en r\u00e9sine Enesco Disney by Britto Dark Wing Duck Stone - TOY&#039;S MANIA\" \/>\n<meta property=\"og:description\" content=\"Nom Dark Wing Duck Stone R\u00e9f\u00e9rences : 6001012 Hauteur : 20 cm Mati\u00e8re : R\u00e9sine Peinte \u00e0 la main \u00ab Pour moi, l&#8217;art est la simple c\u00e9l\u00e9bration des bonnes choses de la vie. C&#8217;est le plus important pour moi \u00bb Romero Britto a cr\u00e9\u00e9 un style enti\u00e8rement nouveau qui refl\u00e8te sa foi absolue dans le... View Article\" \/>\n<meta property=\"og:url\" content=\"https:\/\/toysmaniacornermonaco.com\/en\/produit\/figurine-en-resine-enesco-disney-by-britto-dark-wing-duck-stone\/\" \/>\n<meta property=\"og:site_name\" content=\"TOY&#039;S MANIA\" \/>\n<meta property=\"article:modified_time\" content=\"2025-01-20T18:00:13+00:00\" \/>\n<meta property=\"og:image\" content=\"https:\/\/toysmaniacornermonaco.com\/wp-content\/uploads\/2025\/01\/Image4.png\" \/>\n\t<meta property=\"og:image:width\" content=\"230\" \/>\n\t<meta property=\"og:image:height\" content=\"234\" \/>\n\t<meta property=\"og:image:type\" content=\"image\/png\" \/>\n<meta name=\"twitter:card\" content=\"summary_large_image\" \/>\n<meta name=\"twitter:label1\" content=\"Est. reading time\" \/>\n\t<meta name=\"twitter:data1\" content=\"1 minute\" \/>\n<script type=\"application\/ld+json\" class=\"yoast-schema-graph\">{\"@context\":\"https:\/\/schema.org\",\"@graph\":[{\"@type\":\"WebPage\",\"@id\":\"https:\/\/toysmaniacornermonaco.com\/en\/produit\/figurine-en-resine-enesco-disney-by-britto-dark-wing-duck-stone\/\",\"url\":\"https:\/\/toysmaniacornermonaco.com\/en\/produit\/figurine-en-resine-enesco-disney-by-britto-dark-wing-duck-stone\/\",\"name\":\"Figurine en r\u00e9sine Enesco Disney by Britto Dark Wing Duck Stone - TOY&#039;S MANIA\",\"isPartOf\":{\"@id\":\"https:\/\/toysmaniacornermonaco.com\/#website\"},\"primaryImageOfPage\":{\"@id\":\"https:\/\/toysmaniacornermonaco.com\/en\/produit\/figurine-en-resine-enesco-disney-by-britto-dark-wing-duck-stone\/#primaryimage\"},\"image\":{\"@id\":\"https:\/\/toysmaniacornermonaco.com\/en\/produit\/figurine-en-resine-enesco-disney-by-britto-dark-wing-duck-stone\/#primaryimage\"},\"thumbnailUrl\":\"https:\/\/toysmaniacornermonaco.com\/wp-content\/uploads\/2025\/01\/Image4.png\",\"datePublished\":\"2025-01-20T17:25:23+00:00\",\"dateModified\":\"2025-01-20T18:00:13+00:00\",\"breadcrumb\":{\"@id\":\"https:\/\/toysmaniacornermonaco.com\/en\/produit\/figurine-en-resine-enesco-disney-by-britto-dark-wing-duck-stone\/#breadcrumb\"},\"inLanguage\":\"en-US\",\"potentialAction\":[{\"@type\":\"ReadAction\",\"target\":[\"https:\/\/toysmaniacornermonaco.com\/en\/produit\/figurine-en-resine-enesco-disney-by-britto-dark-wing-duck-stone\/\"]}]},{\"@type\":\"ImageObject\",\"inLanguage\":\"en-US\",\"@id\":\"https:\/\/toysmaniacornermonaco.com\/en\/produit\/figurine-en-resine-enesco-disney-by-britto-dark-wing-duck-stone\/#primaryimage\",\"url\":\"https:\/\/toysmaniacornermonaco.com\/wp-content\/uploads\/2025\/01\/Image4.png\",\"contentUrl\":\"https:\/\/toysmaniacornermonaco.com\/wp-content\/uploads\/2025\/01\/Image4.png\",\"width\":230,\"height\":234},{\"@type\":\"BreadcrumbList\",\"@id\":\"https:\/\/toysmaniacornermonaco.com\/en\/produit\/figurine-en-resine-enesco-disney-by-britto-dark-wing-duck-stone\/#breadcrumb\",\"itemListElement\":[{\"@type\":\"ListItem\",\"position\":1,\"name\":\"Accueil\",\"item\":\"https:\/\/toysmaniacornermonaco.com\/en\/\"},{\"@type\":\"ListItem\",\"position\":2,\"name\":\"Shop\",\"item\":\"https:\/\/toysmaniacornermonaco.com\/en\/shop\/\"},{\"@type\":\"ListItem\",\"position\":3,\"name\":\"Figurine en r\u00e9sine Enesco Disney by Britto Dark Wing Duck Stone\"}]},{\"@type\":\"WebSite\",\"@id\":\"https:\/\/toysmaniacornermonaco.com\/#website\",\"url\":\"https:\/\/toysmaniacornermonaco.com\/\",\"name\":\"TOY&#039;S MANIA\",\"description\":\"VOTRE CONCEPT STORE \u00c0 MONACO\",\"potentialAction\":[{\"@type\":\"SearchAction\",\"target\":{\"@type\":\"EntryPoint\",\"urlTemplate\":\"https:\/\/toysmaniacornermonaco.com\/?s={search_term_string}\"},\"query-input\":\"required name=search_term_string\"}],\"inLanguage\":\"en-US\"}]}<\/script>\n<!-- \/ Yoast SEO plugin. -->","yoast_head_json":{"title":"Figurine en r\u00e9sine Enesco Disney by Britto Dark Wing Duck Stone - TOY&#039;S MANIA","robots":{"index":"index","follow":"follow","max-snippet":"max-snippet:-1","max-image-preview":"max-image-preview:large","max-video-preview":"max-video-preview:-1"},"canonical":"https:\/\/toysmaniacornermonaco.com\/en\/produit\/figurine-en-resine-enesco-disney-by-britto-dark-wing-duck-stone\/","og_locale":"en_US","og_type":"article","og_title":"Figurine en r\u00e9sine Enesco Disney by Britto Dark Wing Duck Stone - TOY&#039;S MANIA","og_description":"Nom Dark Wing Duck Stone R\u00e9f\u00e9rences : 6001012 Hauteur : 20 cm Mati\u00e8re : R\u00e9sine Peinte \u00e0 la main \u00ab Pour moi, l&#8217;art est la simple c\u00e9l\u00e9bration des bonnes choses de la vie. C&#8217;est le plus important pour moi \u00bb Romero Britto a cr\u00e9\u00e9 un style enti\u00e8rement nouveau qui refl\u00e8te sa foi absolue dans le... View Article","og_url":"https:\/\/toysmaniacornermonaco.com\/en\/produit\/figurine-en-resine-enesco-disney-by-britto-dark-wing-duck-stone\/","og_site_name":"TOY&#039;S MANIA","article_modified_time":"2025-01-20T18:00:13+00:00","og_image":[{"width":230,"height":234,"url":"https:\/\/toysmaniacornermonaco.com\/wp-content\/uploads\/2025\/01\/Image4.png","type":"image\/png"}],"twitter_card":"summary_large_image","twitter_misc":{"Est. reading time":"1 minute"},"schema":{"@context":"https:\/\/schema.org","@graph":[{"@type":"WebPage","@id":"https:\/\/toysmaniacornermonaco.com\/en\/produit\/figurine-en-resine-enesco-disney-by-britto-dark-wing-duck-stone\/","url":"https:\/\/toysmaniacornermonaco.com\/en\/produit\/figurine-en-resine-enesco-disney-by-britto-dark-wing-duck-stone\/","name":"Figurine en r\u00e9sine Enesco Disney by Britto Dark Wing Duck Stone - TOY&#039;S MANIA","isPartOf":{"@id":"https:\/\/toysmaniacornermonaco.com\/#website"},"primaryImageOfPage":{"@id":"https:\/\/toysmaniacornermonaco.com\/en\/produit\/figurine-en-resine-enesco-disney-by-britto-dark-wing-duck-stone\/#primaryimage"},"image":{"@id":"https:\/\/toysmaniacornermonaco.com\/en\/produit\/figurine-en-resine-enesco-disney-by-britto-dark-wing-duck-stone\/#primaryimage"},"thumbnailUrl":"https:\/\/toysmaniacornermonaco.com\/wp-content\/uploads\/2025\/01\/Image4.png","datePublished":"2025-01-20T17:25:23+00:00","dateModified":"2025-01-20T18:00:13+00:00","breadcrumb":{"@id":"https:\/\/toysmaniacornermonaco.com\/en\/produit\/figurine-en-resine-enesco-disney-by-britto-dark-wing-duck-stone\/#breadcrumb"},"inLanguage":"en-US","potentialAction":[{"@type":"ReadAction","target":["https:\/\/toysmaniacornermonaco.com\/en\/produit\/figurine-en-resine-enesco-disney-by-britto-dark-wing-duck-stone\/"]}]},{"@type":"ImageObject","inLanguage":"en-US","@id":"https:\/\/toysmaniacornermonaco.com\/en\/produit\/figurine-en-resine-enesco-disney-by-britto-dark-wing-duck-stone\/#primaryimage","url":"https:\/\/toysmaniacornermonaco.com\/wp-content\/uploads\/2025\/01\/Image4.png","contentUrl":"https:\/\/toysmaniacornermonaco.com\/wp-content\/uploads\/2025\/01\/Image4.png","width":230,"height":234},{"@type":"BreadcrumbList","@id":"https:\/\/toysmaniacornermonaco.com\/en\/produit\/figurine-en-resine-enesco-disney-by-britto-dark-wing-duck-stone\/#breadcrumb","itemListElement":[{"@type":"ListItem","position":1,"name":"Accueil","item":"https:\/\/toysmaniacornermonaco.com\/en\/"},{"@type":"ListItem","position":2,"name":"Shop","item":"https:\/\/toysmaniacornermonaco.com\/en\/shop\/"},{"@type":"ListItem","position":3,"name":"Figurine en r\u00e9sine Enesco Disney by Britto Dark Wing Duck Stone"}]},{"@type":"WebSite","@id":"https:\/\/toysmaniacornermonaco.com\/#website","url":"https:\/\/toysmaniacornermonaco.com\/","name":"TOY&#039;S MANIA","description":"VOTRE CONCEPT STORE \u00c0 MONACO","potentialAction":[{"@type":"SearchAction","target":{"@type":"EntryPoint","urlTemplate":"https:\/\/toysmaniacornermonaco.com\/?s={search_term_string}"},"query-input":"required name=search_term_string"}],"inLanguage":"en-US"}]}},"_links":{"self":[{"href":"https:\/\/toysmaniacornermonaco.com\/en\/wp-json\/wp\/v2\/product\/5145","targetHints":{"allow":["GET"]}}],"collection":[{"href":"https:\/\/toysmaniacornermonaco.com\/en\/wp-json\/wp\/v2\/product"}],"about":[{"href":"https:\/\/toysmaniacornermonaco.com\/en\/wp-json\/wp\/v2\/types\/product"}],"replies":[{"embeddable":true,"href":"https:\/\/toysmaniacornermonaco.com\/en\/wp-json\/wp\/v2\/comments?post=5145"}],"wp:featuredmedia":[{"embeddable":true,"href":"https:\/\/toysmaniacornermonaco.com\/en\/wp-json\/wp\/v2\/media\/5147"}],"wp:attachment":[{"href":"https:\/\/toysmaniacornermonaco.com\/en\/wp-json\/wp\/v2\/media?parent=5145"}],"wp:term":[{"taxonomy":"product_cat","embeddable":true,"href":"https:\/\/toysmaniacornermonaco.com\/en\/wp-json\/wp\/v2\/product_cat?post=5145"},{"taxonomy":"product_tag","embeddable":true,"href":"https:\/\/toysmaniacornermonaco.com\/en\/wp-json\/wp\/v2\/product_tag?post=5145"}],"curies":[{"name":"wp","href":"https:\/\/api.w.org\/{rel}","templated":true}]}}