{"id":5151,"date":"2025-01-20T18:42:39","date_gmt":"2025-01-20T17:42:39","guid":{"rendered":"https:\/\/toysmaniacornermonaco.com\/?post_type=product&#038;p=5151"},"modified":"2025-01-21T12:18:13","modified_gmt":"2025-01-21T11:18:13","slug":"figurine-mickey-sorcier-disney-by-britto","status":"publish","type":"product","link":"https:\/\/toysmaniacornermonaco.com\/en\/produit\/figurine-mickey-sorcier-disney-by-britto\/","title":{"rendered":"Figurine Mickey Sorcier &#8211; Disney by Britto\u00a0"},"content":{"rendered":"<p>Nom : Figurine Mickey Sorcier &#8211; Disney by Britto<br \/>\nR\u00e9f\u00e9rence : 4030815<\/p>\n<p>Taille : 20 CM de hauteur<br \/>\nMati\u00e8re : R\u00e9sine<\/p>\n<p>Disney\u00a0 Mickey Mouse Figurine 6010305 by Romero Britto<\/p>\n<p>&#8220;Disney Britto est une collection qui capture le fun et la fantaisie des personnages de Disney \u00e0 travers les designs embl\u00e9matiques, audacieux et color\u00e9s de l&#8217;artiste br\u00e9silien, Romero Britto, dont les peintures et les sculptures sont expos\u00e9es dans plus de 100 galeries \u00e0 travers le monde. Chaque figurine est faite en r\u00e9sine avec une finition haute brillance, soigneusement peinte \u00e0 la main et pr\u00e9sent\u00e9e dans une bo\u00eete cadeau. Cette figurine est peinte \u00e0 la main, tr\u00e8s belles finitions et sign\u00e9e par Rom\u00e9ro Britto pour Disney<br \/>\nRomero Britto est un artiste, peintre et sculpteur br\u00e9silien n\u00e9 \u00e0 Recife le 6 octobre 1963. Son \u0153uvre pr\u00e9sente des \u00e9l\u00e9ments de pop art, de cubisme et de graffiti. Il a r\u00e9alis\u00e9 sa premi\u00e8re exposition \u00e0 14 ans. Dans sa jeunesse, il a visit\u00e9 de nombreux pays d&#8217;Europe. \u00c9tabli \u00e0 Miami, il a install\u00e9 son atelier dans le quartier de Coconut Grove, o\u00f9 il expose ses \u0153uvres dans les rues.<br \/>\nRomero Britto est un artiste, peintre et sculpteur br\u00e9silien n\u00e9 \u00e0 Recife le 6 octobre 1963. Son \u0153uvre pr\u00e9sente des \u00e9l\u00e9ments de pop art, de cubisme et de graffiti. Il a r\u00e9alis\u00e9 sa premi\u00e8re exposition \u00e0 14 ans. Dans sa jeunesse, il a visit\u00e9 de nombreux pays d&#8217;Europe. \u00c9tabli \u00e0 Miami, il a install\u00e9 son atelier dans le quartier de Coconut Grove, o\u00f9 il expose ses \u0153uvres dans les rues.<br \/>\n\u00ab Pour moi, l&#8217;art est la simple c\u00e9l\u00e9bration des bonnes choses de la vie. C&#8217;est le plus important pour moi \u00bb<br \/>\nRomero Britto a cr\u00e9\u00e9 un style enti\u00e8rement nouveau qui refl\u00e8te sa foi absolue dans le monde. Il a grandi parmi huit fr\u00e8res et s\u0153urs dans une famille tr\u00e8s modeste de la ville de Recife, au Br\u00e9sil. Cependant sa cr\u00e9ativit\u00e9 lui permis d&#8217;articuler sa vie de couleurs vives et d&#8217;images d&#8217;un monde merveilleux. Britto voyagea \u00e0 travers l&#8217;Europe en 1983 afin d&#8217;examiner les \u0153uvres de ses ma\u00eetres.<br \/>\nApr\u00e8s avoir expos\u00e9 dans quelques galeries, il est encourag\u00e9 a voyager aux Etats Unis o\u00f9 le Pop Art se trouvait \u00eatre \u00e0 son apog\u00e9e.<\/p>\n<p>Statuette sous licence officielle Disney \u00e0 l&#8217;effigie de la souris la plus c\u00e9l\u00e8bre au Monde : Mickey. Cette statuette fait partie de la collection Disney sign\u00e9e Rom\u00e9ro Britto, un artiste complet qui combine le cubisme, le pop art et le graffiti. Elle repr\u00e9sente Mickey d\u00e9guis\u00e9 en apprenti sorcier avec son chapeau viss\u00e9 sur la t\u00eate et sa baguette magique \u00e0 la main.La statuette est peinte \u00e0 la main et sculpt\u00e9e dans de la r\u00e9sine de haute qualit\u00e9. Elle dispose donc de couleurs vivres et intenses ainsi que de finitions soign\u00e9es.<\/p>\n","protected":false},"excerpt":{"rendered":"Nom : Figurine Mickey Sorcier &#8211; Disney by Britto R\u00e9f\u00e9rence : 4030815 Taille : 20 CM de hauteur Mati\u00e8re : R\u00e9sine Disney\u00a0 Mickey Mouse Figurine 6010305 by Romero Britto &#8220;Disney Britto est une collection qui capture le fun et la fantaisie des personnages de Disney \u00e0 travers les designs embl\u00e9matiques, audacieux et color\u00e9s de l&#8217;artiste&#8230; <a class=\"view-article\" href=\"https:\/\/toysmaniacornermonaco.com\/en\/produit\/figurine-mickey-sorcier-disney-by-britto\/\">View Article<\/a>","protected":false},"featured_media":5153,"comment_status":"open","ping_status":"closed","template":"","meta":{"_acf_changed":false},"product_cat":[381,385],"product_tag":[],"class_list":{"0":"post-5151","1":"product","2":"type-product","3":"status-publish","4":"has-post-thumbnail","6":"marque-disney-en","7":"idee_cadeau-children","8":"idee_cadeau-men","9":"idee_cadeau-women","10":"product_cat-decoration-en","11":"product_cat-games-and-toys","12":"product_shipping_class-moyencolis-en","14":"first","15":"instock","16":"taxable","17":"shipping-taxable","18":"purchasable","19":"product-type-simple"},"acf":[],"yoast_head":"<!-- This site is optimized with the Yoast SEO plugin v22.3 - https:\/\/yoast.com\/wordpress\/plugins\/seo\/ -->\n<title>Figurine Mickey Sorcier - Disney by Britto\u00a0 - TOY&#039;S MANIA<\/title>\n<meta name=\"robots\" content=\"index, follow, max-snippet:-1, max-image-preview:large, max-video-preview:-1\" \/>\n<link rel=\"canonical\" href=\"https:\/\/toysmaniacornermonaco.com\/produit\/figurine-mickey-sorcier-disney-by-britto\/\" \/>\n<meta property=\"og:locale\" content=\"en_US\" \/>\n<meta property=\"og:type\" content=\"article\" \/>\n<meta property=\"og:title\" content=\"Figurine Mickey Sorcier - Disney by Britto\u00a0 - TOY&#039;S MANIA\" \/>\n<meta property=\"og:description\" content=\"Nom : Figurine Mickey Sorcier &#8211; Disney by Britto R\u00e9f\u00e9rence : 4030815 Taille : 20 CM de hauteur Mati\u00e8re : R\u00e9sine Disney\u00a0 Mickey Mouse Figurine 6010305 by Romero Britto &#8220;Disney Britto est une collection qui capture le fun et la fantaisie des personnages de Disney \u00e0 travers les designs embl\u00e9matiques, audacieux et color\u00e9s de l&#8217;artiste... View Article\" \/>\n<meta property=\"og:url\" content=\"https:\/\/toysmaniacornermonaco.com\/produit\/figurine-mickey-sorcier-disney-by-britto\/\" \/>\n<meta property=\"og:site_name\" content=\"TOY&#039;S MANIA\" \/>\n<meta property=\"article:modified_time\" content=\"2025-01-21T11:18:13+00:00\" \/>\n<meta property=\"og:image\" content=\"https:\/\/toysmaniacornermonaco.com\/wp-content\/uploads\/2025\/01\/Statuette-Mickey-Disney-by-Britto-L-apprenti-Sorcier.jpg\" \/>\n\t<meta property=\"og:image:width\" content=\"340\" \/>\n\t<meta property=\"og:image:height\" content=\"340\" \/>\n\t<meta property=\"og:image:type\" content=\"image\/jpeg\" \/>\n<meta name=\"twitter:card\" content=\"summary_large_image\" \/>\n<meta name=\"twitter:label1\" content=\"Est. reading time\" \/>\n\t<meta name=\"twitter:data1\" content=\"3 minutes\" \/>\n<script type=\"application\/ld+json\" class=\"yoast-schema-graph\">{\"@context\":\"https:\/\/schema.org\",\"@graph\":[{\"@type\":\"WebPage\",\"@id\":\"https:\/\/toysmaniacornermonaco.com\/produit\/figurine-mickey-sorcier-disney-by-britto\/\",\"url\":\"https:\/\/toysmaniacornermonaco.com\/produit\/figurine-mickey-sorcier-disney-by-britto\/\",\"name\":\"Figurine Mickey Sorcier - Disney by Britto\u00a0 - TOY&#039;S MANIA\",\"isPartOf\":{\"@id\":\"https:\/\/toysmaniacornermonaco.com\/#website\"},\"primaryImageOfPage\":{\"@id\":\"https:\/\/toysmaniacornermonaco.com\/produit\/figurine-mickey-sorcier-disney-by-britto\/#primaryimage\"},\"image\":{\"@id\":\"https:\/\/toysmaniacornermonaco.com\/produit\/figurine-mickey-sorcier-disney-by-britto\/#primaryimage\"},\"thumbnailUrl\":\"https:\/\/toysmaniacornermonaco.com\/wp-content\/uploads\/2025\/01\/Statuette-Mickey-Disney-by-Britto-L-apprenti-Sorcier.jpg\",\"datePublished\":\"2025-01-20T17:42:39+00:00\",\"dateModified\":\"2025-01-21T11:18:13+00:00\",\"breadcrumb\":{\"@id\":\"https:\/\/toysmaniacornermonaco.com\/produit\/figurine-mickey-sorcier-disney-by-britto\/#breadcrumb\"},\"inLanguage\":\"en-US\",\"potentialAction\":[{\"@type\":\"ReadAction\",\"target\":[\"https:\/\/toysmaniacornermonaco.com\/produit\/figurine-mickey-sorcier-disney-by-britto\/\"]}]},{\"@type\":\"ImageObject\",\"inLanguage\":\"en-US\",\"@id\":\"https:\/\/toysmaniacornermonaco.com\/produit\/figurine-mickey-sorcier-disney-by-britto\/#primaryimage\",\"url\":\"https:\/\/toysmaniacornermonaco.com\/wp-content\/uploads\/2025\/01\/Statuette-Mickey-Disney-by-Britto-L-apprenti-Sorcier.jpg\",\"contentUrl\":\"https:\/\/toysmaniacornermonaco.com\/wp-content\/uploads\/2025\/01\/Statuette-Mickey-Disney-by-Britto-L-apprenti-Sorcier.jpg\",\"width\":340,\"height\":340},{\"@type\":\"BreadcrumbList\",\"@id\":\"https:\/\/toysmaniacornermonaco.com\/produit\/figurine-mickey-sorcier-disney-by-britto\/#breadcrumb\",\"itemListElement\":[{\"@type\":\"ListItem\",\"position\":1,\"name\":\"Accueil\",\"item\":\"https:\/\/toysmaniacornermonaco.com\/en\/\"},{\"@type\":\"ListItem\",\"position\":2,\"name\":\"Shop\",\"item\":\"https:\/\/toysmaniacornermonaco.com\/en\/shop\/\"},{\"@type\":\"ListItem\",\"position\":3,\"name\":\"Figurine Mickey Sorcier &#8211; Disney by Britto\u00a0\"}]},{\"@type\":\"WebSite\",\"@id\":\"https:\/\/toysmaniacornermonaco.com\/#website\",\"url\":\"https:\/\/toysmaniacornermonaco.com\/\",\"name\":\"TOY&#039;S MANIA\",\"description\":\"VOTRE CONCEPT STORE \u00c0 MONACO\",\"potentialAction\":[{\"@type\":\"SearchAction\",\"target\":{\"@type\":\"EntryPoint\",\"urlTemplate\":\"https:\/\/toysmaniacornermonaco.com\/?s={search_term_string}\"},\"query-input\":\"required name=search_term_string\"}],\"inLanguage\":\"en-US\"}]}<\/script>\n<!-- \/ Yoast SEO plugin. -->","yoast_head_json":{"title":"Figurine Mickey Sorcier - Disney by Britto\u00a0 - TOY&#039;S MANIA","robots":{"index":"index","follow":"follow","max-snippet":"max-snippet:-1","max-image-preview":"max-image-preview:large","max-video-preview":"max-video-preview:-1"},"canonical":"https:\/\/toysmaniacornermonaco.com\/produit\/figurine-mickey-sorcier-disney-by-britto\/","og_locale":"en_US","og_type":"article","og_title":"Figurine Mickey Sorcier - Disney by Britto\u00a0 - TOY&#039;S MANIA","og_description":"Nom : Figurine Mickey Sorcier &#8211; Disney by Britto R\u00e9f\u00e9rence : 4030815 Taille : 20 CM de hauteur Mati\u00e8re : R\u00e9sine Disney\u00a0 Mickey Mouse Figurine 6010305 by Romero Britto &#8220;Disney Britto est une collection qui capture le fun et la fantaisie des personnages de Disney \u00e0 travers les designs embl\u00e9matiques, audacieux et color\u00e9s de l&#8217;artiste... View Article","og_url":"https:\/\/toysmaniacornermonaco.com\/produit\/figurine-mickey-sorcier-disney-by-britto\/","og_site_name":"TOY&#039;S MANIA","article_modified_time":"2025-01-21T11:18:13+00:00","og_image":[{"width":340,"height":340,"url":"https:\/\/toysmaniacornermonaco.com\/wp-content\/uploads\/2025\/01\/Statuette-Mickey-Disney-by-Britto-L-apprenti-Sorcier.jpg","type":"image\/jpeg"}],"twitter_card":"summary_large_image","twitter_misc":{"Est. reading time":"3 minutes"},"schema":{"@context":"https:\/\/schema.org","@graph":[{"@type":"WebPage","@id":"https:\/\/toysmaniacornermonaco.com\/produit\/figurine-mickey-sorcier-disney-by-britto\/","url":"https:\/\/toysmaniacornermonaco.com\/produit\/figurine-mickey-sorcier-disney-by-britto\/","name":"Figurine Mickey Sorcier - Disney by Britto\u00a0 - TOY&#039;S MANIA","isPartOf":{"@id":"https:\/\/toysmaniacornermonaco.com\/#website"},"primaryImageOfPage":{"@id":"https:\/\/toysmaniacornermonaco.com\/produit\/figurine-mickey-sorcier-disney-by-britto\/#primaryimage"},"image":{"@id":"https:\/\/toysmaniacornermonaco.com\/produit\/figurine-mickey-sorcier-disney-by-britto\/#primaryimage"},"thumbnailUrl":"https:\/\/toysmaniacornermonaco.com\/wp-content\/uploads\/2025\/01\/Statuette-Mickey-Disney-by-Britto-L-apprenti-Sorcier.jpg","datePublished":"2025-01-20T17:42:39+00:00","dateModified":"2025-01-21T11:18:13+00:00","breadcrumb":{"@id":"https:\/\/toysmaniacornermonaco.com\/produit\/figurine-mickey-sorcier-disney-by-britto\/#breadcrumb"},"inLanguage":"en-US","potentialAction":[{"@type":"ReadAction","target":["https:\/\/toysmaniacornermonaco.com\/produit\/figurine-mickey-sorcier-disney-by-britto\/"]}]},{"@type":"ImageObject","inLanguage":"en-US","@id":"https:\/\/toysmaniacornermonaco.com\/produit\/figurine-mickey-sorcier-disney-by-britto\/#primaryimage","url":"https:\/\/toysmaniacornermonaco.com\/wp-content\/uploads\/2025\/01\/Statuette-Mickey-Disney-by-Britto-L-apprenti-Sorcier.jpg","contentUrl":"https:\/\/toysmaniacornermonaco.com\/wp-content\/uploads\/2025\/01\/Statuette-Mickey-Disney-by-Britto-L-apprenti-Sorcier.jpg","width":340,"height":340},{"@type":"BreadcrumbList","@id":"https:\/\/toysmaniacornermonaco.com\/produit\/figurine-mickey-sorcier-disney-by-britto\/#breadcrumb","itemListElement":[{"@type":"ListItem","position":1,"name":"Accueil","item":"https:\/\/toysmaniacornermonaco.com\/en\/"},{"@type":"ListItem","position":2,"name":"Shop","item":"https:\/\/toysmaniacornermonaco.com\/en\/shop\/"},{"@type":"ListItem","position":3,"name":"Figurine Mickey Sorcier &#8211; Disney by Britto\u00a0"}]},{"@type":"WebSite","@id":"https:\/\/toysmaniacornermonaco.com\/#website","url":"https:\/\/toysmaniacornermonaco.com\/","name":"TOY&#039;S MANIA","description":"VOTRE CONCEPT STORE \u00c0 MONACO","potentialAction":[{"@type":"SearchAction","target":{"@type":"EntryPoint","urlTemplate":"https:\/\/toysmaniacornermonaco.com\/?s={search_term_string}"},"query-input":"required name=search_term_string"}],"inLanguage":"en-US"}]}},"_links":{"self":[{"href":"https:\/\/toysmaniacornermonaco.com\/en\/wp-json\/wp\/v2\/product\/5151","targetHints":{"allow":["GET"]}}],"collection":[{"href":"https:\/\/toysmaniacornermonaco.com\/en\/wp-json\/wp\/v2\/product"}],"about":[{"href":"https:\/\/toysmaniacornermonaco.com\/en\/wp-json\/wp\/v2\/types\/product"}],"replies":[{"embeddable":true,"href":"https:\/\/toysmaniacornermonaco.com\/en\/wp-json\/wp\/v2\/comments?post=5151"}],"wp:featuredmedia":[{"embeddable":true,"href":"https:\/\/toysmaniacornermonaco.com\/en\/wp-json\/wp\/v2\/media\/5153"}],"wp:attachment":[{"href":"https:\/\/toysmaniacornermonaco.com\/en\/wp-json\/wp\/v2\/media?parent=5151"}],"wp:term":[{"taxonomy":"product_cat","embeddable":true,"href":"https:\/\/toysmaniacornermonaco.com\/en\/wp-json\/wp\/v2\/product_cat?post=5151"},{"taxonomy":"product_tag","embeddable":true,"href":"https:\/\/toysmaniacornermonaco.com\/en\/wp-json\/wp\/v2\/product_tag?post=5151"}],"curies":[{"name":"wp","href":"https:\/\/api.w.org\/{rel}","templated":true}]}}