{"id":5197,"date":"2025-01-21T18:02:51","date_gmt":"2025-01-21T17:02:51","guid":{"rendered":"https:\/\/toysmaniacornermonaco.com\/?post_type=product&#038;p=5197"},"modified":"2025-01-21T18:16:28","modified_gmt":"2025-01-21T17:16:28","slug":"jiminy-cricket-pinocchio-britto-disney-figurine-2","status":"publish","type":"product","link":"https:\/\/toysmaniacornermonaco.com\/en\/produit\/jiminy-cricket-pinocchio-britto-disney-figurine-2\/","title":{"rendered":"JIMINY CRICKET PINOCCHIO &#8211; BRITTO DISNEY FIGURINE"},"content":{"rendered":"<p>Nom : JIMINY CRICKET PINOCCHIO DISNEY BRITTO<\/p>\n<p>R\u00e9f\u00e9rence\u00a0: 6015552<\/p>\n<p>H : 20,3 cm L : 7,9 cm P : 14,6 cm<\/p>\n<p>Mati\u00e8re : R\u00e9sine<\/p>\n<p>Peinte \u00e0 la main<\/p>\n<p>Inspir\u00e9 par l&#8217;embl\u00e9matique acolyte de Pinocchio de Disney, Romero Britto a ajout\u00e9 sa marque de fabrique en utilisant la couleur et le motif au personnage Jiminy Cricket sur cette superbe figurine peinte \u00e0 la main. Des bleus, des rouges, des verts et des jaunes audacieux se combinent pour cr\u00e9er une pi\u00e8ce d&#8217;exposition unique et accrocheuse, parfaite pour les fans de Disney, les collectionneurs passionn\u00e9s et les amoureux du style artistique de Romero Britto. Ce n&#8217;est pas un jouet ni un produit pour enfants. Destin\u00e9 aux adultes uniquement.<\/p>\n","protected":false},"excerpt":{"rendered":"Nom : JIMINY CRICKET PINOCCHIO DISNEY BRITTO R\u00e9f\u00e9rence\u00a0: 6015552 H : 20,3 cm L : 7,9 cm P : 14,6 cm Mati\u00e8re : R\u00e9sine Peinte \u00e0 la main Inspir\u00e9 par l&#8217;embl\u00e9matique acolyte de Pinocchio de Disney, Romero Britto a ajout\u00e9 sa marque de fabrique en utilisant la couleur et le motif au personnage Jiminy Cricket&#8230; <a class=\"view-article\" href=\"https:\/\/toysmaniacornermonaco.com\/en\/produit\/jiminy-cricket-pinocchio-britto-disney-figurine-2\/\">View Article<\/a>","protected":false},"featured_media":5199,"comment_status":"open","ping_status":"closed","template":"","meta":{"_acf_changed":false},"product_cat":[381,385],"product_tag":[],"class_list":{"0":"post-5197","1":"product","2":"type-product","3":"status-publish","4":"has-post-thumbnail","6":"marque-disney-en","7":"idee_cadeau-children","8":"idee_cadeau-men","9":"idee_cadeau-women","10":"product_cat-decoration-en","11":"product_cat-games-and-toys","12":"product_shipping_class-moyencolis-en","14":"first","15":"instock","16":"taxable","17":"shipping-taxable","18":"purchasable","19":"product-type-simple"},"acf":[],"yoast_head":"<!-- This site is optimized with the Yoast SEO plugin v22.3 - https:\/\/yoast.com\/wordpress\/plugins\/seo\/ -->\n<title>JIMINY CRICKET PINOCCHIO - BRITTO DISNEY FIGURINE - TOY&#039;S MANIA<\/title>\n<meta name=\"robots\" content=\"index, follow, max-snippet:-1, max-image-preview:large, max-video-preview:-1\" \/>\n<link rel=\"canonical\" href=\"https:\/\/toysmaniacornermonaco.com\/produit\/jiminy-cricket-pinocchio-britto-disney-figurine-2\/\" \/>\n<meta property=\"og:locale\" content=\"en_US\" \/>\n<meta property=\"og:type\" content=\"article\" \/>\n<meta property=\"og:title\" content=\"JIMINY CRICKET PINOCCHIO - BRITTO DISNEY FIGURINE - TOY&#039;S MANIA\" \/>\n<meta property=\"og:description\" content=\"Nom : JIMINY CRICKET PINOCCHIO DISNEY BRITTO R\u00e9f\u00e9rence\u00a0: 6015552 H : 20,3 cm L : 7,9 cm P : 14,6 cm Mati\u00e8re : R\u00e9sine Peinte \u00e0 la main Inspir\u00e9 par l&#8217;embl\u00e9matique acolyte de Pinocchio de Disney, Romero Britto a ajout\u00e9 sa marque de fabrique en utilisant la couleur et le motif au personnage Jiminy Cricket... View Article\" \/>\n<meta property=\"og:url\" content=\"https:\/\/toysmaniacornermonaco.com\/produit\/jiminy-cricket-pinocchio-britto-disney-figurine-2\/\" \/>\n<meta property=\"og:site_name\" content=\"TOY&#039;S MANIA\" \/>\n<meta property=\"article:modified_time\" content=\"2025-01-21T17:16:28+00:00\" \/>\n<meta property=\"og:image\" content=\"https:\/\/toysmaniacornermonaco.com\/wp-content\/uploads\/2025\/01\/6015552.png\" \/>\n\t<meta property=\"og:image:width\" content=\"800\" \/>\n\t<meta property=\"og:image:height\" content=\"800\" \/>\n\t<meta property=\"og:image:type\" content=\"image\/png\" \/>\n<meta name=\"twitter:card\" content=\"summary_large_image\" \/>\n<meta name=\"twitter:label1\" content=\"Est. reading time\" \/>\n\t<meta name=\"twitter:data1\" content=\"1 minute\" \/>\n<script type=\"application\/ld+json\" class=\"yoast-schema-graph\">{\"@context\":\"https:\/\/schema.org\",\"@graph\":[{\"@type\":\"WebPage\",\"@id\":\"https:\/\/toysmaniacornermonaco.com\/produit\/jiminy-cricket-pinocchio-britto-disney-figurine-2\/\",\"url\":\"https:\/\/toysmaniacornermonaco.com\/produit\/jiminy-cricket-pinocchio-britto-disney-figurine-2\/\",\"name\":\"JIMINY CRICKET PINOCCHIO - BRITTO DISNEY FIGURINE - TOY&#039;S MANIA\",\"isPartOf\":{\"@id\":\"https:\/\/toysmaniacornermonaco.com\/#website\"},\"primaryImageOfPage\":{\"@id\":\"https:\/\/toysmaniacornermonaco.com\/produit\/jiminy-cricket-pinocchio-britto-disney-figurine-2\/#primaryimage\"},\"image\":{\"@id\":\"https:\/\/toysmaniacornermonaco.com\/produit\/jiminy-cricket-pinocchio-britto-disney-figurine-2\/#primaryimage\"},\"thumbnailUrl\":\"https:\/\/toysmaniacornermonaco.com\/wp-content\/uploads\/2025\/01\/6015552.png\",\"datePublished\":\"2025-01-21T17:02:51+00:00\",\"dateModified\":\"2025-01-21T17:16:28+00:00\",\"breadcrumb\":{\"@id\":\"https:\/\/toysmaniacornermonaco.com\/produit\/jiminy-cricket-pinocchio-britto-disney-figurine-2\/#breadcrumb\"},\"inLanguage\":\"en-US\",\"potentialAction\":[{\"@type\":\"ReadAction\",\"target\":[\"https:\/\/toysmaniacornermonaco.com\/produit\/jiminy-cricket-pinocchio-britto-disney-figurine-2\/\"]}]},{\"@type\":\"ImageObject\",\"inLanguage\":\"en-US\",\"@id\":\"https:\/\/toysmaniacornermonaco.com\/produit\/jiminy-cricket-pinocchio-britto-disney-figurine-2\/#primaryimage\",\"url\":\"https:\/\/toysmaniacornermonaco.com\/wp-content\/uploads\/2025\/01\/6015552.png\",\"contentUrl\":\"https:\/\/toysmaniacornermonaco.com\/wp-content\/uploads\/2025\/01\/6015552.png\",\"width\":800,\"height\":800},{\"@type\":\"BreadcrumbList\",\"@id\":\"https:\/\/toysmaniacornermonaco.com\/produit\/jiminy-cricket-pinocchio-britto-disney-figurine-2\/#breadcrumb\",\"itemListElement\":[{\"@type\":\"ListItem\",\"position\":1,\"name\":\"Accueil\",\"item\":\"https:\/\/toysmaniacornermonaco.com\/en\/\"},{\"@type\":\"ListItem\",\"position\":2,\"name\":\"Shop\",\"item\":\"https:\/\/toysmaniacornermonaco.com\/en\/shop\/\"},{\"@type\":\"ListItem\",\"position\":3,\"name\":\"JIMINY CRICKET PINOCCHIO &#8211; BRITTO DISNEY FIGURINE\"}]},{\"@type\":\"WebSite\",\"@id\":\"https:\/\/toysmaniacornermonaco.com\/#website\",\"url\":\"https:\/\/toysmaniacornermonaco.com\/\",\"name\":\"TOY&#039;S MANIA\",\"description\":\"VOTRE CONCEPT STORE \u00c0 MONACO\",\"potentialAction\":[{\"@type\":\"SearchAction\",\"target\":{\"@type\":\"EntryPoint\",\"urlTemplate\":\"https:\/\/toysmaniacornermonaco.com\/?s={search_term_string}\"},\"query-input\":\"required name=search_term_string\"}],\"inLanguage\":\"en-US\"}]}<\/script>\n<!-- \/ Yoast SEO plugin. -->","yoast_head_json":{"title":"JIMINY CRICKET PINOCCHIO - BRITTO DISNEY FIGURINE - TOY&#039;S MANIA","robots":{"index":"index","follow":"follow","max-snippet":"max-snippet:-1","max-image-preview":"max-image-preview:large","max-video-preview":"max-video-preview:-1"},"canonical":"https:\/\/toysmaniacornermonaco.com\/produit\/jiminy-cricket-pinocchio-britto-disney-figurine-2\/","og_locale":"en_US","og_type":"article","og_title":"JIMINY CRICKET PINOCCHIO - BRITTO DISNEY FIGURINE - TOY&#039;S MANIA","og_description":"Nom : JIMINY CRICKET PINOCCHIO DISNEY BRITTO R\u00e9f\u00e9rence\u00a0: 6015552 H : 20,3 cm L : 7,9 cm P : 14,6 cm Mati\u00e8re : R\u00e9sine Peinte \u00e0 la main Inspir\u00e9 par l&#8217;embl\u00e9matique acolyte de Pinocchio de Disney, Romero Britto a ajout\u00e9 sa marque de fabrique en utilisant la couleur et le motif au personnage Jiminy Cricket... View Article","og_url":"https:\/\/toysmaniacornermonaco.com\/produit\/jiminy-cricket-pinocchio-britto-disney-figurine-2\/","og_site_name":"TOY&#039;S MANIA","article_modified_time":"2025-01-21T17:16:28+00:00","og_image":[{"width":800,"height":800,"url":"https:\/\/toysmaniacornermonaco.com\/wp-content\/uploads\/2025\/01\/6015552.png","type":"image\/png"}],"twitter_card":"summary_large_image","twitter_misc":{"Est. reading time":"1 minute"},"schema":{"@context":"https:\/\/schema.org","@graph":[{"@type":"WebPage","@id":"https:\/\/toysmaniacornermonaco.com\/produit\/jiminy-cricket-pinocchio-britto-disney-figurine-2\/","url":"https:\/\/toysmaniacornermonaco.com\/produit\/jiminy-cricket-pinocchio-britto-disney-figurine-2\/","name":"JIMINY CRICKET PINOCCHIO - BRITTO DISNEY FIGURINE - TOY&#039;S MANIA","isPartOf":{"@id":"https:\/\/toysmaniacornermonaco.com\/#website"},"primaryImageOfPage":{"@id":"https:\/\/toysmaniacornermonaco.com\/produit\/jiminy-cricket-pinocchio-britto-disney-figurine-2\/#primaryimage"},"image":{"@id":"https:\/\/toysmaniacornermonaco.com\/produit\/jiminy-cricket-pinocchio-britto-disney-figurine-2\/#primaryimage"},"thumbnailUrl":"https:\/\/toysmaniacornermonaco.com\/wp-content\/uploads\/2025\/01\/6015552.png","datePublished":"2025-01-21T17:02:51+00:00","dateModified":"2025-01-21T17:16:28+00:00","breadcrumb":{"@id":"https:\/\/toysmaniacornermonaco.com\/produit\/jiminy-cricket-pinocchio-britto-disney-figurine-2\/#breadcrumb"},"inLanguage":"en-US","potentialAction":[{"@type":"ReadAction","target":["https:\/\/toysmaniacornermonaco.com\/produit\/jiminy-cricket-pinocchio-britto-disney-figurine-2\/"]}]},{"@type":"ImageObject","inLanguage":"en-US","@id":"https:\/\/toysmaniacornermonaco.com\/produit\/jiminy-cricket-pinocchio-britto-disney-figurine-2\/#primaryimage","url":"https:\/\/toysmaniacornermonaco.com\/wp-content\/uploads\/2025\/01\/6015552.png","contentUrl":"https:\/\/toysmaniacornermonaco.com\/wp-content\/uploads\/2025\/01\/6015552.png","width":800,"height":800},{"@type":"BreadcrumbList","@id":"https:\/\/toysmaniacornermonaco.com\/produit\/jiminy-cricket-pinocchio-britto-disney-figurine-2\/#breadcrumb","itemListElement":[{"@type":"ListItem","position":1,"name":"Accueil","item":"https:\/\/toysmaniacornermonaco.com\/en\/"},{"@type":"ListItem","position":2,"name":"Shop","item":"https:\/\/toysmaniacornermonaco.com\/en\/shop\/"},{"@type":"ListItem","position":3,"name":"JIMINY CRICKET PINOCCHIO &#8211; BRITTO DISNEY FIGURINE"}]},{"@type":"WebSite","@id":"https:\/\/toysmaniacornermonaco.com\/#website","url":"https:\/\/toysmaniacornermonaco.com\/","name":"TOY&#039;S MANIA","description":"VOTRE CONCEPT STORE \u00c0 MONACO","potentialAction":[{"@type":"SearchAction","target":{"@type":"EntryPoint","urlTemplate":"https:\/\/toysmaniacornermonaco.com\/?s={search_term_string}"},"query-input":"required name=search_term_string"}],"inLanguage":"en-US"}]}},"_links":{"self":[{"href":"https:\/\/toysmaniacornermonaco.com\/en\/wp-json\/wp\/v2\/product\/5197","targetHints":{"allow":["GET"]}}],"collection":[{"href":"https:\/\/toysmaniacornermonaco.com\/en\/wp-json\/wp\/v2\/product"}],"about":[{"href":"https:\/\/toysmaniacornermonaco.com\/en\/wp-json\/wp\/v2\/types\/product"}],"replies":[{"embeddable":true,"href":"https:\/\/toysmaniacornermonaco.com\/en\/wp-json\/wp\/v2\/comments?post=5197"}],"wp:featuredmedia":[{"embeddable":true,"href":"https:\/\/toysmaniacornermonaco.com\/en\/wp-json\/wp\/v2\/media\/5199"}],"wp:attachment":[{"href":"https:\/\/toysmaniacornermonaco.com\/en\/wp-json\/wp\/v2\/media?parent=5197"}],"wp:term":[{"taxonomy":"product_cat","embeddable":true,"href":"https:\/\/toysmaniacornermonaco.com\/en\/wp-json\/wp\/v2\/product_cat?post=5197"},{"taxonomy":"product_tag","embeddable":true,"href":"https:\/\/toysmaniacornermonaco.com\/en\/wp-json\/wp\/v2\/product_tag?post=5197"}],"curies":[{"name":"wp","href":"https:\/\/api.w.org\/{rel}","templated":true}]}}