{"id":5213,"date":"2025-01-21T18:44:27","date_gmt":"2025-01-21T17:44:27","guid":{"rendered":"https:\/\/toysmaniacornermonaco.com\/?post_type=product&#038;p=5213"},"modified":"2025-01-21T18:50:34","modified_gmt":"2025-01-21T17:50:34","slug":"figurine-donald-duck-90e-anniversaire-edition-limitee-1500-exemplaires-disney-britto","status":"publish","type":"product","link":"https:\/\/toysmaniacornermonaco.com\/en\/produit\/figurine-donald-duck-90e-anniversaire-edition-limitee-1500-exemplaires-disney-britto\/","title":{"rendered":"Figurine Donald Duck 90e anniversaire \u00c9dition limit\u00e9e 1500 exemplaires &#8211; Disney Britto"},"content":{"rendered":"<p>Nom : DONALD DUCK FIGURINE DISNEY BRITTO<br \/>\nR\u00e9f\u00e9rence : 6016310<\/p>\n<p>Hauteur : 22,2cm<\/p>\n<p>Largeur : 11,7cm<\/p>\n<p>Longueur : 22,2cm<\/p>\n<p>Mati\u00e8re : R\u00e9sine<\/p>\n<p>L&#8217;artiste pop Romero Britto c\u00e9l\u00e8bre le 90e anniversaire de Donald Duck dans ce joyeux monument en \u00e9dition limit\u00e9e num\u00e9rot\u00e9 d\u00e9di\u00e9 au volatile au caract\u00e8re col\u00e9rique pr\u00e9f\u00e9r\u00e9 de tous. Limit\u00e9 \u00e0 seulement 1 500 exemplaires dans le monde, chaque pi\u00e8ce est accompagn\u00e9e d&#8217;un certificat num\u00e9rot\u00e9 correspondant.<\/p>\n<p>&nbsp;<\/p>\n","protected":false},"excerpt":{"rendered":"Nom : DONALD DUCK FIGURINE DISNEY BRITTO R\u00e9f\u00e9rence : 6016310 Hauteur : 22,2cm Largeur : 11,7cm Longueur : 22,2cm Mati\u00e8re : R\u00e9sine L&#8217;artiste pop Romero Britto c\u00e9l\u00e8bre le 90e anniversaire de Donald Duck dans ce joyeux monument en \u00e9dition limit\u00e9e num\u00e9rot\u00e9 d\u00e9di\u00e9 au volatile au caract\u00e8re col\u00e9rique pr\u00e9f\u00e9r\u00e9 de tous. Limit\u00e9 \u00e0 seulement 1 500&#8230; <a class=\"view-article\" href=\"https:\/\/toysmaniacornermonaco.com\/en\/produit\/figurine-donald-duck-90e-anniversaire-edition-limitee-1500-exemplaires-disney-britto\/\">View Article<\/a>","protected":false},"featured_media":5219,"comment_status":"open","ping_status":"closed","template":"","meta":{"_acf_changed":false},"product_cat":[381,385],"product_tag":[],"class_list":{"0":"post-5213","1":"product","2":"type-product","3":"status-publish","4":"has-post-thumbnail","6":"marque-disney-en","7":"idee_cadeau-children","8":"idee_cadeau-men","9":"idee_cadeau-women","10":"product_cat-decoration-en","11":"product_cat-games-and-toys","12":"product_shipping_class-moyencolis-en","14":"first","15":"instock","16":"taxable","17":"shipping-taxable","18":"purchasable","19":"product-type-simple"},"acf":[],"yoast_head":"<!-- This site is optimized with the Yoast SEO plugin v22.3 - https:\/\/yoast.com\/wordpress\/plugins\/seo\/ -->\n<title>Figurine Donald Duck 90e anniversaire \u00c9dition limit\u00e9e 1500 exemplaires - Disney Britto - TOY&#039;S MANIA<\/title>\n<meta name=\"robots\" content=\"index, follow, max-snippet:-1, max-image-preview:large, max-video-preview:-1\" \/>\n<link rel=\"canonical\" href=\"https:\/\/toysmaniacornermonaco.com\/en\/produit\/figurine-donald-duck-90e-anniversaire-edition-limitee-1500-exemplaires-disney-britto\/\" \/>\n<meta property=\"og:locale\" content=\"en_US\" \/>\n<meta property=\"og:type\" content=\"article\" \/>\n<meta property=\"og:title\" content=\"Figurine Donald Duck 90e anniversaire \u00c9dition limit\u00e9e 1500 exemplaires - Disney Britto - TOY&#039;S MANIA\" \/>\n<meta property=\"og:description\" content=\"Nom : DONALD DUCK FIGURINE DISNEY BRITTO R\u00e9f\u00e9rence : 6016310 Hauteur : 22,2cm Largeur : 11,7cm Longueur : 22,2cm Mati\u00e8re : R\u00e9sine L&#8217;artiste pop Romero Britto c\u00e9l\u00e8bre le 90e anniversaire de Donald Duck dans ce joyeux monument en \u00e9dition limit\u00e9e num\u00e9rot\u00e9 d\u00e9di\u00e9 au volatile au caract\u00e8re col\u00e9rique pr\u00e9f\u00e9r\u00e9 de tous. Limit\u00e9 \u00e0 seulement 1 500... View Article\" \/>\n<meta property=\"og:url\" content=\"https:\/\/toysmaniacornermonaco.com\/en\/produit\/figurine-donald-duck-90e-anniversaire-edition-limitee-1500-exemplaires-disney-britto\/\" \/>\n<meta property=\"og:site_name\" content=\"TOY&#039;S MANIA\" \/>\n<meta property=\"article:modified_time\" content=\"2025-01-21T17:50:34+00:00\" \/>\n<meta property=\"og:image\" content=\"https:\/\/toysmaniacornermonaco.com\/wp-content\/uploads\/2025\/01\/disney-britto-donald-90th.jpg\" \/>\n\t<meta property=\"og:image:width\" content=\"700\" \/>\n\t<meta property=\"og:image:height\" content=\"869\" \/>\n\t<meta property=\"og:image:type\" content=\"image\/jpeg\" \/>\n<meta name=\"twitter:card\" content=\"summary_large_image\" \/>\n<script type=\"application\/ld+json\" class=\"yoast-schema-graph\">{\"@context\":\"https:\/\/schema.org\",\"@graph\":[{\"@type\":\"WebPage\",\"@id\":\"https:\/\/toysmaniacornermonaco.com\/en\/produit\/figurine-donald-duck-90e-anniversaire-edition-limitee-1500-exemplaires-disney-britto\/\",\"url\":\"https:\/\/toysmaniacornermonaco.com\/en\/produit\/figurine-donald-duck-90e-anniversaire-edition-limitee-1500-exemplaires-disney-britto\/\",\"name\":\"Figurine Donald Duck 90e anniversaire \u00c9dition limit\u00e9e 1500 exemplaires - Disney Britto - TOY&#039;S MANIA\",\"isPartOf\":{\"@id\":\"https:\/\/toysmaniacornermonaco.com\/#website\"},\"primaryImageOfPage\":{\"@id\":\"https:\/\/toysmaniacornermonaco.com\/en\/produit\/figurine-donald-duck-90e-anniversaire-edition-limitee-1500-exemplaires-disney-britto\/#primaryimage\"},\"image\":{\"@id\":\"https:\/\/toysmaniacornermonaco.com\/en\/produit\/figurine-donald-duck-90e-anniversaire-edition-limitee-1500-exemplaires-disney-britto\/#primaryimage\"},\"thumbnailUrl\":\"https:\/\/toysmaniacornermonaco.com\/wp-content\/uploads\/2025\/01\/disney-britto-donald-90th.jpg\",\"datePublished\":\"2025-01-21T17:44:27+00:00\",\"dateModified\":\"2025-01-21T17:50:34+00:00\",\"breadcrumb\":{\"@id\":\"https:\/\/toysmaniacornermonaco.com\/en\/produit\/figurine-donald-duck-90e-anniversaire-edition-limitee-1500-exemplaires-disney-britto\/#breadcrumb\"},\"inLanguage\":\"en-US\",\"potentialAction\":[{\"@type\":\"ReadAction\",\"target\":[\"https:\/\/toysmaniacornermonaco.com\/en\/produit\/figurine-donald-duck-90e-anniversaire-edition-limitee-1500-exemplaires-disney-britto\/\"]}]},{\"@type\":\"ImageObject\",\"inLanguage\":\"en-US\",\"@id\":\"https:\/\/toysmaniacornermonaco.com\/en\/produit\/figurine-donald-duck-90e-anniversaire-edition-limitee-1500-exemplaires-disney-britto\/#primaryimage\",\"url\":\"https:\/\/toysmaniacornermonaco.com\/wp-content\/uploads\/2025\/01\/disney-britto-donald-90th.jpg\",\"contentUrl\":\"https:\/\/toysmaniacornermonaco.com\/wp-content\/uploads\/2025\/01\/disney-britto-donald-90th.jpg\",\"width\":700,\"height\":869},{\"@type\":\"BreadcrumbList\",\"@id\":\"https:\/\/toysmaniacornermonaco.com\/en\/produit\/figurine-donald-duck-90e-anniversaire-edition-limitee-1500-exemplaires-disney-britto\/#breadcrumb\",\"itemListElement\":[{\"@type\":\"ListItem\",\"position\":1,\"name\":\"Accueil\",\"item\":\"https:\/\/toysmaniacornermonaco.com\/en\/\"},{\"@type\":\"ListItem\",\"position\":2,\"name\":\"Shop\",\"item\":\"https:\/\/toysmaniacornermonaco.com\/en\/shop\/\"},{\"@type\":\"ListItem\",\"position\":3,\"name\":\"Figurine Donald Duck 90e anniversaire \u00c9dition limit\u00e9e 1500 exemplaires &#8211; Disney Britto\"}]},{\"@type\":\"WebSite\",\"@id\":\"https:\/\/toysmaniacornermonaco.com\/#website\",\"url\":\"https:\/\/toysmaniacornermonaco.com\/\",\"name\":\"TOY&#039;S MANIA\",\"description\":\"VOTRE CONCEPT STORE \u00c0 MONACO\",\"potentialAction\":[{\"@type\":\"SearchAction\",\"target\":{\"@type\":\"EntryPoint\",\"urlTemplate\":\"https:\/\/toysmaniacornermonaco.com\/?s={search_term_string}\"},\"query-input\":\"required name=search_term_string\"}],\"inLanguage\":\"en-US\"}]}<\/script>\n<!-- \/ Yoast SEO plugin. -->","yoast_head_json":{"title":"Figurine Donald Duck 90e anniversaire \u00c9dition limit\u00e9e 1500 exemplaires - Disney Britto - TOY&#039;S MANIA","robots":{"index":"index","follow":"follow","max-snippet":"max-snippet:-1","max-image-preview":"max-image-preview:large","max-video-preview":"max-video-preview:-1"},"canonical":"https:\/\/toysmaniacornermonaco.com\/en\/produit\/figurine-donald-duck-90e-anniversaire-edition-limitee-1500-exemplaires-disney-britto\/","og_locale":"en_US","og_type":"article","og_title":"Figurine Donald Duck 90e anniversaire \u00c9dition limit\u00e9e 1500 exemplaires - Disney Britto - TOY&#039;S MANIA","og_description":"Nom : DONALD DUCK FIGURINE DISNEY BRITTO R\u00e9f\u00e9rence : 6016310 Hauteur : 22,2cm Largeur : 11,7cm Longueur : 22,2cm Mati\u00e8re : R\u00e9sine L&#8217;artiste pop Romero Britto c\u00e9l\u00e8bre le 90e anniversaire de Donald Duck dans ce joyeux monument en \u00e9dition limit\u00e9e num\u00e9rot\u00e9 d\u00e9di\u00e9 au volatile au caract\u00e8re col\u00e9rique pr\u00e9f\u00e9r\u00e9 de tous. Limit\u00e9 \u00e0 seulement 1 500... View Article","og_url":"https:\/\/toysmaniacornermonaco.com\/en\/produit\/figurine-donald-duck-90e-anniversaire-edition-limitee-1500-exemplaires-disney-britto\/","og_site_name":"TOY&#039;S MANIA","article_modified_time":"2025-01-21T17:50:34+00:00","og_image":[{"width":700,"height":869,"url":"https:\/\/toysmaniacornermonaco.com\/wp-content\/uploads\/2025\/01\/disney-britto-donald-90th.jpg","type":"image\/jpeg"}],"twitter_card":"summary_large_image","schema":{"@context":"https:\/\/schema.org","@graph":[{"@type":"WebPage","@id":"https:\/\/toysmaniacornermonaco.com\/en\/produit\/figurine-donald-duck-90e-anniversaire-edition-limitee-1500-exemplaires-disney-britto\/","url":"https:\/\/toysmaniacornermonaco.com\/en\/produit\/figurine-donald-duck-90e-anniversaire-edition-limitee-1500-exemplaires-disney-britto\/","name":"Figurine Donald Duck 90e anniversaire \u00c9dition limit\u00e9e 1500 exemplaires - Disney Britto - TOY&#039;S MANIA","isPartOf":{"@id":"https:\/\/toysmaniacornermonaco.com\/#website"},"primaryImageOfPage":{"@id":"https:\/\/toysmaniacornermonaco.com\/en\/produit\/figurine-donald-duck-90e-anniversaire-edition-limitee-1500-exemplaires-disney-britto\/#primaryimage"},"image":{"@id":"https:\/\/toysmaniacornermonaco.com\/en\/produit\/figurine-donald-duck-90e-anniversaire-edition-limitee-1500-exemplaires-disney-britto\/#primaryimage"},"thumbnailUrl":"https:\/\/toysmaniacornermonaco.com\/wp-content\/uploads\/2025\/01\/disney-britto-donald-90th.jpg","datePublished":"2025-01-21T17:44:27+00:00","dateModified":"2025-01-21T17:50:34+00:00","breadcrumb":{"@id":"https:\/\/toysmaniacornermonaco.com\/en\/produit\/figurine-donald-duck-90e-anniversaire-edition-limitee-1500-exemplaires-disney-britto\/#breadcrumb"},"inLanguage":"en-US","potentialAction":[{"@type":"ReadAction","target":["https:\/\/toysmaniacornermonaco.com\/en\/produit\/figurine-donald-duck-90e-anniversaire-edition-limitee-1500-exemplaires-disney-britto\/"]}]},{"@type":"ImageObject","inLanguage":"en-US","@id":"https:\/\/toysmaniacornermonaco.com\/en\/produit\/figurine-donald-duck-90e-anniversaire-edition-limitee-1500-exemplaires-disney-britto\/#primaryimage","url":"https:\/\/toysmaniacornermonaco.com\/wp-content\/uploads\/2025\/01\/disney-britto-donald-90th.jpg","contentUrl":"https:\/\/toysmaniacornermonaco.com\/wp-content\/uploads\/2025\/01\/disney-britto-donald-90th.jpg","width":700,"height":869},{"@type":"BreadcrumbList","@id":"https:\/\/toysmaniacornermonaco.com\/en\/produit\/figurine-donald-duck-90e-anniversaire-edition-limitee-1500-exemplaires-disney-britto\/#breadcrumb","itemListElement":[{"@type":"ListItem","position":1,"name":"Accueil","item":"https:\/\/toysmaniacornermonaco.com\/en\/"},{"@type":"ListItem","position":2,"name":"Shop","item":"https:\/\/toysmaniacornermonaco.com\/en\/shop\/"},{"@type":"ListItem","position":3,"name":"Figurine Donald Duck 90e anniversaire \u00c9dition limit\u00e9e 1500 exemplaires &#8211; Disney Britto"}]},{"@type":"WebSite","@id":"https:\/\/toysmaniacornermonaco.com\/#website","url":"https:\/\/toysmaniacornermonaco.com\/","name":"TOY&#039;S MANIA","description":"VOTRE CONCEPT STORE \u00c0 MONACO","potentialAction":[{"@type":"SearchAction","target":{"@type":"EntryPoint","urlTemplate":"https:\/\/toysmaniacornermonaco.com\/?s={search_term_string}"},"query-input":"required name=search_term_string"}],"inLanguage":"en-US"}]}},"_links":{"self":[{"href":"https:\/\/toysmaniacornermonaco.com\/en\/wp-json\/wp\/v2\/product\/5213","targetHints":{"allow":["GET"]}}],"collection":[{"href":"https:\/\/toysmaniacornermonaco.com\/en\/wp-json\/wp\/v2\/product"}],"about":[{"href":"https:\/\/toysmaniacornermonaco.com\/en\/wp-json\/wp\/v2\/types\/product"}],"replies":[{"embeddable":true,"href":"https:\/\/toysmaniacornermonaco.com\/en\/wp-json\/wp\/v2\/comments?post=5213"}],"wp:featuredmedia":[{"embeddable":true,"href":"https:\/\/toysmaniacornermonaco.com\/en\/wp-json\/wp\/v2\/media\/5219"}],"wp:attachment":[{"href":"https:\/\/toysmaniacornermonaco.com\/en\/wp-json\/wp\/v2\/media?parent=5213"}],"wp:term":[{"taxonomy":"product_cat","embeddable":true,"href":"https:\/\/toysmaniacornermonaco.com\/en\/wp-json\/wp\/v2\/product_cat?post=5213"},{"taxonomy":"product_tag","embeddable":true,"href":"https:\/\/toysmaniacornermonaco.com\/en\/wp-json\/wp\/v2\/product_tag?post=5213"}],"curies":[{"name":"wp","href":"https:\/\/api.w.org\/{rel}","templated":true}]}}