{"id":5275,"date":"2025-01-23T15:04:57","date_gmt":"2025-01-23T14:04:57","guid":{"rendered":"https:\/\/toysmaniacornermonaco.com\/?post_type=product&#038;p=5275"},"modified":"2025-01-23T15:24:13","modified_gmt":"2025-01-23T14:24:13","slug":"figurine-stitch-midas-disney-by-britto-copie","status":"publish","type":"product","link":"https:\/\/toysmaniacornermonaco.com\/en\/produit\/figurine-stitch-midas-disney-by-britto-copie\/","title":{"rendered":"Figurine Mickey Mouse Midas &#8211; Disney Britto"},"content":{"rendered":"<p>Nom : Mickey Mouse Midas<\/p>\n<p>R\u00e9f\u00e9rence :6015553<\/p>\n<p>Hauteur : 21.5 cm<\/p>\n<p>Largeur : 13 cm<\/p>\n<p>Longueur : 8.5 cm<\/p>\n<p>Designer : Britto<\/p>\n<p>Mati\u00e8re : R\u00e9sine<\/p>\n<p>Peinte \u00e0 la main<\/p>\n<p>Mickey Mouse a re\u00e7u la touche Midas dans cette superbe figurine d&#8217;environ 20 cm con\u00e7ue par Romero Britto. Debout, les mains derri\u00e8re le dos, tenant un bouquet de fleurs en fleurs, cette superbe pi\u00e8ce met en valeur la personnalit\u00e9 adorable de Mickey, et il a m\u00eame une ic\u00f4ne de c\u0153ur rouge dans son oreille. Avec de forts accents contrast\u00e9s en noir, blanc, rouge et or brillant, ce design r\u00e9tro de Mickey Mouse est un incontournable pour les passionn\u00e9s de Disney et de Britto. Figurine en r\u00e9sine<\/p>\n","protected":false},"excerpt":{"rendered":"Nom : Mickey Mouse Midas R\u00e9f\u00e9rence :6015553 Hauteur : 21.5 cm Largeur : 13 cm Longueur : 8.5 cm Designer : Britto Mati\u00e8re : R\u00e9sine Peinte \u00e0 la main Mickey Mouse a re\u00e7u la touche Midas dans cette superbe figurine d&#8217;environ 20 cm con\u00e7ue par Romero Britto. Debout, les mains derri\u00e8re le dos, tenant un&#8230; <a class=\"view-article\" href=\"https:\/\/toysmaniacornermonaco.com\/en\/produit\/figurine-stitch-midas-disney-by-britto-copie\/\">View Article<\/a>","protected":false},"featured_media":5281,"comment_status":"open","ping_status":"closed","template":"","meta":{"_acf_changed":false},"product_cat":[381,385],"product_tag":[],"class_list":{"0":"post-5275","1":"product","2":"type-product","3":"status-publish","4":"has-post-thumbnail","6":"marque-disney-en","7":"idee_cadeau-children","8":"idee_cadeau-men","9":"idee_cadeau-women","10":"product_cat-decoration-en","11":"product_cat-games-and-toys","12":"product_shipping_class-moyencolis-en","14":"first","15":"instock","16":"taxable","17":"shipping-taxable","18":"purchasable","19":"product-type-simple"},"acf":[],"yoast_head":"<!-- This site is optimized with the Yoast SEO plugin v22.3 - https:\/\/yoast.com\/wordpress\/plugins\/seo\/ -->\n<title>Figurine Mickey Mouse Midas - Disney Britto - TOY&#039;S MANIA<\/title>\n<meta name=\"robots\" content=\"index, follow, max-snippet:-1, max-image-preview:large, max-video-preview:-1\" \/>\n<link rel=\"canonical\" href=\"https:\/\/toysmaniacornermonaco.com\/en\/produit\/figurine-stitch-midas-disney-by-britto-copie\/\" \/>\n<meta property=\"og:locale\" content=\"en_US\" \/>\n<meta property=\"og:type\" content=\"article\" \/>\n<meta property=\"og:title\" content=\"Figurine Mickey Mouse Midas - Disney Britto - TOY&#039;S MANIA\" \/>\n<meta property=\"og:description\" content=\"Nom : Mickey Mouse Midas R\u00e9f\u00e9rence :6015553 Hauteur : 21.5 cm Largeur : 13 cm Longueur : 8.5 cm Designer : Britto Mati\u00e8re : R\u00e9sine Peinte \u00e0 la main Mickey Mouse a re\u00e7u la touche Midas dans cette superbe figurine d&#8217;environ 20 cm con\u00e7ue par Romero Britto. Debout, les mains derri\u00e8re le dos, tenant un... View Article\" \/>\n<meta property=\"og:url\" content=\"https:\/\/toysmaniacornermonaco.com\/en\/produit\/figurine-stitch-midas-disney-by-britto-copie\/\" \/>\n<meta property=\"og:site_name\" content=\"TOY&#039;S MANIA\" \/>\n<meta property=\"article:modified_time\" content=\"2025-01-23T14:24:13+00:00\" \/>\n<meta property=\"og:image\" content=\"https:\/\/toysmaniacornermonaco.com\/wp-content\/uploads\/2025\/01\/28138.jpg\" \/>\n\t<meta property=\"og:image:width\" content=\"625\" \/>\n\t<meta property=\"og:image:height\" content=\"625\" \/>\n\t<meta property=\"og:image:type\" content=\"image\/jpeg\" \/>\n<meta name=\"twitter:card\" content=\"summary_large_image\" \/>\n<meta name=\"twitter:label1\" content=\"Est. reading time\" \/>\n\t<meta name=\"twitter:data1\" content=\"1 minute\" \/>\n<script type=\"application\/ld+json\" class=\"yoast-schema-graph\">{\"@context\":\"https:\/\/schema.org\",\"@graph\":[{\"@type\":\"WebPage\",\"@id\":\"https:\/\/toysmaniacornermonaco.com\/en\/produit\/figurine-stitch-midas-disney-by-britto-copie\/\",\"url\":\"https:\/\/toysmaniacornermonaco.com\/en\/produit\/figurine-stitch-midas-disney-by-britto-copie\/\",\"name\":\"Figurine Mickey Mouse Midas - Disney Britto - TOY&#039;S MANIA\",\"isPartOf\":{\"@id\":\"https:\/\/toysmaniacornermonaco.com\/#website\"},\"primaryImageOfPage\":{\"@id\":\"https:\/\/toysmaniacornermonaco.com\/en\/produit\/figurine-stitch-midas-disney-by-britto-copie\/#primaryimage\"},\"image\":{\"@id\":\"https:\/\/toysmaniacornermonaco.com\/en\/produit\/figurine-stitch-midas-disney-by-britto-copie\/#primaryimage\"},\"thumbnailUrl\":\"https:\/\/toysmaniacornermonaco.com\/wp-content\/uploads\/2025\/01\/28138.jpg\",\"datePublished\":\"2025-01-23T14:04:57+00:00\",\"dateModified\":\"2025-01-23T14:24:13+00:00\",\"breadcrumb\":{\"@id\":\"https:\/\/toysmaniacornermonaco.com\/en\/produit\/figurine-stitch-midas-disney-by-britto-copie\/#breadcrumb\"},\"inLanguage\":\"en-US\",\"potentialAction\":[{\"@type\":\"ReadAction\",\"target\":[\"https:\/\/toysmaniacornermonaco.com\/en\/produit\/figurine-stitch-midas-disney-by-britto-copie\/\"]}]},{\"@type\":\"ImageObject\",\"inLanguage\":\"en-US\",\"@id\":\"https:\/\/toysmaniacornermonaco.com\/en\/produit\/figurine-stitch-midas-disney-by-britto-copie\/#primaryimage\",\"url\":\"https:\/\/toysmaniacornermonaco.com\/wp-content\/uploads\/2025\/01\/28138.jpg\",\"contentUrl\":\"https:\/\/toysmaniacornermonaco.com\/wp-content\/uploads\/2025\/01\/28138.jpg\",\"width\":625,\"height\":625},{\"@type\":\"BreadcrumbList\",\"@id\":\"https:\/\/toysmaniacornermonaco.com\/en\/produit\/figurine-stitch-midas-disney-by-britto-copie\/#breadcrumb\",\"itemListElement\":[{\"@type\":\"ListItem\",\"position\":1,\"name\":\"Accueil\",\"item\":\"https:\/\/toysmaniacornermonaco.com\/en\/\"},{\"@type\":\"ListItem\",\"position\":2,\"name\":\"Shop\",\"item\":\"https:\/\/toysmaniacornermonaco.com\/en\/shop\/\"},{\"@type\":\"ListItem\",\"position\":3,\"name\":\"Figurine Mickey Mouse Midas &#8211; Disney Britto\"}]},{\"@type\":\"WebSite\",\"@id\":\"https:\/\/toysmaniacornermonaco.com\/#website\",\"url\":\"https:\/\/toysmaniacornermonaco.com\/\",\"name\":\"TOY&#039;S MANIA\",\"description\":\"VOTRE CONCEPT STORE \u00c0 MONACO\",\"potentialAction\":[{\"@type\":\"SearchAction\",\"target\":{\"@type\":\"EntryPoint\",\"urlTemplate\":\"https:\/\/toysmaniacornermonaco.com\/?s={search_term_string}\"},\"query-input\":\"required name=search_term_string\"}],\"inLanguage\":\"en-US\"}]}<\/script>\n<!-- \/ Yoast SEO plugin. -->","yoast_head_json":{"title":"Figurine Mickey Mouse Midas - Disney Britto - TOY&#039;S MANIA","robots":{"index":"index","follow":"follow","max-snippet":"max-snippet:-1","max-image-preview":"max-image-preview:large","max-video-preview":"max-video-preview:-1"},"canonical":"https:\/\/toysmaniacornermonaco.com\/en\/produit\/figurine-stitch-midas-disney-by-britto-copie\/","og_locale":"en_US","og_type":"article","og_title":"Figurine Mickey Mouse Midas - Disney Britto - TOY&#039;S MANIA","og_description":"Nom : Mickey Mouse Midas R\u00e9f\u00e9rence :6015553 Hauteur : 21.5 cm Largeur : 13 cm Longueur : 8.5 cm Designer : Britto Mati\u00e8re : R\u00e9sine Peinte \u00e0 la main Mickey Mouse a re\u00e7u la touche Midas dans cette superbe figurine d&#8217;environ 20 cm con\u00e7ue par Romero Britto. Debout, les mains derri\u00e8re le dos, tenant un... View Article","og_url":"https:\/\/toysmaniacornermonaco.com\/en\/produit\/figurine-stitch-midas-disney-by-britto-copie\/","og_site_name":"TOY&#039;S MANIA","article_modified_time":"2025-01-23T14:24:13+00:00","og_image":[{"width":625,"height":625,"url":"https:\/\/toysmaniacornermonaco.com\/wp-content\/uploads\/2025\/01\/28138.jpg","type":"image\/jpeg"}],"twitter_card":"summary_large_image","twitter_misc":{"Est. reading time":"1 minute"},"schema":{"@context":"https:\/\/schema.org","@graph":[{"@type":"WebPage","@id":"https:\/\/toysmaniacornermonaco.com\/en\/produit\/figurine-stitch-midas-disney-by-britto-copie\/","url":"https:\/\/toysmaniacornermonaco.com\/en\/produit\/figurine-stitch-midas-disney-by-britto-copie\/","name":"Figurine Mickey Mouse Midas - Disney Britto - TOY&#039;S MANIA","isPartOf":{"@id":"https:\/\/toysmaniacornermonaco.com\/#website"},"primaryImageOfPage":{"@id":"https:\/\/toysmaniacornermonaco.com\/en\/produit\/figurine-stitch-midas-disney-by-britto-copie\/#primaryimage"},"image":{"@id":"https:\/\/toysmaniacornermonaco.com\/en\/produit\/figurine-stitch-midas-disney-by-britto-copie\/#primaryimage"},"thumbnailUrl":"https:\/\/toysmaniacornermonaco.com\/wp-content\/uploads\/2025\/01\/28138.jpg","datePublished":"2025-01-23T14:04:57+00:00","dateModified":"2025-01-23T14:24:13+00:00","breadcrumb":{"@id":"https:\/\/toysmaniacornermonaco.com\/en\/produit\/figurine-stitch-midas-disney-by-britto-copie\/#breadcrumb"},"inLanguage":"en-US","potentialAction":[{"@type":"ReadAction","target":["https:\/\/toysmaniacornermonaco.com\/en\/produit\/figurine-stitch-midas-disney-by-britto-copie\/"]}]},{"@type":"ImageObject","inLanguage":"en-US","@id":"https:\/\/toysmaniacornermonaco.com\/en\/produit\/figurine-stitch-midas-disney-by-britto-copie\/#primaryimage","url":"https:\/\/toysmaniacornermonaco.com\/wp-content\/uploads\/2025\/01\/28138.jpg","contentUrl":"https:\/\/toysmaniacornermonaco.com\/wp-content\/uploads\/2025\/01\/28138.jpg","width":625,"height":625},{"@type":"BreadcrumbList","@id":"https:\/\/toysmaniacornermonaco.com\/en\/produit\/figurine-stitch-midas-disney-by-britto-copie\/#breadcrumb","itemListElement":[{"@type":"ListItem","position":1,"name":"Accueil","item":"https:\/\/toysmaniacornermonaco.com\/en\/"},{"@type":"ListItem","position":2,"name":"Shop","item":"https:\/\/toysmaniacornermonaco.com\/en\/shop\/"},{"@type":"ListItem","position":3,"name":"Figurine Mickey Mouse Midas &#8211; Disney Britto"}]},{"@type":"WebSite","@id":"https:\/\/toysmaniacornermonaco.com\/#website","url":"https:\/\/toysmaniacornermonaco.com\/","name":"TOY&#039;S MANIA","description":"VOTRE CONCEPT STORE \u00c0 MONACO","potentialAction":[{"@type":"SearchAction","target":{"@type":"EntryPoint","urlTemplate":"https:\/\/toysmaniacornermonaco.com\/?s={search_term_string}"},"query-input":"required name=search_term_string"}],"inLanguage":"en-US"}]}},"_links":{"self":[{"href":"https:\/\/toysmaniacornermonaco.com\/en\/wp-json\/wp\/v2\/product\/5275","targetHints":{"allow":["GET"]}}],"collection":[{"href":"https:\/\/toysmaniacornermonaco.com\/en\/wp-json\/wp\/v2\/product"}],"about":[{"href":"https:\/\/toysmaniacornermonaco.com\/en\/wp-json\/wp\/v2\/types\/product"}],"replies":[{"embeddable":true,"href":"https:\/\/toysmaniacornermonaco.com\/en\/wp-json\/wp\/v2\/comments?post=5275"}],"wp:featuredmedia":[{"embeddable":true,"href":"https:\/\/toysmaniacornermonaco.com\/en\/wp-json\/wp\/v2\/media\/5281"}],"wp:attachment":[{"href":"https:\/\/toysmaniacornermonaco.com\/en\/wp-json\/wp\/v2\/media?parent=5275"}],"wp:term":[{"taxonomy":"product_cat","embeddable":true,"href":"https:\/\/toysmaniacornermonaco.com\/en\/wp-json\/wp\/v2\/product_cat?post=5275"},{"taxonomy":"product_tag","embeddable":true,"href":"https:\/\/toysmaniacornermonaco.com\/en\/wp-json\/wp\/v2\/product_tag?post=5275"}],"curies":[{"name":"wp","href":"https:\/\/api.w.org\/{rel}","templated":true}]}}