{"id":5285,"date":"2025-01-23T15:26:59","date_gmt":"2025-01-23T14:26:59","guid":{"rendered":"https:\/\/toysmaniacornermonaco.com\/?post_type=product&#038;p=5285"},"modified":"2025-01-25T11:19:41","modified_gmt":"2025-01-25T10:19:41","slug":"figurine-titi-avec-une-fleur-looney-tunes-britto","status":"publish","type":"product","link":"https:\/\/toysmaniacornermonaco.com\/en\/produit\/figurine-titi-avec-une-fleur-looney-tunes-britto\/","title":{"rendered":"Figurine Titi Avec Une Fleur &#8211; Looney Tunes Britto"},"content":{"rendered":"<p>Nom : Titi<\/p>\n<p>R\u00e9f\u00e9rence : 4058184<\/p>\n<p>Dimensions : H14 x L11 x P7 cm<\/p>\n<p>Mati\u00e8re : R\u00e9sine<\/p>\n<p>Designer : Britto<\/p>\n<p>Figurine de Titi l&#8217;adorable petit canari jaune, tout joyeux et tenant une jolie fleur. Chaque figurine Looney Tunes by Britto, d\u00e9cor\u00e9e dans un style pop art par l&#8217;artiste international Rom\u00e9ro Britto, est en r\u00e9sine peinte \u00e0 la main avec une finition laqu\u00e9e et brillante.<\/p>\n","protected":false},"excerpt":{"rendered":"Nom : Titi R\u00e9f\u00e9rence : 4058184 Dimensions : H14 x L11 x P7 cm Mati\u00e8re : R\u00e9sine Designer : Britto Figurine de Titi l&#8217;adorable petit canari jaune, tout joyeux et tenant une jolie fleur. Chaque figurine Looney Tunes by Britto, d\u00e9cor\u00e9e dans un style pop art par l&#8217;artiste international Rom\u00e9ro Britto, est en r\u00e9sine peinte&#8230; <a class=\"view-article\" href=\"https:\/\/toysmaniacornermonaco.com\/en\/produit\/figurine-titi-avec-une-fleur-looney-tunes-britto\/\">View Article<\/a>","protected":false},"featured_media":5289,"comment_status":"open","ping_status":"closed","template":"","meta":{"_acf_changed":false},"product_cat":[381,385],"product_tag":[],"class_list":{"0":"post-5285","1":"product","2":"type-product","3":"status-publish","4":"has-post-thumbnail","6":"marque-disney-en","7":"idee_cadeau-children","8":"idee_cadeau-men","9":"idee_cadeau-women","10":"product_cat-decoration-en","11":"product_cat-games-and-toys","12":"product_shipping_class-moyencolis-en","14":"first","15":"outofstock","16":"taxable","17":"shipping-taxable","18":"purchasable","19":"product-type-simple"},"acf":[],"yoast_head":"<!-- This site is optimized with the Yoast SEO plugin v22.3 - https:\/\/yoast.com\/wordpress\/plugins\/seo\/ -->\n<title>Figurine Titi Avec Une Fleur - Looney Tunes Britto - TOY&#039;S MANIA<\/title>\n<meta name=\"robots\" content=\"index, follow, max-snippet:-1, max-image-preview:large, max-video-preview:-1\" \/>\n<link rel=\"canonical\" href=\"https:\/\/toysmaniacornermonaco.com\/en\/produit\/figurine-titi-avec-une-fleur-looney-tunes-britto\/\" \/>\n<meta property=\"og:locale\" content=\"en_US\" \/>\n<meta property=\"og:type\" content=\"article\" \/>\n<meta property=\"og:title\" content=\"Figurine Titi Avec Une Fleur - Looney Tunes Britto - TOY&#039;S MANIA\" \/>\n<meta property=\"og:description\" content=\"Nom : Titi R\u00e9f\u00e9rence : 4058184 Dimensions : H14 x L11 x P7 cm Mati\u00e8re : R\u00e9sine Designer : Britto Figurine de Titi l&#8217;adorable petit canari jaune, tout joyeux et tenant une jolie fleur. Chaque figurine Looney Tunes by Britto, d\u00e9cor\u00e9e dans un style pop art par l&#8217;artiste international Rom\u00e9ro Britto, est en r\u00e9sine peinte... View Article\" \/>\n<meta property=\"og:url\" content=\"https:\/\/toysmaniacornermonaco.com\/en\/produit\/figurine-titi-avec-une-fleur-looney-tunes-britto\/\" \/>\n<meta property=\"og:site_name\" content=\"TOY&#039;S MANIA\" \/>\n<meta property=\"article:modified_time\" content=\"2025-01-25T10:19:41+00:00\" \/>\n<meta property=\"og:image\" content=\"https:\/\/toysmaniacornermonaco.com\/wp-content\/uploads\/2025\/01\/26989.jpg\" \/>\n\t<meta property=\"og:image:width\" content=\"1200\" \/>\n\t<meta property=\"og:image:height\" content=\"1200\" \/>\n\t<meta property=\"og:image:type\" content=\"image\/jpeg\" \/>\n<meta name=\"twitter:card\" content=\"summary_large_image\" \/>\n<meta name=\"twitter:label1\" content=\"Est. reading time\" \/>\n\t<meta name=\"twitter:data1\" content=\"1 minute\" \/>\n<script type=\"application\/ld+json\" class=\"yoast-schema-graph\">{\"@context\":\"https:\/\/schema.org\",\"@graph\":[{\"@type\":\"WebPage\",\"@id\":\"https:\/\/toysmaniacornermonaco.com\/en\/produit\/figurine-titi-avec-une-fleur-looney-tunes-britto\/\",\"url\":\"https:\/\/toysmaniacornermonaco.com\/en\/produit\/figurine-titi-avec-une-fleur-looney-tunes-britto\/\",\"name\":\"Figurine Titi Avec Une Fleur - Looney Tunes Britto - TOY&#039;S MANIA\",\"isPartOf\":{\"@id\":\"https:\/\/toysmaniacornermonaco.com\/#website\"},\"primaryImageOfPage\":{\"@id\":\"https:\/\/toysmaniacornermonaco.com\/en\/produit\/figurine-titi-avec-une-fleur-looney-tunes-britto\/#primaryimage\"},\"image\":{\"@id\":\"https:\/\/toysmaniacornermonaco.com\/en\/produit\/figurine-titi-avec-une-fleur-looney-tunes-britto\/#primaryimage\"},\"thumbnailUrl\":\"https:\/\/toysmaniacornermonaco.com\/wp-content\/uploads\/2025\/01\/26989.jpg\",\"datePublished\":\"2025-01-23T14:26:59+00:00\",\"dateModified\":\"2025-01-25T10:19:41+00:00\",\"breadcrumb\":{\"@id\":\"https:\/\/toysmaniacornermonaco.com\/en\/produit\/figurine-titi-avec-une-fleur-looney-tunes-britto\/#breadcrumb\"},\"inLanguage\":\"en-US\",\"potentialAction\":[{\"@type\":\"ReadAction\",\"target\":[\"https:\/\/toysmaniacornermonaco.com\/en\/produit\/figurine-titi-avec-une-fleur-looney-tunes-britto\/\"]}]},{\"@type\":\"ImageObject\",\"inLanguage\":\"en-US\",\"@id\":\"https:\/\/toysmaniacornermonaco.com\/en\/produit\/figurine-titi-avec-une-fleur-looney-tunes-britto\/#primaryimage\",\"url\":\"https:\/\/toysmaniacornermonaco.com\/wp-content\/uploads\/2025\/01\/26989.jpg\",\"contentUrl\":\"https:\/\/toysmaniacornermonaco.com\/wp-content\/uploads\/2025\/01\/26989.jpg\",\"width\":1200,\"height\":1200},{\"@type\":\"BreadcrumbList\",\"@id\":\"https:\/\/toysmaniacornermonaco.com\/en\/produit\/figurine-titi-avec-une-fleur-looney-tunes-britto\/#breadcrumb\",\"itemListElement\":[{\"@type\":\"ListItem\",\"position\":1,\"name\":\"Accueil\",\"item\":\"https:\/\/toysmaniacornermonaco.com\/en\/\"},{\"@type\":\"ListItem\",\"position\":2,\"name\":\"Shop\",\"item\":\"https:\/\/toysmaniacornermonaco.com\/en\/shop\/\"},{\"@type\":\"ListItem\",\"position\":3,\"name\":\"Figurine Titi Avec Une Fleur &#8211; Looney Tunes Britto\"}]},{\"@type\":\"WebSite\",\"@id\":\"https:\/\/toysmaniacornermonaco.com\/#website\",\"url\":\"https:\/\/toysmaniacornermonaco.com\/\",\"name\":\"TOY&#039;S MANIA\",\"description\":\"VOTRE CONCEPT STORE \u00c0 MONACO\",\"potentialAction\":[{\"@type\":\"SearchAction\",\"target\":{\"@type\":\"EntryPoint\",\"urlTemplate\":\"https:\/\/toysmaniacornermonaco.com\/?s={search_term_string}\"},\"query-input\":\"required name=search_term_string\"}],\"inLanguage\":\"en-US\"}]}<\/script>\n<!-- \/ Yoast SEO plugin. -->","yoast_head_json":{"title":"Figurine Titi Avec Une Fleur - Looney Tunes Britto - TOY&#039;S MANIA","robots":{"index":"index","follow":"follow","max-snippet":"max-snippet:-1","max-image-preview":"max-image-preview:large","max-video-preview":"max-video-preview:-1"},"canonical":"https:\/\/toysmaniacornermonaco.com\/en\/produit\/figurine-titi-avec-une-fleur-looney-tunes-britto\/","og_locale":"en_US","og_type":"article","og_title":"Figurine Titi Avec Une Fleur - Looney Tunes Britto - TOY&#039;S MANIA","og_description":"Nom : Titi R\u00e9f\u00e9rence : 4058184 Dimensions : H14 x L11 x P7 cm Mati\u00e8re : R\u00e9sine Designer : Britto Figurine de Titi l&#8217;adorable petit canari jaune, tout joyeux et tenant une jolie fleur. Chaque figurine Looney Tunes by Britto, d\u00e9cor\u00e9e dans un style pop art par l&#8217;artiste international Rom\u00e9ro Britto, est en r\u00e9sine peinte... View Article","og_url":"https:\/\/toysmaniacornermonaco.com\/en\/produit\/figurine-titi-avec-une-fleur-looney-tunes-britto\/","og_site_name":"TOY&#039;S MANIA","article_modified_time":"2025-01-25T10:19:41+00:00","og_image":[{"width":1200,"height":1200,"url":"https:\/\/toysmaniacornermonaco.com\/wp-content\/uploads\/2025\/01\/26989.jpg","type":"image\/jpeg"}],"twitter_card":"summary_large_image","twitter_misc":{"Est. reading time":"1 minute"},"schema":{"@context":"https:\/\/schema.org","@graph":[{"@type":"WebPage","@id":"https:\/\/toysmaniacornermonaco.com\/en\/produit\/figurine-titi-avec-une-fleur-looney-tunes-britto\/","url":"https:\/\/toysmaniacornermonaco.com\/en\/produit\/figurine-titi-avec-une-fleur-looney-tunes-britto\/","name":"Figurine Titi Avec Une Fleur - Looney Tunes Britto - TOY&#039;S MANIA","isPartOf":{"@id":"https:\/\/toysmaniacornermonaco.com\/#website"},"primaryImageOfPage":{"@id":"https:\/\/toysmaniacornermonaco.com\/en\/produit\/figurine-titi-avec-une-fleur-looney-tunes-britto\/#primaryimage"},"image":{"@id":"https:\/\/toysmaniacornermonaco.com\/en\/produit\/figurine-titi-avec-une-fleur-looney-tunes-britto\/#primaryimage"},"thumbnailUrl":"https:\/\/toysmaniacornermonaco.com\/wp-content\/uploads\/2025\/01\/26989.jpg","datePublished":"2025-01-23T14:26:59+00:00","dateModified":"2025-01-25T10:19:41+00:00","breadcrumb":{"@id":"https:\/\/toysmaniacornermonaco.com\/en\/produit\/figurine-titi-avec-une-fleur-looney-tunes-britto\/#breadcrumb"},"inLanguage":"en-US","potentialAction":[{"@type":"ReadAction","target":["https:\/\/toysmaniacornermonaco.com\/en\/produit\/figurine-titi-avec-une-fleur-looney-tunes-britto\/"]}]},{"@type":"ImageObject","inLanguage":"en-US","@id":"https:\/\/toysmaniacornermonaco.com\/en\/produit\/figurine-titi-avec-une-fleur-looney-tunes-britto\/#primaryimage","url":"https:\/\/toysmaniacornermonaco.com\/wp-content\/uploads\/2025\/01\/26989.jpg","contentUrl":"https:\/\/toysmaniacornermonaco.com\/wp-content\/uploads\/2025\/01\/26989.jpg","width":1200,"height":1200},{"@type":"BreadcrumbList","@id":"https:\/\/toysmaniacornermonaco.com\/en\/produit\/figurine-titi-avec-une-fleur-looney-tunes-britto\/#breadcrumb","itemListElement":[{"@type":"ListItem","position":1,"name":"Accueil","item":"https:\/\/toysmaniacornermonaco.com\/en\/"},{"@type":"ListItem","position":2,"name":"Shop","item":"https:\/\/toysmaniacornermonaco.com\/en\/shop\/"},{"@type":"ListItem","position":3,"name":"Figurine Titi Avec Une Fleur &#8211; Looney Tunes Britto"}]},{"@type":"WebSite","@id":"https:\/\/toysmaniacornermonaco.com\/#website","url":"https:\/\/toysmaniacornermonaco.com\/","name":"TOY&#039;S MANIA","description":"VOTRE CONCEPT STORE \u00c0 MONACO","potentialAction":[{"@type":"SearchAction","target":{"@type":"EntryPoint","urlTemplate":"https:\/\/toysmaniacornermonaco.com\/?s={search_term_string}"},"query-input":"required name=search_term_string"}],"inLanguage":"en-US"}]}},"_links":{"self":[{"href":"https:\/\/toysmaniacornermonaco.com\/en\/wp-json\/wp\/v2\/product\/5285","targetHints":{"allow":["GET"]}}],"collection":[{"href":"https:\/\/toysmaniacornermonaco.com\/en\/wp-json\/wp\/v2\/product"}],"about":[{"href":"https:\/\/toysmaniacornermonaco.com\/en\/wp-json\/wp\/v2\/types\/product"}],"replies":[{"embeddable":true,"href":"https:\/\/toysmaniacornermonaco.com\/en\/wp-json\/wp\/v2\/comments?post=5285"}],"wp:featuredmedia":[{"embeddable":true,"href":"https:\/\/toysmaniacornermonaco.com\/en\/wp-json\/wp\/v2\/media\/5289"}],"wp:attachment":[{"href":"https:\/\/toysmaniacornermonaco.com\/en\/wp-json\/wp\/v2\/media?parent=5285"}],"wp:term":[{"taxonomy":"product_cat","embeddable":true,"href":"https:\/\/toysmaniacornermonaco.com\/en\/wp-json\/wp\/v2\/product_cat?post=5285"},{"taxonomy":"product_tag","embeddable":true,"href":"https:\/\/toysmaniacornermonaco.com\/en\/wp-json\/wp\/v2\/product_tag?post=5285"}],"curies":[{"name":"wp","href":"https:\/\/api.w.org\/{rel}","templated":true}]}}