{"id":5309,"date":"2025-01-24T17:09:59","date_gmt":"2025-01-24T16:09:59","guid":{"rendered":"https:\/\/toysmaniacornermonaco.com\/?post_type=product&#038;p=5309"},"modified":"2025-01-24T18:09:47","modified_gmt":"2025-01-24T17:09:47","slug":"figurine-angel-et-stitch-sous-le-gui-disney-traditions","status":"publish","type":"product","link":"https:\/\/toysmaniacornermonaco.com\/en\/produit\/figurine-angel-et-stitch-sous-le-gui-disney-traditions\/","title":{"rendered":"Figurine Angel Et Stitch Sous Le Gui &#8211; Disney Traditions"},"content":{"rendered":"<p>Nom : Angel Et Stitch Sous Le Gui<\/p>\n<p>R\u00e9f\u00e9rence : 6008980<\/p>\n<p>Figurine Disney Traditions repr\u00e9sentant Stitch et Angel partageant un tendre baiser sous le gui, con\u00e7ue par Enesco. Cette charmante sc\u00e8ne pleine d&#8217;amour et de magie, issue de la collection &#8220;Mistletoe Kisses&#8221;, mesure environ 15 cm. Un parfait m\u00e9lange de romantisme et de style artisanal pour les collectionneurs et fans de &#8220;Lilo &amp; Stitch&#8221;.<\/p>\n","protected":false},"excerpt":{"rendered":"Nom : Angel Et Stitch Sous Le Gui R\u00e9f\u00e9rence : 6008980 Figurine Disney Traditions repr\u00e9sentant Stitch et Angel partageant un tendre baiser sous le gui, con\u00e7ue par Enesco. Cette charmante sc\u00e8ne pleine d&#8217;amour et de magie, issue de la collection &#8220;Mistletoe Kisses&#8221;, mesure environ 15 cm. Un parfait m\u00e9lange de romantisme et de style artisanal&#8230; <a class=\"view-article\" href=\"https:\/\/toysmaniacornermonaco.com\/en\/produit\/figurine-angel-et-stitch-sous-le-gui-disney-traditions\/\">View Article<\/a>","protected":false},"featured_media":5311,"comment_status":"open","ping_status":"closed","template":"","meta":{"_acf_changed":false},"product_cat":[381,385],"product_tag":[],"class_list":{"0":"post-5309","1":"product","2":"type-product","3":"status-publish","4":"has-post-thumbnail","6":"marque-disney-en","7":"idee_cadeau-children","8":"idee_cadeau-men","9":"idee_cadeau-women","10":"product_cat-decoration-en","11":"product_cat-games-and-toys","12":"product_shipping_class-moyencolis-en","14":"first","15":"instock","16":"taxable","17":"shipping-taxable","18":"purchasable","19":"product-type-simple"},"acf":[],"yoast_head":"<!-- This site is optimized with the Yoast SEO plugin v22.3 - https:\/\/yoast.com\/wordpress\/plugins\/seo\/ -->\n<title>Figurine Angel Et Stitch Sous Le Gui - Disney Traditions - TOY&#039;S MANIA<\/title>\n<meta name=\"robots\" content=\"index, follow, max-snippet:-1, max-image-preview:large, max-video-preview:-1\" \/>\n<link rel=\"canonical\" href=\"https:\/\/toysmaniacornermonaco.com\/en\/produit\/figurine-angel-et-stitch-sous-le-gui-disney-traditions\/\" \/>\n<meta property=\"og:locale\" content=\"en_US\" \/>\n<meta property=\"og:type\" content=\"article\" \/>\n<meta property=\"og:title\" content=\"Figurine Angel Et Stitch Sous Le Gui - Disney Traditions - TOY&#039;S MANIA\" \/>\n<meta property=\"og:description\" content=\"Nom : Angel Et Stitch Sous Le Gui R\u00e9f\u00e9rence : 6008980 Figurine Disney Traditions repr\u00e9sentant Stitch et Angel partageant un tendre baiser sous le gui, con\u00e7ue par Enesco. Cette charmante sc\u00e8ne pleine d&#8217;amour et de magie, issue de la collection &#8220;Mistletoe Kisses&#8221;, mesure environ 15 cm. Un parfait m\u00e9lange de romantisme et de style artisanal... View Article\" \/>\n<meta property=\"og:url\" content=\"https:\/\/toysmaniacornermonaco.com\/en\/produit\/figurine-angel-et-stitch-sous-le-gui-disney-traditions\/\" \/>\n<meta property=\"og:site_name\" content=\"TOY&#039;S MANIA\" \/>\n<meta property=\"article:modified_time\" content=\"2025-01-24T17:09:47+00:00\" \/>\n<meta property=\"og:image\" content=\"https:\/\/toysmaniacornermonaco.com\/wp-content\/uploads\/2025\/01\/telechargement.jpg\" \/>\n\t<meta property=\"og:image:width\" content=\"225\" \/>\n\t<meta property=\"og:image:height\" content=\"225\" \/>\n\t<meta property=\"og:image:type\" content=\"image\/jpeg\" \/>\n<meta name=\"twitter:card\" content=\"summary_large_image\" \/>\n<meta name=\"twitter:label1\" content=\"Est. reading time\" \/>\n\t<meta name=\"twitter:data1\" content=\"1 minute\" \/>\n<script type=\"application\/ld+json\" class=\"yoast-schema-graph\">{\"@context\":\"https:\/\/schema.org\",\"@graph\":[{\"@type\":\"WebPage\",\"@id\":\"https:\/\/toysmaniacornermonaco.com\/en\/produit\/figurine-angel-et-stitch-sous-le-gui-disney-traditions\/\",\"url\":\"https:\/\/toysmaniacornermonaco.com\/en\/produit\/figurine-angel-et-stitch-sous-le-gui-disney-traditions\/\",\"name\":\"Figurine Angel Et Stitch Sous Le Gui - Disney Traditions - TOY&#039;S MANIA\",\"isPartOf\":{\"@id\":\"https:\/\/toysmaniacornermonaco.com\/#website\"},\"primaryImageOfPage\":{\"@id\":\"https:\/\/toysmaniacornermonaco.com\/en\/produit\/figurine-angel-et-stitch-sous-le-gui-disney-traditions\/#primaryimage\"},\"image\":{\"@id\":\"https:\/\/toysmaniacornermonaco.com\/en\/produit\/figurine-angel-et-stitch-sous-le-gui-disney-traditions\/#primaryimage\"},\"thumbnailUrl\":\"https:\/\/toysmaniacornermonaco.com\/wp-content\/uploads\/2025\/01\/telechargement.jpg\",\"datePublished\":\"2025-01-24T16:09:59+00:00\",\"dateModified\":\"2025-01-24T17:09:47+00:00\",\"breadcrumb\":{\"@id\":\"https:\/\/toysmaniacornermonaco.com\/en\/produit\/figurine-angel-et-stitch-sous-le-gui-disney-traditions\/#breadcrumb\"},\"inLanguage\":\"en-US\",\"potentialAction\":[{\"@type\":\"ReadAction\",\"target\":[\"https:\/\/toysmaniacornermonaco.com\/en\/produit\/figurine-angel-et-stitch-sous-le-gui-disney-traditions\/\"]}]},{\"@type\":\"ImageObject\",\"inLanguage\":\"en-US\",\"@id\":\"https:\/\/toysmaniacornermonaco.com\/en\/produit\/figurine-angel-et-stitch-sous-le-gui-disney-traditions\/#primaryimage\",\"url\":\"https:\/\/toysmaniacornermonaco.com\/wp-content\/uploads\/2025\/01\/telechargement.jpg\",\"contentUrl\":\"https:\/\/toysmaniacornermonaco.com\/wp-content\/uploads\/2025\/01\/telechargement.jpg\",\"width\":225,\"height\":225},{\"@type\":\"BreadcrumbList\",\"@id\":\"https:\/\/toysmaniacornermonaco.com\/en\/produit\/figurine-angel-et-stitch-sous-le-gui-disney-traditions\/#breadcrumb\",\"itemListElement\":[{\"@type\":\"ListItem\",\"position\":1,\"name\":\"Accueil\",\"item\":\"https:\/\/toysmaniacornermonaco.com\/en\/\"},{\"@type\":\"ListItem\",\"position\":2,\"name\":\"Shop\",\"item\":\"https:\/\/toysmaniacornermonaco.com\/en\/shop\/\"},{\"@type\":\"ListItem\",\"position\":3,\"name\":\"Figurine Angel Et Stitch Sous Le Gui &#8211; Disney Traditions\"}]},{\"@type\":\"WebSite\",\"@id\":\"https:\/\/toysmaniacornermonaco.com\/#website\",\"url\":\"https:\/\/toysmaniacornermonaco.com\/\",\"name\":\"TOY&#039;S MANIA\",\"description\":\"VOTRE CONCEPT STORE \u00c0 MONACO\",\"potentialAction\":[{\"@type\":\"SearchAction\",\"target\":{\"@type\":\"EntryPoint\",\"urlTemplate\":\"https:\/\/toysmaniacornermonaco.com\/?s={search_term_string}\"},\"query-input\":\"required name=search_term_string\"}],\"inLanguage\":\"en-US\"}]}<\/script>\n<!-- \/ Yoast SEO plugin. -->","yoast_head_json":{"title":"Figurine Angel Et Stitch Sous Le Gui - Disney Traditions - TOY&#039;S MANIA","robots":{"index":"index","follow":"follow","max-snippet":"max-snippet:-1","max-image-preview":"max-image-preview:large","max-video-preview":"max-video-preview:-1"},"canonical":"https:\/\/toysmaniacornermonaco.com\/en\/produit\/figurine-angel-et-stitch-sous-le-gui-disney-traditions\/","og_locale":"en_US","og_type":"article","og_title":"Figurine Angel Et Stitch Sous Le Gui - Disney Traditions - TOY&#039;S MANIA","og_description":"Nom : Angel Et Stitch Sous Le Gui R\u00e9f\u00e9rence : 6008980 Figurine Disney Traditions repr\u00e9sentant Stitch et Angel partageant un tendre baiser sous le gui, con\u00e7ue par Enesco. Cette charmante sc\u00e8ne pleine d&#8217;amour et de magie, issue de la collection &#8220;Mistletoe Kisses&#8221;, mesure environ 15 cm. Un parfait m\u00e9lange de romantisme et de style artisanal... View Article","og_url":"https:\/\/toysmaniacornermonaco.com\/en\/produit\/figurine-angel-et-stitch-sous-le-gui-disney-traditions\/","og_site_name":"TOY&#039;S MANIA","article_modified_time":"2025-01-24T17:09:47+00:00","og_image":[{"width":225,"height":225,"url":"https:\/\/toysmaniacornermonaco.com\/wp-content\/uploads\/2025\/01\/telechargement.jpg","type":"image\/jpeg"}],"twitter_card":"summary_large_image","twitter_misc":{"Est. reading time":"1 minute"},"schema":{"@context":"https:\/\/schema.org","@graph":[{"@type":"WebPage","@id":"https:\/\/toysmaniacornermonaco.com\/en\/produit\/figurine-angel-et-stitch-sous-le-gui-disney-traditions\/","url":"https:\/\/toysmaniacornermonaco.com\/en\/produit\/figurine-angel-et-stitch-sous-le-gui-disney-traditions\/","name":"Figurine Angel Et Stitch Sous Le Gui - Disney Traditions - TOY&#039;S MANIA","isPartOf":{"@id":"https:\/\/toysmaniacornermonaco.com\/#website"},"primaryImageOfPage":{"@id":"https:\/\/toysmaniacornermonaco.com\/en\/produit\/figurine-angel-et-stitch-sous-le-gui-disney-traditions\/#primaryimage"},"image":{"@id":"https:\/\/toysmaniacornermonaco.com\/en\/produit\/figurine-angel-et-stitch-sous-le-gui-disney-traditions\/#primaryimage"},"thumbnailUrl":"https:\/\/toysmaniacornermonaco.com\/wp-content\/uploads\/2025\/01\/telechargement.jpg","datePublished":"2025-01-24T16:09:59+00:00","dateModified":"2025-01-24T17:09:47+00:00","breadcrumb":{"@id":"https:\/\/toysmaniacornermonaco.com\/en\/produit\/figurine-angel-et-stitch-sous-le-gui-disney-traditions\/#breadcrumb"},"inLanguage":"en-US","potentialAction":[{"@type":"ReadAction","target":["https:\/\/toysmaniacornermonaco.com\/en\/produit\/figurine-angel-et-stitch-sous-le-gui-disney-traditions\/"]}]},{"@type":"ImageObject","inLanguage":"en-US","@id":"https:\/\/toysmaniacornermonaco.com\/en\/produit\/figurine-angel-et-stitch-sous-le-gui-disney-traditions\/#primaryimage","url":"https:\/\/toysmaniacornermonaco.com\/wp-content\/uploads\/2025\/01\/telechargement.jpg","contentUrl":"https:\/\/toysmaniacornermonaco.com\/wp-content\/uploads\/2025\/01\/telechargement.jpg","width":225,"height":225},{"@type":"BreadcrumbList","@id":"https:\/\/toysmaniacornermonaco.com\/en\/produit\/figurine-angel-et-stitch-sous-le-gui-disney-traditions\/#breadcrumb","itemListElement":[{"@type":"ListItem","position":1,"name":"Accueil","item":"https:\/\/toysmaniacornermonaco.com\/en\/"},{"@type":"ListItem","position":2,"name":"Shop","item":"https:\/\/toysmaniacornermonaco.com\/en\/shop\/"},{"@type":"ListItem","position":3,"name":"Figurine Angel Et Stitch Sous Le Gui &#8211; Disney Traditions"}]},{"@type":"WebSite","@id":"https:\/\/toysmaniacornermonaco.com\/#website","url":"https:\/\/toysmaniacornermonaco.com\/","name":"TOY&#039;S MANIA","description":"VOTRE CONCEPT STORE \u00c0 MONACO","potentialAction":[{"@type":"SearchAction","target":{"@type":"EntryPoint","urlTemplate":"https:\/\/toysmaniacornermonaco.com\/?s={search_term_string}"},"query-input":"required name=search_term_string"}],"inLanguage":"en-US"}]}},"_links":{"self":[{"href":"https:\/\/toysmaniacornermonaco.com\/en\/wp-json\/wp\/v2\/product\/5309","targetHints":{"allow":["GET"]}}],"collection":[{"href":"https:\/\/toysmaniacornermonaco.com\/en\/wp-json\/wp\/v2\/product"}],"about":[{"href":"https:\/\/toysmaniacornermonaco.com\/en\/wp-json\/wp\/v2\/types\/product"}],"replies":[{"embeddable":true,"href":"https:\/\/toysmaniacornermonaco.com\/en\/wp-json\/wp\/v2\/comments?post=5309"}],"wp:featuredmedia":[{"embeddable":true,"href":"https:\/\/toysmaniacornermonaco.com\/en\/wp-json\/wp\/v2\/media\/5311"}],"wp:attachment":[{"href":"https:\/\/toysmaniacornermonaco.com\/en\/wp-json\/wp\/v2\/media?parent=5309"}],"wp:term":[{"taxonomy":"product_cat","embeddable":true,"href":"https:\/\/toysmaniacornermonaco.com\/en\/wp-json\/wp\/v2\/product_cat?post=5309"},{"taxonomy":"product_tag","embeddable":true,"href":"https:\/\/toysmaniacornermonaco.com\/en\/wp-json\/wp\/v2\/product_tag?post=5309"}],"curies":[{"name":"wp","href":"https:\/\/api.w.org\/{rel}","templated":true}]}}