{"id":5321,"date":"2025-01-25T11:06:13","date_gmt":"2025-01-25T10:06:13","guid":{"rendered":"https:\/\/toysmaniacornermonaco.com\/?post_type=product&#038;p=5321"},"modified":"2025-01-25T12:02:31","modified_gmt":"2025-01-25T11:02:31","slug":"figurine-mickey-mouse-icone-disney-100","status":"publish","type":"product","link":"https:\/\/toysmaniacornermonaco.com\/en\/produit\/figurine-mickey-mouse-icone-disney-100\/","title":{"rendered":"Figurine Mickey Mouse Ic\u00f4ne Disney 100"},"content":{"rendered":"<p>Nom : Mickey Mousse<\/p>\n<p>R\u00e9f\u00e9rence : 6013124<\/p>\n<p>Dimensions<strong> :<\/strong>12,7 cm<\/p>\n<p>Mati\u00e8re :Polyr\u00e9sine<\/p>\n<p>Designer : Enesco studia<\/p>\n<p>Figurine de Mickey avec le chapeau de Fantasia pout c\u00e9l\u00e9brer les 100ans de Disney. Collection comm\u00e9morative con\u00e7ue et cr\u00e9\u00e9e par Enesco Stadias sp\u00e9cialement pour cette \u00e9tape des plus magique<\/p>\n","protected":false},"excerpt":{"rendered":"Nom : Mickey Mousse R\u00e9f\u00e9rence : 6013124 Dimensions :12,7 cm Mati\u00e8re :Polyr\u00e9sine Designer : Enesco studia Figurine de Mickey avec le chapeau de Fantasia pout c\u00e9l\u00e9brer les 100ans de Disney. Collection comm\u00e9morative con\u00e7ue et cr\u00e9\u00e9e par Enesco Stadias sp\u00e9cialement pour cette \u00e9tape des plus magique","protected":false},"featured_media":5322,"comment_status":"open","ping_status":"closed","template":"","meta":{"_acf_changed":false},"product_cat":[380,384],"product_tag":[],"class_list":{"0":"post-5321","1":"product","2":"type-product","3":"status-publish","4":"has-post-thumbnail","6":"marque-disney","7":"marque-enescostore","8":"idee_cadeau-enfants","9":"idee_cadeau-femmes","10":"idee_cadeau-hommes","11":"idee_cadeau-noel","12":"product_cat-decoration","13":"product_cat-jeux-et-jouets","14":"product_shipping_class-moyencolis","16":"first","17":"instock","18":"taxable","19":"shipping-taxable","20":"purchasable","21":"product-type-simple"},"acf":[],"yoast_head":"<!-- This site is optimized with the Yoast SEO plugin v22.3 - https:\/\/yoast.com\/wordpress\/plugins\/seo\/ -->\n<title>Figurine Mickey Mouse Ic\u00f4ne Disney 100 - TOY&#039;S MANIA<\/title>\n<meta name=\"robots\" content=\"index, follow, max-snippet:-1, max-image-preview:large, max-video-preview:-1\" \/>\n<link rel=\"canonical\" href=\"https:\/\/toysmaniacornermonaco.com\/produit\/figurine-mickey-mouse-icone-disney-100\/\" \/>\n<meta property=\"og:locale\" content=\"en_US\" \/>\n<meta property=\"og:type\" content=\"article\" \/>\n<meta property=\"og:title\" content=\"Figurine Mickey Mouse Ic\u00f4ne Disney 100 - TOY&#039;S MANIA\" \/>\n<meta property=\"og:description\" content=\"Nom : Mickey Mousse R\u00e9f\u00e9rence : 6013124 Dimensions :12,7 cm Mati\u00e8re :Polyr\u00e9sine Designer : Enesco studia Figurine de Mickey avec le chapeau de Fantasia pout c\u00e9l\u00e9brer les 100ans de Disney. Collection comm\u00e9morative con\u00e7ue et cr\u00e9\u00e9e par Enesco Stadias sp\u00e9cialement pour cette \u00e9tape des plus magique\" \/>\n<meta property=\"og:url\" content=\"https:\/\/toysmaniacornermonaco.com\/produit\/figurine-mickey-mouse-icone-disney-100\/\" \/>\n<meta property=\"og:site_name\" content=\"TOY&#039;S MANIA\" \/>\n<meta property=\"article:modified_time\" content=\"2025-01-25T11:02:31+00:00\" \/>\n<meta property=\"og:image\" content=\"https:\/\/toysmaniacornermonaco.com\/wp-content\/uploads\/2025\/01\/30880.jpg\" \/>\n\t<meta property=\"og:image:width\" content=\"1500\" \/>\n\t<meta property=\"og:image:height\" content=\"1500\" \/>\n\t<meta property=\"og:image:type\" content=\"image\/jpeg\" \/>\n<meta name=\"twitter:card\" content=\"summary_large_image\" \/>\n<meta name=\"twitter:label1\" content=\"Est. reading time\" \/>\n\t<meta name=\"twitter:data1\" content=\"1 minute\" \/>\n<script type=\"application\/ld+json\" class=\"yoast-schema-graph\">{\"@context\":\"https:\/\/schema.org\",\"@graph\":[{\"@type\":\"WebPage\",\"@id\":\"https:\/\/toysmaniacornermonaco.com\/produit\/figurine-mickey-mouse-icone-disney-100\/\",\"url\":\"https:\/\/toysmaniacornermonaco.com\/produit\/figurine-mickey-mouse-icone-disney-100\/\",\"name\":\"Figurine Mickey Mouse Ic\u00f4ne Disney 100 - TOY&#039;S MANIA\",\"isPartOf\":{\"@id\":\"https:\/\/toysmaniacornermonaco.com\/#website\"},\"primaryImageOfPage\":{\"@id\":\"https:\/\/toysmaniacornermonaco.com\/produit\/figurine-mickey-mouse-icone-disney-100\/#primaryimage\"},\"image\":{\"@id\":\"https:\/\/toysmaniacornermonaco.com\/produit\/figurine-mickey-mouse-icone-disney-100\/#primaryimage\"},\"thumbnailUrl\":\"https:\/\/toysmaniacornermonaco.com\/wp-content\/uploads\/2025\/01\/30880.jpg\",\"datePublished\":\"2025-01-25T10:06:13+00:00\",\"dateModified\":\"2025-01-25T11:02:31+00:00\",\"breadcrumb\":{\"@id\":\"https:\/\/toysmaniacornermonaco.com\/produit\/figurine-mickey-mouse-icone-disney-100\/#breadcrumb\"},\"inLanguage\":\"en-US\",\"potentialAction\":[{\"@type\":\"ReadAction\",\"target\":[\"https:\/\/toysmaniacornermonaco.com\/produit\/figurine-mickey-mouse-icone-disney-100\/\"]}]},{\"@type\":\"ImageObject\",\"inLanguage\":\"en-US\",\"@id\":\"https:\/\/toysmaniacornermonaco.com\/produit\/figurine-mickey-mouse-icone-disney-100\/#primaryimage\",\"url\":\"https:\/\/toysmaniacornermonaco.com\/wp-content\/uploads\/2025\/01\/30880.jpg\",\"contentUrl\":\"https:\/\/toysmaniacornermonaco.com\/wp-content\/uploads\/2025\/01\/30880.jpg\",\"width\":1500,\"height\":1500},{\"@type\":\"BreadcrumbList\",\"@id\":\"https:\/\/toysmaniacornermonaco.com\/produit\/figurine-mickey-mouse-icone-disney-100\/#breadcrumb\",\"itemListElement\":[{\"@type\":\"ListItem\",\"position\":1,\"name\":\"Accueil\",\"item\":\"https:\/\/toysmaniacornermonaco.com\/en\/\"},{\"@type\":\"ListItem\",\"position\":2,\"name\":\"Shop\",\"item\":\"https:\/\/toysmaniacornermonaco.com\/en\/shop\/\"},{\"@type\":\"ListItem\",\"position\":3,\"name\":\"Figurine Mickey Mouse Ic\u00f4ne Disney 100\"}]},{\"@type\":\"WebSite\",\"@id\":\"https:\/\/toysmaniacornermonaco.com\/#website\",\"url\":\"https:\/\/toysmaniacornermonaco.com\/\",\"name\":\"TOY&#039;S MANIA\",\"description\":\"VOTRE CONCEPT STORE \u00c0 MONACO\",\"potentialAction\":[{\"@type\":\"SearchAction\",\"target\":{\"@type\":\"EntryPoint\",\"urlTemplate\":\"https:\/\/toysmaniacornermonaco.com\/?s={search_term_string}\"},\"query-input\":\"required name=search_term_string\"}],\"inLanguage\":\"en-US\"}]}<\/script>\n<!-- \/ Yoast SEO plugin. -->","yoast_head_json":{"title":"Figurine Mickey Mouse Ic\u00f4ne Disney 100 - TOY&#039;S MANIA","robots":{"index":"index","follow":"follow","max-snippet":"max-snippet:-1","max-image-preview":"max-image-preview:large","max-video-preview":"max-video-preview:-1"},"canonical":"https:\/\/toysmaniacornermonaco.com\/produit\/figurine-mickey-mouse-icone-disney-100\/","og_locale":"en_US","og_type":"article","og_title":"Figurine Mickey Mouse Ic\u00f4ne Disney 100 - TOY&#039;S MANIA","og_description":"Nom : Mickey Mousse R\u00e9f\u00e9rence : 6013124 Dimensions :12,7 cm Mati\u00e8re :Polyr\u00e9sine Designer : Enesco studia Figurine de Mickey avec le chapeau de Fantasia pout c\u00e9l\u00e9brer les 100ans de Disney. Collection comm\u00e9morative con\u00e7ue et cr\u00e9\u00e9e par Enesco Stadias sp\u00e9cialement pour cette \u00e9tape des plus magique","og_url":"https:\/\/toysmaniacornermonaco.com\/produit\/figurine-mickey-mouse-icone-disney-100\/","og_site_name":"TOY&#039;S MANIA","article_modified_time":"2025-01-25T11:02:31+00:00","og_image":[{"width":1500,"height":1500,"url":"https:\/\/toysmaniacornermonaco.com\/wp-content\/uploads\/2025\/01\/30880.jpg","type":"image\/jpeg"}],"twitter_card":"summary_large_image","twitter_misc":{"Est. reading time":"1 minute"},"schema":{"@context":"https:\/\/schema.org","@graph":[{"@type":"WebPage","@id":"https:\/\/toysmaniacornermonaco.com\/produit\/figurine-mickey-mouse-icone-disney-100\/","url":"https:\/\/toysmaniacornermonaco.com\/produit\/figurine-mickey-mouse-icone-disney-100\/","name":"Figurine Mickey Mouse Ic\u00f4ne Disney 100 - TOY&#039;S MANIA","isPartOf":{"@id":"https:\/\/toysmaniacornermonaco.com\/#website"},"primaryImageOfPage":{"@id":"https:\/\/toysmaniacornermonaco.com\/produit\/figurine-mickey-mouse-icone-disney-100\/#primaryimage"},"image":{"@id":"https:\/\/toysmaniacornermonaco.com\/produit\/figurine-mickey-mouse-icone-disney-100\/#primaryimage"},"thumbnailUrl":"https:\/\/toysmaniacornermonaco.com\/wp-content\/uploads\/2025\/01\/30880.jpg","datePublished":"2025-01-25T10:06:13+00:00","dateModified":"2025-01-25T11:02:31+00:00","breadcrumb":{"@id":"https:\/\/toysmaniacornermonaco.com\/produit\/figurine-mickey-mouse-icone-disney-100\/#breadcrumb"},"inLanguage":"en-US","potentialAction":[{"@type":"ReadAction","target":["https:\/\/toysmaniacornermonaco.com\/produit\/figurine-mickey-mouse-icone-disney-100\/"]}]},{"@type":"ImageObject","inLanguage":"en-US","@id":"https:\/\/toysmaniacornermonaco.com\/produit\/figurine-mickey-mouse-icone-disney-100\/#primaryimage","url":"https:\/\/toysmaniacornermonaco.com\/wp-content\/uploads\/2025\/01\/30880.jpg","contentUrl":"https:\/\/toysmaniacornermonaco.com\/wp-content\/uploads\/2025\/01\/30880.jpg","width":1500,"height":1500},{"@type":"BreadcrumbList","@id":"https:\/\/toysmaniacornermonaco.com\/produit\/figurine-mickey-mouse-icone-disney-100\/#breadcrumb","itemListElement":[{"@type":"ListItem","position":1,"name":"Accueil","item":"https:\/\/toysmaniacornermonaco.com\/en\/"},{"@type":"ListItem","position":2,"name":"Shop","item":"https:\/\/toysmaniacornermonaco.com\/en\/shop\/"},{"@type":"ListItem","position":3,"name":"Figurine Mickey Mouse Ic\u00f4ne Disney 100"}]},{"@type":"WebSite","@id":"https:\/\/toysmaniacornermonaco.com\/#website","url":"https:\/\/toysmaniacornermonaco.com\/","name":"TOY&#039;S MANIA","description":"VOTRE CONCEPT STORE \u00c0 MONACO","potentialAction":[{"@type":"SearchAction","target":{"@type":"EntryPoint","urlTemplate":"https:\/\/toysmaniacornermonaco.com\/?s={search_term_string}"},"query-input":"required name=search_term_string"}],"inLanguage":"en-US"}]}},"_links":{"self":[{"href":"https:\/\/toysmaniacornermonaco.com\/en\/wp-json\/wp\/v2\/product\/5321","targetHints":{"allow":["GET"]}}],"collection":[{"href":"https:\/\/toysmaniacornermonaco.com\/en\/wp-json\/wp\/v2\/product"}],"about":[{"href":"https:\/\/toysmaniacornermonaco.com\/en\/wp-json\/wp\/v2\/types\/product"}],"replies":[{"embeddable":true,"href":"https:\/\/toysmaniacornermonaco.com\/en\/wp-json\/wp\/v2\/comments?post=5321"}],"wp:featuredmedia":[{"embeddable":true,"href":"https:\/\/toysmaniacornermonaco.com\/en\/wp-json\/wp\/v2\/media\/5322"}],"wp:attachment":[{"href":"https:\/\/toysmaniacornermonaco.com\/en\/wp-json\/wp\/v2\/media?parent=5321"}],"wp:term":[{"taxonomy":"product_cat","embeddable":true,"href":"https:\/\/toysmaniacornermonaco.com\/en\/wp-json\/wp\/v2\/product_cat?post=5321"},{"taxonomy":"product_tag","embeddable":true,"href":"https:\/\/toysmaniacornermonaco.com\/en\/wp-json\/wp\/v2\/product_tag?post=5321"}],"curies":[{"name":"wp","href":"https:\/\/api.w.org\/{rel}","templated":true}]}}