{"id":5337,"date":"2025-01-25T12:18:18","date_gmt":"2025-01-25T11:18:18","guid":{"rendered":"https:\/\/toysmaniacornermonaco.com\/?post_type=product&#038;p=5337"},"modified":"2025-01-26T16:57:32","modified_gmt":"2025-01-26T15:57:32","slug":"statuette-disney-mickey-mouse-rainbow","status":"publish","type":"product","link":"https:\/\/toysmaniacornermonaco.com\/en\/produit\/statuette-disney-mickey-mouse-rainbow\/","title":{"rendered":"Statuette Disney Mickey Mouse Rainbow"},"content":{"rendered":"<p>Nom : Mickey Mousse<\/p>\n<p>R\u00e9f\u00e9rence :1328399302796<\/p>\n<p>Dimensions<strong> :<\/strong> Hauteur 31,8 cm &#8211; Largeur 22,9 cm<\/p>\n<p>Mati\u00e8re : R\u00e9sine transparente<\/p>\n<p>Designer : Jester Studios<\/p>\n<p>la statue Disney Mickey Mousse Rainbow de Grand Jester Studios est une pi\u00e8ce \u00e9poustouflante\u00a0 , fabriqu\u00e9e en r\u00e9sine transparente avec une teinte de couleur arc-en-ciel , cette statue capture l&#8217;action , l&#8217;\u00e9nergie de la\u00a0 personnalit\u00e9 de Mickey l&#8217;un des personnage aim\u00e9 les plus appr\u00e9ci\u00e9 au monde .tr\u00e8s d\u00e9taill\u00e9 et peinte \u00e0 la main , cet \u0153uvre d&#8217;art surdimensionn\u00e9e et rayonnante sera le point centrale de votre collection Disney . grand Jester studios a con\u00e7u cette statue de format premium pour refl\u00e9ter toute l&#8217;embl\u00e9matique \u00e9nergie de Mickey Mousse dans une cr\u00e9ation qui brille de couleur vibrante.<\/p>\n","protected":false},"excerpt":{"rendered":"Nom : Mickey Mousse R\u00e9f\u00e9rence :1328399302796 Dimensions : Hauteur 31,8 cm &#8211; Largeur 22,9 cm Mati\u00e8re : R\u00e9sine transparente Designer : Jester Studios la statue Disney Mickey Mousse Rainbow de Grand Jester Studios est une pi\u00e8ce \u00e9poustouflante\u00a0 , fabriqu\u00e9e en r\u00e9sine transparente avec une teinte de couleur arc-en-ciel , cette statue capture l&#8217;action , l&#8217;\u00e9nergie&#8230; <a class=\"view-article\" href=\"https:\/\/toysmaniacornermonaco.com\/en\/produit\/statuette-disney-mickey-mouse-rainbow\/\">View Article<\/a>","protected":false},"featured_media":5349,"comment_status":"open","ping_status":"closed","template":"","meta":{"_acf_changed":false},"product_cat":[381,385],"product_tag":[],"class_list":{"0":"post-5337","1":"product","2":"type-product","3":"status-publish","4":"has-post-thumbnail","6":"marque-jester-en","7":"idee_cadeau-children","8":"idee_cadeau-christmas","9":"idee_cadeau-men","10":"idee_cadeau-women","11":"product_cat-decoration-en","12":"product_cat-games-and-toys","13":"product_shipping_class-grandcolis-en","15":"first","16":"instock","17":"taxable","18":"shipping-taxable","19":"purchasable","20":"product-type-simple"},"acf":[],"yoast_head":"<!-- This site is optimized with the Yoast SEO plugin v22.3 - https:\/\/yoast.com\/wordpress\/plugins\/seo\/ -->\n<title>Statuette Disney Mickey Mouse Rainbow - TOY&#039;S MANIA<\/title>\n<meta name=\"robots\" content=\"index, follow, max-snippet:-1, max-image-preview:large, max-video-preview:-1\" \/>\n<link rel=\"canonical\" href=\"https:\/\/toysmaniacornermonaco.com\/en\/produit\/statuette-disney-mickey-mouse-rainbow\/\" \/>\n<meta property=\"og:locale\" content=\"en_US\" \/>\n<meta property=\"og:type\" content=\"article\" \/>\n<meta property=\"og:title\" content=\"Statuette Disney Mickey Mouse Rainbow - TOY&#039;S MANIA\" \/>\n<meta property=\"og:description\" content=\"Nom : Mickey Mousse R\u00e9f\u00e9rence :1328399302796 Dimensions : Hauteur 31,8 cm &#8211; Largeur 22,9 cm Mati\u00e8re : R\u00e9sine transparente Designer : Jester Studios la statue Disney Mickey Mousse Rainbow de Grand Jester Studios est une pi\u00e8ce \u00e9poustouflante\u00a0 , fabriqu\u00e9e en r\u00e9sine transparente avec une teinte de couleur arc-en-ciel , cette statue capture l&#8217;action , l&#8217;\u00e9nergie... View Article\" \/>\n<meta property=\"og:url\" content=\"https:\/\/toysmaniacornermonaco.com\/en\/produit\/statuette-disney-mickey-mouse-rainbow\/\" \/>\n<meta property=\"og:site_name\" content=\"TOY&#039;S MANIA\" \/>\n<meta property=\"article:modified_time\" content=\"2025-01-26T15:57:32+00:00\" \/>\n<meta property=\"og:image\" content=\"https:\/\/toysmaniacornermonaco.com\/wp-content\/uploads\/2025\/01\/903acab4b71e4dfb9d7b825896744241lg.jpg\" \/>\n\t<meta property=\"og:image:width\" content=\"500\" \/>\n\t<meta property=\"og:image:height\" content=\"500\" \/>\n\t<meta property=\"og:image:type\" content=\"image\/jpeg\" \/>\n<meta name=\"twitter:card\" content=\"summary_large_image\" \/>\n<meta name=\"twitter:label1\" content=\"Est. reading time\" \/>\n\t<meta name=\"twitter:data1\" content=\"1 minute\" \/>\n<script type=\"application\/ld+json\" class=\"yoast-schema-graph\">{\"@context\":\"https:\/\/schema.org\",\"@graph\":[{\"@type\":\"WebPage\",\"@id\":\"https:\/\/toysmaniacornermonaco.com\/en\/produit\/statuette-disney-mickey-mouse-rainbow\/\",\"url\":\"https:\/\/toysmaniacornermonaco.com\/en\/produit\/statuette-disney-mickey-mouse-rainbow\/\",\"name\":\"Statuette Disney Mickey Mouse Rainbow - TOY&#039;S MANIA\",\"isPartOf\":{\"@id\":\"https:\/\/toysmaniacornermonaco.com\/#website\"},\"primaryImageOfPage\":{\"@id\":\"https:\/\/toysmaniacornermonaco.com\/en\/produit\/statuette-disney-mickey-mouse-rainbow\/#primaryimage\"},\"image\":{\"@id\":\"https:\/\/toysmaniacornermonaco.com\/en\/produit\/statuette-disney-mickey-mouse-rainbow\/#primaryimage\"},\"thumbnailUrl\":\"https:\/\/toysmaniacornermonaco.com\/wp-content\/uploads\/2025\/01\/903acab4b71e4dfb9d7b825896744241lg.jpg\",\"datePublished\":\"2025-01-25T11:18:18+00:00\",\"dateModified\":\"2025-01-26T15:57:32+00:00\",\"breadcrumb\":{\"@id\":\"https:\/\/toysmaniacornermonaco.com\/en\/produit\/statuette-disney-mickey-mouse-rainbow\/#breadcrumb\"},\"inLanguage\":\"en-US\",\"potentialAction\":[{\"@type\":\"ReadAction\",\"target\":[\"https:\/\/toysmaniacornermonaco.com\/en\/produit\/statuette-disney-mickey-mouse-rainbow\/\"]}]},{\"@type\":\"ImageObject\",\"inLanguage\":\"en-US\",\"@id\":\"https:\/\/toysmaniacornermonaco.com\/en\/produit\/statuette-disney-mickey-mouse-rainbow\/#primaryimage\",\"url\":\"https:\/\/toysmaniacornermonaco.com\/wp-content\/uploads\/2025\/01\/903acab4b71e4dfb9d7b825896744241lg.jpg\",\"contentUrl\":\"https:\/\/toysmaniacornermonaco.com\/wp-content\/uploads\/2025\/01\/903acab4b71e4dfb9d7b825896744241lg.jpg\",\"width\":500,\"height\":500},{\"@type\":\"BreadcrumbList\",\"@id\":\"https:\/\/toysmaniacornermonaco.com\/en\/produit\/statuette-disney-mickey-mouse-rainbow\/#breadcrumb\",\"itemListElement\":[{\"@type\":\"ListItem\",\"position\":1,\"name\":\"Accueil\",\"item\":\"https:\/\/toysmaniacornermonaco.com\/en\/\"},{\"@type\":\"ListItem\",\"position\":2,\"name\":\"Shop\",\"item\":\"https:\/\/toysmaniacornermonaco.com\/en\/shop\/\"},{\"@type\":\"ListItem\",\"position\":3,\"name\":\"Statuette Disney Mickey Mouse Rainbow\"}]},{\"@type\":\"WebSite\",\"@id\":\"https:\/\/toysmaniacornermonaco.com\/#website\",\"url\":\"https:\/\/toysmaniacornermonaco.com\/\",\"name\":\"TOY&#039;S MANIA\",\"description\":\"VOTRE CONCEPT STORE \u00c0 MONACO\",\"potentialAction\":[{\"@type\":\"SearchAction\",\"target\":{\"@type\":\"EntryPoint\",\"urlTemplate\":\"https:\/\/toysmaniacornermonaco.com\/?s={search_term_string}\"},\"query-input\":\"required name=search_term_string\"}],\"inLanguage\":\"en-US\"}]}<\/script>\n<!-- \/ Yoast SEO plugin. -->","yoast_head_json":{"title":"Statuette Disney Mickey Mouse Rainbow - TOY&#039;S MANIA","robots":{"index":"index","follow":"follow","max-snippet":"max-snippet:-1","max-image-preview":"max-image-preview:large","max-video-preview":"max-video-preview:-1"},"canonical":"https:\/\/toysmaniacornermonaco.com\/en\/produit\/statuette-disney-mickey-mouse-rainbow\/","og_locale":"en_US","og_type":"article","og_title":"Statuette Disney Mickey Mouse Rainbow - TOY&#039;S MANIA","og_description":"Nom : Mickey Mousse R\u00e9f\u00e9rence :1328399302796 Dimensions : Hauteur 31,8 cm &#8211; Largeur 22,9 cm Mati\u00e8re : R\u00e9sine transparente Designer : Jester Studios la statue Disney Mickey Mousse Rainbow de Grand Jester Studios est une pi\u00e8ce \u00e9poustouflante\u00a0 , fabriqu\u00e9e en r\u00e9sine transparente avec une teinte de couleur arc-en-ciel , cette statue capture l&#8217;action , l&#8217;\u00e9nergie... View Article","og_url":"https:\/\/toysmaniacornermonaco.com\/en\/produit\/statuette-disney-mickey-mouse-rainbow\/","og_site_name":"TOY&#039;S MANIA","article_modified_time":"2025-01-26T15:57:32+00:00","og_image":[{"width":500,"height":500,"url":"https:\/\/toysmaniacornermonaco.com\/wp-content\/uploads\/2025\/01\/903acab4b71e4dfb9d7b825896744241lg.jpg","type":"image\/jpeg"}],"twitter_card":"summary_large_image","twitter_misc":{"Est. reading time":"1 minute"},"schema":{"@context":"https:\/\/schema.org","@graph":[{"@type":"WebPage","@id":"https:\/\/toysmaniacornermonaco.com\/en\/produit\/statuette-disney-mickey-mouse-rainbow\/","url":"https:\/\/toysmaniacornermonaco.com\/en\/produit\/statuette-disney-mickey-mouse-rainbow\/","name":"Statuette Disney Mickey Mouse Rainbow - TOY&#039;S MANIA","isPartOf":{"@id":"https:\/\/toysmaniacornermonaco.com\/#website"},"primaryImageOfPage":{"@id":"https:\/\/toysmaniacornermonaco.com\/en\/produit\/statuette-disney-mickey-mouse-rainbow\/#primaryimage"},"image":{"@id":"https:\/\/toysmaniacornermonaco.com\/en\/produit\/statuette-disney-mickey-mouse-rainbow\/#primaryimage"},"thumbnailUrl":"https:\/\/toysmaniacornermonaco.com\/wp-content\/uploads\/2025\/01\/903acab4b71e4dfb9d7b825896744241lg.jpg","datePublished":"2025-01-25T11:18:18+00:00","dateModified":"2025-01-26T15:57:32+00:00","breadcrumb":{"@id":"https:\/\/toysmaniacornermonaco.com\/en\/produit\/statuette-disney-mickey-mouse-rainbow\/#breadcrumb"},"inLanguage":"en-US","potentialAction":[{"@type":"ReadAction","target":["https:\/\/toysmaniacornermonaco.com\/en\/produit\/statuette-disney-mickey-mouse-rainbow\/"]}]},{"@type":"ImageObject","inLanguage":"en-US","@id":"https:\/\/toysmaniacornermonaco.com\/en\/produit\/statuette-disney-mickey-mouse-rainbow\/#primaryimage","url":"https:\/\/toysmaniacornermonaco.com\/wp-content\/uploads\/2025\/01\/903acab4b71e4dfb9d7b825896744241lg.jpg","contentUrl":"https:\/\/toysmaniacornermonaco.com\/wp-content\/uploads\/2025\/01\/903acab4b71e4dfb9d7b825896744241lg.jpg","width":500,"height":500},{"@type":"BreadcrumbList","@id":"https:\/\/toysmaniacornermonaco.com\/en\/produit\/statuette-disney-mickey-mouse-rainbow\/#breadcrumb","itemListElement":[{"@type":"ListItem","position":1,"name":"Accueil","item":"https:\/\/toysmaniacornermonaco.com\/en\/"},{"@type":"ListItem","position":2,"name":"Shop","item":"https:\/\/toysmaniacornermonaco.com\/en\/shop\/"},{"@type":"ListItem","position":3,"name":"Statuette Disney Mickey Mouse Rainbow"}]},{"@type":"WebSite","@id":"https:\/\/toysmaniacornermonaco.com\/#website","url":"https:\/\/toysmaniacornermonaco.com\/","name":"TOY&#039;S MANIA","description":"VOTRE CONCEPT STORE \u00c0 MONACO","potentialAction":[{"@type":"SearchAction","target":{"@type":"EntryPoint","urlTemplate":"https:\/\/toysmaniacornermonaco.com\/?s={search_term_string}"},"query-input":"required name=search_term_string"}],"inLanguage":"en-US"}]}},"_links":{"self":[{"href":"https:\/\/toysmaniacornermonaco.com\/en\/wp-json\/wp\/v2\/product\/5337","targetHints":{"allow":["GET"]}}],"collection":[{"href":"https:\/\/toysmaniacornermonaco.com\/en\/wp-json\/wp\/v2\/product"}],"about":[{"href":"https:\/\/toysmaniacornermonaco.com\/en\/wp-json\/wp\/v2\/types\/product"}],"replies":[{"embeddable":true,"href":"https:\/\/toysmaniacornermonaco.com\/en\/wp-json\/wp\/v2\/comments?post=5337"}],"wp:featuredmedia":[{"embeddable":true,"href":"https:\/\/toysmaniacornermonaco.com\/en\/wp-json\/wp\/v2\/media\/5349"}],"wp:attachment":[{"href":"https:\/\/toysmaniacornermonaco.com\/en\/wp-json\/wp\/v2\/media?parent=5337"}],"wp:term":[{"taxonomy":"product_cat","embeddable":true,"href":"https:\/\/toysmaniacornermonaco.com\/en\/wp-json\/wp\/v2\/product_cat?post=5337"},{"taxonomy":"product_tag","embeddable":true,"href":"https:\/\/toysmaniacornermonaco.com\/en\/wp-json\/wp\/v2\/product_tag?post=5337"}],"curies":[{"name":"wp","href":"https:\/\/api.w.org\/{rel}","templated":true}]}}